{"id":8445,"date":"2026-03-01T17:18:22","date_gmt":"2026-03-01T16:18:22","guid":{"rendered":"https:\/\/www.iesuscaritas.org\/?page_id=8445"},"modified":"2026-03-01T17:18:22","modified_gmt":"2026-03-01T16:18:22","slug":"el-dia-de-desierto","status":"publish","type":"page","link":"https:\/\/www.iesuscaritas.org\/pt\/el-dia-de-desierto\/","title":{"rendered":"O dia no deserto"},"content":{"rendered":"<p>\u00c9 uma experi\u00eancia em que usamos o m\u00ednimo poss\u00edvel de intermedi\u00e1rios: apenas um mediador: Jesus, o Senhor; apenas um mestre: o Esp\u00edrito que habita em n\u00f3s; apenas um alimento: a sua Palavra e a Eucaristia; e de tudo o mais: nada ou quase nada. A experi\u00eancia do deserto est\u00e1 sintetizada nestas palavras de S\u00e3o Jo\u00e3o da Cruz:<\/p>\n<p style=\"padding-left: 40px;\">\u201cO Pai, que era o seu Filho, pronunciou uma s\u00f3 palavra, e esta palavra fala sempre em eterno sil\u00eancio, e em sil\u00eancio deve ser ouvida pelo homem\u201d (Ditos de Luz e Amor (Madrid) 99).<\/p>\n<p>Em Saint Charles de Foucauld, observa-se uma evolu\u00e7\u00e3o, desde a elabora\u00e7\u00e3o das primeiras Regras em 1896, em que concebeu a vida dos seus irm\u00e3os como \u201ceremitas\u201d devido ao \u201cgrande recolhimento em que devem viver, mesmo quando v\u00e1rios est\u00e3o juntos\u201d, at\u00e9 \u00e0 sua experi\u00eancia em B\u00e9ni-Abb\u00e9s e Tamanrasset, onde frequentemente buscava a solid\u00e3o, seja no seu eremit\u00e9rio, seja em algum momento das suas viagens pelo deserto.<\/p>\n<p><a href=\"https:\/\/www.iesuscaritas.org\/wp-content\/uploads\/2026\/03\/dia-desierto-01.jpg\"><img loading=\"lazy\" decoding=\"async\" class=\"alignright size-full wp-image-8455\" src=\"https:\/\/www.iesuscaritas.org\/wp-content\/uploads\/2026\/03\/dia-desierto-01.jpg\" alt=\"\" width=\"227\" height=\"130\" \/><\/a>O Irm\u00e3o Carlos escreve sobre sua experi\u00eancia:<\/p>\n<p style=\"padding-left: 40px;\">\u201c\u00c9 necess\u00e1rio atravessar o deserto e permanecer nele para receber a gra\u00e7a de Deus. \u00c9 ali que nos esvaziamos e nos separamos de tudo o que n\u00e3o \u00e9 Deus, desocupando completamente aquela pequena casa da nossa alma, para deixar todo o espa\u00e7o unicamente a Deus\u2026 \u00c9 indispens\u00e1vel. \u00c9 um tempo de gra\u00e7a. \u00c9 um tempo pelo qual toda pessoa que deseja dar frutos deve necessariamente passar; porque esse sil\u00eancio, esse recolhimento, esse esquecimento de toda a cria\u00e7\u00e3o \u00e9 necess\u00e1rio para que Deus estabele\u00e7a o seu reino na pessoa, formando nela o esp\u00edrito interior; a vida \u00edntima com Deus na f\u00e9, na esperan\u00e7a e no amor\u201d (Carta, 19 de maio de 1898).<\/p>\n<p>Tanto para os tempos de deserto quanto para os momentos em que somos visitados pela noite escura, por meio de diversos acontecimentos e situa\u00e7\u00f5es, as palavras que o Irm\u00e3o Carlos de Jesus escreveu sobre o Salmo 10 s\u00e3o v\u00e1lidas:<\/p>\n<p style=\"padding-left: 40px;\"><a href=\"https:\/\/www.iesuscaritas.org\/wp-content\/uploads\/2026\/03\/dia-desierto-02.jpg\"><img loading=\"lazy\" decoding=\"async\" class=\"size-medium wp-image-8456 alignleft\" src=\"https:\/\/www.iesuscaritas.org\/wp-content\/uploads\/2026\/03\/dia-desierto-02-300x184.jpg\" alt=\"\" width=\"300\" height=\"184\" srcset=\"https:\/\/www.iesuscaritas.org\/wp-content\/uploads\/2026\/03\/dia-desierto-02-300x184.jpg 300w, https:\/\/www.iesuscaritas.org\/wp-content\/uploads\/2026\/03\/dia-desierto-02.jpg 650w\" sizes=\"auto, (max-width: 300px) 100vw, 300px\" \/><\/a>\u201cO deserto\u2026 est\u00e1 repleto de gra\u00e7as infinitas e sublimes\u2026 Nele, o pr\u00f3prio Deus nos alimenta e nos veste; nele, todos os inimigos s\u00e3o milagrosamente vencidos, desde que se saiba orar e obedecer \u00e0 orienta\u00e7\u00e3o de Deus; nele, Deus est\u00e1 sempre conosco, em nosso meio, falando conosco e nos guiando constantemente\u2026 nele, Deus nos coloca em um estado de pureza e santidade, fazendo de n\u00f3s seu povo escolhido, que caminha e vive na plena luz, no conhecimento dele, em seu amor e obedi\u00eancia, sob sua dire\u00e7\u00e3o.\u201d<\/p>\n<p>O deserto como realidade existencial, como solid\u00e3o e desenraizamento, como vazio e desorienta\u00e7\u00e3o, n\u00e3o se limita em Charles de Foucauld, como de fato o \u00e9 em todo ser humano, exclusivamente aos anos em que compartilhou sua vida com os povos n\u00f4mades do Norte da \u00c1frica no deserto argelino. Os desertos da vida, na verdade, o atingiram profundamente desde a inf\u00e2ncia at\u00e9 praticamente a idade adulta. Al\u00e9m disso, o per\u00edodo hist\u00f3rico em que viveu foi repleto de convuls\u00f5es, guerras e ex\u00edlios, que lhe causaram desenraizamento e rupturas emocionais, confrontando-o com a dureza da vida e for\u00e7ando-o a recome\u00e7ar. Cabe ressaltar, no entanto, que ele foi privilegiado por nascimento e educa\u00e7\u00e3o; aluno de escolas jesu\u00edtas, ingressou posteriormente na academia militar para dar continuidade \u00e0 tradi\u00e7\u00e3o familiar.<\/p>\n<p><a href=\"https:\/\/www.iesuscaritas.org\/wp-content\/uploads\/2026\/03\/dia-desierto-03.jpg\"><img loading=\"lazy\" decoding=\"async\" class=\"aligncenter wp-image-8457 size-full\" src=\"https:\/\/www.iesuscaritas.org\/wp-content\/uploads\/2026\/03\/dia-desierto-03.jpg\" alt=\"\" width=\"960\" height=\"384\" srcset=\"https:\/\/www.iesuscaritas.org\/wp-content\/uploads\/2026\/03\/dia-desierto-03.jpg 960w, https:\/\/www.iesuscaritas.org\/wp-content\/uploads\/2026\/03\/dia-desierto-03-300x120.jpg 300w, https:\/\/www.iesuscaritas.org\/wp-content\/uploads\/2026\/03\/dia-desierto-03-768x307.jpg 768w\" sizes=\"auto, (max-width: 960px) 100vw, 960px\" \/><\/a>O deserto \u00e9 um lugar, um espa\u00e7o. \u00c9 o tempo que o Senhor nos d\u00e1 livremente; n\u00e3o o tempo que oferecemos a Ele. Estamos acostumados a passar um dia no deserto a cada m\u00eas, mas tamb\u00e9m \u00e9 uma situa\u00e7\u00e3o na vida que pode durar n\u00e3o apenas um dia, mas semanas ou meses.<\/p>\n<p><a href=\"https:\/\/www.iesuscaritas.org\/wp-content\/uploads\/2026\/03\/dia-desierto-04.jpg\"><img loading=\"lazy\" decoding=\"async\" class=\"alignright size-medium wp-image-8458\" src=\"https:\/\/www.iesuscaritas.org\/wp-content\/uploads\/2026\/03\/dia-desierto-04-224x300.jpg\" alt=\"\" width=\"224\" height=\"300\" srcset=\"https:\/\/www.iesuscaritas.org\/wp-content\/uploads\/2026\/03\/dia-desierto-04-224x300.jpg 224w, https:\/\/www.iesuscaritas.org\/wp-content\/uploads\/2026\/03\/dia-desierto-04.jpg 766w\" sizes=\"auto, (max-width: 224px) 100vw, 224px\" \/><\/a>\u00c9 bom come\u00e7ar o deserto cultivando o sil\u00eancio interior, eliminando o ru\u00eddo interno, mesmo que ele nos surpreenda repetidamente ao longo do dia. Devemos nos esvaziar, expondo nossos cora\u00e7\u00f5es diante de Deus, apresentando-nos a Ele vazios, para que Ele, e somente Ele, possa nos preencher. Os disc\u00edpulos no caminho de Ema\u00fas n\u00e3o estavam caminhando pelo deserto: estavam cheios de ru\u00eddo interior. Somente quando aprenderam a ouvir Jesus \u00e9 que o reconheceram.<\/p>\n<p>Para nos aquietarmos, pode ser \u00fatil come\u00e7ar repetindo uma breve ora\u00e7\u00e3o, seja da B\u00edblia (\u201cEis-me aqui, Senhor, para fazer a tua vontade\u201d, \u201cFala, Senhor, pois o teu servo ouve\u201d, \u201cSenhor, tu sabes tudo; tu sabes que eu te amo\u201d\u2026) ou alguma express\u00e3o pessoal. O sil\u00eancio exterior \u00e9 importante: que os sons da natureza sejam um espa\u00e7o para a contempla\u00e7\u00e3o, assim como a luz do sol, a lua, as estrelas, o frio ou o calor, o campo, as montanhas, o mar, as plantas. Estes s\u00e3o espa\u00e7os contemplativos, mas n\u00e3o objetos da nossa poesia ou admira\u00e7\u00e3o. S\u00f3 no sil\u00eancio podemos ouvir Deus: \u201cEu a conduzirei ao deserto e falarei com ela ternamente\u201d. O deserto \u00e9 uma busca, n\u00e3o uma fuga: buscar e deixar-se guiar por ele, abandonar-se ao seu guia.<\/p>\n<p>O Irm\u00e3o Charles vive no deserto porque a sua vida \u00e9 uma busca cont\u00ednua; um disc\u00edpulo de Ema\u00fas cujo companheiro estava longe. S\u00e3o Charles de Foucauld sabe ouvir a Deus e vive perpetuamente apaixonado por Ele. O deserto n\u00e3o \u00e9 adora\u00e7\u00e3o, mas uma busca e uma escuta. Portanto, o Irm\u00e3o Charles far\u00e1 da Adora\u00e7\u00e3o o momento do encontro amoroso com Jesus, o amado, e o espa\u00e7o perfeito para a uni\u00e3o com Ele.<\/p>\n<p>Aqueles que verdadeiramente vivenciam o deserto n\u00e3o est\u00e3o buscando terapia, nem tentando aumentar a autoestima, fazer um passeio de um dia ou encontrar paz consigo mesmos ou com a natureza. Podemos voltar do deserto mais preocupados ou inquietos do que quando l\u00e1 fomos. \u201cQuando Deus fala, ficamos sem palavras\u201d (Jos\u00e9 S\u00e1nchez Ramos). Podemos dizer pouco ou nada: apenas contemplar, sentir o seu amor.<\/p>\n<p>No deserto, deixamos de ser t\u00e3o egoc\u00eantricos, para n\u00e3o cairmos na atitude do fariseu: &#8220;Eu te agrade\u00e7o, Senhor, porque n\u00e3o sou como os outros homens&#8230;&#8221; O deserto \u00e9 o lugar onde Deus nos ensina a nos valorizarmos mais e a valorizar ainda mais os outros quando os reencontramos. O verdadeiro fruto do deserto se manifesta na vida, tanto quando se torna um problema quanto quando se transforma em alegria e felicidade, como as min\u00fasculas sementes na terra ou na areia do deserto que brotam e se transformam em belas plantas verdes quando chove.<\/p>\n<p><a href=\"https:\/\/www.iesuscaritas.org\/wp-content\/uploads\/2026\/03\/dia-desierto-06.jpg\"><img loading=\"lazy\" decoding=\"async\" class=\"aligncenter wp-image-8460 size-full\" src=\"https:\/\/www.iesuscaritas.org\/wp-content\/uploads\/2026\/03\/dia-desierto-06.jpg\" alt=\"\" width=\"1000\" height=\"495\" srcset=\"https:\/\/www.iesuscaritas.org\/wp-content\/uploads\/2026\/03\/dia-desierto-06.jpg 1000w, https:\/\/www.iesuscaritas.org\/wp-content\/uploads\/2026\/03\/dia-desierto-06-300x149.jpg 300w, https:\/\/www.iesuscaritas.org\/wp-content\/uploads\/2026\/03\/dia-desierto-06-768x380.jpg 768w\" sizes=\"auto, (max-width: 1000px) 100vw, 1000px\" \/><\/a>No deserto, podemos encontrar grande paz ou grande inquieta\u00e7\u00e3o: confrontar nossa realidade pode nos assustar, e corremos o risco de transformar o deserto em uma fuga. Somente se valorizarmos o amor de Deus, que nos escuta, \u00e9 que perderemos nossos medos e encontraremos nossos p\u00e9s firmemente plantados no ch\u00e3o. &#8220;Nada vos perturbe, nada vos assuste. Deus n\u00e3o muda; tudo passa. A paci\u00eancia tudo alcan\u00e7a. Quem tem Deus n\u00e3o tem falta. S\u00f3 Deus basta&#8221; (Teresa de \u00c1vila). E assim nossa esperan\u00e7a se fortalece. O deserto n\u00e3o \u00e9 lugar para escrevermos nossas mem\u00f3rias, nem nossos pensamentos, mesmo que estejam repletos de f\u00e9 e bons sentimentos. Tamb\u00e9m n\u00e3o \u00e9 para lermos, nem a B\u00edblia, nem textos espirituais. Nem para rezarmos, nem o ter\u00e7o, nem a Liturgia das Horas. \u00c9 um tempo livremente dedicado ao Senhor, somente para Ele, n\u00e3o para n\u00f3s mesmos. Ler, rezar, escrever, podemos fazer em outros momentos. Uma boa experi\u00eancia no deserto nos ajudar\u00e1 mais tarde a preparar uma boa Revis\u00e3o da Vida ou a tomar decis\u00f5es que antes nos eram incertas.<\/p>\n<p><a href=\"https:\/\/www.iesuscaritas.org\/wp-content\/uploads\/2026\/03\/dia-desierto-05.jpg\"><img loading=\"lazy\" decoding=\"async\" class=\"size-medium wp-image-8459 alignleft\" src=\"https:\/\/www.iesuscaritas.org\/wp-content\/uploads\/2026\/03\/dia-desierto-05-300x200.jpg\" alt=\"\" width=\"300\" height=\"200\" srcset=\"https:\/\/www.iesuscaritas.org\/wp-content\/uploads\/2026\/03\/dia-desierto-05-300x200.jpg 300w, https:\/\/www.iesuscaritas.org\/wp-content\/uploads\/2026\/03\/dia-desierto-05-1024x682.jpg 1024w, https:\/\/www.iesuscaritas.org\/wp-content\/uploads\/2026\/03\/dia-desierto-05-768x512.jpg 768w, https:\/\/www.iesuscaritas.org\/wp-content\/uploads\/2026\/03\/dia-desierto-05.jpg 1280w\" sizes=\"auto, (max-width: 300px) 100vw, 300px\" \/><\/a>No deserto, saboreamos a presen\u00e7a de Deus fora da Eucaristia e do elemento humano: Sua proximidade, at\u00e9 mesmo Seu abra\u00e7o. S\u00f3 isso, numa atitude de escuta e busca, \u00e9 o que importa. \u00c9 assim que o Senhor nos fala, com a linguagem do Deus de Amor que olha para Seus filhos com ternura, sem rancor, recrimina\u00e7\u00f5es ou reprova\u00e7\u00f5es.<\/p>\n<p>Saboreamos tamb\u00e9m as coisas materiais, nossos corpos, o que nos rodeia, o alimento ou a \u00e1gua que carregamos ou encontramos, como uma grande d\u00e1diva. At\u00e9 mesmo o ato de comer deve ser contemplativo, percebendo que o alimento \u00e9 a natureza criada por Deus que nos nutre. \u201cNaquela laranja, naquela ma\u00e7\u00e3, est\u00e1 o mundo\u201d (Jos\u00e9 S\u00e1nchez Ramos). E a \u00e1gua, obra de Deus, sacia nossa sede, nos refresca e nos purifica. Por isso \u00e9 bom comer e beber bem devagar. Devemos levar apenas o necess\u00e1rio, nem muito nem pouco, para n\u00e3o nos preocuparmos se acabar, para que a falta de \u00e1gua n\u00e3o nos cause ansiedade se estiver muito calor.<\/p>\n<p>N\u00e3o vamos ao deserto para nos mortificar ou nos imolar, nem para encontrar nosso pr\u00f3prio conforto. N\u00e3o \u00e9 umas f\u00e9rias curtas. Vamos buscar a Deus, para ouvir sua voz, para desfrutar de sua presen\u00e7a. Tudo isso nos aproximar\u00e1 dos outros depois.<\/p>\n<p>(Sele\u00e7\u00e3o de textos de Manuel POZO e Aurelio SANZ)<\/p>\n<p><a href=\"https:\/\/www.iesuscaritas.org\/wp-content\/uploads\/2026\/03\/iesus-caritas-red.png\"><img loading=\"lazy\" decoding=\"async\" class=\"alignright size-full wp-image-8461\" src=\"https:\/\/www.iesuscaritas.org\/wp-content\/uploads\/2026\/03\/iesus-caritas-red.png\" alt=\"\" width=\"187\" height=\"96\" \/><\/a>\u201cEU SOU O CENTRO DE TODAS AS CIRCUNFER\u00caNCIAS\u201d<br \/>\nIbn Arabi<\/p>\n<hr \/>\n<p>\ud83d\udcc3 PDF: <a href=\"https:\/\/www.iesuscaritas.org\/wp-content\/uploads\/2026\/03\/O-dia-no-deserto-pt.pdf\">O dia no deserto pt<\/a><\/p>","protected":false},"excerpt":{"rendered":"<p>\u00c9 uma experi\u00eancia em que usamos o m\u00ednimo poss\u00edvel de intermedi\u00e1rios: apenas um mediador: Jesus, o Senhor; apenas um mestre: o Esp\u00edrito que habita em n\u00f3s; apenas um alimento: a <a class=\"more-link\" href=\"https:\/\/www.iesuscaritas.org\/pt\/el-dia-de-desierto\/\">Continue Reading &rarr;<\/a><\/p>\n","protected":false},"author":1,"featured_media":0,"parent":0,"menu_order":12,"comment_status":"closed","ping_status":"closed","template":"","meta":{"footnotes":""},"class_list":["post-8445","page","type-page","status-publish","hentry"],"_links":{"self":[{"href":"https:\/\/www.iesuscaritas.org\/pt\/wp-json\/wp\/v2\/pages\/8445","targetHints":{"allow":["GET"]}}],"collection":[{"href":"https:\/\/www.iesuscaritas.org\/pt\/wp-json\/wp\/v2\/pages"}],"about":[{"href":"https:\/\/www.iesuscaritas.org\/pt\/wp-json\/wp\/v2\/types\/page"}],"author":[{"embeddable":true,"href":"https:\/\/www.iesuscaritas.org\/pt\/wp-json\/wp\/v2\/users\/1"}],"replies":[{"embeddable":true,"href":"https:\/\/www.iesuscaritas.org\/pt\/wp-json\/wp\/v2\/comments?post=8445"}],"version-history":[{"count":12,"href":"https:\/\/www.iesuscaritas.org\/pt\/wp-json\/wp\/v2\/pages\/8445\/revisions"}],"predecessor-version":[{"id":8472,"href":"https:\/\/www.iesuscaritas.org\/pt\/wp-json\/wp\/v2\/pages\/8445\/revisions\/8472"}],"wp:attachment":[{"href":"https:\/\/www.iesuscaritas.org\/pt\/wp-json\/wp\/v2\/media?parent=8445"}],"curies":[{"name":"wp","href":"https:\/\/api.w.org\/{rel}","templated":true}]}}