{"id":8424,"date":"2026-03-01T16:22:12","date_gmt":"2026-03-01T15:22:12","guid":{"rendered":"https:\/\/www.iesuscaritas.org\/?p=8424"},"modified":"2026-03-01T16:32:16","modified_gmt":"2026-03-01T15:32:16","slug":"desierto-franz-jalics","status":"publish","type":"page","link":"https:\/\/www.iesuscaritas.org\/pt\/desierto-franz-jalics\/","title":{"rendered":"Deserto, Franz JALICS"},"content":{"rendered":"<p>\u201cNa jornada do seu cora\u00e7\u00e3o rumo a Deus, o deserto ser\u00e1 indispens\u00e1vel. Entre nele, descal\u00e7o, aberto para descobrir a vontade de Deus para voc\u00ea, no mist\u00e9rio do Reino\u2026\u201d<\/p>\n<p><a href=\"https:\/\/www.iesuscaritas.org\/wp-content\/uploads\/2026\/03\/desierto-01.jpg\"><img loading=\"lazy\" decoding=\"async\" class=\"alignright size-medium wp-image-8430\" src=\"https:\/\/www.iesuscaritas.org\/wp-content\/uploads\/2026\/03\/desierto-01-300x118.jpg\" alt=\"\" width=\"300\" height=\"118\" srcset=\"https:\/\/www.iesuscaritas.org\/wp-content\/uploads\/2026\/03\/desierto-01-300x118.jpg 300w, https:\/\/www.iesuscaritas.org\/wp-content\/uploads\/2026\/03\/desierto-01-768x302.jpg 768w, https:\/\/www.iesuscaritas.org\/wp-content\/uploads\/2026\/03\/desierto-01.jpg 1024w\" sizes=\"auto, (max-width: 300px) 100vw, 300px\" \/><\/a>CONTEMPLANDO NO DESERTO<br \/>\nSeguindo o Mestre pelos caminhos da Galileia\u2026<\/p>\n<p>O deserto n\u00e3o \u00e9 apenas um lugar para ir.<\/p>\n<p>\u00c9 um espa\u00e7o interior onde aprendemos a escutar.<\/p>\n<p>No sil\u00eancio, nossas certezas come\u00e7am a ruir.<\/p>\n<p>No sil\u00eancio, nossas resist\u00eancias emergem.<\/p>\n<p>No sil\u00eancio, a voz suave do Pai tamb\u00e9m se revela. Jesus n\u00e3o foi para o deserto para fazer coisas.<\/p>\n<p>Ele foi para estar presente.<\/p>\n<p>Ele foi para escutar.<\/p>\n<p>Ele foi para permitir que o Esp\u00edrito Santo ordenasse seu cora\u00e7\u00e3o antes de come\u00e7ar sua miss\u00e3o.<\/p>\n<p>Contempla\u00e7\u00e3o n\u00e3o \u00e9 escapismo.<\/p>\n<p>\u00c9 disponibilidade.<\/p>\n<p>\u00c9 aprender a permanecer.<\/p>\n<p>N\u00e3o a fugir.<\/p>\n<p>N\u00e3o a preencher o vazio com palavras desnecess\u00e1rias.<\/p>\n<p>Vamos entrar.<\/p>\n<p><a href=\"https:\/\/www.iesuscaritas.org\/wp-content\/uploads\/2026\/03\/desierto-02.jpg\"><img loading=\"lazy\" decoding=\"async\" class=\"alignright size-medium wp-image-8431\" src=\"https:\/\/www.iesuscaritas.org\/wp-content\/uploads\/2026\/03\/desierto-02-300x107.jpg\" alt=\"\" width=\"300\" height=\"107\" srcset=\"https:\/\/www.iesuscaritas.org\/wp-content\/uploads\/2026\/03\/desierto-02-300x107.jpg 300w, https:\/\/www.iesuscaritas.org\/wp-content\/uploads\/2026\/03\/desierto-02.jpg 612w\" sizes=\"auto, (max-width: 300px) 100vw, 300px\" \/><\/a>ESCUTANDO NO DESERTO<\/p>\n<p>Entre devagar.<\/p>\n<p>O deserto n\u00e3o se conquista,<br \/>\nele se acolhe.<\/p>\n<p>N\u00e3o traga discursos,<br \/>\nn\u00e3o traga certezas,<br \/>\nn\u00e3o traga ru\u00eddo.<\/p>\n<p>Aqui o vento desarma as palavras<br \/>\ne a areia cobre as m\u00e1scaras.<\/p>\n<p>Escuta<br \/>\n\u00e9 permanecer<br \/>\nquando tudo te convida a fugir.<\/p>\n<p>Escuta<br \/>\n\u00e9 aceitar a pr\u00f3pria pobreza<br \/>\nsem mascar\u00e1-la com espiritualidade.<\/p>\n<p><a href=\"https:\/\/www.iesuscaritas.org\/wp-content\/uploads\/2026\/03\/desierto-03.jpg\"><img loading=\"lazy\" decoding=\"async\" class=\"alignright size-medium wp-image-8432\" src=\"https:\/\/www.iesuscaritas.org\/wp-content\/uploads\/2026\/03\/desierto-03-300x240.jpg\" alt=\"\" width=\"300\" height=\"240\" srcset=\"https:\/\/www.iesuscaritas.org\/wp-content\/uploads\/2026\/03\/desierto-03-300x240.jpg 300w, https:\/\/www.iesuscaritas.org\/wp-content\/uploads\/2026\/03\/desierto-03-1024x819.jpg 1024w, https:\/\/www.iesuscaritas.org\/wp-content\/uploads\/2026\/03\/desierto-03-768x614.jpg 768w, https:\/\/www.iesuscaritas.org\/wp-content\/uploads\/2026\/03\/desierto-03.jpg 1225w\" sizes=\"auto, (max-width: 300px) 100vw, 300px\" \/><\/a>No deserto,<br \/>\na voz de Deus<br \/>\nn\u00e3o grita,<br \/>\nela sussurra.<\/p>\n<p>Fale onde d\u00f3i.<\/p>\n<p>Fale onde voc\u00ea tem medo.<\/p>\n<p>Fale onde voc\u00ea ainda n\u00e3o est\u00e1 disposto a se render.<\/p>\n<hr \/>\n<p>\ud83d\udcc3 PDF: <a href=\"https:\/\/www.iesuscaritas.org\/wp-content\/uploads\/2026\/03\/Deserto-Franz-JALICS-pt.pdf\">Deserto, Franz JALICS pt<\/a><\/p>","protected":false},"excerpt":{"rendered":"<p>\u201cNa jornada do seu cora\u00e7\u00e3o rumo a Deus, o deserto ser\u00e1 indispens\u00e1vel. Entre nele, descal\u00e7o, aberto para descobrir a vontade de Deus para voc\u00ea, no mist\u00e9rio do Reino\u2026\u201d CONTEMPLANDO NO <a class=\"more-link\" href=\"https:\/\/www.iesuscaritas.org\/pt\/desierto-franz-jalics\/\">Continue Reading &rarr;<\/a><\/p>\n","protected":false},"author":1,"featured_media":0,"parent":0,"menu_order":11,"comment_status":"open","ping_status":"closed","template":"","meta":{"footnotes":""},"class_list":["post-8424","page","type-page","status-publish","hentry"],"_links":{"self":[{"href":"https:\/\/www.iesuscaritas.org\/pt\/wp-json\/wp\/v2\/pages\/8424","targetHints":{"allow":["GET"]}}],"collection":[{"href":"https:\/\/www.iesuscaritas.org\/pt\/wp-json\/wp\/v2\/pages"}],"about":[{"href":"https:\/\/www.iesuscaritas.org\/pt\/wp-json\/wp\/v2\/types\/page"}],"author":[{"embeddable":true,"href":"https:\/\/www.iesuscaritas.org\/pt\/wp-json\/wp\/v2\/users\/1"}],"replies":[{"embeddable":true,"href":"https:\/\/www.iesuscaritas.org\/pt\/wp-json\/wp\/v2\/comments?post=8424"}],"version-history":[{"count":9,"href":"https:\/\/www.iesuscaritas.org\/pt\/wp-json\/wp\/v2\/pages\/8424\/revisions"}],"predecessor-version":[{"id":8444,"href":"https:\/\/www.iesuscaritas.org\/pt\/wp-json\/wp\/v2\/pages\/8424\/revisions\/8444"}],"wp:attachment":[{"href":"https:\/\/www.iesuscaritas.org\/pt\/wp-json\/wp\/v2\/media?parent=8424"}],"curies":[{"name":"wp","href":"https:\/\/api.w.org\/{rel}","templated":true}]}}