{"id":8122,"date":"2025-10-19T17:53:07","date_gmt":"2025-10-19T15:53:07","guid":{"rendered":"https:\/\/www.iesuscaritas.org\/?page_id=8122"},"modified":"2025-10-19T20:54:56","modified_gmt":"2025-10-19T18:54:56","slug":"fraternidad-sacerdotal-iesus-caritas-aurelio-sanz-baeza","status":"publish","type":"page","link":"https:\/\/www.iesuscaritas.org\/pt\/fraternidad-sacerdotal-iesus-caritas-aurelio-sanz-baeza\/","title":{"rendered":"Fraternidade Sacerdotal Iesus Caritas"},"content":{"rendered":"<p><\/p>\n<h3>Uma descoberta: irm\u00e3o Carlos<\/h3>\n<p><a href=\"https:\/\/www.iesuscaritas.org\/wp-content\/uploads\/2025\/02\/fraternidad-01.jpg\"><img loading=\"lazy\" decoding=\"async\" class=\"alignright wp-image-7608\" src=\"https:\/\/www.iesuscaritas.org\/wp-content\/uploads\/2025\/02\/fraternidad-01-276x300.jpg\" alt=\"\" width=\"159\" height=\"172\" srcset=\"https:\/\/www.iesuscaritas.org\/wp-content\/uploads\/2025\/02\/fraternidad-01-276x300.jpg 276w, https:\/\/www.iesuscaritas.org\/wp-content\/uploads\/2025\/02\/fraternidad-01-942x1024.jpg 942w, https:\/\/www.iesuscaritas.org\/wp-content\/uploads\/2025\/02\/fraternidad-01-768x835.jpg 768w, https:\/\/www.iesuscaritas.org\/wp-content\/uploads\/2025\/02\/fraternidad-01.jpg 1177w\" sizes=\"auto, (max-width: 159px) 100vw, 159px\" \/><\/a>Um dia lemos algo sobre Charles de FOUCAULD. De alguma forma, sua maneira de viver o evangelho chamou nossa aten\u00e7\u00e3o. Descobrimos como seu testemunho de vida foi realmente surpreendente. Atrav\u00e9s dos livros de Ren\u00e9 VOILLAUME, Carlo CARRETO, Jean-Fran\u00e7ois SIX ou Arturo PAOLI, uma linha de espiritualidade e a\u00e7\u00e3o se abriu diante de n\u00f3s. Poderia ter sido a palavra ou o convite de um colega para participar de um retiro de ora\u00e7\u00e3o, de um encontro de outros padres ou de um artigo em uma publica\u00e7\u00e3o que falasse de um homem apaixonado por Jesus, que mudou sua vida de rico para pobre; um homem com sentido de fraternidade universal e cheio de Deus, ou alguns irm\u00e3zinhos e irm\u00e3zinhas, ou padres, que seguiam um estilo de ser crist\u00e3os dos simples, do trabalho, de estar com os pobres acima de tudo, homens e mulheres encarnados na realidade de seus arredores. Talvez quando \u00e9ramos estudantes, nos impressionou o fato de que, em meio a tanta teologia, havia uma maneira direta de conhecer Jesus, por meio de um homem que, sem ser do nosso tempo, estava \u00e0 frente do Vaticano II e tinha algumas intui\u00e7\u00f5es que mais tarde tornou-se realidade, em sua vida e na vida de muitos crist\u00e3os que veem este mundo como uma obra maravilhosa de Deus, onde os seres humanos devem viver em fraternidade universal. Somos padres diocesanos e chamados a ser Igreja, sem caracter\u00edsticas sect\u00e1rias ou especialmente escolhidas para algo glorioso: chamados a ser tamb\u00e9m irm\u00e3os universais.<\/p>\n<h3>A espiritualidade de Nazar\u00e9<\/h3>\n<p><a href=\"https:\/\/www.iesuscaritas.org\/wp-content\/uploads\/2025\/02\/fraternidad-02.jpg\"><img loading=\"lazy\" decoding=\"async\" class=\" wp-image-7609 alignleft\" src=\"https:\/\/www.iesuscaritas.org\/wp-content\/uploads\/2025\/02\/fraternidad-02-216x300.jpg\" alt=\"\" width=\"129\" height=\"177\" \/><\/a>O irm\u00e3o Carlos talvez nos tenha aberto um caminho diferente na f\u00e9; N\u00e3o a \u00fanica, mas aquela para a qual Deus chama cada um de n\u00f3s, tal como somos, sem a frustra\u00e7\u00e3o de n\u00e3o sermos diferentes, melhores ou mais perfeitos. Isso n\u00e3o nos coloca acima de outras formas de espiritualidade, mas nos aproxima de Jesus onde ele est\u00e1, na conviv\u00eancia com aqueles que est\u00e3o pr\u00f3ximos de n\u00f3s, onde vivemos, com quem nos encontramos todos os dias. Nazar\u00e9 \u00e9 estar com as pessoas, n\u00e3o viver separado de ningu\u00e9m. Nazar\u00e9 \u00e9 trabalhar como todo mundo, ou ficando doente como qualquer outro doente, ou se aposentando como tantos aposentados. \u00c9 sorrir com quem ri e chorar com quem chora. Sem empatia n\u00e3o podemos entender o que \u00e9 Nazar\u00e9 e entender o que os acontecimentos simples ou as pequenas coisas do dia a dia nos trazem. \u00c0s vezes \u00e9 dif\u00edcil para os padres viverem nesse estilo, ou terem uma atividade pastoral sem pensar no sucesso; o clericalismo est\u00e1 muito longe de Nazar\u00e9, assim como Nazar\u00e9 est\u00e1 longe do templo de Jerusal\u00e9m&#8230; \u00c9 por isso que n\u00e3o temos que nos sentir fracassados \u200b\u200bse poucas pessoas comparecem \u00e0s reuni\u00f5es paroquiais, ou se o templo \u00e9 composto majoritariamente por pessoas mais velhas ou h\u00e1 muito poucos crentes&#8230;. Viver em Nazar\u00e9 \u00e9 levar Jesus como vizinho ao bairro, \u00e0 cidade, \u00e0 rua, onde as pessoas se re\u00fanem, nos hospitais, nas pris\u00f5es, nos abrigos, para compartilhar as esperan\u00e7as dos refugiados ou deslocados. Pode ser dif\u00edcil entender se queremos preservar nossa seguran\u00e7a pessoal ou poss\u00edveis privil\u00e9gios sociais.<\/p>\n<p>O M\u00eas de Nazar\u00e9 nos ajuda, pelo menos uma vez na vida, a viver em fraternidade esse esp\u00edrito do Irm\u00e3o Charles, aprofundando-nos em sua vida e em seu legado, compartilhando nossas vidas e realidades rezando juntos, trabalhando em algo manual \u2013 sem brincar de ser trabalhadores por um dia &#8211; revendo nossas vidas, alegrias e fracassos, dando tempo ao deserto, como busca e encontro com o sil\u00eancio de Deus, fazendo juntos as tarefas de qualquer lar, mesmo que neste caso seja um lar para solteiros. No M\u00eas de Nazar\u00e9 assumimos nosso compromisso com a fraternidade, que \u00e9 um compromisso de viver o Evangelho e seguir Jesus, onde quer que Ele nos coloque.<\/p>\n<h3>Uma entrega aos mais pobres<\/h3>\n<p><a href=\"https:\/\/www.iesuscaritas.org\/wp-content\/uploads\/2025\/02\/fraternidad-03.jpg\"><img loading=\"lazy\" decoding=\"async\" class=\"alignright wp-image-7610\" src=\"https:\/\/www.iesuscaritas.org\/wp-content\/uploads\/2025\/02\/fraternidad-03-300x268.jpg\" alt=\"\" width=\"182\" height=\"164\" srcset=\"https:\/\/www.iesuscaritas.org\/wp-content\/uploads\/2025\/02\/fraternidad-03-300x268.jpg 300w, https:\/\/www.iesuscaritas.org\/wp-content\/uploads\/2025\/02\/fraternidad-03-768x686.jpg 768w, https:\/\/www.iesuscaritas.org\/wp-content\/uploads\/2025\/02\/fraternidad-03.jpg 1280w\" sizes=\"auto, (max-width: 182px) 100vw, 182px\" \/><\/a>Quebrando o molde da tradi\u00e7\u00e3o familiar e social, Charles de FOUCAULD, ap\u00f3s sua busca por Deus, escolheu ser pobre como Jesus. Quando voc\u00ea se apaixona, voc\u00ea quer ouvir o cora\u00e7\u00e3o da outra pessoa. O Irm\u00e3o Carlos identificou-se com seu Amado Jesus indo at\u00e9 os mais abandonados.<\/p>\n<p>Florencio ROSELL\u00d3, Arcebispo de Pamplona, \u200b\u200b\u200b\u200bEspanha, diz no Dia Mundial dos Pobres de 2024: \u201c<em>Neste Dia dos Pobres, sempre surge uma d\u00favida: quando falamos dos pobres, em quem pensamos? \u00c0s vezes vejo que s\u00e3o pessoas que dependem da minha \u201cesmola\u201d, pessoas que dependem da minha atitude, pessoas que est\u00e3o abaixo de mim, que me admiram, e eu as desprezo. Sinto-me superior a ele e isso me incomoda. Eu sempre quis tratar os pobres como iguais, olhar nos olhos deles, porque estou no mesmo n\u00edvel que eles, n\u00e3o de cima para baixo, como se eu fosse o bem e ele&#8230; pense o que quiser.<\/em>\u201d Nosso Papa Francisco sempre insiste nisso e, mais ainda, devemos tocar os pobres, apertar-lhes a m\u00e3o ou abra\u00e7\u00e1-los, para que n\u00e3o sintamos nojo, nem pensemos que vamos nos sujar.<\/p>\n<p><a href=\"https:\/\/www.iesuscaritas.org\/wp-content\/uploads\/2025\/02\/fraternidad-04.jpg\"><img loading=\"lazy\" decoding=\"async\" class=\" wp-image-7611 alignleft\" src=\"https:\/\/www.iesuscaritas.org\/wp-content\/uploads\/2025\/02\/fraternidad-04-259x300.jpg\" alt=\"\" width=\"139\" height=\"160\" srcset=\"https:\/\/www.iesuscaritas.org\/wp-content\/uploads\/2025\/02\/fraternidad-04-259x300.jpg 259w, https:\/\/www.iesuscaritas.org\/wp-content\/uploads\/2025\/02\/fraternidad-04.jpg 400w\" sizes=\"auto, (max-width: 139px) 100vw, 139px\" \/><\/a>Charles de FOUCAULD foi mais longe: \u00e9 preciso estar com eles, viver com eles, segundo o seu estilo, sem nos diferenciarmos pelo nosso estatuto religioso, por vezes classista e clerical, mesmo que sejamos de classe m\u00e9dia. Os pobres n\u00e3o entendem os diplomas universit\u00e1rios: eles entendem aqueles que s\u00e3o como eles e os abordam sem medo ou preconceito. Existem muitas formas de pobreza ao nosso redor, e n\u00e3o apenas a pobreza material: pessoas pobres que n\u00e3o t\u00eam um cora\u00e7\u00e3o livre, pessoas pobres que n\u00e3o t\u00eam amizade, pessoas pobres saturadas de tecnologia e carentes de humanidade\u2026 Muitas vezes vivemos entre eles, e isso n\u00e3o acontece, n\u00e3o nos far\u00e1 sentir diferentes. Ainda temos que ir muito longe. Pa\u00edses pobres com d\u00edvida externa \u2013 e eterna \u2013 com o Ocidente, imigrantes em condi\u00e7\u00f5es prec\u00e1rias: todos aqueles rejeitados pela riqueza. Como podemos ser consistentes em nosso estilo de vida em um mundo cheio de injusti\u00e7a? A fraternidade tamb\u00e9m nos faz ver a pobreza de nossas pr\u00f3prias mis\u00e9rias.<\/p>\n<h3>Compartilhando f\u00e9 e vida<\/h3>\n<p><a href=\"https:\/\/www.iesuscaritas.org\/wp-content\/uploads\/2025\/02\/fraternidad-05.jpg\"><img loading=\"lazy\" decoding=\"async\" class=\"alignright wp-image-7612\" src=\"https:\/\/www.iesuscaritas.org\/wp-content\/uploads\/2025\/02\/fraternidad-05-288x300.jpg\" alt=\"\" width=\"157\" height=\"163\" srcset=\"https:\/\/www.iesuscaritas.org\/wp-content\/uploads\/2025\/02\/fraternidad-05-288x300.jpg 288w, https:\/\/www.iesuscaritas.org\/wp-content\/uploads\/2025\/02\/fraternidad-05-983x1024.jpg 983w, https:\/\/www.iesuscaritas.org\/wp-content\/uploads\/2025\/02\/fraternidad-05-768x800.jpg 768w, https:\/\/www.iesuscaritas.org\/wp-content\/uploads\/2025\/02\/fraternidad-05.jpg 1229w\" sizes=\"auto, (max-width: 157px) 100vw, 157px\" \/><\/a>A vida de uma fraternidade sacerdotal Iesus Caritas \u00e9 a vida de homens crentes que seguem Jesus e se ajudam mutuamente a ser fi\u00e9is ao Evangelho. No encontro mensal \u2013 na fraternidade local -, no retiro anual ou trimestral, nas assembleias e na vida cotidiana, onde quer que se esteja, este encontro com Jesus se renova na adora\u00e7\u00e3o, no tempo de sil\u00eancio e na contempla\u00e7\u00e3o da Eucaristia, sem pressa. Jesus, que nos olha e nos acolhe. Jesus, que nos escuta e partilha o nosso sil\u00eancio e os nossos ru\u00eddos. Para haver amizade com Jesus, temos que nos aproximar dele. O irm\u00e3o Carlos e os grandes oradores da hist\u00f3ria testemunham esta profunda amizade com Deus.<\/p>\n<p><a href=\"https:\/\/www.iesuscaritas.org\/wp-content\/uploads\/2025\/02\/fraternidad-06.jpg\"><img loading=\"lazy\" decoding=\"async\" class=\"alignright wp-image-7613\" src=\"https:\/\/www.iesuscaritas.org\/wp-content\/uploads\/2025\/02\/fraternidad-06-300x125.jpg\" alt=\"\" width=\"180\" height=\"79\" \/><\/a>E no deserto, mais um per\u00edodo prolongado de escuta, a amizade se fortalece, assim como o amor pela pessoa que sentimos falta porque n\u00e3o est\u00e1 ao nosso lado. N\u00e3o vemos Deus, mas o sentimos, porque ele est\u00e1 nos procurando.<\/p>\n<p><a href=\"https:\/\/www.iesuscaritas.org\/wp-content\/uploads\/2025\/02\/fraternidad-07.jpg\"><img loading=\"lazy\" decoding=\"async\" class=\" wp-image-7614 alignleft\" src=\"https:\/\/www.iesuscaritas.org\/wp-content\/uploads\/2025\/02\/fraternidad-07-265x300.jpg\" alt=\"\" width=\"144\" height=\"162\" srcset=\"https:\/\/www.iesuscaritas.org\/wp-content\/uploads\/2025\/02\/fraternidad-07-265x300.jpg 265w, https:\/\/www.iesuscaritas.org\/wp-content\/uploads\/2025\/02\/fraternidad-07-904x1024.jpg 904w, https:\/\/www.iesuscaritas.org\/wp-content\/uploads\/2025\/02\/fraternidad-07-768x870.jpg 768w, https:\/\/www.iesuscaritas.org\/wp-content\/uploads\/2025\/02\/fraternidad-07.jpg 1130w\" sizes=\"auto, (max-width: 144px) 100vw, 144px\" \/><\/a>Podemos ter medo da solid\u00e3o ou de nos encontrarmos, de nossa realidade vulner\u00e1vel. Na Ora\u00e7\u00e3o do Abandono dizemos \u201ccom infinita confian\u00e7a\u201d\u2026 Quando h\u00e1 confian\u00e7a, os medos v\u00e3o embora. Para o deserto n\u00e3o precisamos praticamente de nada: apenas de n\u00f3s mesmos. N\u00e3o precisamos de um templo ou de uma capela, nem de livros, nem de uma B\u00edblia, nem de uma paisagem agrad\u00e1vel ou confort\u00e1vel: devemos ir para onde Deus nos levar. Sil\u00eancio\u2026<\/p>\n<p>A vida fraterna \u00e9 partilhar a vida tal como ela \u00e9, em cada encontro, especialmente na revis\u00e3o de vida. Charles de FOUCAULD n\u00e3o fez uma revis\u00e3o de sua vida porque n\u00e3o tinha uma irmandade de crist\u00e3os como ele. Aprofundando a amizade com as pessoas com quem conviveu, encorajado pela dire\u00e7\u00e3o espiritual do Pe. Henry HUVELIN, da dist\u00e2ncia entre a Fran\u00e7a e a Arg\u00e9lia, e antes em suas v\u00e1rias etapas de busca, o Irm\u00e3o Carlos fez uma revis\u00e3o permanente da vida, na ora\u00e7\u00e3o , em suas cartas, o que o levou a n\u00e3o se acomodar e se acomodar em planos pr\u00e9-estabelecidos: ele estava sempre aberto \u00e0 realidade da vida e das circunst\u00e2ncias. Na fraternidade vivemos a revis\u00e3o de vida como meio de crescimento interior, de escutar e ser escutado. \u00c9 necess\u00e1ria a confian\u00e7a m\u00fatua, a aceita\u00e7\u00e3o do outro, com seu modo de ser, \u00e0s vezes com ideias diferentes sobre a Igreja e a sociedade&#8230; O di\u00e1logo e os encontros em clima de ora\u00e7\u00e3o ajudam a eliminar preconceitos e julgamentos em rela\u00e7\u00e3o aos outros. <a href=\"https:\/\/www.iesuscaritas.org\/wp-content\/uploads\/2025\/02\/fraternidad-08.jpg\"><img loading=\"lazy\" decoding=\"async\" class=\"alignright wp-image-7615\" src=\"https:\/\/www.iesuscaritas.org\/wp-content\/uploads\/2025\/02\/fraternidad-08-300x165.jpg\" alt=\"\" width=\"189\" height=\"107\" \/><\/a>\u00c9 por isso que, para uma verdadeira revis\u00e3o de vida, a transpar\u00eancia dentro de cada pessoa \u00e9 essencial. N\u00e3o \u00e9 preciso rever as atividades pastorais, mas sim rever a si mesmo. Os outros nos ajudar\u00e3o. E, acima de tudo, sentir-se livre, sem portas fechadas.<\/p>\n<h3>No projeto de Jesus<\/h3>\n<p><a href=\"https:\/\/www.iesuscaritas.org\/wp-content\/uploads\/2025\/02\/fraternidad-09.jpg\"><img loading=\"lazy\" decoding=\"async\" class=\" wp-image-7616 alignleft\" src=\"https:\/\/www.iesuscaritas.org\/wp-content\/uploads\/2025\/02\/fraternidad-09-239x300.jpg\" alt=\"\" width=\"160\" height=\"198\" \/><\/a>A fraternidade sacerdotal Iesus Caritas \u00e9 uma pequena parte de toda a Igreja de Jesus, mais uma pe\u00e7a do todo pelo qual Jesus viveu: ovelhas respons\u00e1veis \u200b\u200bpor outras ovelhas que n\u00e3o desprezam o poder. Sentimo-nos em comunh\u00e3o com o Papa Francisco, que sempre tem S\u00e3o Carlos de FOUCAULD presente nas suas enc\u00edclicas, e queremos ser uma Igreja em sa\u00edda, nas periferias, para continuar a descobrir Jesus e a trabalhar pelo seu Reino, necessitada dos outros e ao mesmo tempo. servi\u00e7o daqueles que n\u00e3o s\u00e3o protagonistas bem-sucedidos. Evangelizar sendo contemplativos e deixando-nos evangelizar.<\/p>\n<p>Aur\u00e9lio SANZ BAEZA,<br \/>\nfraternidade de M\u00farcia, Espanha<\/p>\n<p>(Obrigado, Quico, pelos desenhos)<\/p>\n<hr \/>\n<p>\ud83d\udcd1 Fa\u00e7a o download do documento PDF: <a href=\"https:\/\/www.iesuscaritas.org\/wp-content\/uploads\/2025\/02\/Fraternidade-Sacerdotal-Iesus-Caritas.-Aurelio-SANZ-BAEZA-pt.pdf\">Fraternidade Sacerdotal Iesus Caritas. Aurelio SANZ BAEZA &#8211; pt<\/a><\/p>","protected":false},"excerpt":{"rendered":"<p>Uma descoberta: irm\u00e3o Carlos Um dia lemos algo sobre Charles de FOUCAULD. De alguma forma, sua maneira de viver o evangelho chamou nossa aten\u00e7\u00e3o. Descobrimos como seu testemunho de vida <a class=\"more-link\" href=\"https:\/\/www.iesuscaritas.org\/pt\/fraternidad-sacerdotal-iesus-caritas-aurelio-sanz-baeza\/\">Continue Reading &rarr;<\/a><\/p>\n","protected":false},"author":1,"featured_media":0,"parent":0,"menu_order":4,"comment_status":"closed","ping_status":"closed","template":"","meta":{"footnotes":""},"class_list":["post-8122","page","type-page","status-publish","hentry"],"_links":{"self":[{"href":"https:\/\/www.iesuscaritas.org\/pt\/wp-json\/wp\/v2\/pages\/8122","targetHints":{"allow":["GET"]}}],"collection":[{"href":"https:\/\/www.iesuscaritas.org\/pt\/wp-json\/wp\/v2\/pages"}],"about":[{"href":"https:\/\/www.iesuscaritas.org\/pt\/wp-json\/wp\/v2\/types\/page"}],"author":[{"embeddable":true,"href":"https:\/\/www.iesuscaritas.org\/pt\/wp-json\/wp\/v2\/users\/1"}],"replies":[{"embeddable":true,"href":"https:\/\/www.iesuscaritas.org\/pt\/wp-json\/wp\/v2\/comments?post=8122"}],"version-history":[{"count":4,"href":"https:\/\/www.iesuscaritas.org\/pt\/wp-json\/wp\/v2\/pages\/8122\/revisions"}],"predecessor-version":[{"id":8134,"href":"https:\/\/www.iesuscaritas.org\/pt\/wp-json\/wp\/v2\/pages\/8122\/revisions\/8134"}],"wp:attachment":[{"href":"https:\/\/www.iesuscaritas.org\/pt\/wp-json\/wp\/v2\/media?parent=8122"}],"curies":[{"name":"wp","href":"https:\/\/api.w.org\/{rel}","templated":true}]}}