{"id":8082,"date":"2025-10-19T12:40:37","date_gmt":"2025-10-19T10:40:37","guid":{"rendered":"https:\/\/www.iesuscaritas.org\/?page_id=8082"},"modified":"2025-10-19T17:45:11","modified_gmt":"2025-10-19T15:45:11","slug":"historia-de-la-fraternidad","status":"publish","type":"page","link":"https:\/\/www.iesuscaritas.org\/pt\/historia-de-la-fraternidad\/","title":{"rendered":"Hist\u00f3ria da Fraternidade"},"content":{"rendered":"<p><a href=\"https:\/\/www.iesuscaritas.org\/wp-content\/uploads\/2025\/10\/historia-fraternidad-01.jpg\"><img loading=\"lazy\" decoding=\"async\" class=\"size-full wp-image-8091 alignright\" src=\"https:\/\/www.iesuscaritas.org\/wp-content\/uploads\/2025\/10\/historia-fraternidad-01.jpg\" alt=\"\" width=\"171\" height=\"133\" \/><\/a>A Fraternidade Sacerdotal Iesus Caritas tem uma hist\u00f3ria rica em nomes e sonhos evang\u00e9licos. Desde seus prim\u00f3rdios, sob a lideran\u00e7a de Ren\u00e9 Voillaume, na Abadia de Bouquen (Fran\u00e7a), sob o nome de La Union (A Uni\u00e3o), at\u00e9 a data em que acaba de ser realizado o 12\u00ba encontro internacional, passaram-se setenta anos de prepara\u00e7\u00e3o para o Conc\u00edlio Vaticano II e sessenta anos p\u00f3s-conciliares, vivendo o Evangelho com a radicalidade da testemunha e buscadora da verdade que S\u00e3o Carlos de Foucauld foi em seu tempo.<\/p>\n<p>\u00c9 motivo de gratid\u00e3o recordar o Bispo Guy Riob\u00e9, o primeiro l\u00edder geral, que, juntamente com Pierre Cimitierre, Secret\u00e1rio Geral, deu os primeiros passos com o conselho de Ren\u00e9 Voillaume. Foram momentos hist\u00f3ricos cheios de esperan\u00e7a, que se refletiram nas assembleias internacionais da chamada Fraternidade Sacerdotal Jesus Caritas e nas propostas para o servi\u00e7o de coordena\u00e7\u00e3o e anima\u00e7\u00e3o das diversas organiza\u00e7\u00f5es regionais que surgiam em todo o mundo:<\/p>\n<p>1\u00ba. Palestina 1962 (Guy Riob\u00e9, Fran\u00e7a);<br \/>\n2\u00ba. Lourdes 1965 (Pierre Loubier, Fran\u00e7a);<br \/>\n3\u00ba. Lourdes 1970 (Peter Hunemann, Alemanha);<br \/>\n4\u00ba. Montefiolo 1976 (Jacques Leclerc, Canad\u00e1);<br \/>\n5\u00ba. Argel 1982 (Gunther Lendbradl, Alemanha);<br \/>\n6\u00ba. Santo Domingo 1988 (Tony Philpot, Inglaterra);<br \/>\n7.\u00ba Cebu 1994 (Respons\u00e1vel: Jim Murphy, Irlanda);<br \/>\n8\u00ba. Cairo 2000 (Respons\u00e1vel: Mariano Puga (Chile);<br \/>\n9.\u00ba S\u00e3o Paulo 2006 (Respons\u00e1vel: Abraham Apolinario, Rep\u00fablica Dominicana);<br \/>\n10.\u00ba Paris 2012 (Respons\u00e1vel: Aurelio Sanz (Espanha);<br \/>\n11.\u00ba. Cebu 2019 (Respons\u00e1vel: Eric Lozada, Filipinas);<br \/>\n12.\u00ba. Buenos Aires 2025 (Respons\u00e1vel: Carlos Roberto dos Santos, Brasil).<\/p>\n<p><a href=\"https:\/\/www.iesuscaritas.org\/wp-content\/uploads\/2025\/10\/historia-fraternidad-02.jpg\"><img loading=\"lazy\" decoding=\"async\" class=\"alignleft wp-image-8092 size-thumbnail\" src=\"https:\/\/www.iesuscaritas.org\/wp-content\/uploads\/2025\/10\/historia-fraternidad-02-150x150.jpg\" alt=\"\" width=\"150\" height=\"150\" \/><\/a>A fraternidade \u00e9 composta por padres diocesanos, que est\u00e3o sob a obedi\u00eancia de seu bispo, geralmente em par\u00f3quias. Eles formam fraternidades locais que se re\u00fanem mensalmente para rezar e rever suas vidas. Sua espiritualidade se baseia na busca de Jesus e na amizade com Ele, em conson\u00e2ncia com as intui\u00e7\u00f5es de S\u00e3o Carlos de Foucauld, e tem cinco eixos fundamentais: o esp\u00edrito de Nazar\u00e9, a op\u00e7\u00e3o e o compromisso com os mais pobres, a adora\u00e7\u00e3o, o dia mensal do deserto e a revis\u00e3o da vida em fraternidade. Eles devem observar o M\u00eas de Nazar\u00e9 pelo menos uma vez na vida.<\/p>\n<p>A fraternidade sacerdotal est\u00e1 em coordena\u00e7\u00e3o com as diversas fraternidades que comp\u00f5em a fam\u00edlia espiritual de S\u00e3o Carlos de Foucauld e em comunh\u00e3o com o Papa e a Igreja universal.<\/p>\n<p>Os l\u00edderes locais, nacionais, continentais e internacionais coordenam o desenvolvimento das fraternidades, sem uma estrutura hier\u00e1rquica.<br \/>\nAtualmente, a Fraternidade conta com cerca de quatro mil padres, dedicados a par\u00f3quias, periferias, lugares humildes, projetos de desenvolvimento humano, pris\u00f5es e hospitais. Eles est\u00e3o sempre atentos ao que o Evangelho nos pede e ansiosos por estar na base, como S\u00e3o Carlos de Foucauld nos inspirou a estar.<\/p>\n<p><a href=\"https:\/\/www.iesuscaritas.org\/wp-content\/uploads\/2025\/10\/historia-fraternidad-03.jpg\"><img loading=\"lazy\" decoding=\"async\" class=\"aligncenter wp-image-8093 size-full\" src=\"https:\/\/www.iesuscaritas.org\/wp-content\/uploads\/2025\/10\/historia-fraternidad-03.jpg\" alt=\"\" width=\"950\" height=\"390\" srcset=\"https:\/\/www.iesuscaritas.org\/wp-content\/uploads\/2025\/10\/historia-fraternidad-03.jpg 950w, https:\/\/www.iesuscaritas.org\/wp-content\/uploads\/2025\/10\/historia-fraternidad-03-300x123.jpg 300w, https:\/\/www.iesuscaritas.org\/wp-content\/uploads\/2025\/10\/historia-fraternidad-03-768x315.jpg 768w\" sizes=\"auto, (max-width: 950px) 100vw, 950px\" \/><\/a><\/p>\n<hr \/>\n<p>PDF: <a href=\"https:\/\/www.iesuscaritas.org\/wp-content\/uploads\/2025\/10\/Historia-da-Fraternidade-pt.pdf\">Hist\u00f3ria da Fraternidade pt<\/a><\/p>","protected":false},"excerpt":{"rendered":"<p>A Fraternidade Sacerdotal Iesus Caritas tem uma hist\u00f3ria rica em nomes e sonhos evang\u00e9licos. Desde seus prim\u00f3rdios, sob a lideran\u00e7a de Ren\u00e9 Voillaume, na Abadia de Bouquen (Fran\u00e7a), sob o <a class=\"more-link\" href=\"https:\/\/www.iesuscaritas.org\/pt\/historia-de-la-fraternidad\/\">Continue Reading &rarr;<\/a><\/p>\n","protected":false},"author":1,"featured_media":0,"parent":0,"menu_order":10,"comment_status":"closed","ping_status":"closed","template":"","meta":{"footnotes":""},"class_list":["post-8082","page","type-page","status-publish","hentry"],"_links":{"self":[{"href":"https:\/\/www.iesuscaritas.org\/pt\/wp-json\/wp\/v2\/pages\/8082","targetHints":{"allow":["GET"]}}],"collection":[{"href":"https:\/\/www.iesuscaritas.org\/pt\/wp-json\/wp\/v2\/pages"}],"about":[{"href":"https:\/\/www.iesuscaritas.org\/pt\/wp-json\/wp\/v2\/types\/page"}],"author":[{"embeddable":true,"href":"https:\/\/www.iesuscaritas.org\/pt\/wp-json\/wp\/v2\/users\/1"}],"replies":[{"embeddable":true,"href":"https:\/\/www.iesuscaritas.org\/pt\/wp-json\/wp\/v2\/comments?post=8082"}],"version-history":[{"count":20,"href":"https:\/\/www.iesuscaritas.org\/pt\/wp-json\/wp\/v2\/pages\/8082\/revisions"}],"predecessor-version":[{"id":8121,"href":"https:\/\/www.iesuscaritas.org\/pt\/wp-json\/wp\/v2\/pages\/8082\/revisions\/8121"}],"wp:attachment":[{"href":"https:\/\/www.iesuscaritas.org\/pt\/wp-json\/wp\/v2\/media?parent=8082"}],"curies":[{"name":"wp","href":"https:\/\/api.w.org\/{rel}","templated":true}]}}