{"id":8041,"date":"2025-10-19T11:28:23","date_gmt":"2025-10-19T09:28:23","guid":{"rendered":"https:\/\/www.iesuscaritas.org\/?page_id=8041"},"modified":"2025-10-19T11:28:23","modified_gmt":"2025-10-19T09:28:23","slug":"la-pertenencia-a-la-fraternidad","status":"publish","type":"page","link":"https:\/\/www.iesuscaritas.org\/pt\/la-pertenencia-a-la-fraternidad\/","title":{"rendered":"A perten\u00e7a \u00e1 Fraternidade"},"content":{"rendered":"<p><a href=\"https:\/\/www.iesuscaritas.org\/wp-content\/uploads\/2025\/10\/iesus-caritas-bn.jpg\"><img loading=\"lazy\" decoding=\"async\" class=\"alignleft size-full wp-image-8051\" src=\"https:\/\/www.iesuscaritas.org\/wp-content\/uploads\/2025\/10\/iesus-caritas-bn.jpg\" alt=\"\" width=\"170\" height=\"146\" \/><\/a>Fraternidade \u00e9 grupo de irm\u00e3os. Quando nos sentimos e somos irm\u00e3os, somos fraternidade.<\/p>\n<p>A Fraternidade Sacerdotal Iesus Caritas, no \u00e2mbito das Fam\u00edlias de Carlos de FOUCAULD tem uma din\u00e2mica pr\u00f3pria, de sacerdotes diocesanos, que cada fraternidade estabelece e que todas as fraternidades adotam desde o Diret\u00f3rio.<\/p>\n<p>Para pertencer a uma fraternidade, os elos de amizade, conhecimento m\u00fatuo, as motiva\u00e7\u00f5es para a confian\u00e7a e a sinceridade, as atitudes de f\u00e9 e de escuta, t\u00eam que se ir consolidando, pelo contr\u00e1rio n\u00e3o seria mais que uma perten\u00e7a a um grupo de bons amigos, ou a um grupo de socorros m\u00fatuos, quando n\u00e3o algo de car\u00e1ter sect\u00e1rio, elitista ou espiritualista.<\/p>\n<p>Isto se v\u00ea em atitudes fundamentais pr\u00f3prias de qualquer grupo humano s\u00e9rio.<\/p>\n<p>Estas atitudes poderiam ser as seguintes:<\/p>\n<p>1. EMPATIA. P\u00f4r-me na pele do outro, p\u00f4r-me no seu lugar. Isto me permitir\u00e1 compreender e aceitar os outros. Esta atitude descentra-nos dos n\u00f3s pessoais que nos encerram em nossas opini\u00f5es, ideias fixas, etc.<\/p>\n<p>2. ESCUTA. Abrir os ouvidos do cora\u00e7\u00e3o para escutar a voz do Senhor nos irm\u00e3os, para que se sintam pela sua vez escutados e cada um seja atendido.<\/p>\n<p>3. TRANSPAR\u00caNCIA. Se n\u00e3o me deixo ver por dentro, tamb\u00e9m n\u00e3o saberei ver os outros. A sinceridade, a honradez na comunica\u00e7\u00e3o, n\u00e3o julgar nunca, s\u00e3o sinais de transpar\u00eancia nas pessoas.<\/p>\n<p>4. RESPEITO. Sin\u00f4nimo de amor e de amizade, de preocupa\u00e7\u00e3o pelo outro, de aceita\u00e7\u00e3o como ele \u00e9. Quando existe o respeito, no se trata s\u00f3 de boa educa\u00e7\u00e3o, mas de flexibilidade nas rela\u00e7\u00f5es e bom entendimento. Quando se perde o respeito, perde-se a verdadeira amizade, o amor, o esp\u00edrito de trabalho em equipe e as rela\u00e7\u00f5es deterioram-se mortalmente.<\/p>\n<p>5. ENTREGA. Darmo-nos gratuitamente aos outros, oferecer o melhor de si mesmo, sem esperar pr\u00eamios, sem passar fatura depois por tudo o que fizemos. Amor gratuito e desinteressado.<\/p>\n<p>At\u00e9 aqui poder\u00edamos falar de um grupo humano compacto e ao mesmo tempo aberto. Compacto em suas convic\u00e7\u00f5es e aberto a melhorar, a admitir as cr\u00edticas e inova\u00e7\u00f5es, aberto a novos membros e a novas ideias.<\/p>\n<p>A Fraternidade Iesus Caritas tem caracter\u00edsticas e atitudes que todos conhecemos bem, encaixadas no carisma do irm\u00e3o Carlos e na espiritualidade do evangelho: a vida fraternal, o deserto, a revis\u00e3o de vida, a adora\u00e7\u00e3o, o M\u00eas de Nazar\u00e9, a op\u00e7\u00e3o pelos \u00faltimos, a contempla\u00e7\u00e3o na vida, a vida de Nazar\u00e9 como forma de vida e conv\u00edvio e, por sua vez, como estilo pastoral.<\/p>\n<p>Sabemo-lo todos muito bem. Mas seria necess\u00e1rio fazer uma boa reflex\u00e3o sobre o empenhamento pessoal, que est\u00e1 vinculado \u00e1 voca\u00e7\u00e3o recebida, e o comunit\u00e1rio \u2013 no \u00e2mbito local ou nacional \u2013 do que \u00e9 espec\u00edfico de nossa Fraternidade e que passa por um compromisso desde o cora\u00e7\u00e3o com os irm\u00e3os, seres humanos, n\u00e3o s\u00f3 com o<\/p>\n<p>Senhor em quanto sacerdotes ou homens consagrados.<\/p>\n<p>Perante isto, sugiro os seguintes apartados:<\/p>\n<p>1. FRATERNIDADE E COMPROMISSO EVANG\u00c9LICO. A Fraternidade aproxima-me do Evangelho? Ajuda-me a estender o Reino? Partimos de nossa voca\u00e7\u00e3o crist\u00e3 de seguir Jesus desde o nosso batismo, que se renova com a confirma\u00e7\u00e3o e se torna s\u00f3lida na ordena\u00e7\u00e3o, n\u00e3o como uma profissionaliza\u00e7\u00e3o, mas como servi\u00e7o ao Povo de Deus e \u00e1 sociedade. \u00c9 a minha fraternidade um sinal do evangelho na minha diocese, na minha igreja local? N\u00e3o nos situamos \u00e1 margem como uma elite.<\/p>\n<p>2. FRATERNIDADE COMO MEIO DE EVANGELIZA\u00c7\u00c3O. Sinto-me evangelizado desde a Fraternidade, desde cada irm\u00e3o? Sinto-me chamado n\u00e3o s\u00f3 a viver o Evangelho, mas tamb\u00e9m a anunci\u00e1-lo com a vida \u2013 ponto chave no carisma do irm\u00e3o Carlos? Como sacerdotes estamos chamados a anunciar Jesus, a dar a conhecer a Boa Nova aos pobres, a liberdade aos cativos\u2026 N\u00e3o somos profissionais da sacramentaliza\u00e7\u00e3o nem da prega\u00e7\u00e3o, no estilo de animadores medi\u00e1ticos, somos enviados no nome de Jesus. Creio e espero no estilo de Nazar\u00e9 para evangelizar? Nazar\u00e9 n\u00e3o \u00e9 utopia, \u00e9 o dia a dia no pequeno.<\/p>\n<p>3. FRATERNIDADE E ESPIRITUALIDADE. \u00c9 a nossa perten\u00e7a \u00e1 Fraternidade um dos meios de cultivo do esp\u00edrito? A Fraternidade, o carisma do irm\u00e3o Carlos, \u00e9 para n\u00f3s escola de ora\u00e7\u00e3o, recurso para a vida interior? Temos como Fraternidade uma riqueza de meios invej\u00e1vel no caminho espiritual para outros sacerdotes. Os nossos retiros, encontros, gostam aos que se abeiram de n\u00f3s por primeira vez. Somos valorados nas nossas dioceses como homens de ora\u00e7\u00e3o, mas ser\u00e1 que isto corresponde \u00e1 realidade? N\u00e3o se trata de dar li\u00e7\u00f5es, mas de partilhar uma maneira de amar Deus e deixar-se amar por ele.<\/p>\n<p>4. FRATERNIDADE E AMOR FRATERNO. Sou amigo dos irm\u00e3os de fraternidade? Preocupo-me por eles? Sofro com seus sofrimentos e alegro-me com suas alegrias? A Fraternidade n\u00e3o \u00e9 nenhuma etiqueta eclesial. N\u00e3o escolhemos o lugar onde estar, p\u00f5em-nos. N\u00e3o escolhemos os irm\u00e3os, s\u00e3o-nos dados. Ver em tudo isto a voz de Deus, \u00e1s vezes custa. Idealizar a minha fraternidade como estado perfeito de compreens\u00e3o m\u00fatua, amizade, \u00e9 um erro. As pessoas, todas diferentes, tem seus valores e contravalores. Amar os irm\u00e3os como eles s\u00e3o \u00e9 respeit\u00e1-los. Isto facilita deixar-se ajudar, escutar, contemplar suas vidas com os olhos do cora\u00e7\u00e3o, sem julgar atitudes nem acontecimentos, mas interpelando quando for necess\u00e1rio e deixando que nos interpelem. Temos medo que os outros entrem em nossas vidas? A nossa psicologia de homens muitas vezes mascara-nos e geramos defesas.<\/p>\n<p>5. FRATERNIDADE E LUGAR TEOL\u00d3GICO. \u00c9 a fraternidade para n\u00f3s o \u00faltimo lugar? Pode ser tudo isso sin\u00f4nimo de falsa humildade? Deus \u00e9 Amor tamb\u00e9m no seio de minha fraternidade? Os encontros com o Senhor acontecem em muito diversos meios, momentos, acontecimentos. \u00c1s vezes tentamos orar e n\u00e3o podemos; outras vezes \u00e9 o Senhor quem sai ao encontro y fala ao teu cora\u00e7\u00e3o. Como \u00e9 que a minha fraternidade me ajuda e como ajudo eu a encontrar Deus nas pessoas e na vida? \u00c9 claro para mim que seguir o carisma do irm\u00e3o Carlos \u00e9 procura de Deus e aceita\u00e7\u00e3o do \u00faltimo lugar? A Fraternidade, os irm\u00e3os, muito mais que as estruturas, ou \u00e9 uma prioridade em nosso tempo e dedica\u00e7\u00e3o ou n\u00e3o deixa de ser uma bonita forma de complemento espiritual o de autoajuda.<\/p>\n<p>Pertencer \u00e1 Fraternidade n\u00e3o \u00e9 um \u00eaxito, \u00e9 um dom. Comprometermo-nos com ela \u00e9 continuar comprometendo-nos no trabalho da extens\u00e3o do Reino.<\/p>\n<p>Todos n\u00f3s fugimos das etiquetas, tanto as sociais, como as pastorais; n\u00e3o gostamos de ser assinalados no \u00e2mbito do clero diocesano como personagens curiosas.<\/p>\n<p>A convic\u00e7\u00e3o de sermos chamados por Jesus a servi-lo nos outros, a fazer de nossa vida um an\u00fancio e uma den\u00fancia, compromete-nos a sermos coerentes, a n\u00e3o jogar com dois baralhos.<\/p>\n<p>Consideramos a Fraternidade uma ajuda mais dentro do amplo leque de possibilidades ou ofertas para viver uma espiritualidade s\u00e9ria?<\/p>\n<p>Como me preocupa o andamento de minha fraternidade e das outras fraternidades?<\/p>\n<p>Valorizo e leio as diversas comunica\u00e7\u00f5es? Se tiver a possibilidade, acedo desde Internet aos sites das fraternidades? (www.iesuscaritas.org ou outras)<\/p>\n<p>Quanto tempo dedico semanal ou mensalmente \u00e1 minha fraternidade? Utilizo frequentemente o telefone para saber como est\u00e3o os outros? Visito-os? Deixo-me amar quando se preocupam tamb\u00e9m por mim?<\/p>\n<p>Considero minha fraternidade local um pequeno territ\u00f3rio feudal \u00e1 margem dos outros grupos ou do resto das fraternidades? Tal vez um reino \u201ctaifa\u201d (que ningu\u00e9m se meta)? Estamos abertos \u00e1s cr\u00edticas, \u00e1s inova\u00e7\u00f5es no esp\u00edrito do carisma?<\/p>\n<p>Estou em minha fraternidade como poderia estar em qualquer outro grupo de sacerdotes ou de laicos? Por qu\u00ea? Que espa\u00e7os posso compartilhar?<\/p>\n<p>Tenho reparo em falar de fraternidade no \u00e2mbito do clero diocesano, em reuni\u00f5es ou encontros ou celebra\u00e7\u00f5es por medo de ser considerado diferente, etiquetado? Por que \u201caqui si e l\u00e1 n\u00e3o\u201d?<\/p>\n<p>Para um caso que vos sirva, eis uma reflex\u00e3o destes dias sobre a perten\u00e7a \u00e1 Fraternidade.<\/p>\n<p>Questiono-me eu em primeiro lugar e ofere\u00e7o esta quest\u00e3o a quem, desta ou de outra forma, quiser refletir.<\/p>\n<p>Para sermos felizes devemos amar o que somos e o que temos, como dom e amor de Deus, como parte de sua heran\u00e7a.<\/p>\n<p>Obrigado.<\/p>\n<p>Aurelio SANZ BAEZA<\/p>\n<hr \/>\n<p>PDF: <a href=\"https:\/\/www.iesuscaritas.org\/wp-content\/uploads\/2025\/10\/A-pertenca-a-fraternidade-pt.pdf\">A perten\u00e7a \u00e1 fraternidade pt<\/a><\/p>","protected":false},"excerpt":{"rendered":"<p>Fraternidade \u00e9 grupo de irm\u00e3os. Quando nos sentimos e somos irm\u00e3os, somos fraternidade. A Fraternidade Sacerdotal Iesus Caritas, no \u00e2mbito das Fam\u00edlias de Carlos de FOUCAULD tem uma din\u00e2mica pr\u00f3pria, <a class=\"more-link\" href=\"https:\/\/www.iesuscaritas.org\/pt\/la-pertenencia-a-la-fraternidad\/\">Continue Reading &rarr;<\/a><\/p>\n","protected":false},"author":1,"featured_media":0,"parent":0,"menu_order":9,"comment_status":"closed","ping_status":"closed","template":"","meta":{"footnotes":""},"class_list":["post-8041","page","type-page","status-publish","hentry"],"_links":{"self":[{"href":"https:\/\/www.iesuscaritas.org\/pt\/wp-json\/wp\/v2\/pages\/8041","targetHints":{"allow":["GET"]}}],"collection":[{"href":"https:\/\/www.iesuscaritas.org\/pt\/wp-json\/wp\/v2\/pages"}],"about":[{"href":"https:\/\/www.iesuscaritas.org\/pt\/wp-json\/wp\/v2\/types\/page"}],"author":[{"embeddable":true,"href":"https:\/\/www.iesuscaritas.org\/pt\/wp-json\/wp\/v2\/users\/1"}],"replies":[{"embeddable":true,"href":"https:\/\/www.iesuscaritas.org\/pt\/wp-json\/wp\/v2\/comments?post=8041"}],"version-history":[{"count":12,"href":"https:\/\/www.iesuscaritas.org\/pt\/wp-json\/wp\/v2\/pages\/8041\/revisions"}],"predecessor-version":[{"id":8062,"href":"https:\/\/www.iesuscaritas.org\/pt\/wp-json\/wp\/v2\/pages\/8041\/revisions\/8062"}],"wp:attachment":[{"href":"https:\/\/www.iesuscaritas.org\/pt\/wp-json\/wp\/v2\/media?parent=8041"}],"curies":[{"name":"wp","href":"https:\/\/api.w.org\/{rel}","templated":true}]}}