{"id":8014,"date":"2025-10-19T10:19:08","date_gmt":"2025-10-19T08:19:08","guid":{"rendered":"https:\/\/www.iesuscaritas.org\/?page_id=8014"},"modified":"2025-10-19T10:19:08","modified_gmt":"2025-10-19T08:19:08","slug":"la-revision-de-vida","status":"publish","type":"page","link":"https:\/\/www.iesuscaritas.org\/pt\/la-revision-de-vida\/","title":{"rendered":"Revis\u00e3o de vida"},"content":{"rendered":"<p><\/p>\n<h1>Revis\u00e3o de vida, escola de fraternidade<\/h1>\n<p><a href=\"https:\/\/www.iesuscaritas.org\/wp-content\/uploads\/2025\/10\/revision-vida-01.jpg\"><img loading=\"lazy\" decoding=\"async\" class=\"aligncenter wp-image-8025 size-full\" src=\"https:\/\/www.iesuscaritas.org\/wp-content\/uploads\/2025\/10\/revision-vida-01.jpg\" alt=\"\" width=\"810\" height=\"617\" srcset=\"https:\/\/www.iesuscaritas.org\/wp-content\/uploads\/2025\/10\/revision-vida-01.jpg 810w, https:\/\/www.iesuscaritas.org\/wp-content\/uploads\/2025\/10\/revision-vida-01-300x229.jpg 300w, https:\/\/www.iesuscaritas.org\/wp-content\/uploads\/2025\/10\/revision-vida-01-768x585.jpg 768w\" sizes=\"auto, (max-width: 810px) 100vw, 810px\" \/><\/a><\/p>\n<h2>I O que diz o Diret\u00f3rio?<\/h2>\n<p><a href=\"https:\/\/www.iesuscaritas.org\/wp-content\/uploads\/2025\/10\/revision-vida-02.jpg\"><img loading=\"lazy\" decoding=\"async\" class=\"alignright size-medium wp-image-8026\" src=\"https:\/\/www.iesuscaritas.org\/wp-content\/uploads\/2025\/10\/revision-vida-02-300x300.jpg\" alt=\"\" width=\"300\" height=\"300\" srcset=\"https:\/\/www.iesuscaritas.org\/wp-content\/uploads\/2025\/10\/revision-vida-02-300x300.jpg 300w, https:\/\/www.iesuscaritas.org\/wp-content\/uploads\/2025\/10\/revision-vida-02-150x150.jpg 150w, https:\/\/www.iesuscaritas.org\/wp-content\/uploads\/2025\/10\/revision-vida-02.jpg 500w\" sizes=\"auto, (max-width: 300px) 100vw, 300px\" \/><\/a>\u00ab\u00c9, sobretudo, na Revis\u00e3o da Vida que a fraternidade exerce a sua fun\u00e7\u00e3o de regra de vida. Fala-se muito de revis\u00e3o de vida, mas indicando diferentes realidades: diferentes interc\u00e2mbios, estudos evang\u00e9licos, revis\u00e3o de vida apost\u00f3lica. Para n\u00f3s, em fraternidade, a Revis\u00e3o de Vida \u00e9 um ato de f\u00e9 comum, no qual partilhamos acontecimentos, inquieta\u00e7\u00f5es, esperan\u00e7as e decep\u00e7\u00f5es, uma leitura comum da vida para descobrir nela os apelos do Senhor (&#8230;)<\/p>\n<p>O Life Review \u00e9, antes de tudo, um olhar contemplativo sobre a a\u00e7\u00e3o do Esp\u00edrito Santo em nossas vidas. E, ao mesmo tempo, \u00e9 o meio de uma convers\u00e3o permanente que deve chegar tamb\u00e9m ao melhor de cada um, estar sempre dispon\u00edvel aos apelos do Senhor, precisamente ali onde n\u00e3o eram esperados, onde n\u00e3o t\u00ednhamos visto nem ouvido ele at\u00e9 agora. A Revis\u00e3o de Vida nos ajuda a descobrir o Senhor que \u00e9 sempre maior, sempre diferente e at\u00e9 desconcertante para n\u00f3s.<\/p>\n<p>H\u00e1 uma unidade de processo entre a Revis\u00e3o de Vida e os demais meios da Fraternidade. A Revista de Vida \u00e9 preparada de prefer\u00eancia no deserto, sempre em ora\u00e7\u00e3o e, se poss\u00edvel, por escrito. \u00c9 melhor n\u00e3o fazer do que improvisar. Sup\u00f5e um clima de ora\u00e7\u00e3o, escuta da Palavra de Deus, aten\u00e7\u00e3o rec\u00edproca. N\u00e3o h\u00e1 necessidade de temer momentos de sil\u00eancio. Devemos ter a coragem de questionar uns aos outros, com delicadeza, mas com franqueza, sem medo de tens\u00f5es e poss\u00edveis confrontos.<\/p>\n<p>A falsa amizade \u00e9 a morte das verdadeiras revis\u00f5es de vida e, portanto, da fraternidade.<\/p>\n<p>Fazer uma Revis\u00e3o de Vida implica o compromisso de cada um de realizar juntos os chamados recebidos. Cada um deve sentir-se respons\u00e1vel e solid\u00e1rio com os outros.<\/p>\n<p>Uma aut\u00eantica Revis\u00e3o de Vida pode nos apresentar ao mist\u00e9rio da morte e ressurrei\u00e7\u00e3o de Cristo operando em n\u00f3s. E, \u00e0s vezes, nos levar\u00e1 ao sacramento da reconcilia\u00e7\u00e3o\u201d.<\/p>\n<h2>II Compreender a RV como escola de escuta, discernimento e fraternidade<\/h2>\n<p><a href=\"https:\/\/www.iesuscaritas.org\/wp-content\/uploads\/2025\/10\/revision-vida-03.jpg\"><img loading=\"lazy\" decoding=\"async\" class=\"size-medium wp-image-8027 alignleft\" src=\"https:\/\/www.iesuscaritas.org\/wp-content\/uploads\/2025\/10\/revision-vida-03-300x251.jpg\" alt=\"\" width=\"300\" height=\"251\" srcset=\"https:\/\/www.iesuscaritas.org\/wp-content\/uploads\/2025\/10\/revision-vida-03-300x251.jpg 300w, https:\/\/www.iesuscaritas.org\/wp-content\/uploads\/2025\/10\/revision-vida-03.jpg 500w\" sizes=\"auto, (max-width: 300px) 100vw, 300px\" \/><\/a>Junto com a adora\u00e7\u00e3o, \u00e9 o ponto forte do Retiro.<\/p>\n<p>Seu objetivo \u00e9 nos ajudar a ter uma vis\u00e3o contemplativa da vida, da realidade. Veja a vida pelos olhos de Deus.<\/p>\n<p>N\u00e3o \u00e9 uma mera t\u00e9cnica de reuni\u00e3o fraterna ou de grupo. Procure educar um cora\u00e7\u00e3o contemplativo.<\/p>\n<p>N\u00e3o \u00e9, portanto, nem confiss\u00e3o nem dire\u00e7\u00e3o espiritual. nenhuma ferramenta para entender ou interpretar na vida dos homens<\/p>\n<p>Se trata de:<\/p>\n<p>1. Uma forma de buscar a presen\u00e7a do Esp\u00edrito Santo em nossas vidas, falando com nossos irm\u00e3os para que, a partir da busca, eles possam nos ajudar a encontrar a vontade de Deus. N\u00e3o \u00e9 pedir conselhos, mas discernir juntos. O RV \u00e9 preparado em adora\u00e7\u00e3o e sil\u00eancio<\/p>\n<p>2. Um modo de ler o Evangelho na vida dos homens e um modo de ler o Evangelho na Igreja. Leia nos fatos, e em grupo, os movimentos do Esp\u00edrito.<\/p>\n<p>3. Um encontro com Jesus hoje, um Jesus que vive nas realidades do mundo e dos homens de hoje.<\/p>\n<p>4. Uma pergunta sobre o meu modo de ser e viver, atrav\u00e9s do que os outros vivem.<\/p>\n<p>5. Uma participa\u00e7\u00e3o fraterna na vida dos irm\u00e3os.<\/p>\n<p>Como se prepara?<\/p>\n<p>Ele se prepara em adora\u00e7\u00e3o e sil\u00eancio. Um tempo de sil\u00eancio em que se misturam fatos da vida e adora\u00e7\u00e3o.<\/p>\n<h2>III Vida fraternal e RV<\/h2>\n<p><a href=\"https:\/\/www.iesuscaritas.org\/wp-content\/uploads\/2025\/10\/revision-vida-04.jpg\"><img loading=\"lazy\" decoding=\"async\" class=\"alignright size-medium wp-image-8028\" src=\"https:\/\/www.iesuscaritas.org\/wp-content\/uploads\/2025\/10\/revision-vida-04-300x300.jpg\" alt=\"\" width=\"300\" height=\"300\" srcset=\"https:\/\/www.iesuscaritas.org\/wp-content\/uploads\/2025\/10\/revision-vida-04-300x300.jpg 300w, https:\/\/www.iesuscaritas.org\/wp-content\/uploads\/2025\/10\/revision-vida-04-150x150.jpg 150w, https:\/\/www.iesuscaritas.org\/wp-content\/uploads\/2025\/10\/revision-vida-04.jpg 500w\" sizes=\"auto, (max-width: 300px) 100vw, 300px\" \/><\/a>Na Fraternidade, a VR deve ser tamb\u00e9m para compartilhar o modo como a releitura da vida nos remete \u00e0s intui\u00e7\u00f5es de Charles de Foucauld e da Fraternidade: adora\u00e7\u00e3o, Evangelho, solicitude pelos pobres e ser irm\u00e3os, como Jesus.<\/p>\n<p>* Seu fundamento teol\u00f3gico \u00e9 a experi\u00eancia b\u00edblica que o Senhor est\u00e1 compartilhando com seu povo e com aqueles que formam sua pr\u00f3pria hist\u00f3ria, fazendo da hist\u00f3ria de cada um uma hist\u00f3ria de salva\u00e7\u00e3o. Esse olhar contemplativo nos ajudar\u00e1 a aprender a ver a dupla face de cada situa\u00e7\u00e3o. H\u00e1 um primeiro aspecto que vemos, e ao fundo um toque de Deus.<\/p>\n<p>* Al\u00e9m de ser o material que contemplamos contemplativamente, \u00e9 o meio de uma convers\u00e3o permanente. Sempre que vamos \u00e0 RV, vamos em atitude de convers\u00e3o, prontos para ver que parte de n\u00f3s tem que mudar, a dos outros, para ajud\u00e1-los a ler o caminho.<\/p>\n<p>* Viver o RV juntos \u00e9 viver uma experi\u00eancia de Deus, enorme, atrav\u00e9s das situa\u00e7\u00f5es que estamos apresentando no RV: estamos vendo a provid\u00eancia de Deus e sua amizade.<\/p>\n<p>* \u00c9 por isso que \u00e0s vezes provoca uma a\u00e7\u00e3o de gra\u00e7as. Outros, um pedido de perd\u00e3o, ou um pedido de ajuda para realizar o que vemos.<\/p>\n<p>* As palavras s\u00e3o t\u00e3o importantes quanto os sil\u00eancios. Sem pressa. H\u00e1 sil\u00eancios interessantes, de um ou do grupo, para respeitar, interiorizar, pedir ajuda, deixar penetrar o que ouvimos. Devemos respeitar o ritmo que a comunica\u00e7\u00e3o s\u00e9ria exige de n\u00f3s.<\/p>\n<p><a href=\"https:\/\/www.iesuscaritas.org\/wp-content\/uploads\/2025\/10\/manuel-pozo-oller.jpg\"><img loading=\"lazy\" decoding=\"async\" class=\"alignright size-medium wp-image-8024\" src=\"https:\/\/www.iesuscaritas.org\/wp-content\/uploads\/2025\/10\/manuel-pozo-oller-291x300.jpg\" alt=\"\" width=\"291\" height=\"300\" srcset=\"https:\/\/www.iesuscaritas.org\/wp-content\/uploads\/2025\/10\/manuel-pozo-oller-291x300.jpg 291w, https:\/\/www.iesuscaritas.org\/wp-content\/uploads\/2025\/10\/manuel-pozo-oller.jpg 433w\" sizes=\"auto, (max-width: 291px) 100vw, 291px\" \/><\/a>Manuel POZO OLLER, fraternidade da Espanha<\/p>\n<hr \/>\n<p>PDF: <a href=\"https:\/\/www.iesuscaritas.org\/wp-content\/uploads\/2025\/10\/A-Revisao-da-Vida-escola-de-fraternidade.-Manuel-POZO-OLLER-pt.pdf\">A Revis\u00e2o da Vida, escola de fraternidade. Manuel POZO OLLER pt<\/a><\/p>","protected":false},"excerpt":{"rendered":"<p>Revis\u00e3o de vida, escola de fraternidade I O que diz o Diret\u00f3rio? \u00ab\u00c9, sobretudo, na Revis\u00e3o da Vida que a fraternidade exerce a sua fun\u00e7\u00e3o de regra de vida. Fala-se <a class=\"more-link\" href=\"https:\/\/www.iesuscaritas.org\/pt\/la-revision-de-vida\/\">Continue Reading &rarr;<\/a><\/p>\n","protected":false},"author":1,"featured_media":0,"parent":0,"menu_order":8,"comment_status":"closed","ping_status":"closed","template":"","meta":{"footnotes":""},"class_list":["post-8014","page","type-page","status-publish","hentry"],"_links":{"self":[{"href":"https:\/\/www.iesuscaritas.org\/pt\/wp-json\/wp\/v2\/pages\/8014","targetHints":{"allow":["GET"]}}],"collection":[{"href":"https:\/\/www.iesuscaritas.org\/pt\/wp-json\/wp\/v2\/pages"}],"about":[{"href":"https:\/\/www.iesuscaritas.org\/pt\/wp-json\/wp\/v2\/types\/page"}],"author":[{"embeddable":true,"href":"https:\/\/www.iesuscaritas.org\/pt\/wp-json\/wp\/v2\/users\/1"}],"replies":[{"embeddable":true,"href":"https:\/\/www.iesuscaritas.org\/pt\/wp-json\/wp\/v2\/comments?post=8014"}],"version-history":[{"count":13,"href":"https:\/\/www.iesuscaritas.org\/pt\/wp-json\/wp\/v2\/pages\/8014\/revisions"}],"predecessor-version":[{"id":8040,"href":"https:\/\/www.iesuscaritas.org\/pt\/wp-json\/wp\/v2\/pages\/8014\/revisions\/8040"}],"wp:attachment":[{"href":"https:\/\/www.iesuscaritas.org\/pt\/wp-json\/wp\/v2\/media?parent=8014"}],"curies":[{"name":"wp","href":"https:\/\/api.w.org\/{rel}","templated":true}]}}