{"id":8000,"date":"2025-10-06T19:01:58","date_gmt":"2025-10-06T17:01:58","guid":{"rendered":"https:\/\/www.iesuscaritas.org\/?page_id=8000"},"modified":"2025-10-06T19:02:55","modified_gmt":"2025-10-06T17:02:55","slug":"carta-de-buenos-aires","status":"publish","type":"page","link":"https:\/\/www.iesuscaritas.org\/pt\/carta-de-buenos-aires\/","title":{"rendered":"Carta de Buenos Aires"},"content":{"rendered":"<p><a href=\"https:\/\/www.iesuscaritas.org\/wp-content\/uploads\/2025\/02\/cuaresma2025-05.jpg\"><img loading=\"lazy\" decoding=\"async\" class=\"alignright size-full wp-image-7663\" src=\"https:\/\/www.iesuscaritas.org\/wp-content\/uploads\/2025\/02\/cuaresma2025-05.jpg\" alt=\"\" width=\"171\" height=\"133\" \/><\/a>AOS IRM\u00c3OS DA FRATERNIDADE SACERDOTAL IESUS CARITAS EM TODO O MUNDO<\/p>\n<p>Queridos irm\u00e3os,<\/p>\n<p>De 6 a 21 de maio de 2025, 34 delegados de fraternidades de 21 pa\u00edses da \u00c1frica, Am\u00e9rica, \u00c1sia e Europa se reuniram no Mons. Casa de Retiros Aguirre na cidade de Buenos Aires, sob o lema: SACERDOTES DE IESUS CARITAS, TESTEMUNHAS E FORJADORES DA FRATERNIDADE SACERDOTAL E UNIVERSAL, para realizar a XII Assembleia Geral da nossa Associa\u00e7\u00e3o.<\/p>\n<h2>AGRADECIMENTOS<\/h2>\n<p><a href=\"https:\/\/www.iesuscaritas.org\/wp-content\/uploads\/2025\/05\/buenos-aires-2025-01.jpg\"><img loading=\"lazy\" decoding=\"async\" class=\"alignright wp-image-7802\" src=\"https:\/\/www.iesuscaritas.org\/wp-content\/uploads\/2025\/05\/buenos-aires-2025-01-210x300.jpg\" alt=\"\" width=\"175\" height=\"250\" srcset=\"https:\/\/www.iesuscaritas.org\/wp-content\/uploads\/2025\/05\/buenos-aires-2025-01-210x300.jpg 210w, https:\/\/www.iesuscaritas.org\/wp-content\/uploads\/2025\/05\/buenos-aires-2025-01-717x1024.jpg 717w, https:\/\/www.iesuscaritas.org\/wp-content\/uploads\/2025\/05\/buenos-aires-2025-01.jpg 763w\" sizes=\"auto, (max-width: 175px) 100vw, 175px\" \/><\/a>Primeiramente, gostar\u00edamos de agradecer aos nossos irm\u00e3os e irm\u00e3s argentinos pela calorosa recep\u00e7\u00e3o e pelo interesse em nos apresentar a cultura de seu pa\u00eds. N\u00e3o esqueceremos a noite cultural, o passeio pelo Delta do Rio Paran\u00e1, a visita ao centro de Buenos Aires e o santu\u00e1rio de Nossa Senhora de Luj\u00e1n. Gostar\u00edamos tamb\u00e9m de expressar nossa gratid\u00e3o \u00e0s diversas par\u00f3quias que nos acolheram no domingo, dia 11, com muita f\u00e9, amor e ternura, ao bispo Guillermo Caride de San Isidro, que nos visitou, e aos membros de nossa fam\u00edlia espiritual que vieram compartilhar suas experi\u00eancias.<\/p>\n<p><a href=\"https:\/\/www.iesuscaritas.org\/wp-content\/uploads\/2025\/05\/buenos-aires-2025-02-scaled.jpg\"><img loading=\"lazy\" decoding=\"async\" class=\"size-medium wp-image-7803 alignleft\" src=\"https:\/\/www.iesuscaritas.org\/wp-content\/uploads\/2025\/05\/buenos-aires-2025-02-300x195.jpg\" alt=\"\" width=\"300\" height=\"195\" srcset=\"https:\/\/www.iesuscaritas.org\/wp-content\/uploads\/2025\/05\/buenos-aires-2025-02-300x195.jpg 300w, https:\/\/www.iesuscaritas.org\/wp-content\/uploads\/2025\/05\/buenos-aires-2025-02-1024x665.jpg 1024w, https:\/\/www.iesuscaritas.org\/wp-content\/uploads\/2025\/05\/buenos-aires-2025-02-768x499.jpg 768w, https:\/\/www.iesuscaritas.org\/wp-content\/uploads\/2025\/05\/buenos-aires-2025-02-1536x998.jpg 1536w, https:\/\/www.iesuscaritas.org\/wp-content\/uploads\/2025\/05\/buenos-aires-2025-02-2048x1330.jpg 2048w\" sizes=\"auto, (max-width: 300px) 100vw, 300px\" \/><\/a>Sentimos gratid\u00e3o semelhante aos irm\u00e3os que nos iluminaram com suas apresenta\u00e7\u00f5es sobre a realidade da Igreja Argentina, o pontificado do Papa Francisco e a Fraternidade no Novo Testamento, na enc\u00edclica Fratelli Tutti e na vida e apostolado de S\u00e3o Carlos de Foucauld. Estes s\u00e3o temas que est\u00e3o dispon\u00edveis \u00e0s fraternidades para seu pr\u00f3prio estudo e reflex\u00e3o; ser\u00e1 publicado na p\u00e1gina iesuscaritas.org. Um agradecimento especial \u00e0 Equipe Internacional cessante: Eric LOZADA, Fernando TAPIA, Honor\u00e9 SAWADOGO, Tony LLANES e Matthias KEIL pela proximidade e servi\u00e7o aos irm\u00e3os durante esses seis anos e pela excelente organiza\u00e7\u00e3o desta Assembleia.<\/p>\n<h2>UM MUNDO FERIDO<\/h2>\n<p><a href=\"https:\/\/www.iesuscaritas.org\/wp-content\/uploads\/2025\/05\/buenos-aires-2025-03.jpg\"><img loading=\"lazy\" decoding=\"async\" class=\"alignright size-medium wp-image-7804\" src=\"https:\/\/www.iesuscaritas.org\/wp-content\/uploads\/2025\/05\/buenos-aires-2025-03-300x225.jpg\" alt=\"\" width=\"300\" height=\"225\" srcset=\"https:\/\/www.iesuscaritas.org\/wp-content\/uploads\/2025\/05\/buenos-aires-2025-03-300x225.jpg 300w, https:\/\/www.iesuscaritas.org\/wp-content\/uploads\/2025\/05\/buenos-aires-2025-03-768x576.jpg 768w, https:\/\/www.iesuscaritas.org\/wp-content\/uploads\/2025\/05\/buenos-aires-2025-03.jpg 977w\" sizes=\"auto, (max-width: 300px) 100vw, 300px\" \/><\/a>Em um mundo ferido por divis\u00f5es, polariza\u00e7\u00f5es, ambi\u00e7\u00f5es de poder e guerras, a mensagem de Jesus de Nazar\u00e9 sobre a Fraternidade Universal \u00e9 mais necess\u00e1ria do que nunca. Foi assim que o Papa Francisco entendeu, e suas palavras e a\u00e7\u00f5es o demonstram. Sentimos, portanto, um forte chamado a ser testemunhas e forjadores de fraternidade tanto em nossos presbit\u00e9rios quanto nas sociedades e culturas em que cada um de n\u00f3s est\u00e1 presente, por meio de uma maior proximidade e servi\u00e7o aos pobres, aos migrantes, aos marginalizados e \u00e0s v\u00edtimas de todos os tipos de abuso. Sabemos que eles s\u00e3o os que mais sofrem com a falta de fraternidade.<\/p>\n<h2>A FRATERNIDADE \u00c9 POSS\u00cdVEL<\/h2>\n<p><a href=\"https:\/\/www.iesuscaritas.org\/wp-content\/uploads\/2025\/05\/buenos-aires-2025-04.jpg\"><img loading=\"lazy\" decoding=\"async\" class=\"size-medium wp-image-7805 alignleft\" src=\"https:\/\/www.iesuscaritas.org\/wp-content\/uploads\/2025\/05\/buenos-aires-2025-04-300x133.jpg\" alt=\"\" width=\"300\" height=\"133\" srcset=\"https:\/\/www.iesuscaritas.org\/wp-content\/uploads\/2025\/05\/buenos-aires-2025-04-300x133.jpg 300w, https:\/\/www.iesuscaritas.org\/wp-content\/uploads\/2025\/05\/buenos-aires-2025-04-1024x453.jpg 1024w, https:\/\/www.iesuscaritas.org\/wp-content\/uploads\/2025\/05\/buenos-aires-2025-04-768x340.jpg 768w, https:\/\/www.iesuscaritas.org\/wp-content\/uploads\/2025\/05\/buenos-aires-2025-04-1536x680.jpg 1536w, https:\/\/www.iesuscaritas.org\/wp-content\/uploads\/2025\/05\/buenos-aires-2025-04.jpg 1575w\" sizes=\"auto, (max-width: 300px) 100vw, 300px\" \/><\/a>A fraternidade \u00e9 poss\u00edvel. Foi isso que vivenciamos nesta Assembleia, apesar da diversidade de l\u00ednguas, culturas e experi\u00eancias pastorais. Cada dia foi marcado pela ora\u00e7\u00e3o comunit\u00e1ria de Laudes, adora\u00e7\u00e3o e celebra\u00e7\u00e3o da Eucaristia, o que nos permitiu viver esses dias em um clima de escuta atenta, compreens\u00e3o, alegria, acolhimento e di\u00e1logo. Foi assim que pudemos compartilhar nossas hist\u00f3rias pessoais, refletir sobre os temas discutidos, ouvir atentamente os relat\u00f3rios apresentados e trabalhar em nossos Estatutos e Direct\u00f3rio<\/p>\n<h2>NOSSAS FRATERNIDADES<\/h2>\n<p><a href=\"https:\/\/www.iesuscaritas.org\/wp-content\/uploads\/2025\/05\/buenos-aires-2025-05-scaled.jpg\"><img loading=\"lazy\" decoding=\"async\" class=\"alignright size-medium wp-image-7806\" src=\"https:\/\/www.iesuscaritas.org\/wp-content\/uploads\/2025\/05\/buenos-aires-2025-05-237x300.jpg\" alt=\"\" width=\"237\" height=\"300\" srcset=\"https:\/\/www.iesuscaritas.org\/wp-content\/uploads\/2025\/05\/buenos-aires-2025-05-237x300.jpg 237w, https:\/\/www.iesuscaritas.org\/wp-content\/uploads\/2025\/05\/buenos-aires-2025-05-810x1024.jpg 810w, https:\/\/www.iesuscaritas.org\/wp-content\/uploads\/2025\/05\/buenos-aires-2025-05-768x971.jpg 768w, https:\/\/www.iesuscaritas.org\/wp-content\/uploads\/2025\/05\/buenos-aires-2025-05-1215x1536.jpg 1215w, https:\/\/www.iesuscaritas.org\/wp-content\/uploads\/2025\/05\/buenos-aires-2025-05-1620x2048.jpg 1620w, https:\/\/www.iesuscaritas.org\/wp-content\/uploads\/2025\/05\/buenos-aires-2025-05-scaled.jpg 2025w\" sizes=\"auto, (max-width: 237px) 100vw, 237px\" \/><\/a>Os relatos que ouvimos nos mostram que, em v\u00e1rios pa\u00edses da Europa e da Am\u00e9rica, nossas fraternidades est\u00e3o envelhecendo. N\u00e3o \u00e9 o caso na \u00c1frica e na \u00c1sia. Devemos, portanto, dar mais apoio espiritual e financeiro \u00e0s fraternidades de ambos os continentes. Nos pa\u00edses da Europa e da Am\u00e9rica, precisamos renovar nossos esfor\u00e7os para fazer com que S\u00e3o Carlos de Foucauld seja conhecido em nossos presbit\u00e9rios e convidar padres, di\u00e1conos e seminaristas a se juntarem \u00e0 nossa Fraternidade. Sentimos, portanto, um forte chamado para fundar novas fraternidades e despertar aquelas que adormeceram.<\/p>\n<p><a href=\"https:\/\/www.iesuscaritas.org\/wp-content\/uploads\/2025\/05\/buenos-aires-2025-06-scaled.jpg\"><img loading=\"lazy\" decoding=\"async\" class=\"size-medium wp-image-7807 alignleft\" src=\"https:\/\/www.iesuscaritas.org\/wp-content\/uploads\/2025\/05\/buenos-aires-2025-06-300x160.jpg\" alt=\"\" width=\"300\" height=\"160\" srcset=\"https:\/\/www.iesuscaritas.org\/wp-content\/uploads\/2025\/05\/buenos-aires-2025-06-300x160.jpg 300w, https:\/\/www.iesuscaritas.org\/wp-content\/uploads\/2025\/05\/buenos-aires-2025-06-1024x545.jpg 1024w, https:\/\/www.iesuscaritas.org\/wp-content\/uploads\/2025\/05\/buenos-aires-2025-06-768x409.jpg 768w, https:\/\/www.iesuscaritas.org\/wp-content\/uploads\/2025\/05\/buenos-aires-2025-06-1536x817.jpg 1536w, https:\/\/www.iesuscaritas.org\/wp-content\/uploads\/2025\/05\/buenos-aires-2025-06-2048x1090.jpg 2048w, https:\/\/www.iesuscaritas.org\/wp-content\/uploads\/2025\/05\/buenos-aires-2025-06-754x400.jpg 754w\" sizes=\"auto, (max-width: 300px) 100vw, 300px\" \/><\/a>Para conseguir isso, precisamos de muita criatividade e maior fidelidade ao carisma do Irm\u00e3o Carlos e aos meios de crescimento espiritual dispon\u00edveis para nossa Fraternidade. Nosso testemunho de vida simples, fraterna, alegre e comprometida com os pobres, que brota da nossa estreita rela\u00e7\u00e3o com Jesus Ressuscitado, ser\u00e1 sempre o melhor caminho para atrair novos membros para a nossa fraternidade. Estamos convencidos de que a espiritualidade do Irm\u00e3o Charles, centrada no Evangelho e na Eucaristia, celebrada e adorada, tem relev\u00e2ncia duradoura.<\/p>\n<h2>A ELEI\u00c7\u00c3O DE LE\u00c3O XIV<\/h2>\n<p>Durante o curso de nossa Assembleia, o conclave que elegeu um novo sucessor de Pedro, o Papa Le\u00e3o XIV, foi realizado em Roma. Longe de nos distrair, sua elei\u00e7\u00e3o nos confirmou nos caminhos pelos quais o Esp\u00edrito Santo est\u00e1 guiando sua Igreja: um renovado impulso mission\u00e1rio, um compromisso sempre maior com a justi\u00e7a e a paz e uma maior participa\u00e7\u00e3o de todos os batizados na vida da Igreja. Acreditamos que a fraternidade se expressa no modo sinodal de viver nossa f\u00e9 e nossa perten\u00e7a \u00e0 Igreja e, portanto, nos sentimos chamados a promover esse estilo eclesial em nossas par\u00f3quias, comunidades crist\u00e3s, movimentos e outros ambientes pastorais nos quais desenvolvemos nosso minist\u00e9rio.<\/p>\n<h2>VERS\u00c3O ATUALIZADA DE NOSSO ESTATUTO E DIRECT\u00d3RIO<\/h2>\n<p><a href=\"https:\/\/www.iesuscaritas.org\/wp-content\/uploads\/2025\/05\/buenos-aires-2025-07.jpg\"><img loading=\"lazy\" decoding=\"async\" class=\"alignright size-medium wp-image-7808\" src=\"https:\/\/www.iesuscaritas.org\/wp-content\/uploads\/2025\/05\/buenos-aires-2025-07-300x181.jpg\" alt=\"\" width=\"300\" height=\"181\" srcset=\"https:\/\/www.iesuscaritas.org\/wp-content\/uploads\/2025\/05\/buenos-aires-2025-07-300x181.jpg 300w, https:\/\/www.iesuscaritas.org\/wp-content\/uploads\/2025\/05\/buenos-aires-2025-07-1024x618.jpg 1024w, https:\/\/www.iesuscaritas.org\/wp-content\/uploads\/2025\/05\/buenos-aires-2025-07-768x463.jpg 768w, https:\/\/www.iesuscaritas.org\/wp-content\/uploads\/2025\/05\/buenos-aires-2025-07-1536x926.jpg 1536w, https:\/\/www.iesuscaritas.org\/wp-content\/uploads\/2025\/05\/buenos-aires-2025-07.jpg 1600w\" sizes=\"auto, (max-width: 300px) 100vw, 300px\" \/><\/a>Hemos invertido mucho tiempo de esta Asamblea para poner al d\u00eda nuestros Estatutos y el Directorio para el desarrollo de nuestras fraternidades en todo el mundo. Hemos hecho valiosas reflexiones y aportes y, finalmente, los hemos aprobado. Ser\u00e1n presentados a la Congregaci\u00f3n para el Clero y posteriormente, difundidos y estudiados por nuestros hermanos en los diferentes pa\u00edses en que estamos presente. Estos documentos nos ayudar\u00e1n a tener una identidad m\u00e1s clara y dar m\u00e1s relevancia al testimonio y a los textos del Hermano Carlos.<\/p>\n<h2>ENCONTRO DE JOVENS SACERDOTES DA NOSSA FRATERNIDADE<\/h2>\n<p><a href=\"https:\/\/www.iesuscaritas.org\/wp-content\/uploads\/2025\/05\/buenos-aires-2025-08.jpg\"><img loading=\"lazy\" decoding=\"async\" class=\"size-medium wp-image-7809 alignleft\" src=\"https:\/\/www.iesuscaritas.org\/wp-content\/uploads\/2025\/05\/buenos-aires-2025-08-166x300.jpg\" alt=\"\" width=\"166\" height=\"300\" srcset=\"https:\/\/www.iesuscaritas.org\/wp-content\/uploads\/2025\/05\/buenos-aires-2025-08-166x300.jpg 166w, https:\/\/www.iesuscaritas.org\/wp-content\/uploads\/2025\/05\/buenos-aires-2025-08-566x1024.jpg 566w, https:\/\/www.iesuscaritas.org\/wp-content\/uploads\/2025\/05\/buenos-aires-2025-08-768x1390.jpg 768w, https:\/\/www.iesuscaritas.org\/wp-content\/uploads\/2025\/05\/buenos-aires-2025-08-848x1536.jpg 848w, https:\/\/www.iesuscaritas.org\/wp-content\/uploads\/2025\/05\/buenos-aires-2025-08-1131x2048.jpg 1131w, https:\/\/www.iesuscaritas.org\/wp-content\/uploads\/2025\/05\/buenos-aires-2025-08.jpg 1387w\" sizes=\"auto, (max-width: 166px) 100vw, 166px\" \/><\/a>Em nossa Assembleia vivenciamos a riqueza da diversidade cultural e pastoral. Gostar\u00edamos que os jovens sacerdotes da nossa Associa\u00e7\u00e3o (com menos de 45 anos) tivessem uma experi\u00eancia semelhante que os inspire ainda mais a seguir o nosso amado Irm\u00e3o e Senhor Jesus, nos passos de S\u00e3o Carlos de Foucauld. Confiamos \u00e0 nova equipe internacional a organiza\u00e7\u00e3o deste encontro, com o apoio espiritual e financeiro de todas as nossas Fraternidades.<\/p>\n<h2>NOVA EQUIPE INTERNACIONAL<\/h2>\n<p><a href=\"https:\/\/www.iesuscaritas.org\/wp-content\/uploads\/2025\/05\/buenos-aires-2025-11.jpg\"><img loading=\"lazy\" decoding=\"async\" class=\"alignright size-medium wp-image-7812\" src=\"https:\/\/www.iesuscaritas.org\/wp-content\/uploads\/2025\/05\/buenos-aires-2025-11-300x199.jpg\" alt=\"\" width=\"300\" height=\"199\" srcset=\"https:\/\/www.iesuscaritas.org\/wp-content\/uploads\/2025\/05\/buenos-aires-2025-11-300x199.jpg 300w, https:\/\/www.iesuscaritas.org\/wp-content\/uploads\/2025\/05\/buenos-aires-2025-11.jpg 739w\" sizes=\"auto, (max-width: 300px) 100vw, 300px\" \/><\/a>Durante a Assembleia elegemos nosso irm\u00e3o Carlos Roberto dos SANTOS (Brasil) como novo Gerente Internacional e ele, por sua vez, formou sua Equipe: Roberto (Tino) FERRARI (Argentina), Mark MERTES (EUA), Boris SCH\u00dcSSEL (Su\u00ed\u00e7a) e Louis Edmond ESSEYI A GNADAM (Camar\u00f5es). Ele tamb\u00e9m pediu a Eric LOZADA (Filipinas) para ser seu delegado para a \u00c1sia e a Yves de MALLMANN (Fran\u00e7a) para ajudar na manuten\u00e7\u00e3o dos Arquivos. Agradecemos a todos por aceitarem este servi\u00e7o. Oferecemos nosso apoio fraterno e pedimos ao Senhor Jesus que o sustente com sua gra\u00e7a e a Nossa Senhora de Luj\u00e1n que vele por voc\u00ea.<\/p>\n<p>Eric LOZADA<br \/>\nPelos delegados da 12\u00aa Assembleia Geral da Fraternidade Sacerdotal IESUS CARITAS.<\/p>\n<p><a href=\"https:\/\/www.iesuscaritas.org\/wp-content\/uploads\/2025\/05\/buenos-aires-2025-09.jpg\"><img loading=\"lazy\" decoding=\"async\" class=\"aligncenter wp-image-7810 size-large\" src=\"https:\/\/www.iesuscaritas.org\/wp-content\/uploads\/2025\/05\/buenos-aires-2025-09-1024x536.jpg\" alt=\"\" width=\"678\" height=\"355\" srcset=\"https:\/\/www.iesuscaritas.org\/wp-content\/uploads\/2025\/05\/buenos-aires-2025-09-1024x536.jpg 1024w, https:\/\/www.iesuscaritas.org\/wp-content\/uploads\/2025\/05\/buenos-aires-2025-09-300x157.jpg 300w, https:\/\/www.iesuscaritas.org\/wp-content\/uploads\/2025\/05\/buenos-aires-2025-09-768x402.jpg 768w, https:\/\/www.iesuscaritas.org\/wp-content\/uploads\/2025\/05\/buenos-aires-2025-09.jpg 1280w\" sizes=\"auto, (max-width: 678px) 100vw, 678px\" \/><\/a><\/p>\n<p>Buenos Aires, 20 de maio de 2025.<br \/>\nEsta carta pode ser encontrada em iesuscaritas.org<\/p>\n<p><a href=\"https:\/\/www.iesuscaritas.org\/wp-content\/uploads\/2025\/05\/buenos-aires-2025-10.jpg\"><img loading=\"lazy\" decoding=\"async\" class=\"aligncenter wp-image-7811 size-large\" src=\"https:\/\/www.iesuscaritas.org\/wp-content\/uploads\/2025\/05\/buenos-aires-2025-10-1024x447.jpg\" alt=\"\" width=\"678\" height=\"296\" srcset=\"https:\/\/www.iesuscaritas.org\/wp-content\/uploads\/2025\/05\/buenos-aires-2025-10-1024x447.jpg 1024w, https:\/\/www.iesuscaritas.org\/wp-content\/uploads\/2025\/05\/buenos-aires-2025-10-300x131.jpg 300w, https:\/\/www.iesuscaritas.org\/wp-content\/uploads\/2025\/05\/buenos-aires-2025-10-768x336.jpg 768w, https:\/\/www.iesuscaritas.org\/wp-content\/uploads\/2025\/05\/buenos-aires-2025-10-1536x671.jpg 1536w, https:\/\/www.iesuscaritas.org\/wp-content\/uploads\/2025\/05\/buenos-aires-2025-10.jpg 1600w\" sizes=\"auto, (max-width: 678px) 100vw, 678px\" \/><\/a><\/p>\n<hr \/>\n<p>PDF: <a href=\"https:\/\/www.iesuscaritas.org\/wp-content\/uploads\/2025\/05\/Carta-de-Buenos-Aires-maio-2025-pt.pdf\">Carta de Buenos Aires, maio 2025 pt<\/a><\/p>","protected":false},"excerpt":{"rendered":"<p>AOS IRM\u00c3OS DA FRATERNIDADE SACERDOTAL IESUS CARITAS EM TODO O MUNDO Queridos irm\u00e3os, De 6 a 21 de maio de 2025, 34 delegados de fraternidades de 21 pa\u00edses da \u00c1frica, <a class=\"more-link\" href=\"https:\/\/www.iesuscaritas.org\/pt\/carta-de-buenos-aires\/\">Continue Reading &rarr;<\/a><\/p>\n","protected":false},"author":1,"featured_media":0,"parent":0,"menu_order":2,"comment_status":"closed","ping_status":"closed","template":"","meta":{"footnotes":""},"class_list":["post-8000","page","type-page","status-publish","hentry"],"_links":{"self":[{"href":"https:\/\/www.iesuscaritas.org\/pt\/wp-json\/wp\/v2\/pages\/8000","targetHints":{"allow":["GET"]}}],"collection":[{"href":"https:\/\/www.iesuscaritas.org\/pt\/wp-json\/wp\/v2\/pages"}],"about":[{"href":"https:\/\/www.iesuscaritas.org\/pt\/wp-json\/wp\/v2\/types\/page"}],"author":[{"embeddable":true,"href":"https:\/\/www.iesuscaritas.org\/pt\/wp-json\/wp\/v2\/users\/1"}],"replies":[{"embeddable":true,"href":"https:\/\/www.iesuscaritas.org\/pt\/wp-json\/wp\/v2\/comments?post=8000"}],"version-history":[{"count":2,"href":"https:\/\/www.iesuscaritas.org\/pt\/wp-json\/wp\/v2\/pages\/8000\/revisions"}],"predecessor-version":[{"id":8002,"href":"https:\/\/www.iesuscaritas.org\/pt\/wp-json\/wp\/v2\/pages\/8000\/revisions\/8002"}],"wp:attachment":[{"href":"https:\/\/www.iesuscaritas.org\/pt\/wp-json\/wp\/v2\/media?parent=8000"}],"curies":[{"name":"wp","href":"https:\/\/api.w.org\/{rel}","templated":true}]}}