{"id":7978,"date":"2025-10-04T17:59:28","date_gmt":"2025-10-04T15:59:28","guid":{"rendered":"https:\/\/www.iesuscaritas.org\/?page_id=7978"},"modified":"2025-10-06T19:03:44","modified_gmt":"2025-10-06T17:03:44","slug":"equipo-internacional-tino-ferrari","status":"publish","type":"page","link":"https:\/\/www.iesuscaritas.org\/pt\/equipo-internacional-tino-ferrari\/","title":{"rendered":"Equipe Internacional. Tino FERRARI"},"content":{"rendered":"<p>Em maio passado, realizamos a 12\u00aa Assembleia da Fraternidade Sacerdotal Iesus Caritas em Victoria, Buenos Aires, Argentina. Participaram 36 delegados, incluindo representantes nacionais e continentais, al\u00e9m da Equipe Internacional cessante. Naquela ocasi\u00e3o, enquanto nos reun\u00edamos, ocorria em Roma o conclave que elegeu Robert Prevost, Papa Le\u00e3o XIV.<\/p>\n<p>Em nossa reuni\u00e3o, tamb\u00e9m tivemos a tarefa de eleger o novo L\u00edder Internacional. Identificamos Carlos Roberto dos Santos, do Brasil, que atuava como Respons\u00e1vel da Fraternidade Pan-Americana desde 2022, como o mais adequado para a tarefa. Quando v\u00e1rios irm\u00e3os indicaram Carlos Roberto, ele generosamente se colocou \u00e0 disposi\u00e7\u00e3o da Assembleia para o que fosse necess\u00e1rio. A partir do momento em que foi eleito, e em di\u00e1logo com os l\u00edderes anteriores que participaram de nossa reuni\u00e3o, come\u00e7amos a considerar membros que pudessem acompanh\u00e1-lo na Equipe Internacional.<\/p>\n<p><a href=\"https:\/\/www.iesuscaritas.org\/wp-content\/uploads\/2025\/10\/equipo-internacional.jpg\"><img loading=\"lazy\" decoding=\"async\" class=\"size-large wp-image-7989 aligncenter\" src=\"https:\/\/www.iesuscaritas.org\/wp-content\/uploads\/2025\/10\/equipo-internacional-1024x473.jpg\" alt=\"\" width=\"678\" height=\"313\" srcset=\"https:\/\/www.iesuscaritas.org\/wp-content\/uploads\/2025\/10\/equipo-internacional-1024x473.jpg 1024w, https:\/\/www.iesuscaritas.org\/wp-content\/uploads\/2025\/10\/equipo-internacional-300x139.jpg 300w, https:\/\/www.iesuscaritas.org\/wp-content\/uploads\/2025\/10\/equipo-internacional-768x355.jpg 768w, https:\/\/www.iesuscaritas.org\/wp-content\/uploads\/2025\/10\/equipo-internacional.jpg 1280w\" sizes=\"auto, (max-width: 678px) 100vw, 678px\" \/><\/a><\/p>\n<p>Ele solicitou a Mark Mertes, dos Estados Unidos, que assumisse a fun\u00e7\u00e3o de tesoureiro e supervisionasse a tesouraria da Fraternidade Internacional, como j\u00e1 havia feito quando Aurelio era respons\u00e1vel internacional. Ele tamb\u00e9m foi convidado a propor alguns crit\u00e9rios para o uso dos recursos da Fraternidade. Boris Schlussel, da Su\u00ed\u00e7a e diretor continental para a Europa, ser\u00e1 respons\u00e1vel por coordenar as comunica\u00e7\u00f5es com aquele continente, realizar atividades presenciais no banco onde a fraternidade mant\u00e9m sua conta e apoiar Carlos Roberto nas a\u00e7\u00f5es que devem ser realizadas junto \u00e0 Santa S\u00e9 para a aprova\u00e7\u00e3o dos Estatutos aprovados.<\/p>\n<p>Por outro lado, Yves de Malltmann, um irm\u00e3o da Fran\u00e7a, ser\u00e1 respons\u00e1vel pela organiza\u00e7\u00e3o e salvaguarda dos arquivos da Fraternidade em Paris. Louis Edmound Esseyi a Gnadam, respons\u00e1vel por Camar\u00f5es e pelo escrit\u00f3rio continental da \u00c1frica, ser\u00e1 respons\u00e1vel pela comunica\u00e7\u00e3o com os irm\u00e3os naquele continente. \u00c9ric Lozada foi convidado para ser o contato com as fraternidades na \u00c1sia, levando em considera\u00e7\u00e3o a dist\u00e2ncia geogr\u00e1fica e cultural. Carlos Roberto, por minha vez, me pediu para atuar como assistente geral da equipe e secret\u00e1rio de reuni\u00f5es, lavrando atas de cada reuni\u00e3o virtual e auxiliando-o especialmente nas atividades realizadas nas Am\u00e9ricas.<\/p>\n<p>Esperamos poder atender \u00e0s necessidades da comunidade e contribuir com nossa presen\u00e7a para a vida da Fraternidade em todos os pa\u00edses, especialmente no que diz respeito ao surgimento ou crescimento de novas fraternidades onde existam pequenos brotos.<\/p>\n<p><a href=\"https:\/\/www.iesuscaritas.org\/wp-content\/uploads\/2025\/10\/tino-ferrari.jpg\"><img loading=\"lazy\" decoding=\"async\" class=\"alignright size-full wp-image-7987\" src=\"https:\/\/www.iesuscaritas.org\/wp-content\/uploads\/2025\/10\/tino-ferrari.jpg\" alt=\"\" width=\"173\" height=\"216\" \/><\/a>Roberto (Tino) FERRARI<br \/>\nArgentina<\/p>\n<p>PDF: <a href=\"https:\/\/www.iesuscaritas.org\/wp-content\/uploads\/2025\/10\/Nova-Equipe-Internacional.-Tino-FERRARI-pt.pdf\">Nova Equipe Internacional. Tino FERRARI pt<\/a><\/p>","protected":false},"excerpt":{"rendered":"<p>Em maio passado, realizamos a 12\u00aa Assembleia da Fraternidade Sacerdotal Iesus Caritas em Victoria, Buenos Aires, Argentina. Participaram 36 delegados, incluindo representantes nacionais e continentais, al\u00e9m da Equipe Internacional cessante. <a class=\"more-link\" href=\"https:\/\/www.iesuscaritas.org\/pt\/equipo-internacional-tino-ferrari\/\">Continue Reading &rarr;<\/a><\/p>\n","protected":false},"author":1,"featured_media":0,"parent":0,"menu_order":4,"comment_status":"closed","ping_status":"closed","template":"","meta":{"footnotes":""},"class_list":["post-7978","page","type-page","status-publish","hentry"],"_links":{"self":[{"href":"https:\/\/www.iesuscaritas.org\/pt\/wp-json\/wp\/v2\/pages\/7978","targetHints":{"allow":["GET"]}}],"collection":[{"href":"https:\/\/www.iesuscaritas.org\/pt\/wp-json\/wp\/v2\/pages"}],"about":[{"href":"https:\/\/www.iesuscaritas.org\/pt\/wp-json\/wp\/v2\/types\/page"}],"author":[{"embeddable":true,"href":"https:\/\/www.iesuscaritas.org\/pt\/wp-json\/wp\/v2\/users\/1"}],"replies":[{"embeddable":true,"href":"https:\/\/www.iesuscaritas.org\/pt\/wp-json\/wp\/v2\/comments?post=7978"}],"version-history":[{"count":11,"href":"https:\/\/www.iesuscaritas.org\/pt\/wp-json\/wp\/v2\/pages\/7978\/revisions"}],"predecessor-version":[{"id":7999,"href":"https:\/\/www.iesuscaritas.org\/pt\/wp-json\/wp\/v2\/pages\/7978\/revisions\/7999"}],"wp:attachment":[{"href":"https:\/\/www.iesuscaritas.org\/pt\/wp-json\/wp\/v2\/media?parent=7978"}],"curies":[{"name":"wp","href":"https:\/\/api.w.org\/{rel}","templated":true}]}}