{"id":7959,"date":"2025-10-04T13:08:50","date_gmt":"2025-10-04T11:08:50","guid":{"rendered":"https:\/\/www.iesuscaritas.org\/?page_id=7959"},"modified":"2025-10-06T19:03:31","modified_gmt":"2025-10-06T17:03:31","slug":"carlos-roberto-hermano-responsable","status":"publish","type":"page","link":"https:\/\/www.iesuscaritas.org\/pt\/carlos-roberto-hermano-responsable\/","title":{"rendered":"Carlos Roberto, irm\u00e2o respons\u00e1vel"},"content":{"rendered":"<p>Queridos irm\u00e3os da Fraternidade.<br \/>\nAgrade\u00e7o a Deus pela excelente experi\u00eancia de fraternidade que vivemos na XII Assembleia em Buenos Aires. De modo especial nosso agradecimento se direciona a Eric e sua equipe pela organiza\u00e7\u00e3o e coordena\u00e7\u00e3o de todo o encontro, mas sem esquecer da equipe de acolhida e log\u00edstica em Argentina, coordenada por Tino. Deus os aben\u00e7oe.<\/p>\n<p>Com certeza, Irm\u00e3o Carlos Continua nos inspirando a \u201cgritar o Evangelho\u201d em nosso minist\u00e9rio, vivendo nossa miss\u00e3o \u201cpor causa de Jesus e do Evangelho\u201d, pois ainda est\u00e1 ecoando em nossasmentes e nossos cora\u00e7\u00f5es tudo o partilhamos nos relat\u00f3rios nacionais e continentais apresentados durante a assembleia, e em nossas conversas nos grupos, \u00e0 mesa ou nos passeios que fizemos.<\/p>\n<p>Eu aguardei o primeiro encontro online da Equipe internacional para lhes escrever essa carta. Eu queria ouvir e partilhar com os irm\u00e3os dessa \u201cfraternidade de coordena\u00e7\u00e3o\u201d que se inicia, as \u201cmem\u00f3rias, os sentimentos de alegria, de esperan\u00e7a e os desafios\u201d que permaneceram depois da Assembleia, para trabalharmos sobre eles nos pr\u00f3ximos 6 anos.<\/p>\n<p>De todas as preocupa\u00e7\u00f5es, duas nos chamam bastante aten\u00e7\u00e3o. Primeira: as nossas<br \/>\nfraternidades est\u00e3o envelhecendo e, segunda: padres novos n\u00e3o est\u00e3o entrando em nossas fraternidades. Porque n\u00e3o estamos atingindo o cora\u00e7\u00e3o e a vontade dos jovens? Isso tem a ver com nosso testemunho de vida, ou s\u00e3o sinais dos tempos? Uma coisa \u00e9 clara: temos um problema na continuidade da Fraternidade Sacerdotal Jesus Caritas, e \u00e9 necess\u00e1rio rezar e refletir sobre como o enfrentaremos.<\/p>\n<p>\u00c9 verdade que estamos atravessando uma mudan\u00e7a de \u00e9poca com transforma\u00e7\u00f5es radicais em todas as \u00e1reas da vida, de maneira especial nos valores que norteiam a vida humana.<\/p>\n<p>Problemas antigos da humanidade se misturam com problemas fict\u00edcios das fake News. A<br \/>\ncomunica\u00e7\u00e3o desta \u00e9poca digital, com seus algoritmos, altera a percep\u00e7\u00e3o e o modo das pessoas compreenderem a realidade existencial, de relacionarem-se com Deus, e de viverem rela\u00e7\u00f5es fraternas uns com os outros. Acrescenta-se ainda as incertezas e o medo de uma poss\u00edvel terceira guerra mundial, onde o que est\u00e1 em jogo n\u00e3o \u00e9 somente conflitos geopol\u00edticos, mas tamb\u00e9m \u00e9tnicos e religiosos. Consequentemente, afeta nosso viver e existir, ou seja, \u201cnosso testemunho\u201d, pois este mundo nos envolve por todos os lados e parece contrariar o nosso querer-agir e nosso querer-viver a espiritualidade.<\/p>\n<p>No entanto, \u00e9 nesta \u00e9poca que somos vocacionados a viver a espiritualidade de Nazar\u00e9, do \u00faltimo lugar. Enquanto o mundo digital necessita holofotes, microfones, brilhos e likes para aparecer em alto e bom som, e mostrar-se o tempo todo para ser \u201cvisto e ouvido\u201d pelos outros, a espiritualidade de Nazar\u00e9, vivida na Fraternidade Sacerdotal Jesus Caritas, seguindo os passos de irm\u00e3o Carlos, vai noutra dire\u00e7\u00e3o: sil\u00eancio, escondimento e simplicidade, desprendimento e viv\u00eancia com meios pobres, rebaixamento para ser servi\u00e7o aos \u00faltimos, intimidade com Jesus de Nazar\u00e9 para testemunhar a bondade e fraternidade universal.<\/p>\n<p>Queremos, como Irm\u00e3o Carlos, fazer valer o dom de Cristo, que nos faz irm\u00e3os de todos, e rezar e agir por este mundo ferido pela guerra e pela viol\u00eancia. Mas permanece uma quest\u00e3o: a nossa espiritualidade est\u00e1 em contradi\u00e7\u00e3o com o mundo atual? Penso que n\u00e3o. \u00c9 poss\u00edvel tocar o cora\u00e7\u00e3o e a mente das pessoas a partir da internet? Penso que sim, mas temos que conhecer mais para melhor evangelizar neste mundo. \u00c9 Poss\u00edvel tocar seus cora\u00e7\u00f5es para se encontrem com Jesus, pobre servidor, e fazerem experi\u00eancia de \u201cficar com Ele\u201d e serem seus seguidores? Penso que sim. O que n\u00e3o podemos \u00e9 ficar sem fazer nada, achando que temos muito trabalho, cuidando da par\u00f3quia, do semin\u00e1rio, das pastorais, etc. Irm\u00e3os, creio que podemos fazer diferen\u00e7a l\u00e1 onde estamos, se vivermos a proximidade, a bondade e o amor. Olhemos para o irm\u00e3o Carlos. O que vemos? Um homem que viveu a realidade de seu tempo, obstinado em imitar seu Bem-amado Jesus Cristo; obstinado em testemunhar aquilo que Jesus faria se estivesse no seu lugar. Prestemos aten\u00e7\u00e3o na realidade que nos cerca, tanto as situa\u00e7\u00f5es dif\u00edceis e dolorosas, quanto as alegrias e esperan\u00e7as que nos animam, sejam no mundo ou em nossas fraternidades.<\/p>\n<p>Mas em primeiro lugar devemos ter os olhos fixos em Jesus, como irm\u00e3o Carlos fez. Ele aponta para Jesus, procurando n\u2019Ele a inspira\u00e7\u00e3o para testemunhar a vida de Nazar\u00e9; irm\u00e3o Carlos viveu \u201cNazar\u00e9\u201d em todos os lugares e situa\u00e7\u00f5es onde esteve. Escutemos o Bem-amado Jesus de Nazar\u00e9, que Irm\u00e3o Carlos tanto escutava e prestava aten\u00e7\u00e3o em cada palavra, cada a\u00e7\u00e3o, e como se encontrava com as pessoas, e procurava imit\u00e1-lo. Em cada Eucaristia, celebremos com nosso Bem-amado Jesus, a sua doa\u00e7\u00e3o de vida; e doemos tamb\u00e9m a nossa vida, fazendo-nos obla\u00e7\u00e3o com Jesus, como fez Irm\u00e3o Carlos, para colaborar na salva\u00e7\u00e3o das pessoas.<\/p>\n<p>Irm\u00e3os, nosso Bem-amado Jesus de Nazar\u00e9 \u00e9 o \u201c\u00fanico modelo\u201d onde podemos encontrar asrespostas que tanto necessitamos para o mundo de hoje.<\/p>\n<p>Em nome de Jesus, um grande abra\u00e7o com todo o meu afeto<\/p>\n<p><a href=\"https:\/\/www.iesuscaritas.org\/wp-content\/uploads\/2025\/10\/Carlos-Roberto-dos-Santos.jpg\"><img loading=\"lazy\" decoding=\"async\" class=\"alignright size-medium wp-image-7969\" src=\"https:\/\/www.iesuscaritas.org\/wp-content\/uploads\/2025\/10\/Carlos-Roberto-dos-Santos-204x300.jpg\" alt=\"\" width=\"204\" height=\"300\" srcset=\"https:\/\/www.iesuscaritas.org\/wp-content\/uploads\/2025\/10\/Carlos-Roberto-dos-Santos-204x300.jpg 204w, https:\/\/www.iesuscaritas.org\/wp-content\/uploads\/2025\/10\/Carlos-Roberto-dos-Santos.jpg 358w\" sizes=\"auto, (max-width: 204px) 100vw, 204px\" \/><\/a>Pe. Carlos Roberto dos SANTOS,<br \/>\nRespons\u00e1vel Internacional<\/p>\n<p>PDF: <a href=\"https:\/\/www.iesuscaritas.org\/wp-content\/uploads\/2025\/10\/Carlos-Roberto-irmao-responsavel-pt.pdf\">Carlos Roberto, irm\u00e2o respons\u00e1vel pt<\/a><\/p>","protected":false},"excerpt":{"rendered":"<p>Queridos irm\u00e3os da Fraternidade. Agrade\u00e7o a Deus pela excelente experi\u00eancia de fraternidade que vivemos na XII Assembleia em Buenos Aires. De modo especial nosso agradecimento se direciona a Eric e <a class=\"more-link\" href=\"https:\/\/www.iesuscaritas.org\/pt\/carlos-roberto-hermano-responsable\/\">Continue Reading &rarr;<\/a><\/p>\n","protected":false},"author":1,"featured_media":0,"parent":0,"menu_order":3,"comment_status":"closed","ping_status":"closed","template":"","meta":{"footnotes":""},"class_list":["post-7959","page","type-page","status-publish","hentry"],"_links":{"self":[{"href":"https:\/\/www.iesuscaritas.org\/pt\/wp-json\/wp\/v2\/pages\/7959","targetHints":{"allow":["GET"]}}],"collection":[{"href":"https:\/\/www.iesuscaritas.org\/pt\/wp-json\/wp\/v2\/pages"}],"about":[{"href":"https:\/\/www.iesuscaritas.org\/pt\/wp-json\/wp\/v2\/types\/page"}],"author":[{"embeddable":true,"href":"https:\/\/www.iesuscaritas.org\/pt\/wp-json\/wp\/v2\/users\/1"}],"replies":[{"embeddable":true,"href":"https:\/\/www.iesuscaritas.org\/pt\/wp-json\/wp\/v2\/comments?post=7959"}],"version-history":[{"count":9,"href":"https:\/\/www.iesuscaritas.org\/pt\/wp-json\/wp\/v2\/pages\/7959\/revisions"}],"predecessor-version":[{"id":7977,"href":"https:\/\/www.iesuscaritas.org\/pt\/wp-json\/wp\/v2\/pages\/7959\/revisions\/7977"}],"wp:attachment":[{"href":"https:\/\/www.iesuscaritas.org\/pt\/wp-json\/wp\/v2\/media?parent=7959"}],"curies":[{"name":"wp","href":"https:\/\/api.w.org\/{rel}","templated":true}]}}