{"id":1,"date":"2013-12-07T10:40:00","date_gmt":"2013-12-07T10:40:00","guid":{"rendered":"http:\/\/www.iesuscaritas.org\/?p=1"},"modified":"2025-10-04T13:10:00","modified_gmt":"2025-10-04T11:10:00","slug":"bienvenidos","status":"publish","type":"page","link":"https:\/\/www.iesuscaritas.org\/pt\/bienvenidos\/","title":{"rendered":"Ben-vindo"},"content":{"rendered":"<p><\/p>\n<h1 style=\"text-align: center;\">Bemvidos ao nosso site<\/h1>\n<p>Obrigado por nos visitares.<\/p>\n<p><a href=\"http:\/\/www.iesuscaritas.org\/wp-content\/uploads\/2013\/12\/C320_dernierefoto6.jpg\"><img loading=\"lazy\" decoding=\"async\" class=\"alignright\" src=\"http:\/\/www.iesuscaritas.org\/wp-content\/uploads\/2013\/12\/C320_dernierefoto6-300x240.jpg\" alt=\"C320_dernierefoto6\" width=\"300\" height=\"240\" \/><\/a>A Fraternidade Sacerdotal Iesus Caritas, no estilo de familia das fraternidades de Carlos de FOUCAULD, apresenta-te a nossa realidade, projetos, sonhos e atividades, nossos caminos na linha do Evangelho, em tanto que presb\u00edteros diocesanos.<\/p>\n<p>Desejamos que esta comunica\u00e7\u00e3o te aproxime mais de n\u00f3s. Poder\u00e1s consultar em seis l\u00ednguas quem somos, quais os nossos desaf\u00edos e aquilo a que somos chamados.<\/p>\n<p>A biografia do Irm\u00e3o Carlos, o Irm\u00e3o Universal, mostrar-te-\u00e1 a experiencia do crist\u00e3o que est\u00e1 em procura e que deseja ir cada vez mais para baixo, ao encontro dos mais abandonados, onde Deus p\u00f5e a sua casa, mesmo se n\u00e3o \u00e9 reconhecido nem desejado.<\/p>\n<p>Nossa vida em fratern idade, quer seja nas dioceses, pa\u00edses ou regi\u00f5es, quer como fraternidade internacional, est\u00e1 aberta a todos os presb\u00edteros diocesanos, como estava aberta a casa de Nazar\u00e9, como debe estar aberta a Igreja da qual fazemos parte.<\/p>\n<p>S\u00ea bemvindo tu tamb\u00e9m.<\/p>","protected":false},"excerpt":{"rendered":"<p>Bemvidos ao nosso site Obrigado por nos visitares. A Fraternidade Sacerdotal Iesus Caritas, no estilo de familia das fraternidades de Carlos de FOUCAULD, apresenta-te a nossa realidade, projetos, sonhos e <a class=\"more-link\" href=\"https:\/\/www.iesuscaritas.org\/pt\/bienvenidos\/\">Continue Reading &rarr;<\/a><\/p>\n","protected":false},"author":2,"featured_media":50,"parent":0,"menu_order":1,"comment_status":"open","ping_status":"open","template":"","meta":{"footnotes":""},"class_list":["post-1","page","type-page","status-publish","has-post-thumbnail","hentry"],"_links":{"self":[{"href":"https:\/\/www.iesuscaritas.org\/pt\/wp-json\/wp\/v2\/pages\/1","targetHints":{"allow":["GET"]}}],"collection":[{"href":"https:\/\/www.iesuscaritas.org\/pt\/wp-json\/wp\/v2\/pages"}],"about":[{"href":"https:\/\/www.iesuscaritas.org\/pt\/wp-json\/wp\/v2\/types\/page"}],"author":[{"embeddable":true,"href":"https:\/\/www.iesuscaritas.org\/pt\/wp-json\/wp\/v2\/users\/2"}],"replies":[{"embeddable":true,"href":"https:\/\/www.iesuscaritas.org\/pt\/wp-json\/wp\/v2\/comments?post=1"}],"version-history":[{"count":25,"href":"https:\/\/www.iesuscaritas.org\/pt\/wp-json\/wp\/v2\/pages\/1\/revisions"}],"predecessor-version":[{"id":7954,"href":"https:\/\/www.iesuscaritas.org\/pt\/wp-json\/wp\/v2\/pages\/1\/revisions\/7954"}],"wp:featuredmedia":[{"embeddable":true,"href":"https:\/\/www.iesuscaritas.org\/pt\/wp-json\/wp\/v2\/media\/50"}],"wp:attachment":[{"href":"https:\/\/www.iesuscaritas.org\/pt\/wp-json\/wp\/v2\/media?parent=1"}],"curies":[{"name":"wp","href":"https:\/\/api.w.org\/{rel}","templated":true}]}}