{"id":8424,"date":"2026-03-01T16:22:12","date_gmt":"2026-03-01T15:22:12","guid":{"rendered":"https:\/\/www.iesuscaritas.org\/?p=8424"},"modified":"2026-03-01T16:32:16","modified_gmt":"2026-03-01T15:32:16","slug":"desierto-franz-jalics","status":"publish","type":"page","link":"https:\/\/www.iesuscaritas.org\/pl\/desierto-franz-jalics\/","title":{"rendered":"Pustynia.  Franz JALICS"},"content":{"rendered":"<p>\u201eW drodze twego serca do Boga pustynia b\u0119dzie nieodzowna. Wejd\u017a na ni\u0105 boso, otwarty na odkrywanie woli Bo\u017cej dla ciebie, w tajemnicy Kr\u00f3lestwa\u2026\u201d<\/p>\n<p><a href=\"https:\/\/www.iesuscaritas.org\/wp-content\/uploads\/2026\/03\/desierto-01.jpg\"><img loading=\"lazy\" decoding=\"async\" class=\"alignright size-medium wp-image-8430\" src=\"https:\/\/www.iesuscaritas.org\/wp-content\/uploads\/2026\/03\/desierto-01-300x118.jpg\" alt=\"\" width=\"300\" height=\"118\" srcset=\"https:\/\/www.iesuscaritas.org\/wp-content\/uploads\/2026\/03\/desierto-01-300x118.jpg 300w, https:\/\/www.iesuscaritas.org\/wp-content\/uploads\/2026\/03\/desierto-01-768x302.jpg 768w, https:\/\/www.iesuscaritas.org\/wp-content\/uploads\/2026\/03\/desierto-01.jpg 1024w\" sizes=\"auto, (max-width: 300px) 100vw, 300px\" \/><\/a>ROZWA\u017bANIE NA PUSTYNI<br \/>\nPod\u0105\u017caj\u0105c za Mistrzem \u015bcie\u017ckami Galilei\u2026<\/p>\n<p>Pustynia to nie tylko miejsce, do kt\u00f3rego si\u0119 idzie.<\/p>\n<p>To wewn\u0119trzna przestrze\u0144, w kt\u00f3rej uczymy si\u0119 s\u0142ucha\u0107.<\/p>\n<p>W ciszy nasze pewniki zaczynaj\u0105 si\u0119 kruszy\u0107.<\/p>\n<p>W ciszy ujawniaj\u0105 si\u0119 nasze opory.<\/p>\n<p>W ciszy objawia si\u0119 r\u00f3wnie\u017c \u0142agodny g\u0142os Ojca. Jezus nie poszed\u0142 na pustyni\u0119, aby co\u015b robi\u0107.<br \/>\nPoszed\u0142, aby by\u0107 obecnym.<br \/>\nPoszed\u0142, aby s\u0142ucha\u0107.<\/p>\n<p>Poszed\u0142, aby pozwoli\u0107 Duchowi \u015awi\u0119temu uporz\u0105dkowa\u0107 Jego serce, zanim rozpocznie swoj\u0105 misj\u0119.<\/p>\n<p>Rozwa\u017canie to nie eskapizm.<\/p>\n<p>To dost\u0119pno\u015b\u0107.<\/p>\n<p>To nauka pozostawania.<\/p>\n<p>Nieuciekania.<\/p>\n<p>Niewype\u0142niania pustki zb\u0119dnymi s\u0142owami.<\/p>\n<p>Wejd\u017amy.<\/p>\n<p><a href=\"https:\/\/www.iesuscaritas.org\/wp-content\/uploads\/2026\/03\/desierto-02.jpg\"><img loading=\"lazy\" decoding=\"async\" class=\"alignright size-medium wp-image-8431\" src=\"https:\/\/www.iesuscaritas.org\/wp-content\/uploads\/2026\/03\/desierto-02-300x107.jpg\" alt=\"\" width=\"300\" height=\"107\" srcset=\"https:\/\/www.iesuscaritas.org\/wp-content\/uploads\/2026\/03\/desierto-02-300x107.jpg 300w, https:\/\/www.iesuscaritas.org\/wp-content\/uploads\/2026\/03\/desierto-02.jpg 612w\" sizes=\"auto, (max-width: 300px) 100vw, 300px\" \/><\/a>S\u0141UCHANIE NA PUSTYNI<\/p>\n<p>Wkraczaj powoli.<\/p>\n<p>Pustyni si\u0119 nie zdobywa,<br \/>\nje si\u0119 j\u0105 przyjmuje.<\/p>\n<p>Nie przyno\u015b przem\u00f3wie\u0144,<br \/>\nnie przyno\u015b pewnik\u00f3w,<br \/>\nnie przyno\u015b ha\u0142asu.<\/p>\n<p>Tu wiatr rozbraja s\u0142owa,<br \/>\na piasek zakrywa maski.<\/p>\n<p>S\u0142ucha\u0107<br \/>\nto znaczy zosta\u0107,<br \/>\nkiedy wszystko wzywa ci\u0119 do ucieczki.<\/p>\n<p><a href=\"https:\/\/www.iesuscaritas.org\/wp-content\/uploads\/2026\/03\/desierto-03.jpg\"><img loading=\"lazy\" decoding=\"async\" class=\"alignright size-medium wp-image-8432\" src=\"https:\/\/www.iesuscaritas.org\/wp-content\/uploads\/2026\/03\/desierto-03-300x240.jpg\" alt=\"\" width=\"300\" height=\"240\" srcset=\"https:\/\/www.iesuscaritas.org\/wp-content\/uploads\/2026\/03\/desierto-03-300x240.jpg 300w, https:\/\/www.iesuscaritas.org\/wp-content\/uploads\/2026\/03\/desierto-03-1024x819.jpg 1024w, https:\/\/www.iesuscaritas.org\/wp-content\/uploads\/2026\/03\/desierto-03-768x614.jpg 768w, https:\/\/www.iesuscaritas.org\/wp-content\/uploads\/2026\/03\/desierto-03.jpg 1225w\" sizes=\"auto, (max-width: 300px) 100vw, 300px\" \/><\/a>S\u0142ucha\u0107<br \/>\nto znaczy zaakceptowa\u0107 w\u0142asne ub\u00f3stwo,<br \/>\nbez maskowania go duchowo\u015bci\u0105.<\/p>\n<p>Na pustyni<br \/>\ng\u0142os Boga<br \/>\nnie krzyczy,<br \/>\nlecz szepcze.<\/p>\n<p>M\u00f3w tam, gdzie boli.<br \/>\nM\u00f3w tam, gdzie si\u0119 boisz.<br \/>\nM\u00f3w tam, gdzie jeszcze nie jeste\u015b got\u00f3w si\u0119 podda\u0107.<\/p>\n<hr \/>\n<p>\ud83d\udcc3 PDF: <a href=\"https:\/\/www.iesuscaritas.org\/wp-content\/uploads\/2026\/03\/Pustynia.-Franz-JALICS-pl.pdf\">Pustynia. Franz JALICS pl<\/a><\/p>","protected":false},"excerpt":{"rendered":"<p>\u201eW drodze twego serca do Boga pustynia b\u0119dzie nieodzowna. Wejd\u017a na ni\u0105 boso, otwarty na odkrywanie woli Bo\u017cej dla ciebie, w tajemnicy Kr\u00f3lestwa\u2026\u201d ROZWA\u017bANIE NA PUSTYNI Pod\u0105\u017caj\u0105c za Mistrzem \u015bcie\u017ckami <a class=\"more-link\" href=\"https:\/\/www.iesuscaritas.org\/pl\/desierto-franz-jalics\/\">Continue Reading &rarr;<\/a><\/p>\n","protected":false},"author":1,"featured_media":0,"parent":0,"menu_order":11,"comment_status":"open","ping_status":"closed","template":"","meta":{"footnotes":""},"class_list":["post-8424","page","type-page","status-publish","hentry"],"_links":{"self":[{"href":"https:\/\/www.iesuscaritas.org\/pl\/wp-json\/wp\/v2\/pages\/8424","targetHints":{"allow":["GET"]}}],"collection":[{"href":"https:\/\/www.iesuscaritas.org\/pl\/wp-json\/wp\/v2\/pages"}],"about":[{"href":"https:\/\/www.iesuscaritas.org\/pl\/wp-json\/wp\/v2\/types\/page"}],"author":[{"embeddable":true,"href":"https:\/\/www.iesuscaritas.org\/pl\/wp-json\/wp\/v2\/users\/1"}],"replies":[{"embeddable":true,"href":"https:\/\/www.iesuscaritas.org\/pl\/wp-json\/wp\/v2\/comments?post=8424"}],"version-history":[{"count":9,"href":"https:\/\/www.iesuscaritas.org\/pl\/wp-json\/wp\/v2\/pages\/8424\/revisions"}],"predecessor-version":[{"id":8444,"href":"https:\/\/www.iesuscaritas.org\/pl\/wp-json\/wp\/v2\/pages\/8424\/revisions\/8444"}],"wp:attachment":[{"href":"https:\/\/www.iesuscaritas.org\/pl\/wp-json\/wp\/v2\/media?parent=8424"}],"curies":[{"name":"wp","href":"https:\/\/api.w.org\/{rel}","templated":true}]}}