{"id":8122,"date":"2025-10-19T17:53:07","date_gmt":"2025-10-19T15:53:07","guid":{"rendered":"https:\/\/www.iesuscaritas.org\/?page_id=8122"},"modified":"2025-10-19T20:54:56","modified_gmt":"2025-10-19T18:54:56","slug":"fraternidad-sacerdotal-iesus-caritas-aurelio-sanz-baeza","status":"publish","type":"page","link":"https:\/\/www.iesuscaritas.org\/pl\/fraternidad-sacerdotal-iesus-caritas-aurelio-sanz-baeza\/","title":{"rendered":"Bractwa kaplanskie Iesus Caritas"},"content":{"rendered":"<p><\/p>\n<h3>Odkrycie: Brat Karol<\/h3>\n<p><a href=\"https:\/\/www.iesuscaritas.org\/wp-content\/uploads\/2025\/02\/fraternidad-01.jpg\"><img loading=\"lazy\" decoding=\"async\" class=\"alignright wp-image-7608\" src=\"https:\/\/www.iesuscaritas.org\/wp-content\/uploads\/2025\/02\/fraternidad-01-276x300.jpg\" alt=\"\" width=\"170\" height=\"184\" srcset=\"https:\/\/www.iesuscaritas.org\/wp-content\/uploads\/2025\/02\/fraternidad-01-276x300.jpg 276w, https:\/\/www.iesuscaritas.org\/wp-content\/uploads\/2025\/02\/fraternidad-01-942x1024.jpg 942w, https:\/\/www.iesuscaritas.org\/wp-content\/uploads\/2025\/02\/fraternidad-01-768x835.jpg 768w, https:\/\/www.iesuscaritas.org\/wp-content\/uploads\/2025\/02\/fraternidad-01.jpg 1177w\" sizes=\"auto, (max-width: 170px) 100vw, 170px\" \/><\/a>Pewnego dnia przeczytali\u015bmy co\u015b o Karol de FOUCAULD. Jego spos\u00f3b \u017cycia wed\u0142ug ewangelii w jaki\u015b spos\u00f3b przyku\u0142 nasz\u0105 uwag\u0119. Odkryli\u015bmy, jak zaskakuj\u0105ce by\u0142o jego \u015bwiadectwo \u017cyciowe. Dzi\u0119ki ksi\u0105\u017ckom Ren\u00e9 VOILLAUME, Carla CARRETO, Jeana-Fran\u00e7ois IX czy Arturo PAOLI otworzy\u0142a si\u0119 przed nami \u015bcie\u017cka duchowo\u015bci i dzia\u0142ania. Mog\u0142y to by\u0107 s\u0142owa lub zaproszenie kolegi do udzia\u0142u w rekolekcjach modlitewnych, spotkanie innych ksi\u0119\u017cy lub artyku\u0142 w gazecie opowiadaj\u0105cy o cz\u0142owieku zakochanym w Jezusie, kt\u00f3ry zmieni\u0142 swoje \u017cycie z bogatego w biedne. . ; cz\u0142owiek z poczuciem powszechnego braterstwa i pe\u0142en Boga, albo mali bracia i siostry, albo ksi\u0119\u017ca, kt\u00f3rzy pod\u0105\u017cali za stylem bycia chrze\u015bcijanami od prostych ludzi, pracuj\u0105c, b\u0119d\u0105c przede wszystkim z ubogimi, m\u0119\u017cczy\u017ani i kobiety wcieleni w rzeczywisto\u015b\u0107 od ich otoczenie. By\u0107 mo\u017ce, gdy byli\u015bmy studentami, uderzy\u0142 nas fakt, \u017ce po\u015br\u00f3d tak wielu zagadnie\u0144 teologicznych istnia\u0142a bezpo\u015brednia droga poznania Jezusa, od cz\u0142owieka, kt\u00f3ry, cho\u0107 nie \u017cy\u0142 w naszych czasach, wyprzedza\u0142 Sob\u00f3r Watyka\u0144ski II i mia\u0142 pewne intuicje, kt\u00f3re p\u00f3\u017aniej sta\u0142o si\u0119 rzeczywisto\u015bci\u0105 w jego \u017cyciu i w \u017cyciu wielu chrze\u015bcijan, kt\u00f3rzy postrzegaj\u0105 ten \u015bwiat jako cudowne dzie\u0142o Boga, gdzie ludzie powinni \u017cy\u0107 w powszechnym braterstwie. Jeste\u015bmy ksi\u0119\u017cmi diecezjalnymi i powo\u0142ani jeste\u015bmy do bycia Ko\u015bcio\u0142em, bez cech sekciarskich lub specjalnie wybranych do czego\u015b chwalebnego: powo\u0142ani jeste\u015bmy tak\u017ce do tego, by by\u0107 bra\u0107mi powszechnego Ko\u015bcio\u0142a.<\/p>\n<h3>Duchowo\u015b\u0107 Nazaretu<\/h3>\n<p><a href=\"https:\/\/www.iesuscaritas.org\/wp-content\/uploads\/2025\/02\/fraternidad-02.jpg\"><img loading=\"lazy\" decoding=\"async\" class=\" wp-image-7609 alignleft\" src=\"https:\/\/www.iesuscaritas.org\/wp-content\/uploads\/2025\/02\/fraternidad-02-216x300.jpg\" alt=\"\" width=\"134\" height=\"183\" \/><\/a>Brat Karol by\u0107 mo\u017ce otworzy\u0142 dla nas inn\u0105 drog\u0119 wiary; Nie jedyna, ale ta, do kt\u00f3rej B\u00f3g wzywa ka\u017cdego z nas, takiego, jakim jeste\u015bmy, bez frustracji, \u017ce nie jeste\u015bmy inni, lepsi czy doskonalsi. Nie stawia nas to ponad innymi formami duchowo\u015bci, ale raczej przybli\u017ca nas do Jezusa tam, gdzie On jest, we wsp\u00f3\u0142istnieniu z tymi, kt\u00f3rzy s\u0105 blisko nas, tam, gdzie mieszkamy, z kt\u00f3rymi spotykamy si\u0119 ka\u017cdego dnia. Nazaret oznacza bycie z lud\u017ami, a nie \u017cycie w odosobnieniu od kogokolwiek. Nazareth pracuje jak wszyscy inni, albo choruje jak inna chora osoba, albo jest na emeryturze jak wielu emeryt\u00f3w. U\u015bmiechaj si\u0119 z tymi, kt\u00f3rzy si\u0119 \u015bmiej\u0105 i p\u0142acz z tymi, kt\u00f3rzy p\u0142acz\u0105. Bez empatii nie mo\u017cemy zrozumie\u0107, czym jest Nazaret i co nios\u0105 nam proste wydarzenia i drobne rzeczy ka\u017cdego dnia. Czasem trudno jest ksi\u0119\u017com \u017cy\u0107 w takim stylu lub prowadzi\u0107 dzia\u0142alno\u015b\u0107 duszpastersk\u0105 bez my\u015blenia o sukcesie; Klerykalizm jest bardzo daleki od Nazaretu, tak jak Nazaret jest daleko od \u015bwi\u0105tyni jerozolimskiej&#8230; Dlatego nie musimy czu\u0107 si\u0119 nieudacznikami, je\u015bli na spotkania parafialne przychodzi ma\u0142o os\u00f3b lub je\u015bli \u015bwi\u0105tynia sk\u0142ada si\u0119 g\u0142\u00f3wnie ze starszych ludzi lub wierz\u0105cych jest bardzo ma\u0142o. Mieszka\u0107 w Nazarecie oznacza przynosi\u0107 Jezusa jako bli\u017aniego do dzielnicy, miasteczka, ulicy, gdzie ludzie si\u0119 gromadz\u0105, w szpitalach, wi\u0119zieniach, schroniskach, aby dzieli\u0107 nadzieje uchod\u017ac\u00f3w i os\u00f3b przesiedlonych. Mo\u017ce by\u0107 trudno zrozumie\u0107, czy chcemy zachowa\u0107 nasze osobiste bezpiecze\u0144stwo, czy te\u017c ewentualne przywileje spo\u0142eczne.<\/p>\n<p>Miesi\u0105c Nazaretu pomaga nam, przynajmniej raz w \u017cyciu, \u017cy\u0107 w braterstwie tym duchem brat Karol, pog\u0142\u0119biaj\u0105c jego \u017cycie i dziedzictwo, dziel\u0105c si\u0119 swoim \u017cyciem i rzeczywisto\u015bci\u0105 poprzez wsp\u00f3ln\u0105 modlitw\u0119, prac\u0119 nad czym\u015b r\u0119cznym \u2013 bez udawania, \u017ce \u200b\u200bjeste\u015bmy pracownicy jednego dnia &#8211; przegl\u0105daj\u0105cy swoje \u017cycie, rado\u015bci i pora\u017cki, daj\u0105cy pustyni jej czas, jako poszukiwanie i spotkanie z cisz\u0105 Boga, wykonuj\u0105cy wsp\u00f3lnie zadania ka\u017cdego domu, nawet je\u015bli w tym przypadku jest to dom dla singli. W Miesi\u0105cu Nazaretu podejmujemy zobowi\u0105zanie do braterstwa, kt\u00f3re oznacza zobowi\u0105zanie do \u017cycia Ewangeli\u0105 i na\u015bladowania Jezusa, gdziekolwiek nas po\u015ble.<\/p>\n<h3>Dostawa do najbiedniejszych<\/h3>\n<p><a href=\"https:\/\/www.iesuscaritas.org\/wp-content\/uploads\/2025\/02\/fraternidad-03.jpg\"><img loading=\"lazy\" decoding=\"async\" class=\"alignright wp-image-7610\" src=\"https:\/\/www.iesuscaritas.org\/wp-content\/uploads\/2025\/02\/fraternidad-03-300x268.jpg\" alt=\"\" width=\"207\" height=\"186\" srcset=\"https:\/\/www.iesuscaritas.org\/wp-content\/uploads\/2025\/02\/fraternidad-03-300x268.jpg 300w, https:\/\/www.iesuscaritas.org\/wp-content\/uploads\/2025\/02\/fraternidad-03-1024x914.jpg 1024w, https:\/\/www.iesuscaritas.org\/wp-content\/uploads\/2025\/02\/fraternidad-03-768x686.jpg 768w, https:\/\/www.iesuscaritas.org\/wp-content\/uploads\/2025\/02\/fraternidad-03.jpg 1280w\" sizes=\"auto, (max-width: 207px) 100vw, 207px\" \/><\/a>\u0141ami\u0105c schematy tradycji rodzinnej i spo\u0142ecznej, Karol de FOUCAULD po swoich poszukiwaniach Boga wybra\u0142 ub\u00f3stwo jak Jezus. Kiedy si\u0119 zakochujesz, chcesz us\u0142ysze\u0107 g\u0142os serca drugiej osoby. Brat Carlos uto\u017csami\u0142 si\u0119 ze swoim Ukochanym Jezusem, udaj\u0105c si\u0119 do najbardziej opuszczonych.<\/p>\n<p>Florencio ROSELL\u00d3, arcybiskup Pampeluny w Hiszpanii, m\u00f3wi z okazji \u015awiatowego Dnia Ubogich 2024: \u201e<em>W tym Dniu Ubogich zawsze pojawia si\u0119 w\u0105tpliwo\u015b\u0107: kiedy m\u00f3wimy o ubogich, o kim my\u015blimy? Czasami widz\u0119, \u017ce s\u0105 to ludzie, kt\u00f3rzy polegaj\u0105 na mojej \u201eja\u0142mu\u017cnie\u201d, ludzie, kt\u00f3rzy polegaj\u0105 na moim nastawieniu, ludzie, kt\u00f3rzy s\u0105 ni\u017cej ode mnie, kt\u00f3rzy patrz\u0105 na mnie z g\u00f3ry, a ja patrz\u0119 na nich z g\u00f3ry. Czuj\u0119 si\u0119 lepszy od niego i to mnie denerwuje. Zawsze chcia\u0142em traktowa\u0107 biednych jak r\u00f3wnych sobie, patrze\u0107 im w oczy, bo jestem na tym samym poziomie co oni, a nie od g\u00f3ry do do\u0142u, jakbym by\u0142 dobrym facetem, a on&#8230; my\u015bl, co chcesz<\/em>.&#8221; Nasz papie\u017c Franciszek zawsze na to k\u0142adzie nacisk, a co wa\u017cniejsze, musimy dotyka\u0107 biednych, \u015bciska\u0107 ich r\u0119ce lub obejmowa\u0107, aby nie czu\u0107 obrzydzenia i nie my\u015ble\u0107, \u017ce si\u0119 pobrudzimy.<\/p>\n<p><a href=\"https:\/\/www.iesuscaritas.org\/wp-content\/uploads\/2025\/02\/fraternidad-04.jpg\"><img loading=\"lazy\" decoding=\"async\" class=\" wp-image-7611 alignleft\" src=\"https:\/\/www.iesuscaritas.org\/wp-content\/uploads\/2025\/02\/fraternidad-04-259x300.jpg\" alt=\"\" width=\"153\" height=\"176\" srcset=\"https:\/\/www.iesuscaritas.org\/wp-content\/uploads\/2025\/02\/fraternidad-04-259x300.jpg 259w, https:\/\/www.iesuscaritas.org\/wp-content\/uploads\/2025\/02\/fraternidad-04.jpg 400w\" sizes=\"auto, (max-width: 153px) 100vw, 153px\" \/><\/a>Karol de FOUCAULD poszed\u0142 dalej: musimy by\u0107 z nimi, \u017cy\u0107 z nimi, zgodnie z ich stylem, nie r\u00f3\u017cnicuj\u0105c si\u0119 ze wzgl\u0119du na nasz status religijny, kt\u00f3ry czasami jest klasistowski i klerykalny, nawet je\u015bli nale\u017cymy do klasy \u015bredniej. Biedni nie rozumiej\u0105 dyplom\u00f3w uniwersyteckich: rozumiej\u0105 ludzi podobnych do siebie i podchodz\u0105 do nich bez strachu czy uprzedze\u0144. Wok\u00f3\u0142 nas jest wiele form ub\u00f3stwa, nie tylko materialnego: biedni ludzie, kt\u00f3rzy nie maj\u0105 wolnego serca, biedni ludzie, kt\u00f3rym brakuje przyja\u017ani, biedni ludzie przesi\u0105kni\u0119ci technologi\u0105 i pozbawieni cz\u0142owiecze\u0144stwa\u2026 Cz\u0119sto \u017cyjemy w\u015br\u00f3d nich i to nie jest jedyne nie sprawia, \u017ce \u200b\u200bczujemy si\u0119 inaczej. Nadal mamy przed sob\u0105 d\u0142ug\u0105 drog\u0119 do przebycia. Biedne kraje z zad\u0142u\u017ceniem zewn\u0119trznym \u2013 i wiecznym \u2013 wobec Zachodu, imigranci \u017cyj\u0105cy w z\u0142ych warunkach: wszyscy odrzuceni przez bogactwo. Jak mo\u017cemy zachowa\u0107 sp\u00f3jno\u015b\u0107 w naszym stylu \u017cycia, \u017cyj\u0105c w \u015bwiecie pe\u0142nym niesprawiedliwo\u015bci? Braterstwo pozwala nam r\u00f3wnie\u017c dostrzec n\u0119dz\u0119 naszych w\u0142asnych nieszcz\u0119\u015b\u0107.<\/p>\n<h3>Dzielenie si\u0119 wiar\u0105 i \u017cyciem<\/h3>\n<p><a href=\"https:\/\/www.iesuscaritas.org\/wp-content\/uploads\/2025\/02\/fraternidad-05.jpg\"><img loading=\"lazy\" decoding=\"async\" class=\"alignright wp-image-7612\" src=\"https:\/\/www.iesuscaritas.org\/wp-content\/uploads\/2025\/02\/fraternidad-05-288x300.jpg\" alt=\"\" width=\"164\" height=\"170\" srcset=\"https:\/\/www.iesuscaritas.org\/wp-content\/uploads\/2025\/02\/fraternidad-05-288x300.jpg 288w, https:\/\/www.iesuscaritas.org\/wp-content\/uploads\/2025\/02\/fraternidad-05-983x1024.jpg 983w, https:\/\/www.iesuscaritas.org\/wp-content\/uploads\/2025\/02\/fraternidad-05-768x800.jpg 768w, https:\/\/www.iesuscaritas.org\/wp-content\/uploads\/2025\/02\/fraternidad-05.jpg 1229w\" sizes=\"auto, (max-width: 164px) 100vw, 164px\" \/><\/a>\u017bycie wsp\u00f3lnoty kap\u0142a\u0144skiej Iesus Caritas jest \u017cyciem wierz\u0105cych m\u0119\u017cczyzn, kt\u00f3rzy na\u015bladuj\u0105 Jezusa i pomagaj\u0105 sobie nawzajem w wierno\u015bci Ewangelii. Podczas comiesi\u0119cznych spotka\u0144 \u2013 w lokalnej wsp\u00f3lnocie \u2013 podczas dorocznych lub kwartalnych rekolekcji, podczas zgromadze\u0144 i w \u017cyciu codziennym, gdziekolwiek si\u0119 jest, to spotkanie z Jezusem odnawia si\u0119 w kulcie, czasie ciszy i kontemplacji Eucharystii, niepr\u0119dko. Jezus, kt\u00f3ry patrzy na nas i nas wita. Jezu, kt\u00f3ry nas s\u0142uchasz i dzielisz nasz\u0105 cisz\u0119 i ha\u0142asy. Aby m\u00f3c nawi\u0105za\u0107 przyja\u017a\u0144 z Jezusem, musimy si\u0119 do Niego zbli\u017cy\u0107. Brat Karol i wielcy m\u00f3wcy na przestrzeni dziej\u00f3w daj\u0105 \u015bwiadectwo tej g\u0142\u0119bokiej przyja\u017ani z Bogiem.<\/p>\n<p><a href=\"https:\/\/www.iesuscaritas.org\/wp-content\/uploads\/2025\/02\/fraternidad-06.jpg\"><img loading=\"lazy\" decoding=\"async\" class=\"alignright wp-image-7613\" src=\"https:\/\/www.iesuscaritas.org\/wp-content\/uploads\/2025\/02\/fraternidad-06-300x125.jpg\" alt=\"\" width=\"187\" height=\"82\" \/><\/a>A na pustyni, podczas kolejnego d\u0142u\u017cszego okresu s\u0142uchania, umacnia si\u0119 przyja\u017a\u0144 i mi\u0142o\u015b\u0107 do osoby, za kt\u00f3r\u0105 t\u0119sknimy, bo nie ma jej u naszego boku. Boga nie widzimy, ale czujemy Jego obecno\u015b\u0107, poniewa\u017c On nas szuka.<\/p>\n<p><a href=\"https:\/\/www.iesuscaritas.org\/wp-content\/uploads\/2025\/02\/fraternidad-07.jpg\"><img loading=\"lazy\" decoding=\"async\" class=\" wp-image-7614 alignleft\" src=\"https:\/\/www.iesuscaritas.org\/wp-content\/uploads\/2025\/02\/fraternidad-07-265x300.jpg\" alt=\"\" width=\"174\" height=\"196\" srcset=\"https:\/\/www.iesuscaritas.org\/wp-content\/uploads\/2025\/02\/fraternidad-07-265x300.jpg 265w, https:\/\/www.iesuscaritas.org\/wp-content\/uploads\/2025\/02\/fraternidad-07-904x1024.jpg 904w, https:\/\/www.iesuscaritas.org\/wp-content\/uploads\/2025\/02\/fraternidad-07-768x870.jpg 768w, https:\/\/www.iesuscaritas.org\/wp-content\/uploads\/2025\/02\/fraternidad-07.jpg 1130w\" sizes=\"auto, (max-width: 174px) 100vw, 174px\" \/><\/a>Mo\u017cemy obawia\u0107 si\u0119 samotno\u015bci albo odnalezienia siebie, swojej wra\u017cliwej rzeczywisto\u015bci. W Modlitwie Zawierzenia m\u00f3wimy \u201ez niesko\u0144czon\u0105 ufno\u015bci\u0105\u201d\u2026 Kiedy pojawia si\u0119 ufno\u015b\u0107, l\u0119ki znikaj\u0105. Na pustyni nie potrzeba nam praktycznie niczego: tylko siebie. Nie potrzebujemy \u015bwi\u0105tyni ani kaplicy, ani ksi\u0105\u017cek, ani Biblii, ani przyjemnego i wygodnego krajobrazu: musimy i\u015b\u0107 tam, dok\u0105d prowadzi nas B\u00f3g. Cisza\u2026<\/p>\n<p>\u017bycie braterskie polega na dzieleniu si\u0119 \u017cyciem takim, jakie jest, w ka\u017cdym spotkaniu, szczeg\u00f3lnie w przegl\u0105dzie \u017cycia. Karol de FOUCAULD nie dokona\u0142 przegl\u0105du swojego \u017cycia, poniewa\u017c nie mia\u0142 w swoim gronie braci chrze\u015bcijan, takich jak on. Pog\u0142\u0119biaj\u0105c przyja\u017a\u0144 z lud\u017ami, z kt\u00f3rymi \u017cy\u0142, zach\u0119cony duchowym kierownictwem o. Henryka HUVELINA, z odleg\u0142o\u015bci mi\u0119dzy Francj\u0105 a Algieri\u0105, a wcze\u015bniej, na r\u00f3\u017cnych etapach poszukiwa\u0144, Brat Karol mia\u0142 nieustanny przegl\u0105d \u017cycia, w modlitwie , w swoich listach, co sprawi\u0142o, \u017ce nie czu\u0142 si\u0119 komfortowo i nie trzyma\u0142 si\u0119 z g\u00f3ry ustalonych plan\u00f3w: by\u0142 zawsze otwarty na rzeczywisto\u015b\u0107 \u017cycia i okoliczno\u015bci. W braterstwie prze\u017cywamy przegl\u0105d \u017cycia jako \u015brodek do wewn\u0119trznego wzrostu, s\u0142uchania i bycia s\u0142uchanym. Konieczne jest wzajemne zaufanie, akceptacja innych, z ich sposobem bycia, czasami z r\u00f3\u017cnymi pomys\u0142ami na temat Ko\u015bcio\u0142a i spo\u0142ecze\u0144stwa. . <a href=\"https:\/\/www.iesuscaritas.org\/wp-content\/uploads\/2025\/02\/fraternidad-08.jpg\"><img loading=\"lazy\" decoding=\"async\" class=\"alignright wp-image-7615\" src=\"https:\/\/www.iesuscaritas.org\/wp-content\/uploads\/2025\/02\/fraternidad-08-300x165.jpg\" alt=\"\" width=\"185\" height=\"105\" \/><\/a>Dialog i spotkania w atmosferze modlitwy pomagaj\u0105 wyeliminowa\u0107 uprzedzenia i os\u0105dy wobec innych. Dlatego te\u017c, aby dokona\u0107 prawdziwego przegl\u0105du \u017cycia, niezb\u0119dna jest przejrzysto\u015b\u0107 w ka\u017cdym cz\u0142owieku. Nie ma potrzeby dokonywa\u0107 przegl\u0105du dzia\u0142alno\u015bci duszpasterskiej, ale raczej dokona\u0107 przegl\u0105du samego siebie. Inni nam pomog\u0105. I przede wszystkim czu\u0107 si\u0119 wolnym, bez zamkni\u0119tych drzwi.<\/p>\n<h3>W projekcie Jezusa<\/h3>\n<p><a href=\"https:\/\/www.iesuscaritas.org\/wp-content\/uploads\/2025\/02\/fraternidad-09.jpg\"><img loading=\"lazy\" decoding=\"async\" class=\" wp-image-7616 alignleft\" src=\"https:\/\/www.iesuscaritas.org\/wp-content\/uploads\/2025\/02\/fraternidad-09-239x300.jpg\" alt=\"\" width=\"154\" height=\"191\" \/><\/a>Wsp\u00f3lnota kap\u0142a\u0144ska Iesus Caritas jest ma\u0142\u0105 cz\u0105stk\u0105 ca\u0142ego Ko\u015bcio\u0142a Jezusa, jeszcze jedn\u0105 cz\u0119\u015bci\u0105 ca\u0142o\u015bci, dla kt\u00f3rej Jezus \u017cy\u0142: owce odpowiedzialne za inne owce, kt\u00f3re nie patrz\u0105 z g\u00f3ry na w\u0142adz\u0119. Czujemy si\u0119 zjednoczeni z papie\u017cem Franciszkiem, kt\u00f3ry w swoich encyklikach zawsze ma przy sobie \u015bw. Karola de FOUCAULD, i chcemy by\u0107 Ko\u015bcio\u0142em, kt\u00f3ry wychodzi na peryferie, aby wci\u0105\u017c odkrywa\u0107 Jezusa i pracowa\u0107 dla Jego Kr\u00f3lestwa, potrzebuj\u0105c innych i jednocze\u015bnie. s\u0142u\u017cba tym, kt\u00f3rzy nie s\u0105 udanymi protagonistami. Ewangelizujmy poprzez kontemplacj\u0119 i pozwalaj\u0105c, by nas ewangelizowano.<\/p>\n<p>Aurelio SANZ BAEZA,<br \/>\nBractwo Murcia, Hiszpania<\/p>\n<p>(Dzi\u0119ki, Quico, za rysunki)<\/p>\n<hr \/>\n<p>\ud83d\udcd1 Pobierz dokument PDF: <a href=\"https:\/\/www.iesuscaritas.org\/wp-content\/uploads\/2025\/02\/Bractwa-kaplanskie-Iesus-Caritas.-Aurelio-SANZ-BAEZA-pl.pdf\">Bractwa kaplanskie Iesus Caritas. Aurelio SANZ BAEZA &#8211; pl<\/a><\/p>","protected":false},"excerpt":{"rendered":"<p>Odkrycie: Brat Karol Pewnego dnia przeczytali\u015bmy co\u015b o Karol de FOUCAULD. Jego spos\u00f3b \u017cycia wed\u0142ug ewangelii w jaki\u015b spos\u00f3b przyku\u0142 nasz\u0105 uwag\u0119. Odkryli\u015bmy, jak zaskakuj\u0105ce by\u0142o jego \u015bwiadectwo \u017cyciowe. Dzi\u0119ki <a class=\"more-link\" href=\"https:\/\/www.iesuscaritas.org\/pl\/fraternidad-sacerdotal-iesus-caritas-aurelio-sanz-baeza\/\">Continue Reading &rarr;<\/a><\/p>\n","protected":false},"author":1,"featured_media":0,"parent":0,"menu_order":4,"comment_status":"closed","ping_status":"closed","template":"","meta":{"footnotes":""},"class_list":["post-8122","page","type-page","status-publish","hentry"],"_links":{"self":[{"href":"https:\/\/www.iesuscaritas.org\/pl\/wp-json\/wp\/v2\/pages\/8122","targetHints":{"allow":["GET"]}}],"collection":[{"href":"https:\/\/www.iesuscaritas.org\/pl\/wp-json\/wp\/v2\/pages"}],"about":[{"href":"https:\/\/www.iesuscaritas.org\/pl\/wp-json\/wp\/v2\/types\/page"}],"author":[{"embeddable":true,"href":"https:\/\/www.iesuscaritas.org\/pl\/wp-json\/wp\/v2\/users\/1"}],"replies":[{"embeddable":true,"href":"https:\/\/www.iesuscaritas.org\/pl\/wp-json\/wp\/v2\/comments?post=8122"}],"version-history":[{"count":4,"href":"https:\/\/www.iesuscaritas.org\/pl\/wp-json\/wp\/v2\/pages\/8122\/revisions"}],"predecessor-version":[{"id":8134,"href":"https:\/\/www.iesuscaritas.org\/pl\/wp-json\/wp\/v2\/pages\/8122\/revisions\/8134"}],"wp:attachment":[{"href":"https:\/\/www.iesuscaritas.org\/pl\/wp-json\/wp\/v2\/media?parent=8122"}],"curies":[{"name":"wp","href":"https:\/\/api.w.org\/{rel}","templated":true}]}}