{"id":8082,"date":"2025-10-19T12:40:37","date_gmt":"2025-10-19T10:40:37","guid":{"rendered":"https:\/\/www.iesuscaritas.org\/?page_id=8082"},"modified":"2025-10-19T17:45:11","modified_gmt":"2025-10-19T15:45:11","slug":"historia-de-la-fraternidad","status":"publish","type":"page","link":"https:\/\/www.iesuscaritas.org\/pl\/historia-de-la-fraternidad\/","title":{"rendered":"Historia Bractwa"},"content":{"rendered":"<p><a href=\"https:\/\/www.iesuscaritas.org\/wp-content\/uploads\/2025\/10\/historia-fraternidad-01.jpg\"><img loading=\"lazy\" decoding=\"async\" class=\"size-full wp-image-8091 alignright\" src=\"https:\/\/www.iesuscaritas.org\/wp-content\/uploads\/2025\/10\/historia-fraternidad-01.jpg\" alt=\"\" width=\"171\" height=\"133\" \/><\/a>Bractwo Kap\u0142a\u0144skie Iesus Caritas ma bogat\u0105 histori\u0119, bogat\u0105 w ewangeliczne imiona i marzenia. Od jego pocz\u0105tk\u00f3w pod przewodnictwem Ren\u00e9 Voillaume w opactwie Bouquen (Francja) pod nazw\u0105 La Union (Zjednoczenie) do dnia, w kt\u00f3rym w\u0142a\u015bnie odby\u0142o si\u0119 XII Mi\u0119dzynarodowe Spotkanie, min\u0119\u0142o siedemdziesi\u0105t lat przygotowa\u0144 do Soboru Watyka\u0144skiego II i sze\u015b\u0107dziesi\u0105t lat posoborowych, podczas kt\u00f3rych \u017cyli\u015bmy Ewangeli\u0105 z radykalizmem \u015bwiadka i poszukiwacza prawdy, jakim by\u0142 w swoich czasach \u015bw. Karol de Foucauld.<\/p>\n<p>Z wdzi\u0119czno\u015bci\u0105 wspominamy biskupa Guya Riob\u00e9, pierwszego przyw\u00f3dc\u0119 generalnego, kt\u00f3ry wraz z sekretarzem generalnym Pierre Cimitierre podj\u0105\u0142 pierwsze kroki za rad\u0105 Ren\u00e9 Voillaume. By\u0142y to historyczne chwile pe\u0142ne nadziei, kt\u00f3re znalaz\u0142y odzwierciedlenie w mi\u0119dzynarodowych zgromadzeniach tzw. Bractwa Kap\u0142a\u0144skiego Jesus Caritas oraz w propozycjach dotycz\u0105cych pos\u0142ugi koordynacji i animacji r\u00f3\u017cnych organizacji regionalnych, kt\u00f3re powstawa\u0142y na ca\u0142ym \u015bwiecie:<\/p>\n<p>1. Palestyna 1962 (Guy Riob\u00e9, Francja);<br \/>\n2. Lourdes 1965 (Pierre Loubier, Francja);<br \/>\n3. Lourdes 1970 (Peter Hunemann, Niemcy);<br \/>\n4. Montefiolo 1976 (Jacques Leclerc, Kanada);<br \/>\n5. Algier 1982 (Gunther Lendbradl, Niemcy);<br \/>\n6. Santo Domingo 1988 (Tony Philpot, Anglia);<br \/>\n7. Cebu 1994 (Odpowiedzialny: Jim Murphy, Irlandia);<br \/>\n8. Kair 2000 (Odpowiedzialny: Mariano Puga (Chile);<br \/>\n9. Sao Paulo 2006 (Odpowiedzialny: Abraham Apolinario, Dominikana);<br \/>\n10. Pary\u017c 2012 (Odpowiedzialny: Aurelio Sanz (Hiszpania);<br \/>\n11. Cebu 2019 (Odpowiedzialny: Eric Lozada, Filipiny);<br \/>\n12. Buenos Aires 2025 (Odpowiedzialny: Carlos Roberto dos Santos, Brazylia).<\/p>\n<p><a href=\"https:\/\/www.iesuscaritas.org\/wp-content\/uploads\/2025\/10\/historia-fraternidad-02.jpg\"><img loading=\"lazy\" decoding=\"async\" class=\"alignleft wp-image-8092 size-thumbnail\" src=\"https:\/\/www.iesuscaritas.org\/wp-content\/uploads\/2025\/10\/historia-fraternidad-02-150x150.jpg\" alt=\"\" width=\"150\" height=\"150\" \/><\/a>Bractwo sk\u0142ada si\u0119 z ksi\u0119\u017cy diecezjalnych, kt\u00f3rzy podlegaj\u0105 pos\u0142usze\u0144stwu swojego biskupa, zazwyczaj w parafiach. Tworz\u0105 oni lokalne wsp\u00f3lnoty, kt\u00f3re spotykaj\u0105 si\u0119 co miesi\u0105c, aby modli\u0107 si\u0119 i dokonywa\u0107 przegl\u0105du swojego \u017cycia. Ich duchowo\u015b\u0107 opiera si\u0119 na poszukiwaniu Jezusa i przyja\u017ani z Nim, zgodnie z intuicjami \u015bw. Karola de Foucauld, i opiera si\u0119 na pi\u0119ciu fundamentalnych osiach: duchu Nazaretu, opcji i zaanga\u017cowaniu na rzecz najubo\u017cszych, adoracji, comiesi\u0119cznym dniu pustyni oraz rewizji \u017cycia we wsp\u00f3lnocie. Kap\u0142ani powinni przynajmniej raz w \u017cyciu obchodzi\u0107 Miesi\u0105c Nazaretu.<\/p>\n<p>Wsp\u00f3lnota kap\u0142a\u0144ska dzia\u0142a we wsp\u00f3\u0142pracy z r\u00f3\u017cnymi wsp\u00f3lnotami tworz\u0105cymi duchow\u0105 rodzin\u0119 \u015bw. Karola de Foucauld oraz w komunii z Papie\u017cem i Ko\u015bcio\u0142em powszechnym.<\/p>\n<p>Przyw\u00f3dcy lokalni, krajowi, kontynentalni i mi\u0119dzynarodowi koordynuj\u0105 rozw\u00f3j wsp\u00f3lnot, bez struktury hierarchicznej.<br \/>\nObecnie w Bractwie jest oko\u0142o czterech tysi\u0119cy ksi\u0119\u017cy, oddanych parafiom, peryferiom, skromnym miejscom, projektom rozwoju cz\u0142owieka, wi\u0119zieniom i szpitalom. Zawsze zwracaj\u0105 uwag\u0119 na to, czego wymaga od nas Ewangelia, i pragn\u0105 by\u0107 na samym ko\u0144cu, tak jak inspirowa\u0142 nas do tego \u015bwi\u0119ty Karol de Foucauld.<\/p>\n<p><a href=\"https:\/\/www.iesuscaritas.org\/wp-content\/uploads\/2025\/10\/historia-fraternidad-03.jpg\"><img loading=\"lazy\" decoding=\"async\" class=\"aligncenter wp-image-8093 size-full\" src=\"https:\/\/www.iesuscaritas.org\/wp-content\/uploads\/2025\/10\/historia-fraternidad-03.jpg\" alt=\"\" width=\"950\" height=\"390\" srcset=\"https:\/\/www.iesuscaritas.org\/wp-content\/uploads\/2025\/10\/historia-fraternidad-03.jpg 950w, https:\/\/www.iesuscaritas.org\/wp-content\/uploads\/2025\/10\/historia-fraternidad-03-300x123.jpg 300w, https:\/\/www.iesuscaritas.org\/wp-content\/uploads\/2025\/10\/historia-fraternidad-03-768x315.jpg 768w\" sizes=\"auto, (max-width: 950px) 100vw, 950px\" \/><\/a><\/p>\n<hr \/>\n<p>PDF: <a href=\"https:\/\/www.iesuscaritas.org\/wp-content\/uploads\/2025\/10\/Historia-Bractwa-pl.pdf\">Historia Bractwa pl<\/a><\/p>","protected":false},"excerpt":{"rendered":"<p>Bractwo Kap\u0142a\u0144skie Iesus Caritas ma bogat\u0105 histori\u0119, bogat\u0105 w ewangeliczne imiona i marzenia. Od jego pocz\u0105tk\u00f3w pod przewodnictwem Ren\u00e9 Voillaume w opactwie Bouquen (Francja) pod nazw\u0105 La Union (Zjednoczenie) do <a class=\"more-link\" href=\"https:\/\/www.iesuscaritas.org\/pl\/historia-de-la-fraternidad\/\">Continue Reading &rarr;<\/a><\/p>\n","protected":false},"author":1,"featured_media":0,"parent":0,"menu_order":10,"comment_status":"closed","ping_status":"closed","template":"","meta":{"footnotes":""},"class_list":["post-8082","page","type-page","status-publish","hentry"],"_links":{"self":[{"href":"https:\/\/www.iesuscaritas.org\/pl\/wp-json\/wp\/v2\/pages\/8082","targetHints":{"allow":["GET"]}}],"collection":[{"href":"https:\/\/www.iesuscaritas.org\/pl\/wp-json\/wp\/v2\/pages"}],"about":[{"href":"https:\/\/www.iesuscaritas.org\/pl\/wp-json\/wp\/v2\/types\/page"}],"author":[{"embeddable":true,"href":"https:\/\/www.iesuscaritas.org\/pl\/wp-json\/wp\/v2\/users\/1"}],"replies":[{"embeddable":true,"href":"https:\/\/www.iesuscaritas.org\/pl\/wp-json\/wp\/v2\/comments?post=8082"}],"version-history":[{"count":20,"href":"https:\/\/www.iesuscaritas.org\/pl\/wp-json\/wp\/v2\/pages\/8082\/revisions"}],"predecessor-version":[{"id":8121,"href":"https:\/\/www.iesuscaritas.org\/pl\/wp-json\/wp\/v2\/pages\/8082\/revisions\/8121"}],"wp:attachment":[{"href":"https:\/\/www.iesuscaritas.org\/pl\/wp-json\/wp\/v2\/media?parent=8082"}],"curies":[{"name":"wp","href":"https:\/\/api.w.org\/{rel}","templated":true}]}}