{"id":8041,"date":"2025-10-19T11:28:23","date_gmt":"2025-10-19T09:28:23","guid":{"rendered":"https:\/\/www.iesuscaritas.org\/?page_id=8041"},"modified":"2025-10-19T11:28:23","modified_gmt":"2025-10-19T09:28:23","slug":"la-pertenencia-a-la-fraternidad","status":"publish","type":"page","link":"https:\/\/www.iesuscaritas.org\/pl\/la-pertenencia-a-la-fraternidad\/","title":{"rendered":"Przynale\u017cno\u015b\u0107 Do Bractwa"},"content":{"rendered":"<p><a href=\"https:\/\/www.iesuscaritas.org\/wp-content\/uploads\/2025\/10\/iesus-caritas-bn.jpg\"><img loading=\"lazy\" decoding=\"async\" class=\"alignleft size-full wp-image-8051\" src=\"https:\/\/www.iesuscaritas.org\/wp-content\/uploads\/2025\/10\/iesus-caritas-bn.jpg\" alt=\"\" width=\"170\" height=\"146\" \/><\/a>Bractwo to grupa braci. Kiedy czujemy si\u0119 bra\u0107mi i nimi jeste\u015bmy, jeste\u015bmy bractwem.<\/p>\n<p>Bractwo Kap\u0142a\u0144skie Iesus Caritas, w ramach Rodzin Karola de Foucauld, ma w\u0142asn\u0105 dynamik\u0119 ksi\u0119\u017cy diecezjalnych, kt\u00f3r\u0105 ka\u017cda wsp\u00f3lnota ustanawia i kt\u00f3r\u0105 wszystkie wsp\u00f3lnoty przyjmuj\u0105 poprzez Dyrektorium.<\/p>\n<p>Aby nale\u017ce\u0107 do wsp\u00f3lnoty, musz\u0105 zosta\u0107 umocnione wi\u0119zi przyja\u017ani, wzajemnego zrozumienia, motywacji do zaufania i szczero\u015bci, postawy wiary i s\u0142uchania; w przeciwnym razie by\u0142aby to jedynie przynale\u017cno\u015b\u0107 do grupy dobrych przyjaci\u00f3\u0142 lub grupy wzajemnej pomocy, je\u015bli nie co\u015b sekciarskiego, elitarnego lub spirytualistycznego.<\/p>\n<p>Znajduje to odzwierciedlenie w fundamentalnych postawach charakterystycznych dla ka\u017cdej powa\u017cnej wsp\u00f3lnoty ludzkiej.<\/p>\n<p>Postawy te mog\u0105 by\u0107 nast\u0119puj\u0105ce:<\/p>\n<p>1. EMPATIA. Postawienie si\u0119 w sytuacji drugiej osoby, postawienie si\u0119 na jej miejscu. To pozwoli mi zrozumie\u0107 i zaakceptowa\u0107 innych. Taka postawa uwalnia nas od osobistych wi\u0119z\u00f3w, kt\u00f3re wi\u0119zi\u0105 nas w naszych opiniach, utartych ideach itp.<\/p>\n<p>2. S\u0141UCHANIE. Otw\u00f3rzmy uszy naszych serc, aby us\u0142ysze\u0107 g\u0142os Pana w naszych braciach i siostrach, aby oni z kolei poczuli si\u0119 wys\u0142uchani, a my sami otoczeni opiek\u0105.<\/p>\n<p>3. PRZEJRZYSTO\u015a\u0106. Je\u015bli nie pozwol\u0119, aby moje wn\u0119trze by\u0142o widoczne, nie b\u0119d\u0119 w stanie dostrzec r\u00f3wnie\u017c innych. Szczero\u015b\u0107, uczciwo\u015b\u0107 w komunikacji i brak os\u0105dzania s\u0105 oznakami przejrzysto\u015bci u ludzi.<\/p>\n<p>4. SZACUNEK. Synonim mi\u0142o\u015bci i przyja\u017ani, troski o innych i akceptacji takimi, jacy s\u0105. Kiedy istnieje szacunek, istniej\u0105 nie tylko dobre maniery, ale tak\u017ce elastyczno\u015b\u0107 w relacjach i dobre zrozumienie. Kiedy szacunek zanika, traci si\u0119 prawdziw\u0105 przyja\u017a\u0144, partnerstwo i ducha pracy zespo\u0142owej, a relacje ulegaj\u0105 fatalnemu pogorszeniu.<\/p>\n<p>5. DAWANIE. Oddawanie si\u0119 innym bezinteresownie, dawanie z siebie tego, co najlepsze, bez oczekiwania nagrody, bez ponoszenia odpowiedzialno\u015bci za wszystko, co zrobili\u015bmy. Wolna i bezinteresowna mi\u0142o\u015b\u0107.<\/p>\n<p>Do tej pory mogli\u015bmy m\u00f3wi\u0107 o ludzkiej wsp\u00f3lnocie, kt\u00f3ra jest jednocze\u015bnie zwarta i otwarta. Zwarta w swoich przekonaniach i otwarta na doskonalenie, otwarta na krytyk\u0119 i innowacje, otwarta na nowych cz\u0142onk\u00f3w i nowe idee.<\/p>\n<p>Jako Bractwo Iesus Caritas, mamy cechy i postawy, kt\u00f3re wszyscy dobrze znamy, wpisane w charyzmat Brata Karola i duchowo\u015b\u0107 Ewangelii: \u017cycie braterskie, pustynia, rewizja \u017cycia, adoracja, Miesi\u0105c Nazareta\u0144ski, opcja na rzecz najmniejszych, kontemplacja \u017cycia, \u017cycie nazareta\u0144skie jako spos\u00f3b \u017cycia i wsp\u00f3\u0142istnienia, a tym samym jako styl duszpasterski.<\/p>\n<p>Wszyscy to doskonale wiemy. Konieczna jest pog\u0142\u0119biona refleksja nad osobistym zaanga\u017cowaniem, kt\u00f3re jest zwi\u0105zane z otrzymanym powo\u0142aniem, a na poziomie wsp\u00f3lnotowym \u2013 lokalnym lub krajowym \u2013 nad tym, co jest specyficzne dla naszego Bractwa i co oznacza szczere oddanie naszym braciom i siostrom, istotom ludzkim, nie tylko Panu jako kap\u0142anom czy osobom konsekrowanym.<\/p>\n<p>Bior\u0105c to pod uwag\u0119, proponuj\u0119 nast\u0119puj\u0105ce nag\u0142\u00f3wki:<\/p>\n<p>1. BRATERSTWO I ZAANGA\u017bOWANIE EWANGELICZNE. Czy Bractwo przybli\u017ca mnie do Ewangelii? Czy pomaga mi szerzy\u0107 Kr\u00f3lestwo? Wychodzimy od naszego chrze\u015bcija\u0144skiego powo\u0142ania do na\u015bladowania Jezusa, od chrztu, kt\u00f3re odnawia si\u0119 wraz z bierzmowaniem i umacnia w \u015bwi\u0119ceniach kap\u0142a\u0144skich, nie jako profesjonalizacja, ale jako s\u0142u\u017cba Ludowi Bo\u017cemu i spo\u0142ecze\u0144stwu. Czy moje braterstwo jest znakiem Ewangelii w mojej diecezji, w moim Ko\u015bciele lokalnym? Nie stoimy na marginesie jako elita.<\/p>\n<p>2. BRATERSTWO JAKO \u015aRODEK EWANGELIZACJI. Czy czuj\u0119 si\u0119 zewangelizowany przez Bractwo, przez ka\u017cdego brata? Czy czuj\u0119 si\u0119 powo\u0142any nie tylko do \u017cycia Ewangeli\u0105, ale tak\u017ce do g\u0142oszenia jej swoim \u017cyciem \u2013 co jest kluczowym punktem charyzmatu Brata Karola? Jako kap\u0142ani jeste\u015bmy powo\u0142ani do g\u0142oszenia Jezusa, do dzielenia si\u0119 Dobr\u0105 Nowin\u0105 z ubogimi, wolno\u015bci\u0105 dla je\u0144c\u00f3w\u2026 Nie jeste\u015bmy profesjonalistami w sakramentalizacji ani kaznodziejstwie, jak medialni arty\u015bci; jeste\u015bmy pos\u0142ani w imi\u0119 Jezusa. Czy wierz\u0119 i mam nadziej\u0119 w stylu Nazaretu, by ewangelizowa\u0107? Nazaret to nie utopia; to codzienne \u017cycie w jego drobnych szczeg\u00f3\u0142ach.<\/p>\n<p>3. BRATERSTWO I DUCHOWO\u015a\u0106. Czy nasza przynale\u017cno\u015b\u0107 do Bractwa jest jednym ze sposob\u00f3w piel\u0119gnowania ducha? Czy Bractwo, charyzmat Brata Karola, jest dla nas szko\u0142\u0105 modlitwy, \u017ar\u00f3d\u0142em \u017cycia wewn\u0119trznego? Jako Bractwo dysponujemy godnym pozazdroszczenia bogactwem zasob\u00f3w dla duchowej drogi innych kap\u0142an\u00f3w. Nasze rekolekcje i spotkania s\u0105 doceniane przez tych, kt\u00f3rzy przychodz\u0105 do nas po raz pierwszy. Jeste\u015bmy cenieni w naszych diecezjach jako ludzie modlitwy, ale czy to odpowiada rzeczywisto\u015bci? Nie chodzi o dawanie lekcji, ale o dzielenie si\u0119 sposobem kochania Boga i pozwolenie Mu, by nas kocha\u0142.<\/p>\n<p>4. BRATERSTWO I MI\u0141O\u015a\u0106 BRATERSKA. Czy jestem przyjacielem moich braci we wsp\u00f3lnocie? Czy troszcz\u0119 si\u0119 o nich? Czy ich b\u00f3l mnie boli, a ich rado\u015b\u0107 raduje? Braterstwo nie jest ko\u015bcieln\u0105 etykiet\u0105. Nie wybieramy miejsca, w kt\u00f3rym jeste\u015bmy; s\u0105 nam one dane. Nie wybieramy naszych braci; s\u0105 nam dani. Dostrze\u017cenie g\u0142osu Boga w tym wszystkim jest czasami trudne. Idealizowanie mojego braterstwa jako doskona\u0142ego stanu wzajemnego zrozumienia i przyja\u017ani jest b\u0142\u0119dem. Ludzie, wszyscy r\u00f3\u017cni, maj\u0105 swoje warto\u015bci i przeciwie\u0144stwa. Kochanie naszych braci takimi, jacy s\u0105, oznacza szacunek dla nich. To u\u0142atwia nam przyj\u0119cie pomocy, s\u0142uchanie, kontemplowanie ich \u017cycia oczami serca, bez os\u0105dzania postaw i wydarze\u0144, ale kwestionowanie ich, gdy jest to konieczne, i pozwalanie sobie na wyzwania. Czy boimy si\u0119, \u017ce inni wkrocz\u0105 w nasze \u017cycie? Nasza ludzka psychika cz\u0119sto nas maskuje i generujemy mechanizmy obronne.<\/p>\n<p>5. BRATERSTWO I MIEJSCE TEOLOGICZNE. Czy braterstwo jest dla nas ostatnim miejscem? Czy to wszystko mo\u017ce by\u0107 synonimem fa\u0142szywej pokory? Czy B\u00f3g jest r\u00f3wnie\u017c Mi\u0142o\u015bci\u0105 w moim braterstwie? Spotkania z Panem nast\u0119puj\u0105 w bardzo r\u00f3\u017cnych miejscach, momentach i wydarzeniach. Czasami pr\u00f3bujemy si\u0119 modli\u0107 i nie mo\u017cemy; innym razem to Pan wyci\u0105ga r\u0119k\u0119 i przemawia do naszych serc. Jak moje braterstwo mi pomaga i jak ja pomagam odnale\u017a\u0107 Boga w ludziach i w \u017cyciu? Czy rozumiem, \u017ce pod\u0105\u017canie za charyzmatem brata Karola to poszukiwanie Boga i akceptacja ostatniego miejsca? Bractwo, bracia, a nie tyle struktury, s\u0105 albo priorytetem w naszym czasie i po\u015bwi\u0119ceniu, albo pozostaj\u0105 pi\u0119kn\u0105 form\u0105 duchowego dope\u0142nienia lub samopomocy.<\/p>\n<p>Przynale\u017cno\u015b\u0107 do Bractwa to nie osi\u0105gni\u0119cie, to dar. Zaanga\u017cowanie si\u0119 w nie oznacza ci\u0105g\u0142e anga\u017cowanie si\u0119 w dzie\u0142o rozszerzania Kr\u00f3lestwa.<\/p>\n<p>Wszyscy unikamy etykiet, zar\u00f3wno spo\u0142ecznych, jak i duszpasterskich; nie lubimy by\u0107 wyr\u00f3\u017cniani przez duchowie\u0144stwo diecezjalne jako dziwacy.<\/p>\n<p>Przekonanie, \u017ce jeste\u015bmy powo\u0142ani przez Jezusa do s\u0142u\u017cenia Mu w bli\u017anich, do tego, by nasze \u017cycie by\u0142o g\u0142oszeniem i pot\u0119pieniem, zobowi\u0105zuje nas do konsekwencji, do niegrania dwiema taliami.<\/p>\n<p>Czy postrzegamy Bractwo jako kolejn\u0105 pomoc w szerokim wachlarzu mo\u017cliwo\u015bci i ofert dla \u017cycia powa\u017cn\u0105 duchowo\u015bci\u0105?<\/p>\n<p>Jak bardzo troszcz\u0119 si\u0119 o rozw\u00f3j mojego bractwa i innych bractw?<\/p>\n<p>Czy ceni\u0119 i czytam poczt\u0119 Bractwa, biuletyn Iesus Caritas i r\u00f3\u017cne komunikaty? Czy, je\u015bli to mo\u017cliwe, odwiedzam strony internetowe bractw?<\/p>\n<p>Ile czasu po\u015bwi\u0119cam mojemu bractwu w ci\u0105gu tygodnia lub miesi\u0105ca? Czy cz\u0119sto korzystam z telefonu, \u017ceby sprawdzi\u0107, co u innych? Czy ich odwiedzam? Czy pozwalam sobie na mi\u0142o\u015b\u0107, gdy inni r\u00f3wnie\u017c si\u0119 o mnie troszcz\u0105?<\/p>\n<p>Czy postrzegam moj\u0105 lokaln\u0105 wsp\u00f3lnot\u0119 jako ma\u0142e lenno, oddzielone od innych grup lub wsp\u00f3lnot? A mo\u017ce kr\u00f3lestwo taify (gdzie nikt si\u0119 nie wtr\u0105ca)? Czy jeste\u015bmy otwarci na krytyk\u0119, na innowacje w duchu charyzmatu?<\/p>\n<p>Czy jestem w swojej wsp\u00f3lnocie tak, jak m\u00f3g\u0142bym by\u0107 w ka\u017cdej innej grupie ksi\u0119\u017cy lub \u015bwieckich? Dlaczego? Jakie przestrzenie mog\u0119 dzieli\u0107?<\/p>\n<p>Czy waham si\u0119 m\u00f3wi\u0107 o wsp\u00f3lnocie w kr\u0119gach duchowie\u0144stwa diecezjalnego, na spotkaniach, zgromadzeniach i celebracjach, z obawy przed byciem uznanym za innego, zaszufladkowanym? Dlaczego \u201etu tak, a tam nie\u201d?<\/p>\n<p>Aby by\u0107 szcz\u0119\u015bliwym, musimy kocha\u0107 to, kim jeste\u015bmy i co posiadamy, jako dar i mi\u0142o\u015b\u0107 od Boga, jako cz\u0119\u015b\u0107 Jego dziedzictwa.<\/p>\n<p>Dzi\u0119kuj\u0119.<\/p>\n<p>Aurelio SANZ BAEZA<\/p>\n<hr \/>\n<p>PDF: <a href=\"https:\/\/www.iesuscaritas.org\/wp-content\/uploads\/2025\/10\/Przynajezno\u00b4s\u00b4c-do-bractwa-pl.pdf\">Przynaje`zno\u00b4s\u00b4c do bractwa pl<\/a><\/p>","protected":false},"excerpt":{"rendered":"<p>Bractwo to grupa braci. Kiedy czujemy si\u0119 bra\u0107mi i nimi jeste\u015bmy, jeste\u015bmy bractwem. Bractwo Kap\u0142a\u0144skie Iesus Caritas, w ramach Rodzin Karola de Foucauld, ma w\u0142asn\u0105 dynamik\u0119 ksi\u0119\u017cy diecezjalnych, kt\u00f3r\u0105 ka\u017cda <a class=\"more-link\" href=\"https:\/\/www.iesuscaritas.org\/pl\/la-pertenencia-a-la-fraternidad\/\">Continue Reading &rarr;<\/a><\/p>\n","protected":false},"author":1,"featured_media":0,"parent":0,"menu_order":9,"comment_status":"closed","ping_status":"closed","template":"","meta":{"footnotes":""},"class_list":["post-8041","page","type-page","status-publish","hentry"],"_links":{"self":[{"href":"https:\/\/www.iesuscaritas.org\/pl\/wp-json\/wp\/v2\/pages\/8041","targetHints":{"allow":["GET"]}}],"collection":[{"href":"https:\/\/www.iesuscaritas.org\/pl\/wp-json\/wp\/v2\/pages"}],"about":[{"href":"https:\/\/www.iesuscaritas.org\/pl\/wp-json\/wp\/v2\/types\/page"}],"author":[{"embeddable":true,"href":"https:\/\/www.iesuscaritas.org\/pl\/wp-json\/wp\/v2\/users\/1"}],"replies":[{"embeddable":true,"href":"https:\/\/www.iesuscaritas.org\/pl\/wp-json\/wp\/v2\/comments?post=8041"}],"version-history":[{"count":12,"href":"https:\/\/www.iesuscaritas.org\/pl\/wp-json\/wp\/v2\/pages\/8041\/revisions"}],"predecessor-version":[{"id":8062,"href":"https:\/\/www.iesuscaritas.org\/pl\/wp-json\/wp\/v2\/pages\/8041\/revisions\/8062"}],"wp:attachment":[{"href":"https:\/\/www.iesuscaritas.org\/pl\/wp-json\/wp\/v2\/media?parent=8041"}],"curies":[{"name":"wp","href":"https:\/\/api.w.org\/{rel}","templated":true}]}}