{"id":8000,"date":"2025-10-06T19:01:58","date_gmt":"2025-10-06T17:01:58","guid":{"rendered":"https:\/\/www.iesuscaritas.org\/?page_id=8000"},"modified":"2025-10-06T19:02:55","modified_gmt":"2025-10-06T17:02:55","slug":"carta-de-buenos-aires","status":"publish","type":"page","link":"https:\/\/www.iesuscaritas.org\/pl\/carta-de-buenos-aires\/","title":{"rendered":"List od Buenos Aires"},"content":{"rendered":"<p><\/p>\n<p style=\"text-align: left;\" align=\"center\"><span lang=\"es-MX\"><a href=\"https:\/\/www.iesuscaritas.org\/wp-content\/uploads\/2025\/02\/cuaresma2025-05.jpg\"><img loading=\"lazy\" decoding=\"async\" class=\"alignright size-full wp-image-7663\" src=\"https:\/\/www.iesuscaritas.org\/wp-content\/uploads\/2025\/02\/cuaresma2025-05.jpg\" alt=\"\" width=\"171\" height=\"133\" \/><\/a>DO BRACI Z KAP\u0141A\u0143SKIEGO BRACTWA IESUS CARITAS NA CA\u0141YM \u015aWIECIE <\/span><\/p>\n<p align=\"justify\"><span lang=\"es-MX\">Drodzy bracia,<\/span><\/p>\n<p align=\"justify\"><span lang=\"es-MX\">W dniach od 6 do 21 maja 2025 r. w Mons zebra\u0142o si\u0119 34 delegat\u00f3w ze stowarzysze\u0144 z 21 kraj\u00f3w Afryki, Ameryki, Azji i Europy. Dom Rekolekcyjny Aguirre w mie\u015bcie Buenos Aires, pod has\u0142em: KAP\u0141ANI IESUS CARITAS, \u015aWIADKOWIE I FA\u0141SZYWCY KAP\u0141A\u0143SKIEGO I POWSZECHNEGO BRACTWA, w celu przeprowadzenia XII Walnego Zgromadzenia naszego Stowarzyszenia. <\/span><\/p>\n<h2 align=\"justify\"><span lang=\"es-MX\">PODZI\u0118KOWANIE<\/span><\/h2>\n<p align=\"justify\"><span lang=\"es-MX\"><a href=\"https:\/\/www.iesuscaritas.org\/wp-content\/uploads\/2025\/05\/buenos-aires-2025-01.jpg\"><img loading=\"lazy\" decoding=\"async\" class=\"alignright wp-image-7802\" src=\"https:\/\/www.iesuscaritas.org\/wp-content\/uploads\/2025\/05\/buenos-aires-2025-01-210x300.jpg\" alt=\"\" width=\"175\" height=\"250\" srcset=\"https:\/\/www.iesuscaritas.org\/wp-content\/uploads\/2025\/05\/buenos-aires-2025-01-210x300.jpg 210w, https:\/\/www.iesuscaritas.org\/wp-content\/uploads\/2025\/05\/buenos-aires-2025-01-717x1024.jpg 717w, https:\/\/www.iesuscaritas.org\/wp-content\/uploads\/2025\/05\/buenos-aires-2025-01.jpg 763w\" sizes=\"auto, (max-width: 175px) 100vw, 175px\" \/><\/a>Przede wszystkim chcieliby\u015bmy podzi\u0119kowa\u0107 naszym argenty\u0144skim braciom i siostrom za ciep\u0142e przyj\u0119cie i zainteresowanie przybli\u017ceniem nam kultury ich kraju. Nie zapomnimy wieczoru kulturalnego, spaceru po delcie rzeki Parany, wizyty w centrum Buenos Aires i sanktuarium Matki Bo\u017cej z Luj\u00e1n. Pragniemy r\u00f3wnie\u017c wyrazi\u0107 nasz\u0105 wdzi\u0119czno\u015b\u0107 licznym parafiom, kt\u00f3re przyj\u0119\u0142y nas w niedziel\u0119 11-go z wielk\u0105 wiar\u0105, mi\u0142o\u015bci\u0105 i czu\u0142o\u015bci\u0105, biskupowi Guillermo Caride z diecezji San Isidro, kt\u00f3ry nas odwiedzi\u0142, a tak\u017ce cz\u0142onkom naszej rodziny duchowej, kt\u00f3rzy przybyli, aby podzieli\u0107 si\u0119 swoimi do\u015bwiadczeniami. <\/span><\/p>\n<p align=\"justify\"><span lang=\"es-MX\"><a href=\"https:\/\/www.iesuscaritas.org\/wp-content\/uploads\/2025\/05\/buenos-aires-2025-02-scaled.jpg\"><img loading=\"lazy\" decoding=\"async\" class=\"size-medium wp-image-7803 alignleft\" src=\"https:\/\/www.iesuscaritas.org\/wp-content\/uploads\/2025\/05\/buenos-aires-2025-02-300x195.jpg\" alt=\"\" width=\"300\" height=\"195\" srcset=\"https:\/\/www.iesuscaritas.org\/wp-content\/uploads\/2025\/05\/buenos-aires-2025-02-300x195.jpg 300w, https:\/\/www.iesuscaritas.org\/wp-content\/uploads\/2025\/05\/buenos-aires-2025-02-1024x665.jpg 1024w, https:\/\/www.iesuscaritas.org\/wp-content\/uploads\/2025\/05\/buenos-aires-2025-02-768x499.jpg 768w, https:\/\/www.iesuscaritas.org\/wp-content\/uploads\/2025\/05\/buenos-aires-2025-02-1536x998.jpg 1536w, https:\/\/www.iesuscaritas.org\/wp-content\/uploads\/2025\/05\/buenos-aires-2025-02-2048x1330.jpg 2048w\" sizes=\"auto, (max-width: 300px) 100vw, 300px\" \/><\/a>Podobn\u0105 wdzi\u0119czno\u015b\u0107 odczuwamy wobec braci, kt\u00f3rzy przybli\u017cyli nam rzeczywisto\u015b\u0107 Ko\u015bcio\u0142a argenty\u0144skiego, pontyfikat papie\u017ca Franciszka i Bractwo w Nowym Testamencie, w encyklice Fratelli Tutti oraz w \u017cyciu i apostolacie \u015bw. Karola de Foucauld. S\u0105 to tematy, kt\u00f3re stowarzyszenia mog\u0105 samodzielnie studiowa\u0107 i rozwa\u017ca\u0107; zostan\u0105 opublikowane na stronie iesuscaritas.org. Szczeg\u00f3lne podzi\u0119kowania nale\u017c\u0105 si\u0119 ust\u0119puj\u0105cemu zespo\u0142owi mi\u0119dzynarodowemu: Eric LOZADA, Fernando TAPIA, Honor\u00e9 SAWADOGO, Tony LLANES i Matthias KEIL za ich blisko\u015b\u0107 i s\u0142u\u017cb\u0119 braciom przez te sze\u015b\u0107 lat oraz za doskona\u0142\u0105 organizacj\u0119 tego Zgromadzenia. <\/span><\/p>\n<h2 align=\"justify\"><span lang=\"es-MX\">ZRANIONY \u015aWIAT<\/span><\/h2>\n<p align=\"justify\"><span lang=\"es-MX\"><a href=\"https:\/\/www.iesuscaritas.org\/wp-content\/uploads\/2025\/05\/buenos-aires-2025-03.jpg\"><img loading=\"lazy\" decoding=\"async\" class=\"alignright size-medium wp-image-7804\" src=\"https:\/\/www.iesuscaritas.org\/wp-content\/uploads\/2025\/05\/buenos-aires-2025-03-300x225.jpg\" alt=\"\" width=\"300\" height=\"225\" srcset=\"https:\/\/www.iesuscaritas.org\/wp-content\/uploads\/2025\/05\/buenos-aires-2025-03-300x225.jpg 300w, https:\/\/www.iesuscaritas.org\/wp-content\/uploads\/2025\/05\/buenos-aires-2025-03-768x576.jpg 768w, https:\/\/www.iesuscaritas.org\/wp-content\/uploads\/2025\/05\/buenos-aires-2025-03.jpg 977w\" sizes=\"auto, (max-width: 300px) 100vw, 300px\" \/><\/a>W \u015bwiecie pe\u0142nym podzia\u0142\u00f3w, polaryzacji, ambicji w\u0142adzy i wojen, przes\u0142anie Jezusa z Nazaretu o Powszechnym Braterstwie jest potrzebne bardziej ni\u017c kiedykolwiek. Tak to rozumia\u0142 papie\u017c Franciszek, a jego s\u0142owa i czyny s\u0105 tego dowodem. Dlatego czujemy silne powo\u0142anie, by by\u0107 \u015bwiadkami i tw\u00f3rcami braterstwa zar\u00f3wno w naszych prezbiteriach, jak i w spo\u0142ecze\u0144stwach i kulturach, w kt\u00f3rych ka\u017cdy z nas jest obecny, poprzez wi\u0119ksz\u0105 blisko\u015b\u0107 i s\u0142u\u017cb\u0119 ubogim, migrantom, osobom zepchni\u0119tym na margines i ofiarom wszelkiego rodzaju nadu\u017cy\u0107. Wiemy, \u017ce to oni najbardziej cierpi\u0105 z powodu braku braterstwa. <\/span><\/p>\n<h2 align=\"justify\"><span lang=\"es-MX\">BRATA JEST MO\u017bLIWA<\/span><\/h2>\n<p align=\"justify\"><span lang=\"es-MX\"><a href=\"https:\/\/www.iesuscaritas.org\/wp-content\/uploads\/2025\/05\/buenos-aires-2025-04.jpg\"><img loading=\"lazy\" decoding=\"async\" class=\"size-medium wp-image-7805 alignleft\" src=\"https:\/\/www.iesuscaritas.org\/wp-content\/uploads\/2025\/05\/buenos-aires-2025-04-300x133.jpg\" alt=\"\" width=\"300\" height=\"133\" srcset=\"https:\/\/www.iesuscaritas.org\/wp-content\/uploads\/2025\/05\/buenos-aires-2025-04-300x133.jpg 300w, https:\/\/www.iesuscaritas.org\/wp-content\/uploads\/2025\/05\/buenos-aires-2025-04-1024x453.jpg 1024w, https:\/\/www.iesuscaritas.org\/wp-content\/uploads\/2025\/05\/buenos-aires-2025-04-768x340.jpg 768w, https:\/\/www.iesuscaritas.org\/wp-content\/uploads\/2025\/05\/buenos-aires-2025-04-1536x680.jpg 1536w, https:\/\/www.iesuscaritas.org\/wp-content\/uploads\/2025\/05\/buenos-aires-2025-04.jpg 1575w\" sizes=\"auto, (max-width: 300px) 100vw, 300px\" \/><\/a>B raterstwo jest mo\u017cliwe. To w\u0142a\u015bnie prze\u017cyli\u015bmy na tym Zgromadzeniu, pomimo r\u00f3\u017cnorodno\u015bci j\u0119zyk\u00f3w, kultur i do\u015bwiadcze\u0144 duszpasterskich. Ka\u017cdy dzie\u0144 up\u0142ywa\u0142 pod znakiem wsp\u00f3lnej modlitwy Jutrzni, adoracji i sprawowania Eucharystii, co pozwoli\u0142o nam prze\u017cy\u0107 te dni w klimacie uwa\u017cnego s\u0142uchania, zrozumienia, rado\u015bci, akceptacji i dialogu. W ten spos\u00f3b mogli\u015bmy podzieli\u0107 si\u0119 swoimi osobistymi historiami, zastanowi\u0107 si\u0119 nad omawianymi tematami, uwa\u017cnie wys\u0142ucha\u0107 przedstawionych sprawozda\u0144 oraz popracowa\u0107 nad naszym Statutem i Rad\u0105 Dyrektor\u00f3w.<\/span><\/p>\n<h2 align=\"justify\"><span lang=\"es-MX\">N ASZE BRACTWA<\/span><\/h2>\n<p align=\"justify\"><span lang=\"es-MX\"><a href=\"https:\/\/www.iesuscaritas.org\/wp-content\/uploads\/2025\/05\/buenos-aires-2025-05-scaled.jpg\"><img loading=\"lazy\" decoding=\"async\" class=\"alignright size-medium wp-image-7806\" src=\"https:\/\/www.iesuscaritas.org\/wp-content\/uploads\/2025\/05\/buenos-aires-2025-05-237x300.jpg\" alt=\"\" width=\"237\" height=\"300\" srcset=\"https:\/\/www.iesuscaritas.org\/wp-content\/uploads\/2025\/05\/buenos-aires-2025-05-237x300.jpg 237w, https:\/\/www.iesuscaritas.org\/wp-content\/uploads\/2025\/05\/buenos-aires-2025-05-810x1024.jpg 810w, https:\/\/www.iesuscaritas.org\/wp-content\/uploads\/2025\/05\/buenos-aires-2025-05-768x971.jpg 768w, https:\/\/www.iesuscaritas.org\/wp-content\/uploads\/2025\/05\/buenos-aires-2025-05-1215x1536.jpg 1215w, https:\/\/www.iesuscaritas.org\/wp-content\/uploads\/2025\/05\/buenos-aires-2025-05-1620x2048.jpg 1620w, https:\/\/www.iesuscaritas.org\/wp-content\/uploads\/2025\/05\/buenos-aires-2025-05-scaled.jpg 2025w\" sizes=\"auto, (max-width: 237px) 100vw, 237px\" \/><\/a>Sprawozdania, kt\u00f3re us\u0142yszeli\u015bmy, pokaza\u0142y nam, \u017ce w wielu krajach Europy i Ameryki nasze bractwa si\u0119 starzej\u0105. W Afryce i Azji sytuacja jest inna. Musimy zatem zapewni\u0107 wi\u0119ksze wsparcie duchowe i finansowe bractwom na obu kontynentach. W krajach Europy i Ameryki powinni\u015bmy wznowi\u0107 nasze wysi\u0142ki, aby w naszych prezbiteriach pozna\u0107 posta\u0107 \u015bw. Karola de Foucauld oraz zaprosi\u0107 ksi\u0119\u017cy, diakon\u00f3w i seminarzyst\u00f3w do przy\u0142\u0105czenia si\u0119 do naszego Bractwa. Dlatego czujemy silne powo\u0142anie do zak\u0142adania nowych bractw i budzenia tych, kt\u00f3re zasn\u0119\u0142y.<\/span><\/p>\n<p align=\"justify\"><span lang=\"es-MX\"><a href=\"https:\/\/www.iesuscaritas.org\/wp-content\/uploads\/2025\/05\/buenos-aires-2025-06-scaled.jpg\"><img loading=\"lazy\" decoding=\"async\" class=\"size-medium wp-image-7807 alignleft\" src=\"https:\/\/www.iesuscaritas.org\/wp-content\/uploads\/2025\/05\/buenos-aires-2025-06-300x160.jpg\" alt=\"\" width=\"300\" height=\"160\" srcset=\"https:\/\/www.iesuscaritas.org\/wp-content\/uploads\/2025\/05\/buenos-aires-2025-06-300x160.jpg 300w, https:\/\/www.iesuscaritas.org\/wp-content\/uploads\/2025\/05\/buenos-aires-2025-06-1024x545.jpg 1024w, https:\/\/www.iesuscaritas.org\/wp-content\/uploads\/2025\/05\/buenos-aires-2025-06-768x409.jpg 768w, https:\/\/www.iesuscaritas.org\/wp-content\/uploads\/2025\/05\/buenos-aires-2025-06-1536x817.jpg 1536w, https:\/\/www.iesuscaritas.org\/wp-content\/uploads\/2025\/05\/buenos-aires-2025-06-2048x1090.jpg 2048w, https:\/\/www.iesuscaritas.org\/wp-content\/uploads\/2025\/05\/buenos-aires-2025-06-754x400.jpg 754w\" sizes=\"auto, (max-width: 300px) 100vw, 300px\" \/><\/a>Aby to osi\u0105gn\u0105\u0107, potrzebujemy wielkiej kreatywno\u015bci i wi\u0119kszej wierno\u015bci charyzmatowi Brata Karola oraz \u015brodkom duchowego rozwoju, jakimi dysponuje n asze Bractwo. Nasze \u015bwiadectwo prostego, braterskiego i radosnego \u017cycia po\u015bwi\u0119conego ubogim, kt\u00f3re wyp\u0142ywa z naszej bliskiej relacji ze Zmartwychwsta\u0142ym Jezusem, b\u0119dzie zawsze najlepszym sposobem przyci\u0105gania nowych cz\u0142onk\u00f3w do naszej wsp\u00f3lnoty braterskiej. Jeste\u015bmy przekonani, \u017ce duchowo\u015b\u0107 brata Karola, skupiona wok\u00f3\u0142 Ewangelii i Eucharystii, celebrowana i adorowana, ma nieprzemijaj\u0105ce znaczenie.<\/span><\/p>\n<h2 align=\"justify\"><span lang=\"es-MX\">WYB\u00d3R LEONA XIV<\/span><\/h2>\n<p align=\"justify\"><span lang=\"es-MX\">W czasie trwania naszego Zgromadzenia, w Rzymie odby\u0142o si\u0119 konklawe, kt\u00f3re wybra\u0142o nowego nast\u0119pc\u0119 Piotra, papie\u017ca Leona XIV. Jego wyb\u00f3r nie tylko nas nie rozproszy\u0142, ale wr\u0119cz utwierdzi\u0142 nas na drogach, kt\u00f3rymi Duch \u015awi\u0119ty prowadzi sw\u00f3j Ko\u015bci\u00f3\u0142: odnowiony impuls misyjny, coraz wi\u0119ksze zaanga\u017cowanie na rzecz sprawiedliwo\u015bci i pokoju oraz wi\u0119kszy udzia\u0142 wszystkich ochrzczonych w \u017cyciu Ko\u015bcio\u0142a. Wierzymy, \u017ce braterstwo wyra\u017ca si\u0119 w synodalnym sposobie prze\u017cywania naszej wiary i naszej przynale\u017cno\u015bci do Ko\u015bcio\u0142a, dlatego czujemy si\u0119 wezwani do promowania<\/span> <span lang=\"es-MX\">tego stylu ko\u015bcielnego w naszych parafiach, wsp\u00f3lnotach chrze\u015bcija\u0144skich, ruchach i innych \u015brodowiskach duszpasterskich, w kt\u00f3rych pe\u0142nimy nasz\u0105 pos\u0142ug\u0119. <\/span><\/p>\n<h2 align=\"justify\"><span lang=\"es-MX\">AKTUALIZACJA NASZEGO STATUTU I ZARZ\u0104DU<\/span><\/h2>\n<p align=\"justify\"><span lang=\"es-MX\"><a href=\"https:\/\/www.iesuscaritas.org\/wp-content\/uploads\/2025\/05\/buenos-aires-2025-07.jpg\"><img loading=\"lazy\" decoding=\"async\" class=\"alignright size-medium wp-image-7808\" src=\"https:\/\/www.iesuscaritas.org\/wp-content\/uploads\/2025\/05\/buenos-aires-2025-07-300x181.jpg\" alt=\"\" width=\"300\" height=\"181\" srcset=\"https:\/\/www.iesuscaritas.org\/wp-content\/uploads\/2025\/05\/buenos-aires-2025-07-300x181.jpg 300w, https:\/\/www.iesuscaritas.org\/wp-content\/uploads\/2025\/05\/buenos-aires-2025-07-1024x618.jpg 1024w, https:\/\/www.iesuscaritas.org\/wp-content\/uploads\/2025\/05\/buenos-aires-2025-07-768x463.jpg 768w, https:\/\/www.iesuscaritas.org\/wp-content\/uploads\/2025\/05\/buenos-aires-2025-07-1536x926.jpg 1536w, https:\/\/www.iesuscaritas.org\/wp-content\/uploads\/2025\/05\/buenos-aires-2025-07.jpg 1600w\" sizes=\"auto, (max-width: 300px) 100vw, 300px\" \/><\/a>Podczas tego Zgromadzenia po\u015bwi\u0119cili\u015bmy znaczn\u0105 ilo\u015b\u0107 czasu na aktualizacj\u0119 naszego Statutu i Katalogu, aby umo\u017cliwi\u0107 rozw\u00f3j naszych bractw na ca\u0142ym \u015bwiecie. Przedstawili\u015bmy cenne przemy\u015blenia i uwagi, kt\u00f3re ostatecznie zatwierdzili\u015bmy. Zostan\u0105 one przedstawione Kongregacji ds. Duchowie\u0144stwa, a nast\u0119pnie rozpowszechnione i studiowane przez naszych braci w r\u00f3\u017cnych krajach, w kt\u00f3rych dzia\u0142amy. Dokumenty te pomog\u0105 nam lepiej zrozumie\u0107 to\u017csamo\u015b\u0107 i nada\u0107 wi\u0119ksze znaczenie \u015bwiadectwom i pismom brata Karola.<\/span><\/p>\n<h2 align=\"justify\"><span lang=\"es-MX\">SPOTKANIE M\u0141ODYCH KAP\u0141AN\u00d3W NASZEGO BRACTWA<\/span><\/h2>\n<p align=\"justify\"><span lang=\"es-MX\"><a href=\"https:\/\/www.iesuscaritas.org\/wp-content\/uploads\/2025\/05\/buenos-aires-2025-08.jpg\"><img loading=\"lazy\" decoding=\"async\" class=\"size-medium wp-image-7809 alignleft\" src=\"https:\/\/www.iesuscaritas.org\/wp-content\/uploads\/2025\/05\/buenos-aires-2025-08-166x300.jpg\" alt=\"\" width=\"166\" height=\"300\" srcset=\"https:\/\/www.iesuscaritas.org\/wp-content\/uploads\/2025\/05\/buenos-aires-2025-08-166x300.jpg 166w, https:\/\/www.iesuscaritas.org\/wp-content\/uploads\/2025\/05\/buenos-aires-2025-08-566x1024.jpg 566w, https:\/\/www.iesuscaritas.org\/wp-content\/uploads\/2025\/05\/buenos-aires-2025-08-768x1390.jpg 768w, https:\/\/www.iesuscaritas.org\/wp-content\/uploads\/2025\/05\/buenos-aires-2025-08-848x1536.jpg 848w, https:\/\/www.iesuscaritas.org\/wp-content\/uploads\/2025\/05\/buenos-aires-2025-08-1131x2048.jpg 1131w, https:\/\/www.iesuscaritas.org\/wp-content\/uploads\/2025\/05\/buenos-aires-2025-08.jpg 1387w\" sizes=\"auto, (max-width: 166px) 100vw, 166px\" \/><\/a>W naszym Zgromadzeniu do\u015bwiadczyli\u015bmy bogactwa r\u00f3\u017cnorodno\u015bci kulturowej i duszpasterskiej. Chcieliby\u015bmy, aby m\u0142odzi ksi\u0119\u017ca z naszego Stowarzyszenia (poni\u017cej 45 roku \u017cycia) prze\u017cyli podobne do\u015bwiadczenie, kt\u00f3re jeszcze bardziej ich zainspiruje do na\u015bladowania naszego ukochanego Brata i Pana Jezusa, \u015bladami \u015bw. Karola de Foucauld. Organizacj\u0119 tego spotkania powierzamy nowemu mi\u0119dzynarodowemu zespo\u0142owi, przy duchowym i finansowym wsparciu wszystkich naszych Bractw. <\/span><\/p>\n<h2 align=\"justify\"><span lang=\"es-MX\">NOWY MI\u0118DZYNARODOWY ZESP\u00d3\u0141<\/span><\/h2>\n<p align=\"justify\"><span lang=\"es-MX\"><a href=\"https:\/\/www.iesuscaritas.org\/wp-content\/uploads\/2025\/05\/buenos-aires-2025-11.jpg\"><img loading=\"lazy\" decoding=\"async\" class=\"alignright size-medium wp-image-7812\" src=\"https:\/\/www.iesuscaritas.org\/wp-content\/uploads\/2025\/05\/buenos-aires-2025-11-300x199.jpg\" alt=\"\" width=\"300\" height=\"199\" srcset=\"https:\/\/www.iesuscaritas.org\/wp-content\/uploads\/2025\/05\/buenos-aires-2025-11-300x199.jpg 300w, https:\/\/www.iesuscaritas.org\/wp-content\/uploads\/2025\/05\/buenos-aires-2025-11.jpg 739w\" sizes=\"auto, (max-width: 300px) 100vw, 300px\" \/><\/a>Podczas Zgromadzenia wybrali\u015bmy naszego brata Carlosa Roberto dos SANTOS (Brazylia) na nowego dyrektora ds. mi\u0119dzynarodowych, kt\u00f3ry z kolei utworzy\u0142 sw\u00f3j zesp\u00f3\u0142: Roberto (Tino) FERRARI (Argentyna), Mark MERTES (USA), Boris SCH\u00dcSSEL (Szwajcaria) i Louis Edmond ESSEYI A GNADAM (Kamerun). Poprosi\u0142 r\u00f3wnie\u017c Erica LOZADA (Filipiny), aby zosta\u0142 jego delegatem w Azji i Yvesa de MALLMANN (Francja) o pomoc w utrzymaniu archiwum. Dzi\u0119kujemy wszystkim za skorzystanie z tej us\u0142ugi. Oferujemy nasze braterskie wsparcie i prosimy Pana Jezusa, aby wspiera\u0142 ci\u0119 swoj\u0105 \u0142ask\u0105, a Matk\u0119 Bo\u017c\u0105 z Luj\u00e1n, aby nad tob\u0105 czuwa\u0142a. <\/span><\/p>\n<p align=\"justify\"><span lang=\"es-MX\">Eric LOZADA<br \/>\n<\/span><span lang=\"es-MX\">Delegat\u00f3w XII Walnego Zgromadzenia Bractwa Kap\u0142a\u0144skiego IESUS CARITAS.<\/span><\/p>\n<p align=\"justify\"><a href=\"https:\/\/www.iesuscaritas.org\/wp-content\/uploads\/2025\/05\/buenos-aires-2025-09.jpg\"><img loading=\"lazy\" decoding=\"async\" class=\"aligncenter wp-image-7810 size-large\" src=\"https:\/\/www.iesuscaritas.org\/wp-content\/uploads\/2025\/05\/buenos-aires-2025-09-1024x536.jpg\" alt=\"\" width=\"678\" height=\"355\" srcset=\"https:\/\/www.iesuscaritas.org\/wp-content\/uploads\/2025\/05\/buenos-aires-2025-09-1024x536.jpg 1024w, https:\/\/www.iesuscaritas.org\/wp-content\/uploads\/2025\/05\/buenos-aires-2025-09-300x157.jpg 300w, https:\/\/www.iesuscaritas.org\/wp-content\/uploads\/2025\/05\/buenos-aires-2025-09-768x402.jpg 768w, https:\/\/www.iesuscaritas.org\/wp-content\/uploads\/2025\/05\/buenos-aires-2025-09.jpg 1280w\" sizes=\"auto, (max-width: 678px) 100vw, 678px\" \/><\/a><\/p>\n<p align=\"justify\"><span lang=\"es-MX\">Buenos Aires, 20 maja 2025 r.<br \/>\n<\/span><span lang=\"es-MX\">List ten mo\u017cna znale\u017a\u0107 na stronie iesuscaritas.org<\/span><\/p>\n<p align=\"justify\"><a href=\"https:\/\/www.iesuscaritas.org\/wp-content\/uploads\/2025\/05\/buenos-aires-2025-10.jpg\"><img loading=\"lazy\" decoding=\"async\" class=\"aligncenter wp-image-7811 size-large\" src=\"https:\/\/www.iesuscaritas.org\/wp-content\/uploads\/2025\/05\/buenos-aires-2025-10-1024x447.jpg\" alt=\"\" width=\"678\" height=\"296\" srcset=\"https:\/\/www.iesuscaritas.org\/wp-content\/uploads\/2025\/05\/buenos-aires-2025-10-1024x447.jpg 1024w, https:\/\/www.iesuscaritas.org\/wp-content\/uploads\/2025\/05\/buenos-aires-2025-10-300x131.jpg 300w, https:\/\/www.iesuscaritas.org\/wp-content\/uploads\/2025\/05\/buenos-aires-2025-10-768x336.jpg 768w, https:\/\/www.iesuscaritas.org\/wp-content\/uploads\/2025\/05\/buenos-aires-2025-10-1536x671.jpg 1536w, https:\/\/www.iesuscaritas.org\/wp-content\/uploads\/2025\/05\/buenos-aires-2025-10.jpg 1600w\" sizes=\"auto, (max-width: 678px) 100vw, 678px\" \/><\/a><\/p>\n<hr \/>\n<p align=\"justify\">PDF: <a href=\"https:\/\/www.iesuscaritas.org\/wp-content\/uploads\/2025\/05\/List-od-Buenos-Aires-maj-2025-pl.pdf\">List od Buenos Aires, maj 2025 pl<\/a><\/p>\n<p><\/p>","protected":false},"excerpt":{"rendered":"<p>DO BRACI Z KAP\u0141A\u0143SKIEGO BRACTWA IESUS CARITAS NA CA\u0141YM \u015aWIECIE Drodzy bracia, W dniach od 6 do 21 maja 2025 r. w Mons zebra\u0142o si\u0119 34 delegat\u00f3w ze stowarzysze\u0144 z <a class=\"more-link\" href=\"https:\/\/www.iesuscaritas.org\/pl\/carta-de-buenos-aires\/\">Continue Reading &rarr;<\/a><\/p>\n","protected":false},"author":1,"featured_media":0,"parent":0,"menu_order":2,"comment_status":"closed","ping_status":"closed","template":"","meta":{"footnotes":""},"class_list":["post-8000","page","type-page","status-publish","hentry"],"_links":{"self":[{"href":"https:\/\/www.iesuscaritas.org\/pl\/wp-json\/wp\/v2\/pages\/8000","targetHints":{"allow":["GET"]}}],"collection":[{"href":"https:\/\/www.iesuscaritas.org\/pl\/wp-json\/wp\/v2\/pages"}],"about":[{"href":"https:\/\/www.iesuscaritas.org\/pl\/wp-json\/wp\/v2\/types\/page"}],"author":[{"embeddable":true,"href":"https:\/\/www.iesuscaritas.org\/pl\/wp-json\/wp\/v2\/users\/1"}],"replies":[{"embeddable":true,"href":"https:\/\/www.iesuscaritas.org\/pl\/wp-json\/wp\/v2\/comments?post=8000"}],"version-history":[{"count":2,"href":"https:\/\/www.iesuscaritas.org\/pl\/wp-json\/wp\/v2\/pages\/8000\/revisions"}],"predecessor-version":[{"id":8002,"href":"https:\/\/www.iesuscaritas.org\/pl\/wp-json\/wp\/v2\/pages\/8000\/revisions\/8002"}],"wp:attachment":[{"href":"https:\/\/www.iesuscaritas.org\/pl\/wp-json\/wp\/v2\/media?parent=8000"}],"curies":[{"name":"wp","href":"https:\/\/api.w.org\/{rel}","templated":true}]}}