{"id":7978,"date":"2025-10-04T17:59:28","date_gmt":"2025-10-04T15:59:28","guid":{"rendered":"https:\/\/www.iesuscaritas.org\/?page_id=7978"},"modified":"2025-10-06T19:03:44","modified_gmt":"2025-10-06T17:03:44","slug":"equipo-internacional-tino-ferrari","status":"publish","type":"page","link":"https:\/\/www.iesuscaritas.org\/pl\/equipo-internacional-tino-ferrari\/","title":{"rendered":"Zesp\u00f3l Internationales. Tino FERRARI"},"content":{"rendered":"<p>W maju ubieg\u0142ego roku w Victorii, w Buenos Aires, w Argentynie, odby\u0142o si\u0119 XII Zgromadzenie Kap\u0142a\u0144skie Bractwa Jezusa Caritas. Uczestniczy\u0142o w nim trzydziestu sze\u015bciu delegat\u00f3w, w tym przedstawiciele krajowi i kontynentalni, a tak\u017ce ust\u0119puj\u0105ca Ekipa Mi\u0119dzynarodowa. W tym samym czasie w Rzymie odby\u0142o si\u0119 konklawe, gdzie Robert Prevost zosta\u0142 wybrany papie\u017cem Leonem XIV.<\/p>\n<p>Na naszym spotkaniu stan\u0119li\u015bmy r\u00f3wnie\u017c przed zadaniem wyboru nowego przewodnicz\u0105cego mi\u0119dzynarodowego. Zidentyfikowali\u015bmy Carlos Roberto do Santos z Brazylii, kt\u00f3ry pe\u0142ni\u0142 funkcj\u0119 przewodnicz\u0105cego Bractwa Panameryka\u0144skiego od 2022 roku, jako najodpowiedniejszego kandydata do tej roli. Kiedy kilku braci nominowa\u0142o Carlosa Roberto, ten hojnie wyrazi\u0142 gotowo\u015b\u0107 do podj\u0119cia si\u0119 wszystkich niezb\u0119dnych zada\u0144 dla zgromadzenia. Od momentu jego wyboru, w porozumieniu z poprzednimi przewodnicz\u0105cymi, kt\u00f3rzy uczestniczyli w naszym spotkaniu, zacz\u0119li\u015bmy rozwa\u017ca\u0107 kandydat\u00f3w, kt\u00f3rzy mogliby mu towarzyszy\u0107 w zespole mi\u0119dzynarodowym.<\/p>\n<p><a href=\"https:\/\/www.iesuscaritas.org\/wp-content\/uploads\/2025\/10\/equipo-internacional.jpg\"><img loading=\"lazy\" decoding=\"async\" class=\"size-large wp-image-7989 aligncenter\" src=\"https:\/\/www.iesuscaritas.org\/wp-content\/uploads\/2025\/10\/equipo-internacional-1024x473.jpg\" alt=\"\" width=\"678\" height=\"313\" srcset=\"https:\/\/www.iesuscaritas.org\/wp-content\/uploads\/2025\/10\/equipo-internacional-1024x473.jpg 1024w, https:\/\/www.iesuscaritas.org\/wp-content\/uploads\/2025\/10\/equipo-internacional-300x139.jpg 300w, https:\/\/www.iesuscaritas.org\/wp-content\/uploads\/2025\/10\/equipo-internacional-768x355.jpg 768w, https:\/\/www.iesuscaritas.org\/wp-content\/uploads\/2025\/10\/equipo-internacional.jpg 1280w\" sizes=\"auto, (max-width: 678px) 100vw, 678px\" \/><\/a><\/p>\n<p>Poprosi\u0142 Mark Mertes ze Stan\u00f3w Zjednoczonych o obj\u0119cie funkcji skarbnika i nadzorowanie finans\u00f3w Mi\u0119dzynarodowego Bractwa, podobnie jak czyni\u0142 to wcze\u015bniej, gdy Aurelio by\u0142 odpowiedzinlny mi\u0119dzynarodowym. Poproszono go r\u00f3wnie\u017c o zaproponowanie kryteri\u00f3w wykorzystania zasob\u00f3w Bractwa. Boris Schlussel, ze Szwajcarii i Dyrektor Kontynentalny na Europ\u0119, b\u0119dzie odpowiedzialny za koordynacj\u0119 komunikacji z tym kontynentem, prowadzenie osobistych dzia\u0142a\u0144 w banku, w kt\u00f3rym przechowywane jest konto Bractwa, oraz pomoc Carlosowi Roberto w niezb\u0119dnych krokach podejmowanych przez Stolic\u0119 Apostolsk\u0105 w celu zatwierdzenia zatwierdzonego statutu.<\/p>\n<p>Yves de Malltmann, brat z Francji, b\u0119dzie odpowiedzialny za organizacj\u0119 i ochron\u0119 archiw\u00f3w bractwa w Pary\u017cu. Louis Edmound Esseyi a Gnadam, odpowiedzialny za Kamerun i Biuro Kontynentalne Afryki, b\u0119dzie odpowiedzialny za komunikacj\u0119 z bra\u0107mi na tym kontynencie. \u00c9ric Lozada zosta\u0142 poproszony o pe\u0142nienie funkcji osoby kontaktowej dla bractw w Azji, bior\u0105c pod uwag\u0119 zar\u00f3wno dystans geograficzny, jak i kulturowy. Carlos Roberto poprosi\u0142 mnie o pe\u0142nienie funkcji asystenta generalnego zespo\u0142u i sekretarza spotka\u0144, sporz\u0105dzaj\u0105c protoko\u0142y z ka\u017cdego wirtualnego spotkania i pomagaj\u0105c mu w szczeg\u00f3lno\u015bci w dzia\u0142aniach w obu Amerykach.<br \/>\nMamy nadziej\u0119, \u017ce poprzez nasz\u0105 obecno\u015b\u0107 b\u0119dziemy w stanie zaspokoi\u0107 potrzeby i przyczyni\u0107 si\u0119 do rozwoju wsp\u00f3lnoty we wszystkich krajach, a w szczeg\u00f3lno\u015bci do tworzenia lub rozwoju nowych wsp\u00f3lnot, kt\u00f3re zaczynaj\u0105 od ma\u0142ych inicjatyw.<\/p>\n<p><a href=\"https:\/\/www.iesuscaritas.org\/wp-content\/uploads\/2025\/10\/tino-ferrari.jpg\"><img loading=\"lazy\" decoding=\"async\" class=\"alignright size-full wp-image-7987\" src=\"https:\/\/www.iesuscaritas.org\/wp-content\/uploads\/2025\/10\/tino-ferrari.jpg\" alt=\"\" width=\"173\" height=\"216\" \/><\/a>Roberto (Tino) FERRARI<br \/>\nArgentyna<\/p>\n<p>PDF: <a href=\"https:\/\/www.iesuscaritas.org\/wp-content\/uploads\/2025\/10\/Zespol-Neues-Internationales.-Tino-FERRARI-pl.pdf\">Zesp\u00f3l Neues Internationales. Tino FERRARI pl<\/a><\/p>","protected":false},"excerpt":{"rendered":"<p>W maju ubieg\u0142ego roku w Victorii, w Buenos Aires, w Argentynie, odby\u0142o si\u0119 XII Zgromadzenie Kap\u0142a\u0144skie Bractwa Jezusa Caritas. Uczestniczy\u0142o w nim trzydziestu sze\u015bciu delegat\u00f3w, w tym przedstawiciele krajowi i <a class=\"more-link\" href=\"https:\/\/www.iesuscaritas.org\/pl\/equipo-internacional-tino-ferrari\/\">Continue Reading &rarr;<\/a><\/p>\n","protected":false},"author":1,"featured_media":0,"parent":0,"menu_order":4,"comment_status":"closed","ping_status":"closed","template":"","meta":{"footnotes":""},"class_list":["post-7978","page","type-page","status-publish","hentry"],"_links":{"self":[{"href":"https:\/\/www.iesuscaritas.org\/pl\/wp-json\/wp\/v2\/pages\/7978","targetHints":{"allow":["GET"]}}],"collection":[{"href":"https:\/\/www.iesuscaritas.org\/pl\/wp-json\/wp\/v2\/pages"}],"about":[{"href":"https:\/\/www.iesuscaritas.org\/pl\/wp-json\/wp\/v2\/types\/page"}],"author":[{"embeddable":true,"href":"https:\/\/www.iesuscaritas.org\/pl\/wp-json\/wp\/v2\/users\/1"}],"replies":[{"embeddable":true,"href":"https:\/\/www.iesuscaritas.org\/pl\/wp-json\/wp\/v2\/comments?post=7978"}],"version-history":[{"count":11,"href":"https:\/\/www.iesuscaritas.org\/pl\/wp-json\/wp\/v2\/pages\/7978\/revisions"}],"predecessor-version":[{"id":7999,"href":"https:\/\/www.iesuscaritas.org\/pl\/wp-json\/wp\/v2\/pages\/7978\/revisions\/7999"}],"wp:attachment":[{"href":"https:\/\/www.iesuscaritas.org\/pl\/wp-json\/wp\/v2\/media?parent=7978"}],"curies":[{"name":"wp","href":"https:\/\/api.w.org\/{rel}","templated":true}]}}