{"id":7959,"date":"2025-10-04T13:08:50","date_gmt":"2025-10-04T11:08:50","guid":{"rendered":"https:\/\/www.iesuscaritas.org\/?page_id=7959"},"modified":"2025-10-06T19:03:31","modified_gmt":"2025-10-06T17:03:31","slug":"carlos-roberto-hermano-responsable","status":"publish","type":"page","link":"https:\/\/www.iesuscaritas.org\/pl\/carlos-roberto-hermano-responsable\/","title":{"rendered":"Carlos Roberto, menedzer miedzynarodowy"},"content":{"rendered":"<p>Drodzy Bracia Bractwa,<br \/>\nDzi\u0119kuj\u0119 Bogu za wspania\u0142e do\u015bwiadczenie braterstwa, jakie mieli\u015bmy na 12. Zgromadzeniu w Buenos Aires. Szczeg\u00f3lnie dzi\u0119kujemy Ericowi i jego zespo\u0142owi za zorganizowanie i koordynowanie ca\u0142ego spotkania, ale nie mo\u017cemy zapomnie\u0107 o zespole recepcji i logistyki w Argentynie, koordynowanym przez Tino. Niech B\u00f3g was wszystkich b\u0142ogos\u0142awi.<\/p>\n<p>Z pewno\u015bci\u0105 Brat Charles nadal inspiruje nas do \u201eg\u0142oszenia Ewangelii\u201d w naszej pos\u0142udze, realizuj\u0105c nasz\u0105 misj\u0119 \u201eprzez Jezusa i przez Ewangeli\u0119\u201d. Wszystko, czym dzielimy si\u0119 w krajowych i kontynentalnych raportach przedstawianych podczas zgromadzenia, w naszych rozmowach grupowych, przy stole lub podczas wycieczek, kt\u00f3re odbyli\u015bmy, nadal rezonuje w naszych umys\u0142ach i sercach.<\/p>\n<p>Czeka\u0142em na pierwsze wirtualne spotkanie Mi\u0119dzynarodowego Zespo\u0142u, aby napisa\u0107 do Ciebie ten list. Chcia\u0142em pos\u0142ucha\u0107 i podzieli\u0107 si\u0119 z bra\u0107mi z tego \u201ekoordynuj\u0105cego bractwa\u201d, kt\u00f3re dopiero si\u0119 zaczyna, \u201ewspomnieniami, uczuciami rado\u015bci, nadziei i wyzwaniami\u201d, kt\u00f3re pozosta\u0142y po Zgromadzeniu, aby pracowa\u0107 nad nimi przez nast\u0119pne sze\u015b\u0107 lat.<\/p>\n<p>Spo\u015br\u00f3d wszystkich naszych obaw, dwa stanowi\u0105 dla nas wyzwanie. Po pierwsze, nasze bractwa si\u0119 starzej\u0105, a po drugie, nie do\u0142\u0105czaj\u0105 do nich nowi ksi\u0119\u017ca. Dlaczego nie potrafimy dotrze\u0107 do serc i woli m\u0142odych ludzi? Czy to nasze \u015bwiadectwo \u017cycia, czy znaki czasu? Jedno jest jasne: ci\u0105g\u0142o\u015b\u0107 Kap\u0142a\u0144skiego Bractwa Jezusa Caritas jest problematyczna i musimy si\u0119 modli\u0107 i zastanawia\u0107, jak sobie z ni\u0105 poradzimy.<\/p>\n<p>To prawda, \u017ce \u200b\u200bdo\u015bwiadczamy epokowej zmiany z radykalnymi transformacjami we wszystkich dziedzinach \u017cycia, szczeg\u00f3lnie w warto\u015bciach, kt\u00f3rymi kieruje si\u0119 ludzko\u015b\u0107. Stare problemy ludzko\u015bci przeplataj\u0105 si\u0119 z fikcyjnymi problemami fake news\u00f3w. Komunikacja tej ery cyfrowej, z jej algorytmami, zmienia ludzkie postrzeganie i rozumienie rzeczywisto\u015bci egzystencjalnej, \u0142\u0105czenia si\u0119 z Bogiem i do\u015bwiadczania braterskich relacji ze sob\u0105. Do tego dochodz\u0105 niepewno\u015bci i obawy zwi\u0105zane z trzeci\u0105 wojn\u0105 \u015bwiatow\u0105, w kt\u00f3rej stawk\u0105 s\u0105 nie tylko konflikty geopolityczne, ale tak\u017ce etniczne i religijne. W konsekwencji wp\u0142ywa to na nasze \u017cycie i istnienie, czyli \u201enasze \u015bwiadectwo\u201d, poniewa\u017c ten \u015bwiat otacza nas ze wszystkich stron i wydaje si\u0119 udaremnia\u0107 nasz\u0105 wol\u0119 dzia\u0142ania i nasz\u0105 wol\u0119 \u017cycia duchowego. Jednak to w\u0142a\u015bnie w tej epoce jeste\u015bmy wezwani do \u017cycia duchowo\u015bci\u0105 Nazaretu, ostatniego miejsca. Podczas gdy \u015bwiat cyfrowy potrzebuje reflektor\u00f3w, mikrofon\u00f3w, b\u0142ysk\u00f3w piorun\u00f3w i lubi pojawia\u0107 si\u0119 g\u0142o\u015bno i wyra\u017anie, i stale si\u0119 pokazywa\u0107, by\u0107 \u201ewidzianym i s\u0142yszanym\u201d przez innych, duchowo\u015b\u0107 Nazaretu, prze\u017cywana w Kap\u0142a\u0144skim Bractwie Jezusa Caritas, \u015bladami brata Karola, obiera inny kierunek: milczenie, tajemnica i prostota, oderwanie i ub\u00f3stwo, upokorzenie w s\u0142u\u017cbie najmniejszym, za\u017cy\u0142o\u015b\u0107 z Jezusem z Nazaretu, aby dawa\u0107 \u015bwiadectwo dobroci i powszechnemu braterstwu. Jako brat Karol chcemy promowa\u0107 dar Chrystusa, kt\u00f3ry czyni nas bra\u0107mi i siostrami dla wszystkich, i modli\u0107 si\u0119 i dzia\u0142a\u0107 na rzecz tego \u015bwiata zranionego wojn\u0105 i przemoc\u0105. Ale pozostaje jedno pytanie: czy nasza duchowo\u015b\u0107 jest sprzeczna z dzisiejszym \u015bwiatem? Nie s\u0105dz\u0119. Czy mo\u017cna dotkn\u0105\u0107 ludzkich serc i umys\u0142\u00f3w przez internet? My\u015bl\u0119, \u017ce tak, ale musimy wiedzie\u0107 wi\u0119cej, aby lepiej ewangelizowa\u0107 w tym \u015bwiecie. Czy mo\u017cna dotkn\u0105\u0107 ich serc, aby spotkali Jezusa, ubogiego s\u0142ug\u0119, i do\u015bwiadczyli \u201ebycia z Nim\u201d i p\u00f3j\u015bcia za Nim? My\u015bl\u0119, \u017ce tak. Czego nie mo\u017cemy zrobi\u0107, to pozosta\u0107 bezczynni, my\u015bl\u0105c, \u017ce mamy du\u017co pracy do wykonania, dbaj\u0105c o parafi\u0119, seminarium, opiek\u0119 duszpastersk\u0105 itp.<\/p>\n<p>Bracia, wierz\u0119, \u017ce mo\u017cemy co\u015b zmieni\u0107, gdziekolwiek jeste\u015bmy, je\u015bli \u017cyjemy w blisko\u015bci, \u017cyczliwo\u015bci i mi\u0142o\u015bci. Sp\u00f3jrzmy na brata Charlesa. Co widzimy? Cz\u0142owieka, kt\u00f3ry \u017cy\u0142 rzeczywisto\u015bci\u0105 swoich czas\u00f3w, zdeterminowanego, by na\u015bladowa\u0107 swojego ukochanego Jezusa Chrystusa; zdeterminowanego, by da\u0107 \u015bwiadectwo temu, co Jezus zrobi\u0142by, gdyby by\u0142 na jego miejscu. B\u0105d\u017amy uwa\u017cni na rzeczywisto\u015b\u0107 wok\u00f3\u0142 nas, zar\u00f3wno na trudne i bolesne sytuacje, jak i na rado\u015bci i nadzieje, kt\u00f3re nas zach\u0119caj\u0105, czy to na \u015bwiecie, czy w naszych bractwach. Ale przede wszystkim trzymajmy wzrok utkwiony w Jezusie, tak jak robi\u0142 to brat Charles. Wskazuje on na Jezusa, szukaj\u0105c w Nim inspiracji, by dawa\u0107 \u015bwiadectwo o \u017cyciu w Nazarecie; brat Charles \u017cy\u0142 \u201eNazaretem\u201d we wszystkich miejscach i sytuacjach, kt\u00f3re napotka\u0142. S\u0142uchajmy ukochanego Jezusa z Nazaretu, kt\u00f3rego brat Charles s\u0142ucha\u0142 i zwraca\u0142 uwag\u0119 na ka\u017cde s\u0142owo, ka\u017cde dzia\u0142anie i spos\u00f3b, w jaki spotyka\u0142 ludzi, i stara\u0142 si\u0119 Go na\u015bladowa\u0107. W ka\u017cdej Eucharystii \u015bwi\u0119tujmy z naszym ukochanym Jezusem Jego dar \u017cycia; i oddajmy tak\u017ce nasze \u017cycie, ofiarowuj\u0105c siebie z Jezusem, tak jak uczyni\u0142 to Brat Charles, aby wsp\u00f3\u0142pracowa\u0107 w zbawieniu ludzi.<\/p>\n<p>Bracia, nasz ukochany Jezus z Nazaretu jest \u201ejedynym modelem\u201d, w kt\u00f3rym mo\u017cemy znale\u017a\u0107 odpowiedzi, kt\u00f3rych tak rozpaczliwie potrzebujemy w dzisiejszym \u015bwiecie.<\/p>\n<p>W imi\u0119 Jezusa, wielki u\u015bcisk z ca\u0142\u0105 moj\u0105 mi\u0142o\u015bci\u0105<\/p>\n<p><a href=\"https:\/\/www.iesuscaritas.org\/wp-content\/uploads\/2025\/10\/Carlos-Roberto-dos-Santos.jpg\"><img loading=\"lazy\" decoding=\"async\" class=\"alignright size-medium wp-image-7969\" src=\"https:\/\/www.iesuscaritas.org\/wp-content\/uploads\/2025\/10\/Carlos-Roberto-dos-Santos-204x300.jpg\" alt=\"\" width=\"204\" height=\"300\" srcset=\"https:\/\/www.iesuscaritas.org\/wp-content\/uploads\/2025\/10\/Carlos-Roberto-dos-Santos-204x300.jpg 204w, https:\/\/www.iesuscaritas.org\/wp-content\/uploads\/2025\/10\/Carlos-Roberto-dos-Santos.jpg 358w\" sizes=\"auto, (max-width: 204px) 100vw, 204px\" \/><\/a>Ojciec Carlos Roberto dos SANTOS,<br \/>\nMened\u017cer Mi\u0119dzynarodowy<\/p>\n<p>PDF: <a href=\"https:\/\/www.iesuscaritas.org\/wp-content\/uploads\/2025\/10\/Carlos-Roberto-menedzer-miedzynarodowy-pl.pdf\">Carlos Roberto, menedzer miedzynarodowy pl<\/a><\/p>","protected":false},"excerpt":{"rendered":"<p>Drodzy Bracia Bractwa, Dzi\u0119kuj\u0119 Bogu za wspania\u0142e do\u015bwiadczenie braterstwa, jakie mieli\u015bmy na 12. Zgromadzeniu w Buenos Aires. Szczeg\u00f3lnie dzi\u0119kujemy Ericowi i jego zespo\u0142owi za zorganizowanie i koordynowanie ca\u0142ego spotkania, ale <a class=\"more-link\" href=\"https:\/\/www.iesuscaritas.org\/pl\/carlos-roberto-hermano-responsable\/\">Continue Reading &rarr;<\/a><\/p>\n","protected":false},"author":1,"featured_media":0,"parent":0,"menu_order":3,"comment_status":"closed","ping_status":"closed","template":"","meta":{"footnotes":""},"class_list":["post-7959","page","type-page","status-publish","hentry"],"_links":{"self":[{"href":"https:\/\/www.iesuscaritas.org\/pl\/wp-json\/wp\/v2\/pages\/7959","targetHints":{"allow":["GET"]}}],"collection":[{"href":"https:\/\/www.iesuscaritas.org\/pl\/wp-json\/wp\/v2\/pages"}],"about":[{"href":"https:\/\/www.iesuscaritas.org\/pl\/wp-json\/wp\/v2\/types\/page"}],"author":[{"embeddable":true,"href":"https:\/\/www.iesuscaritas.org\/pl\/wp-json\/wp\/v2\/users\/1"}],"replies":[{"embeddable":true,"href":"https:\/\/www.iesuscaritas.org\/pl\/wp-json\/wp\/v2\/comments?post=7959"}],"version-history":[{"count":9,"href":"https:\/\/www.iesuscaritas.org\/pl\/wp-json\/wp\/v2\/pages\/7959\/revisions"}],"predecessor-version":[{"id":7977,"href":"https:\/\/www.iesuscaritas.org\/pl\/wp-json\/wp\/v2\/pages\/7959\/revisions\/7977"}],"wp:attachment":[{"href":"https:\/\/www.iesuscaritas.org\/pl\/wp-json\/wp\/v2\/media?parent=7959"}],"curies":[{"name":"wp","href":"https:\/\/api.w.org\/{rel}","templated":true}]}}