{"id":1,"date":"2013-12-07T10:40:00","date_gmt":"2013-12-07T10:40:00","guid":{"rendered":"http:\/\/www.iesuscaritas.org\/?p=1"},"modified":"2025-10-04T13:10:00","modified_gmt":"2025-10-04T11:10:00","slug":"bienvenidos","status":"publish","type":"page","link":"https:\/\/www.iesuscaritas.org\/pl\/bienvenidos\/","title":{"rendered":"Witamy"},"content":{"rendered":"<p><\/p>\n<h1 style=\"text-align: center;\">WITAMY NA NASZEJ STRONIE<\/h1>\n<p>Dzi\u0119kujemy za odwiedzenie nas.<\/p>\n<p><a href=\"http:\/\/www.iesuscaritas.org\/wp-content\/uploads\/2013\/12\/C320_dernierefoto6.jpg\"><img loading=\"lazy\" decoding=\"async\" class=\"alignright\" src=\"http:\/\/www.iesuscaritas.org\/wp-content\/uploads\/2013\/12\/C320_dernierefoto6-300x240.jpg\" alt=\"C320_dernierefoto6\" width=\"300\" height=\"240\" \/><\/a>Bractwo Kap\u0142a\u0144skie Iesus Caritas, w rodzinnym stylu bractw Karola de Foucauld, przedstawia wam nasz\u0105 rzeczywisto\u015b\u0107, projekty, marzenia i dzia\u0142ania, nasze podr\u00f3\u017ce w Ewangelii jako ksi\u0119\u017cy diecezjalnych.<\/p>\n<p>Niech ta komunikacja przybli\u017cy was do nas. B\u0119dziecie mogli przeczyta\u0107 w o\u015bmiu j\u0119zykach, kim jeste\u015bmy, jakie s\u0105 nasze wyzwania i do czego jeste\u015bmy powo\u0142ani.<\/p>\n<p>Biografia brata Karola, brata powszechnego, poka\u017ce wam do\u015bwiadczenie poszukuj\u0105cego chrze\u015bcijanina, kt\u00f3ry pragnie i\u015b\u0107 coraz g\u0142\u0119biej, dotrze\u0107 do najbardziej opuszczonych, gdzie B\u00f3g ma sw\u00f3j dom, nawet je\u015bli nie jest rozpoznawany lub po\u017c\u0105dany.<\/p>\n<p>Nasze \u017cycie w braterstwie, czy to w diecezjach, krajach lub regionach, czy jako braterstwo mi\u0119dzynarodowe, jest otwarte dla wszystkich ksi\u0119\u017cy diecezjalnych, tak jak otwarty by\u0142 dom w Nazarecie, tak jak otwarty musi by\u0107 Ko\u015bci\u00f3\u0142, kt\u00f3rego jeste\u015bmy cz\u0119\u015bci\u0105.<\/p>\n<p>Ty r\u00f3wnie\u017c jeste\u015b mile widziany.<\/p>\n<p>&nbsp;<\/p>","protected":false},"excerpt":{"rendered":"<p>WITAMY NA NASZEJ STRONIE Dzi\u0119kujemy za odwiedzenie nas. Bractwo Kap\u0142a\u0144skie Iesus Caritas, w rodzinnym stylu bractw Karola de Foucauld, przedstawia wam nasz\u0105 rzeczywisto\u015b\u0107, projekty, marzenia i dzia\u0142ania, nasze podr\u00f3\u017ce w <a class=\"more-link\" href=\"https:\/\/www.iesuscaritas.org\/pl\/bienvenidos\/\">Continue Reading &rarr;<\/a><\/p>\n","protected":false},"author":2,"featured_media":50,"parent":0,"menu_order":1,"comment_status":"open","ping_status":"open","template":"","meta":{"footnotes":""},"class_list":["post-1","page","type-page","status-publish","has-post-thumbnail","hentry"],"_links":{"self":[{"href":"https:\/\/www.iesuscaritas.org\/pl\/wp-json\/wp\/v2\/pages\/1","targetHints":{"allow":["GET"]}}],"collection":[{"href":"https:\/\/www.iesuscaritas.org\/pl\/wp-json\/wp\/v2\/pages"}],"about":[{"href":"https:\/\/www.iesuscaritas.org\/pl\/wp-json\/wp\/v2\/types\/page"}],"author":[{"embeddable":true,"href":"https:\/\/www.iesuscaritas.org\/pl\/wp-json\/wp\/v2\/users\/2"}],"replies":[{"embeddable":true,"href":"https:\/\/www.iesuscaritas.org\/pl\/wp-json\/wp\/v2\/comments?post=1"}],"version-history":[{"count":25,"href":"https:\/\/www.iesuscaritas.org\/pl\/wp-json\/wp\/v2\/pages\/1\/revisions"}],"predecessor-version":[{"id":7954,"href":"https:\/\/www.iesuscaritas.org\/pl\/wp-json\/wp\/v2\/pages\/1\/revisions\/7954"}],"wp:featuredmedia":[{"embeddable":true,"href":"https:\/\/www.iesuscaritas.org\/pl\/wp-json\/wp\/v2\/media\/50"}],"wp:attachment":[{"href":"https:\/\/www.iesuscaritas.org\/pl\/wp-json\/wp\/v2\/media?parent=1"}],"curies":[{"name":"wp","href":"https:\/\/api.w.org\/{rel}","templated":true}]}}