{"id":8063,"date":"2025-10-19T11:51:02","date_gmt":"2025-10-19T09:51:02","guid":{"rendered":"https:\/\/www.iesuscaritas.org\/?page_id=8063"},"modified":"2025-10-19T11:51:02","modified_gmt":"2025-10-19T09:51:02","slug":"nazaret","status":"publish","type":"page","link":"https:\/\/www.iesuscaritas.org\/nl\/nazaret\/","title":{"rendered":"(Espa\u00f1ol) Nazaret"},"content":{"rendered":"<p class=\"qtranxs-available-languages-message qtranxs-available-languages-message-nl\">Onze verontschuldigingen, dit bericht is alleen beschikbaar in <a href=\"https:\/\/www.iesuscaritas.org\/es\/wp-json\/wp\/v2\/pages\/8063\" class=\"qtranxs-available-language-link qtranxs-available-language-link-es\" title=\"Espa\u00f1ol\">Espa\u00f1ol<\/a>, <a href=\"https:\/\/www.iesuscaritas.org\/en\/wp-json\/wp\/v2\/pages\/8063\" class=\"qtranxs-available-language-link qtranxs-available-language-link-en\" title=\"English\">English<\/a>, <a href=\"https:\/\/www.iesuscaritas.org\/fr\/wp-json\/wp\/v2\/pages\/8063\" class=\"qtranxs-available-language-link qtranxs-available-language-link-fr\" title=\"Fran\u00e7ais\">Fran\u00e7ais<\/a>, <a href=\"https:\/\/www.iesuscaritas.org\/de\/wp-json\/wp\/v2\/pages\/8063\" class=\"qtranxs-available-language-link qtranxs-available-language-link-de\" title=\"Deutsch\">Deutsch<\/a>, <a href=\"https:\/\/www.iesuscaritas.org\/pt\/wp-json\/wp\/v2\/pages\/8063\" class=\"qtranxs-available-language-link qtranxs-available-language-link-pt\" title=\"Portugu\u00eas\">Portugu\u00eas<\/a>, <a href=\"https:\/\/www.iesuscaritas.org\/it\/wp-json\/wp\/v2\/pages\/8063\" class=\"qtranxs-available-language-link qtranxs-available-language-link-it\" title=\"Italiano\">Italiano<\/a> en <a href=\"https:\/\/www.iesuscaritas.org\/pl\/wp-json\/wp\/v2\/pages\/8063\" class=\"qtranxs-available-language-link qtranxs-available-language-link-pl\" title=\"Polski\">Polski<\/a>.<\/p>","protected":false},"excerpt":{"rendered":"<p>Onze verontschuldigingen, dit bericht is alleen beschikbaar in Espa\u00f1ol, English, Fran\u00e7ais, Deutsch, Portugu\u00eas, Italiano en Polski.<\/p>\n","protected":false},"author":1,"featured_media":0,"parent":0,"menu_order":7,"comment_status":"closed","ping_status":"closed","template":"","meta":{"footnotes":""},"class_list":["post-8063","page","type-page","status-publish","hentry"],"_links":{"self":[{"href":"https:\/\/www.iesuscaritas.org\/nl\/wp-json\/wp\/v2\/pages\/8063","targetHints":{"allow":["GET"]}}],"collection":[{"href":"https:\/\/www.iesuscaritas.org\/nl\/wp-json\/wp\/v2\/pages"}],"about":[{"href":"https:\/\/www.iesuscaritas.org\/nl\/wp-json\/wp\/v2\/types\/page"}],"author":[{"embeddable":true,"href":"https:\/\/www.iesuscaritas.org\/nl\/wp-json\/wp\/v2\/users\/1"}],"replies":[{"embeddable":true,"href":"https:\/\/www.iesuscaritas.org\/nl\/wp-json\/wp\/v2\/comments?post=8063"}],"version-history":[{"count":9,"href":"https:\/\/www.iesuscaritas.org\/nl\/wp-json\/wp\/v2\/pages\/8063\/revisions"}],"predecessor-version":[{"id":8081,"href":"https:\/\/www.iesuscaritas.org\/nl\/wp-json\/wp\/v2\/pages\/8063\/revisions\/8081"}],"wp:attachment":[{"href":"https:\/\/www.iesuscaritas.org\/nl\/wp-json\/wp\/v2\/media?parent=8063"}],"curies":[{"name":"wp","href":"https:\/\/api.w.org\/{rel}","templated":true}]}}