{"id":8000,"date":"2025-10-06T19:01:58","date_gmt":"2025-10-06T17:01:58","guid":{"rendered":"https:\/\/www.iesuscaritas.org\/?page_id=8000"},"modified":"2025-10-06T19:02:55","modified_gmt":"2025-10-06T17:02:55","slug":"carta-de-buenos-aires","status":"publish","type":"page","link":"https:\/\/www.iesuscaritas.org\/nl\/carta-de-buenos-aires\/","title":{"rendered":"Brief uit Buenos Aires"},"content":{"rendered":"<p><a href=\"https:\/\/www.iesuscaritas.org\/wp-content\/uploads\/2025\/02\/cuaresma2025-05.jpg\"><img loading=\"lazy\" decoding=\"async\" class=\"alignright size-full wp-image-7663\" src=\"https:\/\/www.iesuscaritas.org\/wp-content\/uploads\/2025\/02\/cuaresma2025-05.jpg\" alt=\"\" width=\"171\" height=\"133\" \/><\/a>AAN DE BROEDERS VAN DE PRIESTERLIJKE FRATERNITEIT IESUS CARITAS WERELDWIJD<\/p>\n<p>Beste broeders,<\/p>\n<p>Van 6 tot 21 mei 2025 kwamen 34 afgevaardigden van de priesterfraterniteiten uit 21 landen in Afrika, Amerika, Azi\u00eb en Europa bijeen in het Mgr. Aguirre Huis voor Retraites in de stad Buenos Aires, onder het motto: PRIESTERS VAN IESUS CARITAS, GETUIGEN EN PROMOTOREN VAN PRIESTERLIJKE EN UNIVERSELE BROEDERLIJKHEID, om de XIIe Algemene Vergadering van onze Vereniging te laten doorgaan.<\/p>\n<h2>WOORD VAN DANK<\/h2>\n<p><a href=\"https:\/\/www.iesuscaritas.org\/wp-content\/uploads\/2025\/05\/buenos-aires-2025-01.jpg\"><img loading=\"lazy\" decoding=\"async\" class=\"alignright wp-image-7802\" src=\"https:\/\/www.iesuscaritas.org\/wp-content\/uploads\/2025\/05\/buenos-aires-2025-01-210x300.jpg\" alt=\"\" width=\"175\" height=\"250\" srcset=\"https:\/\/www.iesuscaritas.org\/wp-content\/uploads\/2025\/05\/buenos-aires-2025-01-210x300.jpg 210w, https:\/\/www.iesuscaritas.org\/wp-content\/uploads\/2025\/05\/buenos-aires-2025-01-717x1024.jpg 717w, https:\/\/www.iesuscaritas.org\/wp-content\/uploads\/2025\/05\/buenos-aires-2025-01.jpg 763w\" sizes=\"auto, (max-width: 175px) 100vw, 175px\" \/><\/a>Allereerst willen we onze Argentijnse broeders en zusters bedanken voor hun warme welkom en gelegenheid die ze boden om ons kennis te laten maken met de cultuur van hun land. We zullen de culturele avond, de boottocht en wandeling door de rivierdelta van de Para\u00f1\u00e1, het bezoek aan het centrum van Buenos Aires en de pelgrimsmis in het heiligdom van Onze-Lieve-Vrouw van Luj\u00e1n niet snel vergeten. Wij willen ook onze dank betuigen aan de verschillende parochies die ons op zondag 11 mei met groot geloof, liefde en tederheid hebben ontvangen, aan bisschop Guillermo Caride van San Isidro, die ons even kwam bezoeken, en aan de broeders en zusters, leden van onze spirituele familie die zijn gekomen om hun ervaringen te delen.<\/p>\n<p><a href=\"https:\/\/www.iesuscaritas.org\/wp-content\/uploads\/2025\/05\/buenos-aires-2025-02-scaled.jpg\"><img loading=\"lazy\" decoding=\"async\" class=\"size-medium wp-image-7803 alignleft\" src=\"https:\/\/www.iesuscaritas.org\/wp-content\/uploads\/2025\/05\/buenos-aires-2025-02-300x195.jpg\" alt=\"\" width=\"300\" height=\"195\" srcset=\"https:\/\/www.iesuscaritas.org\/wp-content\/uploads\/2025\/05\/buenos-aires-2025-02-300x195.jpg 300w, https:\/\/www.iesuscaritas.org\/wp-content\/uploads\/2025\/05\/buenos-aires-2025-02-1024x665.jpg 1024w, https:\/\/www.iesuscaritas.org\/wp-content\/uploads\/2025\/05\/buenos-aires-2025-02-768x499.jpg 768w, https:\/\/www.iesuscaritas.org\/wp-content\/uploads\/2025\/05\/buenos-aires-2025-02-1536x998.jpg 1536w, https:\/\/www.iesuscaritas.org\/wp-content\/uploads\/2025\/05\/buenos-aires-2025-02-2048x1330.jpg 2048w\" sizes=\"auto, (max-width: 300px) 100vw, 300px\" \/><\/a>Wij voelen dezelfde dankbaarheid tegenover de broeders die ons hebben ingelicht met hun presentaties over de realiteit van de Argentijnse Kerk, het pontificaat van paus Franciscus en de Broederschap in het Nieuwe Testament, in de encycliek Fratelli Tutti en in het leven en apostolaat van de heilige Charles de Foucauld. Het betreft onderwerpen die de fraterniteiten nu ter beschikking staan \u200b\u200bvoor eigen studiewerk en reflectie; alles wordt gepubliceerd op de iesuscaritas.org pagina. Wij willen het aftredende internationale team speciaal bedanken: Eric LOZADA, Fernando TAPIA, Honor\u00e9 SAWADOGO, Tony LLANES en Matthias KEIL voor hun nauwe betrokkenheid en dienstbaarheid aan de broeders gedurende de afgelopen zes jaar en voor de uitstekende organisatie van deze vergadersessies.<\/p>\n<h2>EEN GEWONDE WERELD<\/h2>\n<p><a href=\"https:\/\/www.iesuscaritas.org\/wp-content\/uploads\/2025\/05\/buenos-aires-2025-03.jpg\"><img loading=\"lazy\" decoding=\"async\" class=\"alignright size-medium wp-image-7804\" src=\"https:\/\/www.iesuscaritas.org\/wp-content\/uploads\/2025\/05\/buenos-aires-2025-03-300x225.jpg\" alt=\"\" width=\"300\" height=\"225\" srcset=\"https:\/\/www.iesuscaritas.org\/wp-content\/uploads\/2025\/05\/buenos-aires-2025-03-300x225.jpg 300w, https:\/\/www.iesuscaritas.org\/wp-content\/uploads\/2025\/05\/buenos-aires-2025-03-768x576.jpg 768w, https:\/\/www.iesuscaritas.org\/wp-content\/uploads\/2025\/05\/buenos-aires-2025-03.jpg 977w\" sizes=\"auto, (max-width: 300px) 100vw, 300px\" \/><\/a>In een wereld vol verdeeldheid, polarisatie, machtswellust en oorlogen is de boodschap van Jezus van Nazareth over Universele Broederschap belangrijker dan ooit. Zo begreep paus Franciscus het en zijn woorden en daden laten dat keer op keer zien. Daarom voelen wij een sterke roeping om getuigen en vormers van broederschap te zijn, zowel in onze presbyteries als in de samenlevingen en culturen waarin ieder van ons aanwezig is, door grotere nabijheid en dienstbaarheid aan de armen, migranten, gemarginaliseerden en slachtoffers van allerlei vormen van misbruik. Wij weten dat zij het meest te lijden hebben onder het gebrek aan broederschap.<\/p>\n<h2>BROEDERSCHAP IS MOGELIJK<\/h2>\n<p><a href=\"https:\/\/www.iesuscaritas.org\/wp-content\/uploads\/2025\/05\/buenos-aires-2025-04.jpg\"><img loading=\"lazy\" decoding=\"async\" class=\"size-medium wp-image-7805 alignleft\" src=\"https:\/\/www.iesuscaritas.org\/wp-content\/uploads\/2025\/05\/buenos-aires-2025-04-300x133.jpg\" alt=\"\" width=\"300\" height=\"133\" srcset=\"https:\/\/www.iesuscaritas.org\/wp-content\/uploads\/2025\/05\/buenos-aires-2025-04-300x133.jpg 300w, https:\/\/www.iesuscaritas.org\/wp-content\/uploads\/2025\/05\/buenos-aires-2025-04-1024x453.jpg 1024w, https:\/\/www.iesuscaritas.org\/wp-content\/uploads\/2025\/05\/buenos-aires-2025-04-768x340.jpg 768w, https:\/\/www.iesuscaritas.org\/wp-content\/uploads\/2025\/05\/buenos-aires-2025-04-1536x680.jpg 1536w, https:\/\/www.iesuscaritas.org\/wp-content\/uploads\/2025\/05\/buenos-aires-2025-04.jpg 1575w\" sizes=\"auto, (max-width: 300px) 100vw, 300px\" \/><\/a>Broederschap is mogelijk. Dit is wat wij in deze algemene statutaire Vergadering hebben ervaren, ondanks de diversiteit aan talen, culturen en pastorale ervaringen. Elke dag wordt hier dan ook gekenmerkt door het gemeenschappelijk bidden van de lauden, de middag aanbidding en het vieren van de eucharistie in de avond. Hierdoor kunnen we deze dagen beleven in een sfeer van aandachtig luisteren, begrip tonen, vreugde ervaren, acceptatie ondervinden en dit alles in dialoog. Zo konden we ons persoonlijke verhaal delen, reflecteren op de onderwerpen die aan bod kwamen, aandachtig luisteren naar de gepresenteerde verslagen en werken aan onze statuten en ons bestuur.<\/p>\n<h2>ONZE FRATERNITEITEN<\/h2>\n<p><a href=\"https:\/\/www.iesuscaritas.org\/wp-content\/uploads\/2025\/05\/buenos-aires-2025-05-scaled.jpg\"><img loading=\"lazy\" decoding=\"async\" class=\"alignright size-medium wp-image-7806\" src=\"https:\/\/www.iesuscaritas.org\/wp-content\/uploads\/2025\/05\/buenos-aires-2025-05-237x300.jpg\" alt=\"\" width=\"237\" height=\"300\" srcset=\"https:\/\/www.iesuscaritas.org\/wp-content\/uploads\/2025\/05\/buenos-aires-2025-05-237x300.jpg 237w, https:\/\/www.iesuscaritas.org\/wp-content\/uploads\/2025\/05\/buenos-aires-2025-05-810x1024.jpg 810w, https:\/\/www.iesuscaritas.org\/wp-content\/uploads\/2025\/05\/buenos-aires-2025-05-768x971.jpg 768w, https:\/\/www.iesuscaritas.org\/wp-content\/uploads\/2025\/05\/buenos-aires-2025-05-1215x1536.jpg 1215w, https:\/\/www.iesuscaritas.org\/wp-content\/uploads\/2025\/05\/buenos-aires-2025-05-1620x2048.jpg 1620w, https:\/\/www.iesuscaritas.org\/wp-content\/uploads\/2025\/05\/buenos-aires-2025-05-scaled.jpg 2025w\" sizes=\"auto, (max-width: 237px) 100vw, 237px\" \/><\/a>Uit de berichten die wij hebben gehoord, blijkt dat onze broederschappen in verschillende landen in Europa en Amerika verouderen. In Afrika en Azi\u00eb is dit niet het geval. Daarom moeten we de broederschappen op beide continenten meer spirituele en financi\u00eble steun geven. In de landen van Europa en Amerika moeten we onze inspanningen vernieuwen om de heilige Charles de Foucauld bekend te maken in onze pastorie\u00ebn en weer priesters, diakens en seminaristen uitnodigen om zich bij onze Broederschap aan te sluiten. Daarom voelen wij een sterke roeping om nieuwe broederschappen te stichten en om de broeders die zijn slapende geraakt te betrekken bij mekaar of wakker te schudden.<\/p>\n<p><a href=\"https:\/\/www.iesuscaritas.org\/wp-content\/uploads\/2025\/05\/buenos-aires-2025-06-scaled.jpg\"><img loading=\"lazy\" decoding=\"async\" class=\"size-medium wp-image-7807 alignleft\" src=\"https:\/\/www.iesuscaritas.org\/wp-content\/uploads\/2025\/05\/buenos-aires-2025-06-300x160.jpg\" alt=\"\" width=\"300\" height=\"160\" srcset=\"https:\/\/www.iesuscaritas.org\/wp-content\/uploads\/2025\/05\/buenos-aires-2025-06-300x160.jpg 300w, https:\/\/www.iesuscaritas.org\/wp-content\/uploads\/2025\/05\/buenos-aires-2025-06-1024x545.jpg 1024w, https:\/\/www.iesuscaritas.org\/wp-content\/uploads\/2025\/05\/buenos-aires-2025-06-768x409.jpg 768w, https:\/\/www.iesuscaritas.org\/wp-content\/uploads\/2025\/05\/buenos-aires-2025-06-1536x817.jpg 1536w, https:\/\/www.iesuscaritas.org\/wp-content\/uploads\/2025\/05\/buenos-aires-2025-06-2048x1090.jpg 2048w, https:\/\/www.iesuscaritas.org\/wp-content\/uploads\/2025\/05\/buenos-aires-2025-06-754x400.jpg 754w\" sizes=\"auto, (max-width: 300px) 100vw, 300px\" \/><\/a>Om dit te bereiken, hebben we veel creativiteit nodig en een nog grotere trouw aan het charisma van Broeder Charles en aan de middelen voor spirituele groei die onze Broederschap ter beschikking staan. Ons getuigenis van een eenvoudig, broederlijk en vreugdevol leven, toegewijd aan de armen, dat voortkomt uit onze nauwe band met de Verrezen Jezus, zal altijd de beste manier zijn om nieuwe leden aan te trekken voor onze broederschap. Wij zijn ervan overtuigd dat de spiritualiteit van Broeder Charles, blijvende betekenis heeft, die altijd gericht is op het Evangelie en de Eucharistie, die gevierd en aanbeden wordt.<\/p>\n<h2>DE VERKIEZING VAN LEO XIV<\/h2>\n<p>Tijdens onze vergadering werd in Rome het conclaaf gehouden waarin een nieuwe opvolger van Petrus, paus Leo XIV, werd gekozen. Zijn verkiezing heeft ons niet afgeleid, maar ons juist bevestigd op de paden waarlangs de Heilige Geest zijn Kerk leidt: een vernieuwde missionaire impuls, een steeds grotere inzet voor gerechtigheid en vrede en een grotere deelname van alle gedoopten aan het leven van de Kerk. Wij geloven dat broederschap al tot uitdrukking komt in de synodale manier waarop wij ons geloof beleven en ons lidmaatschap van de Kerk vieren. Daarom voelen wij ons geroepen om deze kerkelijke stijl te bevorderen in onze parochies, christelijke gemeenschappen, bewegingen en andere pastorale omgevingen waarin wij onze bediening in praktijk brengen.<\/p>\n<h2>GE-UPDATE VERSIE VAN ONZE STATUTEN EN DIRECTORIUM<\/h2>\n<p><a href=\"https:\/\/www.iesuscaritas.org\/wp-content\/uploads\/2025\/05\/buenos-aires-2025-07.jpg\"><img loading=\"lazy\" decoding=\"async\" class=\"alignright size-medium wp-image-7808\" src=\"https:\/\/www.iesuscaritas.org\/wp-content\/uploads\/2025\/05\/buenos-aires-2025-07-300x181.jpg\" alt=\"\" width=\"300\" height=\"181\" srcset=\"https:\/\/www.iesuscaritas.org\/wp-content\/uploads\/2025\/05\/buenos-aires-2025-07-300x181.jpg 300w, https:\/\/www.iesuscaritas.org\/wp-content\/uploads\/2025\/05\/buenos-aires-2025-07-1024x618.jpg 1024w, https:\/\/www.iesuscaritas.org\/wp-content\/uploads\/2025\/05\/buenos-aires-2025-07-768x463.jpg 768w, https:\/\/www.iesuscaritas.org\/wp-content\/uploads\/2025\/05\/buenos-aires-2025-07-1536x926.jpg 1536w, https:\/\/www.iesuscaritas.org\/wp-content\/uploads\/2025\/05\/buenos-aires-2025-07.jpg 1600w\" sizes=\"auto, (max-width: 300px) 100vw, 300px\" \/><\/a>Tijdens deze Algemene Vergadering hebben we veel tijd besteed aan het actualiseren van onze statuten en het repertorium voor de ontwikkeling van onze broederschappen wereldwijd. Wij hebben waardevolle reflecties en bijdragen geleverd, en deze uiteindelijk goedgekeurd. Ze worden aan de Congregatie voor de Clerus aangeboden en vervolgens verspreid en bestudeerd door onze broeders in de verschillende landen waar we actief zijn. Deze documenten zullen ons helpen een duidelijker beeld te vormen van de identiteit van broeder Charles en meer relevantie te geven aan zijn getuigenis en geschriften.<\/p>\n<h2>BIJEENKOMST VAN JONGE PRIESTERS VAN ONZE BROEDERSCHAP<\/h2>\n<p><a href=\"https:\/\/www.iesuscaritas.org\/wp-content\/uploads\/2025\/05\/buenos-aires-2025-08.jpg\"><img loading=\"lazy\" decoding=\"async\" class=\"size-medium wp-image-7809 alignleft\" src=\"https:\/\/www.iesuscaritas.org\/wp-content\/uploads\/2025\/05\/buenos-aires-2025-08-166x300.jpg\" alt=\"\" width=\"166\" height=\"300\" srcset=\"https:\/\/www.iesuscaritas.org\/wp-content\/uploads\/2025\/05\/buenos-aires-2025-08-166x300.jpg 166w, https:\/\/www.iesuscaritas.org\/wp-content\/uploads\/2025\/05\/buenos-aires-2025-08-566x1024.jpg 566w, https:\/\/www.iesuscaritas.org\/wp-content\/uploads\/2025\/05\/buenos-aires-2025-08-768x1390.jpg 768w, https:\/\/www.iesuscaritas.org\/wp-content\/uploads\/2025\/05\/buenos-aires-2025-08-848x1536.jpg 848w, https:\/\/www.iesuscaritas.org\/wp-content\/uploads\/2025\/05\/buenos-aires-2025-08-1131x2048.jpg 1131w, https:\/\/www.iesuscaritas.org\/wp-content\/uploads\/2025\/05\/buenos-aires-2025-08.jpg 1387w\" sizes=\"auto, (max-width: 166px) 100vw, 166px\" \/><\/a>In onze Vergadering hebben wij de rijkdom aan culturele en pastorale diversiteit ervaren. Wij willen graag dat de jonge priesters van onze vereniging (jonger dan 45 jaar) een soortgelijke ervaring meemaken, die hen nog meer zal inspireren om onze geliefde Broeder en Heer Jezus te volgen, in de voetsporen van Sint Charles de Foucauld. Wij vertrouwen dit dan ook aan het nieuwe internationale team toe met de organisatie van deze bijeenkomst, met de geestelijke en financi\u00eble steun van al onze fraterniteiten.<\/p>\n<h2>NIEUW INTERNATIONAAL TEAM<\/h2>\n<p><a href=\"https:\/\/www.iesuscaritas.org\/wp-content\/uploads\/2025\/05\/buenos-aires-2025-11.jpg\"><img loading=\"lazy\" decoding=\"async\" class=\"alignright size-medium wp-image-7812\" src=\"https:\/\/www.iesuscaritas.org\/wp-content\/uploads\/2025\/05\/buenos-aires-2025-11-300x199.jpg\" alt=\"\" width=\"300\" height=\"199\" srcset=\"https:\/\/www.iesuscaritas.org\/wp-content\/uploads\/2025\/05\/buenos-aires-2025-11-300x199.jpg 300w, https:\/\/www.iesuscaritas.org\/wp-content\/uploads\/2025\/05\/buenos-aires-2025-11.jpg 739w\" sizes=\"auto, (max-width: 300px) 100vw, 300px\" \/><\/a>Tijdens de Algemene Vergadering kozen we onze broeder Carlos Roberto dos SANTOS (Brazili\u00eb) als nieuwe internationale verantwoordelijke en hij stelde op zijn beurt zijn team samen: met Roberto (Tino) FERRARI (Argentini\u00eb), Mark MERTES (VS), Boris SCH\u00dcSSEL (Zwitserland) en Louis Edmond ESSEYI A GNADAM (Kameroen). Hij heeft ook Eric LOZADA (Filipijnen) gevraagd om zijn afgevaardigde voor Azi\u00eb te zijn en Yves de MALLMANN (Frankrijk) om te helpen bij het onderhoud van het archief. Wij danken u allen voor het aanvaarden van deze dienst. Wij bieden u onze broederlijke steun aan en vragen de Heer Jezus om u met zijn genade te ondersteunen en bidden Onze Lieve Vrouw van Luj\u00e1n om over u te waken.<\/p>\n<p>Getekend, Eric LOZADA<br \/>\nVanwege de afgevaardigden van de 12e Algemene Vergadering van de Priesterfraterniteit IESUS CARITAS.<\/p>\n<p><a href=\"https:\/\/www.iesuscaritas.org\/wp-content\/uploads\/2025\/05\/buenos-aires-2025-09.jpg\"><img loading=\"lazy\" decoding=\"async\" class=\"aligncenter wp-image-7810 size-large\" src=\"https:\/\/www.iesuscaritas.org\/wp-content\/uploads\/2025\/05\/buenos-aires-2025-09-1024x536.jpg\" alt=\"\" width=\"678\" height=\"355\" srcset=\"https:\/\/www.iesuscaritas.org\/wp-content\/uploads\/2025\/05\/buenos-aires-2025-09-1024x536.jpg 1024w, https:\/\/www.iesuscaritas.org\/wp-content\/uploads\/2025\/05\/buenos-aires-2025-09-300x157.jpg 300w, https:\/\/www.iesuscaritas.org\/wp-content\/uploads\/2025\/05\/buenos-aires-2025-09-768x402.jpg 768w, https:\/\/www.iesuscaritas.org\/wp-content\/uploads\/2025\/05\/buenos-aires-2025-09.jpg 1280w\" sizes=\"auto, (max-width: 678px) 100vw, 678px\" \/><\/a><\/p>\n<p>Buenos Aires, 20 mei 2025.<br \/>\nDeze brief is te vinden op iesuscaritas.org<\/p>\n<p><a href=\"https:\/\/www.iesuscaritas.org\/wp-content\/uploads\/2025\/05\/buenos-aires-2025-10.jpg\"><img loading=\"lazy\" decoding=\"async\" class=\"aligncenter wp-image-7811 size-large\" src=\"https:\/\/www.iesuscaritas.org\/wp-content\/uploads\/2025\/05\/buenos-aires-2025-10-1024x447.jpg\" alt=\"\" width=\"678\" height=\"296\" srcset=\"https:\/\/www.iesuscaritas.org\/wp-content\/uploads\/2025\/05\/buenos-aires-2025-10-1024x447.jpg 1024w, https:\/\/www.iesuscaritas.org\/wp-content\/uploads\/2025\/05\/buenos-aires-2025-10-300x131.jpg 300w, https:\/\/www.iesuscaritas.org\/wp-content\/uploads\/2025\/05\/buenos-aires-2025-10-768x336.jpg 768w, https:\/\/www.iesuscaritas.org\/wp-content\/uploads\/2025\/05\/buenos-aires-2025-10-1536x671.jpg 1536w, https:\/\/www.iesuscaritas.org\/wp-content\/uploads\/2025\/05\/buenos-aires-2025-10.jpg 1600w\" sizes=\"auto, (max-width: 678px) 100vw, 678px\" \/><\/a><\/p>\n<hr \/>\n<p>PDF: <a href=\"https:\/\/www.iesuscaritas.org\/wp-content\/uploads\/2025\/05\/Brief-uit-Buenos-Aires-mei-2025-nl.pdf\">Brief uit Buenos Aires, mei 2025 nl<\/a><\/p>","protected":false},"excerpt":{"rendered":"<p>AAN DE BROEDERS VAN DE PRIESTERLIJKE FRATERNITEIT IESUS CARITAS WERELDWIJD Beste broeders, Van 6 tot 21 mei 2025 kwamen 34 afgevaardigden van de priesterfraterniteiten uit 21 landen in Afrika, Amerika, <a class=\"more-link\" href=\"https:\/\/www.iesuscaritas.org\/nl\/carta-de-buenos-aires\/\">Continue Reading &rarr;<\/a><\/p>\n","protected":false},"author":1,"featured_media":0,"parent":0,"menu_order":2,"comment_status":"closed","ping_status":"closed","template":"","meta":{"footnotes":""},"class_list":["post-8000","page","type-page","status-publish","hentry"],"_links":{"self":[{"href":"https:\/\/www.iesuscaritas.org\/nl\/wp-json\/wp\/v2\/pages\/8000","targetHints":{"allow":["GET"]}}],"collection":[{"href":"https:\/\/www.iesuscaritas.org\/nl\/wp-json\/wp\/v2\/pages"}],"about":[{"href":"https:\/\/www.iesuscaritas.org\/nl\/wp-json\/wp\/v2\/types\/page"}],"author":[{"embeddable":true,"href":"https:\/\/www.iesuscaritas.org\/nl\/wp-json\/wp\/v2\/users\/1"}],"replies":[{"embeddable":true,"href":"https:\/\/www.iesuscaritas.org\/nl\/wp-json\/wp\/v2\/comments?post=8000"}],"version-history":[{"count":2,"href":"https:\/\/www.iesuscaritas.org\/nl\/wp-json\/wp\/v2\/pages\/8000\/revisions"}],"predecessor-version":[{"id":8002,"href":"https:\/\/www.iesuscaritas.org\/nl\/wp-json\/wp\/v2\/pages\/8000\/revisions\/8002"}],"wp:attachment":[{"href":"https:\/\/www.iesuscaritas.org\/nl\/wp-json\/wp\/v2\/media?parent=8000"}],"curies":[{"name":"wp","href":"https:\/\/api.w.org\/{rel}","templated":true}]}}