{"id":7959,"date":"2025-10-04T13:08:50","date_gmt":"2025-10-04T11:08:50","guid":{"rendered":"https:\/\/www.iesuscaritas.org\/?page_id=7959"},"modified":"2025-10-06T19:03:31","modified_gmt":"2025-10-06T17:03:31","slug":"carlos-roberto-hermano-responsable","status":"publish","type":"page","link":"https:\/\/www.iesuscaritas.org\/nl\/carlos-roberto-hermano-responsable\/","title":{"rendered":"Carlos Roberto, verantwoordelijke broeder"},"content":{"rendered":"<p>Lieben Br\u00fcder der Fraternit\u00e4t,<br \/>\nIch danke Gott f\u00fcr die ausgezeichnete Erfahrung der Br\u00fcderlichkeit, die wir bei der XII. Versammlung in Buenos Aires erlebt haben. Besonders danken wir Eric und seinem Team f\u00fcr die Organisation und Koordination des gesamten Treffens, ohne dabei das Empfangs- und Logistikteam in Argentinien unter der Leitung von Tino zu vergessen. Gott segne euch.<\/p>\n<p>Sicherlich inspiriert uns Bruder Charles weiterhin, das Evangelium in unserem Dienst \u201elaut hinauszurufen\u201c und unsere Mission \u201eum Jesu und des Evangeliums willen\u201c zu leben. Alles, was wir in den nationalen und kontinentalen Berichten geteilt haben, die w\u00e4hrend der Versammlung vorgestellt wurden, sowie unsere Gespr\u00e4che in den Gruppen, beim Essen oder bei den Ausfl\u00fcgen, die wir gemacht haben, hallt noch immer in unseren K\u00f6pfen und Herzen nach.<\/p>\n<p>Ich habe auf das erste Online-Treffen des internationalen Teams gewartet, um euch diesen Brief zu schreiben. Ich wollte zuh\u00f6ren und mit den Br\u00fcdern dieser beginnenden \u201eKoordinationsfraternit\u00e4t\u201c die \u201eErinnerungen, Gef\u00fchle der Freude, der Hoffnung und die Herausforderungen\u201c teilen, die nach der Versammlung geblieben sind, damit wir in den n\u00e4chsten sechs Jahren an ihnen arbeiten k\u00f6nnen.<\/p>\n<p>Von all den Anliegen fallen uns zwei besonders auf. Erstens: Unsere Fraternit\u00e4ten altern. Zweitens: Es treten keine neuen Priester in unsere Fraternit\u00e4ten ein. Warum erreichen wir das Herz und den Willen der jungen Menschen nicht? Hat das mit unserem Lebenszeugnis zu tun oder sind es Zeichen der Zeit? Eines ist klar: Wir haben ein Problem mit der Kontinuit\u00e4t der Priesterlichen Fraternit\u00e4t Jesus Caritas, und es ist notwendig, dar\u00fcber zu beten und nachzudenken, wie wir damit umgehen werden.<\/p>\n<p>Es stimmt, dass wir einen Epochenwechsel mit radikalen Ver\u00e4nderungen in allen Lebensbereichen durchleben, insbesondere in den Werten, die das menschliche Leben leiten. Alte Probleme der Menschheit vermischen sich mit fiktiven Problemen der Fake News. Die Kommunikation dieser digitalen \u00c4ra mit ihren Algorithmen ver\u00e4ndert die Wahrnehmung und die Art und Weise, wie Menschen die existenzielle Realit\u00e4t verstehen, wie sie sich auf Gott beziehen und wie sie br\u00fcderliche Beziehungen untereinander leben.<\/p>\n<p>Hinzu kommen Unsicherheiten und die Angst vor einem m\u00f6glichen Dritten Weltkrieg, bei dem es nicht nur um geopolitische Konflikte, sondern auch um ethnische und religi\u00f6se geht. Das wirkt sich auf unser Leben und Dasein aus, also auf \u201eunser Zeugnis\u201c, denn diese Welt umgibt uns von allen Seiten und scheint unserem Wollen und Handeln sowie unserer Spiritualit\u00e4t zu widersprechen.<\/p>\n<p>Dennoch sind wir gerade in dieser Zeit berufen, die Spiritualit\u00e4t von Nazaret, die des letzten Platzes, zu leben. W\u00e4hrend die digitale Welt Scheinwerfer, Mikrofone, Glanz und Likes braucht, um lautstark sichtbar und h\u00f6rbar zu sein, um st\u00e4ndig gesehen und geh\u00f6rt zu werden, geht die Spiritualit\u00e4t von Nazaret, wie sie in der Priesterlichen Fraternit\u00e4t Jesus Caritas nach dem Vorbild von Bruder Charles gelebt wird, in eine andere Richtung: Stille, Verborgenheit und Einfachheit, Losl\u00f6sung und Leben mit bescheidenen Mitteln, Erniedrigung, um den Letzten zu dienen, Intimit\u00e4t mit Jesus von Nazaret, um G\u00fcte und universelle Br\u00fcderlichkeit zu bezeugen.<\/p>\n<p>Wir wollen, wie Bruder Charles, das Geschenk Christi verwirklichen, das uns zu Br\u00fcdern aller Menschen macht, und f\u00fcr diese von Krieg und Gewalt verwundete Welt beten und handeln. Doch eine Frage bleibt: Steht unsere Spiritualit\u00e4t im Widerspruch zur heutigen Welt? Ich denke nicht. Ist es m\u00f6glich, die Herzen und den Geist der Menschen \u00fcber das Internet zu erreichen? Ich denke ja, aber wir m\u00fcssen mehr dar\u00fcber lernen, um in dieser Welt besser evangelisieren zu k\u00f6nnen. Ist es m\u00f6glich, ihre Herzen zu ber\u00fchren, damit sie Jesus, den armen Diener, begegnen und die Erfahrung machen, \u201ebei ihm zu bleiben\u201c und seine Nachfolger zu werden? Ich denke ja.<\/p>\n<p>Was wir nicht tun d\u00fcrfen, ist nichts zu tun, mit der Ausrede, wir h\u00e4tten zu viel Arbeit in der Pfarrei, im Seminar, in der Pastoral usw.<\/p>\n<p>Br\u00fcder, ich glaube, wir k\u00f6nnen dort, wo wir sind, einen Unterschied machen, wenn wir N\u00e4he, G\u00fcte und Liebe leben. Schauen wir auf Bruder Charles. Was sehen wir? Einen Mann, der die Realit\u00e4t seiner Zeit gelebt hat, besessen davon, seinen geliebten Jesus Christus nachzuahmen, besessen davon, zu bezeugen, was Jesus an seiner Stelle tun w\u00fcrde.<\/p>\n<p>Achten wir auf die Realit\u00e4t, die uns umgibt \u2013 sowohl auf die schwierigen und schmerzhaften Situationen als auch auf die Freuden und Hoffnungen, die uns ermutigen, sei es in der Welt oder in unseren Fraternit\u00e4ten.<\/p>\n<p>Aber an erster Stelle m\u00fcssen wir den Blick auf Jesus richten, wie es Bruder Charles getan hat. Er zeigt auf Jesus, sucht in ihm die Inspiration, um das Leben von Nazaret zu bezeugen. Bruder Charles hat \u201eNazaret\u201c an jedem Ort und in jeder Situation gelebt, in der er war. H\u00f6ren wir auf den geliebten Jesus von Nazaret, auf den Bruder Charles so sehr h\u00f6rte und jede seiner Worte, Handlungen und Begegnungen mit den Menschen aufmerksam verfolgte und ihn nachahmte.<\/p>\n<p>In jeder Eucharistie feiern wir mit unserem geliebten Jesus sein Lebensopfer und schenken auch unser Leben, indem wir uns mit Jesus hingeben, wie es Bruder Charles getan hat, um zur Rettung der Menschen beizutragen.<\/p>\n<p>Br\u00fcder, unser geliebter Jesus von Nazaret ist das \u201eeinzige Vorbild\u201c, bei dem wir die Antworten finden, die wir f\u00fcr die heutige Welt so dringend brauchen.<\/p>\n<p>Im Namen Jesu, eine herzliche Umarmung mit all meiner Zuneigung<\/p>\n<p><a href=\"https:\/\/www.iesuscaritas.org\/wp-content\/uploads\/2025\/10\/Carlos-Roberto-dos-Santos.jpg\"><img loading=\"lazy\" decoding=\"async\" class=\"alignright size-medium wp-image-7969\" src=\"https:\/\/www.iesuscaritas.org\/wp-content\/uploads\/2025\/10\/Carlos-Roberto-dos-Santos-204x300.jpg\" alt=\"\" width=\"204\" height=\"300\" srcset=\"https:\/\/www.iesuscaritas.org\/wp-content\/uploads\/2025\/10\/Carlos-Roberto-dos-Santos-204x300.jpg 204w, https:\/\/www.iesuscaritas.org\/wp-content\/uploads\/2025\/10\/Carlos-Roberto-dos-Santos.jpg 358w\" sizes=\"auto, (max-width: 204px) 100vw, 204px\" \/><\/a>P. Carlos Roberto dos SANTOS,<br \/>\nInternationaler Verantwortlicher<\/p>\n<p>PDF: <a href=\"https:\/\/www.iesuscaritas.org\/wp-content\/uploads\/2025\/10\/Carlos-Roberto-verantwoordelijke-broeder-nl.pdf\">Carlos Roberto, verantwoordelijke broeder nl<\/a><\/p>","protected":false},"excerpt":{"rendered":"<p>Lieben Br\u00fcder der Fraternit\u00e4t, Ich danke Gott f\u00fcr die ausgezeichnete Erfahrung der Br\u00fcderlichkeit, die wir bei der XII. Versammlung in Buenos Aires erlebt haben. Besonders danken wir Eric und seinem <a class=\"more-link\" href=\"https:\/\/www.iesuscaritas.org\/nl\/carlos-roberto-hermano-responsable\/\">Continue Reading &rarr;<\/a><\/p>\n","protected":false},"author":1,"featured_media":0,"parent":0,"menu_order":3,"comment_status":"closed","ping_status":"closed","template":"","meta":{"footnotes":""},"class_list":["post-7959","page","type-page","status-publish","hentry"],"_links":{"self":[{"href":"https:\/\/www.iesuscaritas.org\/nl\/wp-json\/wp\/v2\/pages\/7959","targetHints":{"allow":["GET"]}}],"collection":[{"href":"https:\/\/www.iesuscaritas.org\/nl\/wp-json\/wp\/v2\/pages"}],"about":[{"href":"https:\/\/www.iesuscaritas.org\/nl\/wp-json\/wp\/v2\/types\/page"}],"author":[{"embeddable":true,"href":"https:\/\/www.iesuscaritas.org\/nl\/wp-json\/wp\/v2\/users\/1"}],"replies":[{"embeddable":true,"href":"https:\/\/www.iesuscaritas.org\/nl\/wp-json\/wp\/v2\/comments?post=7959"}],"version-history":[{"count":9,"href":"https:\/\/www.iesuscaritas.org\/nl\/wp-json\/wp\/v2\/pages\/7959\/revisions"}],"predecessor-version":[{"id":7977,"href":"https:\/\/www.iesuscaritas.org\/nl\/wp-json\/wp\/v2\/pages\/7959\/revisions\/7977"}],"wp:attachment":[{"href":"https:\/\/www.iesuscaritas.org\/nl\/wp-json\/wp\/v2\/media?parent=7959"}],"curies":[{"name":"wp","href":"https:\/\/api.w.org\/{rel}","templated":true}]}}