{"id":585,"date":"2014-10-05T18:36:07","date_gmt":"2014-10-05T17:36:07","guid":{"rendered":"http:\/\/www.iesuscaritas.org\/?page_id=585"},"modified":"2025-10-19T17:26:44","modified_gmt":"2025-10-19T15:26:44","slug":"escritos-originales-del-hermano-carlos-en-viviers-francia","status":"publish","type":"page","link":"https:\/\/www.iesuscaritas.org\/nl\/escritos-originales-del-hermano-carlos-en-viviers-francia\/","title":{"rendered":"(Espa\u00f1ol) Escritos originales del hermano Carlos en Viviers, Francia"},"content":{"rendered":"<p class=\"qtranxs-available-languages-message qtranxs-available-languages-message-nl\">Onze verontschuldigingen, dit bericht is alleen beschikbaar in <a href=\"https:\/\/www.iesuscaritas.org\/es\/wp-json\/wp\/v2\/pages\/585\" class=\"qtranxs-available-language-link qtranxs-available-language-link-es\" title=\"Espa\u00f1ol\">Espa\u00f1ol<\/a>, <a href=\"https:\/\/www.iesuscaritas.org\/en\/wp-json\/wp\/v2\/pages\/585\" class=\"qtranxs-available-language-link qtranxs-available-language-link-en\" title=\"English\">English<\/a>, <a href=\"https:\/\/www.iesuscaritas.org\/fr\/wp-json\/wp\/v2\/pages\/585\" class=\"qtranxs-available-language-link qtranxs-available-language-link-fr\" title=\"Fran\u00e7ais\">Fran\u00e7ais<\/a>, <a href=\"https:\/\/www.iesuscaritas.org\/de\/wp-json\/wp\/v2\/pages\/585\" class=\"qtranxs-available-language-link qtranxs-available-language-link-de\" title=\"Deutsch\">Deutsch<\/a>, <a href=\"https:\/\/www.iesuscaritas.org\/pt\/wp-json\/wp\/v2\/pages\/585\" class=\"qtranxs-available-language-link qtranxs-available-language-link-pt\" title=\"Portugu\u00eas\">Portugu\u00eas<\/a> en <a href=\"https:\/\/www.iesuscaritas.org\/it\/wp-json\/wp\/v2\/pages\/585\" class=\"qtranxs-available-language-link qtranxs-available-language-link-it\" title=\"Italiano\">Italiano<\/a>.<\/p>","protected":false},"excerpt":{"rendered":"<p>Onze verontschuldigingen, dit bericht is alleen beschikbaar in Espa\u00f1ol, English, Fran\u00e7ais, Deutsch, Portugu\u00eas en Italiano.<\/p>\n","protected":false},"author":1,"featured_media":0,"parent":0,"menu_order":5,"comment_status":"open","ping_status":"closed","template":"","meta":{"footnotes":""},"class_list":["post-585","page","type-page","status-publish","hentry"],"_links":{"self":[{"href":"https:\/\/www.iesuscaritas.org\/nl\/wp-json\/wp\/v2\/pages\/585","targetHints":{"allow":["GET"]}}],"collection":[{"href":"https:\/\/www.iesuscaritas.org\/nl\/wp-json\/wp\/v2\/pages"}],"about":[{"href":"https:\/\/www.iesuscaritas.org\/nl\/wp-json\/wp\/v2\/types\/page"}],"author":[{"embeddable":true,"href":"https:\/\/www.iesuscaritas.org\/nl\/wp-json\/wp\/v2\/users\/1"}],"replies":[{"embeddable":true,"href":"https:\/\/www.iesuscaritas.org\/nl\/wp-json\/wp\/v2\/comments?post=585"}],"version-history":[{"count":3,"href":"https:\/\/www.iesuscaritas.org\/nl\/wp-json\/wp\/v2\/pages\/585\/revisions"}],"predecessor-version":[{"id":588,"href":"https:\/\/www.iesuscaritas.org\/nl\/wp-json\/wp\/v2\/pages\/585\/revisions\/588"}],"wp:attachment":[{"href":"https:\/\/www.iesuscaritas.org\/nl\/wp-json\/wp\/v2\/media?parent=585"}],"curies":[{"name":"wp","href":"https:\/\/api.w.org\/{rel}","templated":true}]}}