{"id":8082,"date":"2025-10-19T12:40:37","date_gmt":"2025-10-19T10:40:37","guid":{"rendered":"https:\/\/www.iesuscaritas.org\/?page_id=8082"},"modified":"2025-10-19T17:45:11","modified_gmt":"2025-10-19T15:45:11","slug":"historia-de-la-fraternidad","status":"publish","type":"page","link":"https:\/\/www.iesuscaritas.org\/it\/historia-de-la-fraternidad\/","title":{"rendered":"Storia della Fraternit\u00e0"},"content":{"rendered":"<p><a href=\"https:\/\/www.iesuscaritas.org\/wp-content\/uploads\/2025\/10\/historia-fraternidad-01.jpg\"><img loading=\"lazy\" decoding=\"async\" class=\"size-full wp-image-8091 alignright\" src=\"https:\/\/www.iesuscaritas.org\/wp-content\/uploads\/2025\/10\/historia-fraternidad-01.jpg\" alt=\"\" width=\"171\" height=\"133\" \/><\/a>La Fraternit\u00e0 Sacerdotale Jesus Caritas ha una storia ricca di nomi e sogni evangelici. Dai suoi inizi sotto la guida di Ren\u00e9 Voillaume presso l&#8217;abbazia di Bouquen (Francia) con il nome di La Union (L&#8217;Unione) fino alla data in cui si \u00e8 appena tenuto il XII incontro internazionale, sono trascorsi settant&#8217;anni di preparazione al Concilio Vaticano II e sessanta anni di post-concilio, vivendo il Vangelo con la radicalit\u00e0 del testimone e cercatore della verit\u00e0 che fu San Charles de Foucauld ai suoi tempi.<\/p>\n<p>\u00c8 motivo di gratitudine ricordare Mons. Guy Riob\u00e9, primo responsabile generale, che, insieme a Pierre Cimitierre, Segretario Generale, mosse i primi passi con i consigli di Ren\u00e9 Voillaume. Furono momenti storici pieni di speranza, che si rifletterono nelle assemblee internazionali della cosiddetta Fraternit\u00e0 Sacerdotale Jesus Caritas e nelle proposte per il servizio di coordinamento e animazione delle diverse organizzazioni regionali che stavano emergendo in tutto il mondo:<\/p>\n<p>1\u00b0. Palestina 1962 (Guy Riob\u00e9, Francia);<br \/>\n2\u00b0. Lourdes 1965 (Pierre Loubier, Francia);<br \/>\n3\u00b0. Lourdes 1970 (Peter Hunemann, Germania);<br \/>\n4\u00b0. Montefiolo 1976 (Jacques Leclerc, Canada);<br \/>\n5\u00b0. Algeri 1982 (Gunther Lendbradl, Germania);<br \/>\n6\u00b0. Santo Domingo 1988 (Tony Philpot, Inghilterra);<br \/>\n7\u00ba. Cebu 1994 (Responsabile: Jim Murphy, Irlanda);<br \/>\n8\u00b0. Cairo 2000 (Responsabile: Mariano Puga (Cile);<br \/>\n9. San Paolo 2006 (Responsabile: Abraham Apolinario, Repubblica Dominicana);<br \/>\n10. Parigi 2012 (Responsabile: Aurelio Sanz (Spagna);<br \/>\n11. Cebu 2019 (Responsabile: Eric Lozada, Filippine);<br \/>\n12. Buenos Aires 2025 (Responsabile: Carlos Roberto dos Santos, Brasile).<\/p>\n<p><a href=\"https:\/\/www.iesuscaritas.org\/wp-content\/uploads\/2025\/10\/historia-fraternidad-02.jpg\"><img loading=\"lazy\" decoding=\"async\" class=\"alignleft wp-image-8092 size-thumbnail\" src=\"https:\/\/www.iesuscaritas.org\/wp-content\/uploads\/2025\/10\/historia-fraternidad-02-150x150.jpg\" alt=\"\" width=\"150\" height=\"150\" \/><\/a>La fraternit\u00e0 \u00e8 composta da sacerdoti diocesani, che sono sotto l&#8217;obbedienza del loro vescovo, solitamente nelle parrocchie. Formano fraternit\u00e0 locali che si incontrano mensilmente per pregare e rivedere la propria vita. La loro spiritualit\u00e0 si basa sulla ricerca di Ges\u00f9 e sull&#8217;amicizia con Lui, in linea con le intuizioni di San Carlo de Foucauld, e si articola in cinque assi fondamentali: lo spirito di Nazareth, l&#8217;opzione e l&#8217;impegno per i pi\u00f9 poveri, l&#8217;adorazione, il giorno mensile di deserto e la revisione di vita in fraternit\u00e0. Devono osservare il Mese di Nazareth almeno una volta nella vita.<\/p>\n<p>La fraternit\u00e0 sacerdotale \u00e8 in coordinamento con le diverse fraternit\u00e0 che compongono la famiglia spirituale di San Carlo de Foucauld, e in comunione con il Papa e la Chiesa universale.<\/p>\n<p>I responsabili locali, nazionali, continentali e internazionali coordinano lo sviluppo delle fraternit\u00e0, senza una struttura gerarchica. Attualmente, la Fraternit\u00e0 conta circa quattromila sacerdoti, impegnati nelle parrocchie, nelle periferie, nei luoghi umili, nei progetti di sviluppo umano, nelle carceri e negli ospedali. Sono sempre attenti a ci\u00f2 che il Vangelo ci chiede e desiderosi di essere in fondo alla scala sociale, come ci ha ispirato San Carlo de Foucauld.<\/p>\n<p><a href=\"https:\/\/www.iesuscaritas.org\/wp-content\/uploads\/2025\/10\/historia-fraternidad-03.jpg\"><img loading=\"lazy\" decoding=\"async\" class=\"aligncenter wp-image-8093 size-full\" src=\"https:\/\/www.iesuscaritas.org\/wp-content\/uploads\/2025\/10\/historia-fraternidad-03.jpg\" alt=\"\" width=\"950\" height=\"390\" srcset=\"https:\/\/www.iesuscaritas.org\/wp-content\/uploads\/2025\/10\/historia-fraternidad-03.jpg 950w, https:\/\/www.iesuscaritas.org\/wp-content\/uploads\/2025\/10\/historia-fraternidad-03-300x123.jpg 300w, https:\/\/www.iesuscaritas.org\/wp-content\/uploads\/2025\/10\/historia-fraternidad-03-768x315.jpg 768w\" sizes=\"auto, (max-width: 950px) 100vw, 950px\" \/><\/a><\/p>\n<hr \/>\n<p>PDF: <a href=\"https:\/\/www.iesuscaritas.org\/wp-content\/uploads\/2025\/10\/Storia-della-Fraternita-it.pdf\">Storia della Fraternit\u00e0 it<\/a><\/p>","protected":false},"excerpt":{"rendered":"<p>La Fraternit\u00e0 Sacerdotale Jesus Caritas ha una storia ricca di nomi e sogni evangelici. Dai suoi inizi sotto la guida di Ren\u00e9 Voillaume presso l&#8217;abbazia di Bouquen (Francia) con il <a class=\"more-link\" href=\"https:\/\/www.iesuscaritas.org\/it\/historia-de-la-fraternidad\/\">Continue Reading &rarr;<\/a><\/p>\n","protected":false},"author":1,"featured_media":0,"parent":0,"menu_order":10,"comment_status":"closed","ping_status":"closed","template":"","meta":{"footnotes":""},"class_list":["post-8082","page","type-page","status-publish","hentry"],"_links":{"self":[{"href":"https:\/\/www.iesuscaritas.org\/it\/wp-json\/wp\/v2\/pages\/8082","targetHints":{"allow":["GET"]}}],"collection":[{"href":"https:\/\/www.iesuscaritas.org\/it\/wp-json\/wp\/v2\/pages"}],"about":[{"href":"https:\/\/www.iesuscaritas.org\/it\/wp-json\/wp\/v2\/types\/page"}],"author":[{"embeddable":true,"href":"https:\/\/www.iesuscaritas.org\/it\/wp-json\/wp\/v2\/users\/1"}],"replies":[{"embeddable":true,"href":"https:\/\/www.iesuscaritas.org\/it\/wp-json\/wp\/v2\/comments?post=8082"}],"version-history":[{"count":20,"href":"https:\/\/www.iesuscaritas.org\/it\/wp-json\/wp\/v2\/pages\/8082\/revisions"}],"predecessor-version":[{"id":8121,"href":"https:\/\/www.iesuscaritas.org\/it\/wp-json\/wp\/v2\/pages\/8082\/revisions\/8121"}],"wp:attachment":[{"href":"https:\/\/www.iesuscaritas.org\/it\/wp-json\/wp\/v2\/media?parent=8082"}],"curies":[{"name":"wp","href":"https:\/\/api.w.org\/{rel}","templated":true}]}}