{"id":8041,"date":"2025-10-19T11:28:23","date_gmt":"2025-10-19T09:28:23","guid":{"rendered":"https:\/\/www.iesuscaritas.org\/?page_id=8041"},"modified":"2025-10-19T11:28:23","modified_gmt":"2025-10-19T09:28:23","slug":"la-pertenencia-a-la-fraternidad","status":"publish","type":"page","link":"https:\/\/www.iesuscaritas.org\/it\/la-pertenencia-a-la-fraternidad\/","title":{"rendered":"Appartenenza alla Fraternit\u00e0"},"content":{"rendered":"<p><a href=\"https:\/\/www.iesuscaritas.org\/wp-content\/uploads\/2025\/10\/iesus-caritas-bn.jpg\"><img loading=\"lazy\" decoding=\"async\" class=\"alignleft size-full wp-image-8051\" src=\"https:\/\/www.iesuscaritas.org\/wp-content\/uploads\/2025\/10\/iesus-caritas-bn.jpg\" alt=\"\" width=\"170\" height=\"146\" \/><\/a>La fraternit\u00e0 \u00e8 un gruppo di fratelli. Quando ci sentiamo e siamo fratelli, siamo una fraternit\u00e0.<\/p>\n<p>La Fraternit\u00e0 Sacerdotale Iesus Caritas, nel quadro delle Famiglie di Charles de FOUCAULD, ha una sua dinamica di sacerdoti diocesani, che ogni fraternit\u00e0 stabilisce e che tutte le fraternit\u00e0 adottano attraverso il Direttorio.<\/p>\n<p>Per appartenere a una fraternit\u00e0, \u00e8 necessario consolidare i legami di amicizia, la comprensione reciproca, le motivazioni di fiducia e sincerit\u00e0, gli atteggiamenti di fede e di ascolto; altrimenti, non sarebbe altro che appartenere a un gruppo di buoni amici, o a un gruppo di mutuo soccorso, se non di natura settaria, elitaria o spiritualista.<\/p>\n<p>Questo si riflette negli atteggiamenti fondamentali caratteristici di qualsiasi gruppo umano serio.<\/p>\n<p>Questi atteggiamenti potrebbero essere i seguenti:<\/p>\n<p>1. EMPATIA. Mettermi nei panni degli altri, mettermi al loro posto. Questo mi permetter\u00e0 di comprendere e accettare gli altri. Questo atteggiamento ci libera dai nodi personali che ci intrappolano nelle nostre opinioni, idee fisse, ecc.<\/p>\n<p>2. ASCOLTARE. Apriamo le orecchie del nostro cuore per ascoltare la voce del Signore nei nostri fratelli e sorelle, affinch\u00e9 a loro volta si sentano ascoltati e noi stessi ci prendiamo cura di loro.<\/p>\n<p>3. TRASPARENZA. Se non mi lascio vedere dentro, non potr\u00f2 vedere nemmeno gli altri. Sincerit\u00e0, onest\u00e0 nella comunicazione e il non giudicare mai sono segni di trasparenza nelle persone.<\/p>\n<p>4. RISPETTO. Sinonimo di amore e amicizia, premura per gli altri e accettazione degli altri cos\u00ec come sono. Quando c&#8217;\u00e8 rispetto, non c&#8217;\u00e8 solo buona educazione, ma anche flessibilit\u00e0 nelle relazioni e buona comprensione. Quando il rispetto viene a mancare, si perdono la vera amicizia, la collaborazione e lo spirito di squadra, e le relazioni si deteriorano fatalmente.<\/p>\n<p>5. RESA. Donarci liberamente agli altri, offrendo il meglio di noi stessi, senza aspettarci ricompense o essere ritenuti responsabili in seguito per tutto ci\u00f2 che abbiamo fatto. Amore libero e disinteressato.<\/p>\n<p>Fino a questo punto, potremmo parlare di un gruppo umano compatto e allo stesso tempo aperto. Compatto nelle sue convinzioni e aperto al miglioramento, all&#8217;accettazione delle critiche e delle innovazioni, aperto a nuovi membri e nuove idee.<\/p>\n<p>Come Fraternit\u00e0 Iesus Caritas, ci sono caratteristiche e atteggiamenti che tutti conosciamo bene, inquadrati nel carisma di Fratel Carlo e nella spiritualit\u00e0 del Vangelo: la vita fraterna, il deserto, la revisione di vita, l&#8217;adorazione, il Mese di Nazareth, l&#8217;opzione per gli ultimi, la contemplazione nella vita, la vita di Nazareth come stile di vita e di convivenza e, a sua volta, come stile pastorale.<\/p>\n<p>Lo sappiamo tutti molto bene. Ci\u00f2 che sarebbe necessario \u00e8 una riflessione approfondita sul coinvolgimento personale, legato alla vocazione ricevuta, e a livello comunitario \u2013 a livello locale o nazionale \u2013 su ci\u00f2 che \u00e8 specifico della nostra Fraternit\u00e0 e che implica un impegno sincero verso i nostri fratelli e sorelle, esseri umani, non solo verso il Signore come sacerdoti o consacrati.<\/p>\n<p>Considerato ci\u00f2, suggerisco i seguenti titoli:<\/p>\n<p>1. FRATERNIT\u00c0 E IMPEGNO EVANGELICO. La Fraternit\u00e0 mi avvicina al Vangelo? Mi aiuta a diffondere il Regno? Partiamo dalla nostra vocazione cristiana a seguire Ges\u00f9 fin dal battesimo, che si rinnova con la cresima e si rafforza nell&#8217;ordinazione, non come una professionalizzazione ma come servizio al Popolo di Dio e alla societ\u00e0. La mia Fraternit\u00e0 \u00e8 un segno del Vangelo nella mia diocesi, nella mia chiesa locale? Non ci poniamo ai margini come un&#8217;\u00e9lite.<\/p>\n<p>2. LA FRATERNIT\u00c0 COME MEZZO DI EVANGELIZZAZIONE. Mi sento evangelizzato attraverso la Fraternit\u00e0, attraverso ogni fratello? Mi sento chiamato non solo a vivere il Vangelo, ma anche ad annunciarlo con la mia vita \u2013 un punto chiave del carisma di Fratel Charles? Come sacerdoti, siamo chiamati ad annunciare Ges\u00f9, a condividere la Buona Novella con i poveri, la libert\u00e0 per gli schiavi\u2026 Non siamo professionisti della sacramentalizzazione o della predicazione, come gli intrattenitori dei media; Siamo inviati nel nome di Ges\u00f9. Credo e spero nello stile di Nazareth per evangelizzare? Nazareth non \u00e8 un&#8217;utopia; \u00e8 la vita quotidiana nelle sue piccole cose.<\/p>\n<p>3. FRATERNIT\u00c0 E SPIRITUALIT\u00c0. La nostra appartenenza alla Fraternit\u00e0 \u00e8 uno dei mezzi per coltivare lo spirito? La Fraternit\u00e0, il carisma di Fratel Carlo, \u00e8 per noi una scuola di preghiera, una risorsa per la vita interiore? Come Fraternit\u00e0, disponiamo di un&#8217;invidiabile ricchezza di risorse per il cammino spirituale di altri sacerdoti. I nostri ritiri e incontri sono apprezzati da coloro che si avvicinano a noi per la prima volta. Siamo stimati nelle nostre diocesi come uomini di preghiera, ma questo corrisponde alla realt\u00e0? Non si tratta di dare lezioni, ma di condividere un modo di amare Dio e di lasciarci amare da Lui.<\/p>\n<p>4. FRATERNIT\u00c0 E AMORE FRATERNO. Sono amico dei fratelli della Fraternit\u00e0? Mi prendo cura di loro? I loro dolori mi feriscono e le loro gioie mi rallegrano? La fraternit\u00e0 non \u00e8 un&#8217;etichetta ecclesiastica. Non scegliamo dove siamo; ci viene dato. Non scegliamo i nostri fratelli; ci vengono dati. Vedere la voce di Dio in tutto questo a volte \u00e8 difficile. Idealizzare la mia fraternit\u00e0 come uno stato perfetto di comprensione reciproca e amicizia \u00e8 un errore. Le persone, tutte diverse, hanno i loro valori e controvalori. Amare i nostri fratelli cos\u00ec come sono significa rispettarli. Questo rende pi\u00f9 facile lasciarci aiutare, ascoltare, contemplare la loro vita con gli occhi del cuore, senza giudicare atteggiamenti o eventi, ma sfidandoli quando necessario e lasciandoci sfidare. Abbiamo paura che gli altri entrino nella nostra vita? La nostra psicologia umana spesso ci maschera e generiamo difese.<\/p>\n<p>5. FRATERNIT\u00c0 E LUOGO TEOLOGICO. La fraternit\u00e0 \u00e8 l&#8217;ultimo posto per noi? Tutto questo pu\u00f2 essere sinonimo di falsa umilt\u00e0? Dio Amore \u00e8 anche nella mia fraternit\u00e0? Gli incontri con il Signore avvengono in contesti, momenti ed eventi molto diversi. A volte cerchiamo di pregare e non ci riusciamo; Altre volte \u00e8 il Signore che ci raggiunge e parla al nostro cuore. In che modo la mia fraternit\u00e0 mi aiuta e come posso aiutarla a trovare Dio nelle persone e nella vita? Ho ben chiaro che seguire il carisma di Fratel Charles significa cercare Dio e accettare l&#8217;ultimo posto? La Fraternit\u00e0, i fratelli, non tanto le strutture, o sono una priorit\u00e0 nel nostro tempo e nella nostra dedizione, oppure rimangono una splendida forma di complemento spirituale o di auto-aiuto.<\/p>\n<p>Appartenere alla Fraternit\u00e0 non \u00e8 un traguardo, \u00e8 un dono. Impegnarci significa continuare a impegnarci nell&#8217;opera di diffusione del Regno.<\/p>\n<p>Tutti noi rifuggiamo dalle etichette, sia sociali che pastorali; non ci piace essere additati dal clero diocesano come persone strane.<\/p>\n<p>La convinzione di essere chiamati da Ges\u00f9 a servirlo negli altri, a fare della nostra vita un annuncio e una denuncia, ci impegna ad essere coerenti, a non giocare con due mazzi.<\/p>\n<p>Consideriamo la Fraternit\u00e0 un ulteriore aiuto nell&#8217;ampia gamma di possibilit\u00e0 o offerte per vivere una spiritualit\u00e0 seria?<\/p>\n<p>Quanto mi preoccupo del progresso della mia fraternit\u00e0 e delle altre fraternit\u00e0?<\/p>\n<p>Valuto e leggo la posta della Fraternit\u00e0, il bollettino Jesus Caritas e le varie comunicazioni? Se possibile, accedo online ai siti web della fraternit\u00e0?<br \/>\nQuanto tempo dedico alla mia fraternit\u00e0 ogni settimana o ogni mese? Uso spesso il telefono per controllare gli altri? Li visito? Mi lascio amare quando anche loro si prendono cura di me? Considero la mia fraternit\u00e0 locale un piccolo feudo separato da altri gruppi o fraternit\u00e0? Forse un regno taifa (dove nessuno interferisce)? Siamo aperti alle critiche e alle innovazioni nello spirito del carisma?<\/p>\n<p>Mi trovo nella mia fraternit\u00e0 come potrei essere in qualsiasi altro gruppo di sacerdoti o laici? Perch\u00e9? Quali spazi posso condividere?<\/p>\n<p>Sono titubante nel parlare di fraternit\u00e0 all&#8217;interno del clero diocesano, in riunioni, incontri o celebrazioni, per paura di essere considerato diverso, etichettato? Perch\u00e9 &#8220;qui s\u00ec e l\u00ec no&#8221;?<\/p>\n<p>Per essere felici, dobbiamo amare chi siamo e ci\u00f2 che abbiamo, come dono e amore di Dio, come parte della sua eredit\u00e0.<\/p>\n<p>Grazie.<\/p>\n<p>Aurelio SANZ BAEZA<\/p>\n<hr \/>\n<p>PDF: <a href=\"https:\/\/www.iesuscaritas.org\/wp-content\/uploads\/2025\/10\/Appartenenza-alla-fraternita-it.pdf\">Appartenenza alla fraternit\u00e0 it<\/a><\/p>","protected":false},"excerpt":{"rendered":"<p>La fraternit\u00e0 \u00e8 un gruppo di fratelli. Quando ci sentiamo e siamo fratelli, siamo una fraternit\u00e0. La Fraternit\u00e0 Sacerdotale Iesus Caritas, nel quadro delle Famiglie di Charles de FOUCAULD, ha <a class=\"more-link\" href=\"https:\/\/www.iesuscaritas.org\/it\/la-pertenencia-a-la-fraternidad\/\">Continue Reading &rarr;<\/a><\/p>\n","protected":false},"author":1,"featured_media":0,"parent":0,"menu_order":9,"comment_status":"closed","ping_status":"closed","template":"","meta":{"footnotes":""},"class_list":["post-8041","page","type-page","status-publish","hentry"],"_links":{"self":[{"href":"https:\/\/www.iesuscaritas.org\/it\/wp-json\/wp\/v2\/pages\/8041","targetHints":{"allow":["GET"]}}],"collection":[{"href":"https:\/\/www.iesuscaritas.org\/it\/wp-json\/wp\/v2\/pages"}],"about":[{"href":"https:\/\/www.iesuscaritas.org\/it\/wp-json\/wp\/v2\/types\/page"}],"author":[{"embeddable":true,"href":"https:\/\/www.iesuscaritas.org\/it\/wp-json\/wp\/v2\/users\/1"}],"replies":[{"embeddable":true,"href":"https:\/\/www.iesuscaritas.org\/it\/wp-json\/wp\/v2\/comments?post=8041"}],"version-history":[{"count":12,"href":"https:\/\/www.iesuscaritas.org\/it\/wp-json\/wp\/v2\/pages\/8041\/revisions"}],"predecessor-version":[{"id":8062,"href":"https:\/\/www.iesuscaritas.org\/it\/wp-json\/wp\/v2\/pages\/8041\/revisions\/8062"}],"wp:attachment":[{"href":"https:\/\/www.iesuscaritas.org\/it\/wp-json\/wp\/v2\/media?parent=8041"}],"curies":[{"name":"wp","href":"https:\/\/api.w.org\/{rel}","templated":true}]}}