{"id":8014,"date":"2025-10-19T10:19:08","date_gmt":"2025-10-19T08:19:08","guid":{"rendered":"https:\/\/www.iesuscaritas.org\/?page_id=8014"},"modified":"2025-10-19T10:19:08","modified_gmt":"2025-10-19T08:19:08","slug":"la-revision-de-vida","status":"publish","type":"page","link":"https:\/\/www.iesuscaritas.org\/it\/la-revision-de-vida\/","title":{"rendered":"La Revisione di Vita"},"content":{"rendered":"<p><\/p>\n<h1>La Revisione di Vita, scuola di fraternit\u00e0<\/h1>\n<p><a href=\"https:\/\/www.iesuscaritas.org\/wp-content\/uploads\/2025\/10\/revision-vida-01.jpg\"><img loading=\"lazy\" decoding=\"async\" class=\"aligncenter wp-image-8025 size-full\" src=\"https:\/\/www.iesuscaritas.org\/wp-content\/uploads\/2025\/10\/revision-vida-01.jpg\" alt=\"\" width=\"810\" height=\"617\" srcset=\"https:\/\/www.iesuscaritas.org\/wp-content\/uploads\/2025\/10\/revision-vida-01.jpg 810w, https:\/\/www.iesuscaritas.org\/wp-content\/uploads\/2025\/10\/revision-vida-01-300x229.jpg 300w, https:\/\/www.iesuscaritas.org\/wp-content\/uploads\/2025\/10\/revision-vida-01-768x585.jpg 768w\" sizes=\"auto, (max-width: 810px) 100vw, 810px\" \/><\/a><\/p>\n<h2>I Cosa dice il Direttorio?<\/h2>\n<p><a href=\"https:\/\/www.iesuscaritas.org\/wp-content\/uploads\/2025\/10\/revision-vida-02.jpg\"><img loading=\"lazy\" decoding=\"async\" class=\"alignright size-medium wp-image-8026\" src=\"https:\/\/www.iesuscaritas.org\/wp-content\/uploads\/2025\/10\/revision-vida-02-300x300.jpg\" alt=\"\" width=\"300\" height=\"300\" srcset=\"https:\/\/www.iesuscaritas.org\/wp-content\/uploads\/2025\/10\/revision-vida-02-300x300.jpg 300w, https:\/\/www.iesuscaritas.org\/wp-content\/uploads\/2025\/10\/revision-vida-02-150x150.jpg 150w, https:\/\/www.iesuscaritas.org\/wp-content\/uploads\/2025\/10\/revision-vida-02.jpg 500w\" sizes=\"auto, (max-width: 300px) 100vw, 300px\" \/><\/a>\u00ab\u00c8 soprattutto nella Revisione di vita che la fraternit\u00e0 esercita la sua funzione di regola di vita. Si parla molto di revisione di vita, ma si indicano realt\u00e0 diverse: diversi scambi, studi evangelici, revisione di vita apostolica. Per noi, in fraternit\u00e0, il Raevisione di vita \u00e8 un atto di fede comune, in cui condividiamo eventi, preoccupazioni, speranze e delusioni, una lettura comune della vita per scoprire in essa le chiamate del Signore (&#8230;)<\/p>\n<p>La RV \u00e8, prima di tutto, uno sguardo contemplativo sull&#8217;azione dello Spirito Santo nella nostra vita. E nello stesso tempo \u00e8 il mezzo di una conversione permanente che deve arrivare anche al meglio di ciascuno, per essere sempre disponibili alle chiamate del Signore, proprio l\u00e0 dove non erano attese, dove non avevamo visto n\u00e9 ascoltato lui fino ad ora. La RV ci aiuta a scoprire il Signore che per noi \u00e8 sempre pi\u00f9 grande, sempre diverso e perfino sconcertante.<\/p>\n<p>C&#8217;\u00e8 unit\u00e0 di processo tra la Revisione di Vita e gli altri mezzi della Fraternit\u00e0. La RV si prepara preferibilmente nel deserto, sempre nella preghiera e, se possibile, per iscritto. \u00c8 meglio non farlo che improvvisarlo. Presuppone un clima di preghiera, di ascolto della Parola di Dio, di attenzione reciproca. Non c&#8217;\u00e8 bisogno di temere i momenti di silenzio. Dobbiamo avere il coraggio di interrogarci, con delicatezza, ma francamente, senza timore di tensioni e possibili confronti. La falsa amicizia \u00e8 la morte delle vere recensioni di vita e quindi della fraternit\u00e0.<\/p>\n<p>Fare una RV implica l&#8217;impegno di ciascuno a realizzare insieme gli appelli ricevuti. Ognuno deve sentirsi responsabile e solidale degli altri.<br \/>\nUn&#8217;autentica rassegna di vita pu\u00f2 introdurci al mistero della morte e risurrezione di Cristo che opera in noi. E, a volte, ci condurr\u00e0 al sacramento della riconciliazione\u00bb.<\/p>\n<h2>II Comprendere la RV come scuola di ascolto, discernimento e fraternit\u00e0<\/h2>\n<p><a href=\"https:\/\/www.iesuscaritas.org\/wp-content\/uploads\/2025\/10\/revision-vida-03.jpg\"><img loading=\"lazy\" decoding=\"async\" class=\"size-medium wp-image-8027 alignleft\" src=\"https:\/\/www.iesuscaritas.org\/wp-content\/uploads\/2025\/10\/revision-vida-03-300x251.jpg\" alt=\"\" width=\"300\" height=\"251\" srcset=\"https:\/\/www.iesuscaritas.org\/wp-content\/uploads\/2025\/10\/revision-vida-03-300x251.jpg 300w, https:\/\/www.iesuscaritas.org\/wp-content\/uploads\/2025\/10\/revision-vida-03.jpg 500w\" sizes=\"auto, (max-width: 300px) 100vw, 300px\" \/><\/a>Insieme all&#8217;adorazione, \u00e8 il punto forte del Ritiro.<\/p>\n<p>Il suo obiettivo \u00e8 aiutarci ad avere una visione contemplativa della vita, della realt\u00e0. Guarda la vita attraverso gli occhi di Dio.<\/p>\n<p>Non \u00e8 una semplice tecnica di incontro fraterno o di gruppo. Cerca di educare un cuore contemplativo.<\/p>\n<p>Non \u00e8, quindi, n\u00e9 confessione n\u00e9 direzione spirituale. nessuno strumento per capire o interpretare.<\/p>\n<p>Si tratta di:<\/p>\n<p>1. Un modo per cercare la presenza dello Spirito Santo nella nostra vita, parlando con i nostri fratelli perch\u00e9, sulla base della ricerca, ci aiutino a trovare la volont\u00e0 di Dio. Non \u00e8 chiedere consiglio, ma discernere insieme. Il camper \u00e8 preparato in adorazione e silenzio<\/p>\n<p>2. Un modo di leggere il Vangelo nella vita degli uomini e un modo di leggere il Vangelo nella Chiesa. Leggi nei fatti, e in gruppo, i moti dello Spirito.<\/p>\n<p>3. Un incontro con Ges\u00f9 oggi, un Ges\u00f9 che vive nelle realt\u00e0 del mondo e degli uomini di oggi.<\/p>\n<p>4. Una domanda sul mio modo di essere e di vivere, attraverso ci\u00f2 che vivono gli altri.<\/p>\n<p>5. Una partecipazione fraterna alla vita dei fratelli.<\/p>\n<p>Come ti prepari?<\/p>\n<p>Si prepara all&#8217;adorazione e al silenzio. Un tempo di silenzio in cui si mescolano fatti di vita e adorazione.<\/p>\n<h2>III Vita fraterna e RV<\/h2>\n<p><a href=\"https:\/\/www.iesuscaritas.org\/wp-content\/uploads\/2025\/10\/revision-vida-04.jpg\"><img loading=\"lazy\" decoding=\"async\" class=\"alignright size-medium wp-image-8028\" src=\"https:\/\/www.iesuscaritas.org\/wp-content\/uploads\/2025\/10\/revision-vida-04-300x300.jpg\" alt=\"\" width=\"300\" height=\"300\" srcset=\"https:\/\/www.iesuscaritas.org\/wp-content\/uploads\/2025\/10\/revision-vida-04-300x300.jpg 300w, https:\/\/www.iesuscaritas.org\/wp-content\/uploads\/2025\/10\/revision-vida-04-150x150.jpg 150w, https:\/\/www.iesuscaritas.org\/wp-content\/uploads\/2025\/10\/revision-vida-04.jpg 500w\" sizes=\"auto, (max-width: 300px) 100vw, 300px\" \/><\/a>Nella Fraternit\u00e0, la RV deve essere anche condividere il modo in cui la rilettura della vita ci riporta alle intuizioni di Charles de Foucauld e della Fraternit\u00e0: adorazione, Vangelo, sollecitudine per i poveri, essere fratelli, come Ges\u00f9.<\/p>\n<p>* Il suo fondamento teologico \u00e8 l&#8217;esperienza biblica che il Signore sta condividendo con il suo popolo e con coloro che formano la sua stessa storia, facendo della storia di ciascuno una storia di salvezza. Quello sguardo contemplativo ci aiuter\u00e0 a imparare a vedere il doppio volto di ogni situazione. C&#8217;\u00e8 un primo aspetto che vediamo, e sullo sfondo un tocco di Dio.<\/p>\n<p>* Oltre ad essere la materia che guardiamo in modo contemplativo, \u00e8 il mezzo di una conversione permanente. Ogni volta che andiamo alla RV, andiamo in atteggiamento di conversione, pronti a vedere quale parte di noi deve cambiare, quella degli altri, per aiutarli a leggere la strada.<\/p>\n<p>* Vivere insieme la RV \u00e8 vivere un&#8217;esperienza di Dio, enorme, attraverso le situazioni che stiamo presentando nella RV: vediamo la provvidenza di Dio e la sua amicizia.<\/p>\n<p>* Questo \u00e8 il motivo per cui a volte provocher\u00e0 un ringraziamento. Altri, una richiesta di perdono, o una richiesta di aiuto per realizzare ci\u00f2 che vediamo.<\/p>\n<p>* Le parole sono importanti quanto i silenzi. Senza fretta. Ci sono silenzi interessanti, di uno o del gruppo, da rispettare, interiorizzare, chiedere aiuto, far affondare ci\u00f2 che sentiamo. Dobbiamo rispettare il ritmo che ci richiede una comunicazione seria.<\/p>\n<p><a href=\"https:\/\/www.iesuscaritas.org\/wp-content\/uploads\/2025\/10\/manuel-pozo-oller.jpg\"><img loading=\"lazy\" decoding=\"async\" class=\"alignright size-medium wp-image-8024\" src=\"https:\/\/www.iesuscaritas.org\/wp-content\/uploads\/2025\/10\/manuel-pozo-oller-291x300.jpg\" alt=\"\" width=\"291\" height=\"300\" srcset=\"https:\/\/www.iesuscaritas.org\/wp-content\/uploads\/2025\/10\/manuel-pozo-oller-291x300.jpg 291w, https:\/\/www.iesuscaritas.org\/wp-content\/uploads\/2025\/10\/manuel-pozo-oller.jpg 433w\" sizes=\"auto, (max-width: 291px) 100vw, 291px\" \/><\/a>Manuel POZO OLLER, fraternit\u00e0 di Spagna<\/p>\n<hr \/>\n<p>PDF: <a href=\"https:\/\/www.iesuscaritas.org\/wp-content\/uploads\/2025\/10\/La-Revisione-di-Vita-scuola-di-fraternita.-Manuel-POZO-OLLER-it.pdf\">La Revisione di Vita, scuola di fraternit\u00e0. Manuel POZO OLLER it<\/a><\/p>","protected":false},"excerpt":{"rendered":"<p>La Revisione di Vita, scuola di fraternit\u00e0 I Cosa dice il Direttorio? \u00ab\u00c8 soprattutto nella Revisione di vita che la fraternit\u00e0 esercita la sua funzione di regola di vita. Si <a class=\"more-link\" href=\"https:\/\/www.iesuscaritas.org\/it\/la-revision-de-vida\/\">Continue Reading &rarr;<\/a><\/p>\n","protected":false},"author":1,"featured_media":0,"parent":0,"menu_order":8,"comment_status":"closed","ping_status":"closed","template":"","meta":{"footnotes":""},"class_list":["post-8014","page","type-page","status-publish","hentry"],"_links":{"self":[{"href":"https:\/\/www.iesuscaritas.org\/it\/wp-json\/wp\/v2\/pages\/8014","targetHints":{"allow":["GET"]}}],"collection":[{"href":"https:\/\/www.iesuscaritas.org\/it\/wp-json\/wp\/v2\/pages"}],"about":[{"href":"https:\/\/www.iesuscaritas.org\/it\/wp-json\/wp\/v2\/types\/page"}],"author":[{"embeddable":true,"href":"https:\/\/www.iesuscaritas.org\/it\/wp-json\/wp\/v2\/users\/1"}],"replies":[{"embeddable":true,"href":"https:\/\/www.iesuscaritas.org\/it\/wp-json\/wp\/v2\/comments?post=8014"}],"version-history":[{"count":13,"href":"https:\/\/www.iesuscaritas.org\/it\/wp-json\/wp\/v2\/pages\/8014\/revisions"}],"predecessor-version":[{"id":8040,"href":"https:\/\/www.iesuscaritas.org\/it\/wp-json\/wp\/v2\/pages\/8014\/revisions\/8040"}],"wp:attachment":[{"href":"https:\/\/www.iesuscaritas.org\/it\/wp-json\/wp\/v2\/media?parent=8014"}],"curies":[{"name":"wp","href":"https:\/\/api.w.org\/{rel}","templated":true}]}}