{"id":8000,"date":"2025-10-06T19:01:58","date_gmt":"2025-10-06T17:01:58","guid":{"rendered":"https:\/\/www.iesuscaritas.org\/?page_id=8000"},"modified":"2025-10-06T19:02:55","modified_gmt":"2025-10-06T17:02:55","slug":"carta-de-buenos-aires","status":"publish","type":"page","link":"https:\/\/www.iesuscaritas.org\/it\/carta-de-buenos-aires\/","title":{"rendered":"Lettera da Buenos Aires"},"content":{"rendered":"<p><a href=\"https:\/\/www.iesuscaritas.org\/wp-content\/uploads\/2025\/02\/cuaresma2025-05.jpg\"><img loading=\"lazy\" decoding=\"async\" class=\"alignright size-full wp-image-7663\" src=\"https:\/\/www.iesuscaritas.org\/wp-content\/uploads\/2025\/02\/cuaresma2025-05.jpg\" alt=\"\" width=\"171\" height=\"133\" \/><\/a>AI FRATELLI DELLA FRATERNIT\u00c0 SACERDOTALE IESUS CARITAS IN TUTTO IL MONDO<\/p>\n<p>Cari fratelli,<\/p>\n<p>dal 6 al 21 maggio 2025 ci siamo riuniti nella Casa di Esercizi Mons. Aguirre di Buenos Aires, 34 delegati delle fraternit\u00e0 di 21 paesi di Africa, America, Asia ed Europa, con il tema: SACERDOTI DI IESUS CARITAS, TESTIMONI E ARTIGIANI DELLA FRATERNIT\u00c0 SACERDOTALE E UNIVERSALE, per tenere la XII Assemblea Generale della nostra Associazione.<\/p>\n<h2>RINGRAZIAMENTI<\/h2>\n<p><a href=\"https:\/\/www.iesuscaritas.org\/wp-content\/uploads\/2025\/05\/buenos-aires-2025-01.jpg\"><img loading=\"lazy\" decoding=\"async\" class=\"alignright wp-image-7802\" src=\"https:\/\/www.iesuscaritas.org\/wp-content\/uploads\/2025\/05\/buenos-aires-2025-01-210x300.jpg\" alt=\"\" width=\"175\" height=\"250\" srcset=\"https:\/\/www.iesuscaritas.org\/wp-content\/uploads\/2025\/05\/buenos-aires-2025-01-210x300.jpg 210w, https:\/\/www.iesuscaritas.org\/wp-content\/uploads\/2025\/05\/buenos-aires-2025-01-717x1024.jpg 717w, https:\/\/www.iesuscaritas.org\/wp-content\/uploads\/2025\/05\/buenos-aires-2025-01.jpg 763w\" sizes=\"auto, (max-width: 175px) 100vw, 175px\" \/><\/a>Vogliamo ringraziare, prima di tutto, i fratelli argentini per la loro calorosa accoglienza e il loro interesse nel farci conoscere la cultura del loro paese. Non dimenticheremo la serata culturale, la passeggiata lungo il fiume della Plata, la visita al centro di Buenos Aires e al santuario di Nuestra Se\u00f1ora de Luj\u00e1n. Vogliamo anche dire grazie alle diverse parrocchie che ci hanno accolto domenica 11 maggio con tanta fede, amore e tenerezza, a Mons. Guillermo Caride, vescovo di San Isidro, che \u00e8 venuto a trovarci, e ai membri della nostra Famiglia spirituale che sono venuti a condividere le loro esperienze.<\/p>\n<p><a href=\"https:\/\/www.iesuscaritas.org\/wp-content\/uploads\/2025\/05\/buenos-aires-2025-02-scaled.jpg\"><img loading=\"lazy\" decoding=\"async\" class=\"size-medium wp-image-7803 alignleft\" src=\"https:\/\/www.iesuscaritas.org\/wp-content\/uploads\/2025\/05\/buenos-aires-2025-02-300x195.jpg\" alt=\"\" width=\"300\" height=\"195\" srcset=\"https:\/\/www.iesuscaritas.org\/wp-content\/uploads\/2025\/05\/buenos-aires-2025-02-300x195.jpg 300w, https:\/\/www.iesuscaritas.org\/wp-content\/uploads\/2025\/05\/buenos-aires-2025-02-1024x665.jpg 1024w, https:\/\/www.iesuscaritas.org\/wp-content\/uploads\/2025\/05\/buenos-aires-2025-02-768x499.jpg 768w, https:\/\/www.iesuscaritas.org\/wp-content\/uploads\/2025\/05\/buenos-aires-2025-02-1536x998.jpg 1536w, https:\/\/www.iesuscaritas.org\/wp-content\/uploads\/2025\/05\/buenos-aires-2025-02-2048x1330.jpg 2048w\" sizes=\"auto, (max-width: 300px) 100vw, 300px\" \/><\/a>Vogliamo ringraziare, prima di tutto, i fratelli argentini per la loro calorosa accoglienza e il loro interesse nel farci conoscere la cultura del loro paese. Non dimenticheremo la serata culturale, la passeggiata lungo il fiume della Plata, la visita al centro di Buenos Aires e al santuario di Nuestra Se\u00c3\u00b1ora de Luj\u00c3\u00a1n. Vogliamo anche dire grazie alle diverse parrocchie che ci hanno accolto domenica 11 maggio con tanta fede, amore e tenerezza, a Mons. Guillermo Caride, vescovo di San Isidro, che \u00c3\u00a8 venuto a trovarci, e ai membri della nostra Famiglia spirituale che sono venuti a condividere le loro esperienze.<\/p>\n<h2>UN MONDO FERITO<\/h2>\n<p><a href=\"https:\/\/www.iesuscaritas.org\/wp-content\/uploads\/2025\/05\/buenos-aires-2025-03.jpg\"><img loading=\"lazy\" decoding=\"async\" class=\"alignright size-medium wp-image-7804\" src=\"https:\/\/www.iesuscaritas.org\/wp-content\/uploads\/2025\/05\/buenos-aires-2025-03-300x225.jpg\" alt=\"\" width=\"300\" height=\"225\" srcset=\"https:\/\/www.iesuscaritas.org\/wp-content\/uploads\/2025\/05\/buenos-aires-2025-03-300x225.jpg 300w, https:\/\/www.iesuscaritas.org\/wp-content\/uploads\/2025\/05\/buenos-aires-2025-03-768x576.jpg 768w, https:\/\/www.iesuscaritas.org\/wp-content\/uploads\/2025\/05\/buenos-aires-2025-03.jpg 977w\" sizes=\"auto, (max-width: 300px) 100vw, 300px\" \/><\/a>In un mondo ferito dalle divisioni, dalle polarizzazioni, dalle ambizioni di potere e dalle guerre, il messaggio di Ges\u00f9 di Nazareth sulla Fraternit\u00e0 Universale \u00e8 pi\u00f9 che mai necessario. L\u2019ha capito Papa Francesco e le sue parole e i suoi gesti lo dimostrano. Sentiamo quindi un forte invito a essere testimoni e artefici di fraternit\u00e0 sia nei nostri presbiteri che nelle societ\u00e0 e nelle culture in cui ognuno di noi \u00e8 presente, con una maggiore vicinanza e servizio ai poveri, ai migranti, agli emarginati e alle vittime di ogni tipo di abuso. Sappiamo che sono loro che soffrono di pi\u00f9 per l&#8217;assenza di fraternit\u00e0.<\/p>\n<h2>LA FRATERNIT\u00c0 \u00c8 POSSIBILE<\/h2>\n<p><a href=\"https:\/\/www.iesuscaritas.org\/wp-content\/uploads\/2025\/05\/buenos-aires-2025-04.jpg\"><img loading=\"lazy\" decoding=\"async\" class=\"size-medium wp-image-7805 alignleft\" src=\"https:\/\/www.iesuscaritas.org\/wp-content\/uploads\/2025\/05\/buenos-aires-2025-04-300x133.jpg\" alt=\"\" width=\"300\" height=\"133\" srcset=\"https:\/\/www.iesuscaritas.org\/wp-content\/uploads\/2025\/05\/buenos-aires-2025-04-300x133.jpg 300w, https:\/\/www.iesuscaritas.org\/wp-content\/uploads\/2025\/05\/buenos-aires-2025-04-1024x453.jpg 1024w, https:\/\/www.iesuscaritas.org\/wp-content\/uploads\/2025\/05\/buenos-aires-2025-04-768x340.jpg 768w, https:\/\/www.iesuscaritas.org\/wp-content\/uploads\/2025\/05\/buenos-aires-2025-04-1536x680.jpg 1536w, https:\/\/www.iesuscaritas.org\/wp-content\/uploads\/2025\/05\/buenos-aires-2025-04.jpg 1575w\" sizes=\"auto, (max-width: 300px) 100vw, 300px\" \/><\/a>La fraternit\u00e0 \u00e8 possibile. Lo abbiamo vissuto in questa Assemblea nonostante la diversit\u00e0 di lingue, culture ed esperienze pastorali. Ogni giorno \u00e8 stato segnato dalla celebrazione delle Lodi, dall&#8217;adorazione e dall&#8217;Eucaristia, che ci hanno permesso di vivere questi giorni in un clima di ascolto attento, comprensione, gioia, accoglienza e dialogo. \u00c8 cos\u00ec che abbiamo potuto condividere le nostre storie personali, riflettere sui temi presentati, ascoltare con attenzione le relazioni e lavorare sui nostri Statuti e sul nostro Direttorio.<\/p>\n<h2>LE NOSTRE FRATERNIT\u00c0<\/h2>\n<p><a href=\"https:\/\/www.iesuscaritas.org\/wp-content\/uploads\/2025\/05\/buenos-aires-2025-05-scaled.jpg\"><img loading=\"lazy\" decoding=\"async\" class=\"alignright size-medium wp-image-7806\" src=\"https:\/\/www.iesuscaritas.org\/wp-content\/uploads\/2025\/05\/buenos-aires-2025-05-237x300.jpg\" alt=\"\" width=\"237\" height=\"300\" srcset=\"https:\/\/www.iesuscaritas.org\/wp-content\/uploads\/2025\/05\/buenos-aires-2025-05-237x300.jpg 237w, https:\/\/www.iesuscaritas.org\/wp-content\/uploads\/2025\/05\/buenos-aires-2025-05-810x1024.jpg 810w, https:\/\/www.iesuscaritas.org\/wp-content\/uploads\/2025\/05\/buenos-aires-2025-05-768x971.jpg 768w, https:\/\/www.iesuscaritas.org\/wp-content\/uploads\/2025\/05\/buenos-aires-2025-05-1215x1536.jpg 1215w, https:\/\/www.iesuscaritas.org\/wp-content\/uploads\/2025\/05\/buenos-aires-2025-05-1620x2048.jpg 1620w, https:\/\/www.iesuscaritas.org\/wp-content\/uploads\/2025\/05\/buenos-aires-2025-05-scaled.jpg 2025w\" sizes=\"auto, (max-width: 237px) 100vw, 237px\" \/><\/a>Le relazioni che abbiamo ascoltato ci hanno mostrato che, in diversi paesi d&#8217;Europa e d&#8217;America, le nostre fraternit\u00e0 stanno invecchiando ed \u00e8 stato difficile coinvolgere sacerdoti giovani. Non \u00e8 cos\u00ec in Africa e in Asia. Dobbiamo quindi dare pi\u00f9 sostegno finanziario e spirituale alle fraternit\u00e0 di entrambi i continenti e, nei paesi dell&#8217;Europa e dell&#8217;America, rinnovare i nostri sforzi per far conoscere San Carlo di Foucauld nei nostri presbiteri e invitare i sacerdoti e i seminaristi a far parte della nostra Associazione. Sentiamo quindi un forte richiamo a fondare nuove fraternit\u00e0 e a risvegliare quelle che si sono addormentate.<\/p>\n<p><a href=\"https:\/\/www.iesuscaritas.org\/wp-content\/uploads\/2025\/05\/buenos-aires-2025-06-scaled.jpg\"><img loading=\"lazy\" decoding=\"async\" class=\"size-medium wp-image-7807 alignleft\" src=\"https:\/\/www.iesuscaritas.org\/wp-content\/uploads\/2025\/05\/buenos-aires-2025-06-300x160.jpg\" alt=\"\" width=\"300\" height=\"160\" srcset=\"https:\/\/www.iesuscaritas.org\/wp-content\/uploads\/2025\/05\/buenos-aires-2025-06-300x160.jpg 300w, https:\/\/www.iesuscaritas.org\/wp-content\/uploads\/2025\/05\/buenos-aires-2025-06-1024x545.jpg 1024w, https:\/\/www.iesuscaritas.org\/wp-content\/uploads\/2025\/05\/buenos-aires-2025-06-768x409.jpg 768w, https:\/\/www.iesuscaritas.org\/wp-content\/uploads\/2025\/05\/buenos-aires-2025-06-1536x817.jpg 1536w, https:\/\/www.iesuscaritas.org\/wp-content\/uploads\/2025\/05\/buenos-aires-2025-06-2048x1090.jpg 2048w, https:\/\/www.iesuscaritas.org\/wp-content\/uploads\/2025\/05\/buenos-aires-2025-06-754x400.jpg 754w\" sizes=\"auto, (max-width: 300px) 100vw, 300px\" \/><\/a>Per questo abbiamo bisogno di tanta creativit\u00e0 e di una maggiore fedelt\u00e0 al carisma di Fratel Charles e ai mezzi di crescita spirituale della nostra Fraternit\u00e0. La nostra testimonianza di vita semplice, fraterna, gioiosa e impegnata con i poveri, che nasce dal nostro stretto rapporto con Ges\u00f9 Risorto, sar\u00e0 sempre il modo migliore per attirare nuovi membri nella nostra Fraternit\u00e0. Siamo convinti che la spiritualit\u00e0 di Fratel Carlo, incentrata sul Vangelo e sull&#8217;Eucaristia, celebrata e adorata, sia la spiritualit\u00e0 del futuro.<\/p>\n<h2>L&#8217;ELEZIONE DI LEONE XIV<\/h2>\n<p>Durante il corso della nostra Assemblea si \u00e8 tenuto a Roma il conclave che ha eletto un nuovo successore di Pietro, Papa Leone XIV. Lungi dal distrarci, la sua elezione ci ha confermato nelle vie per cui lo Spirito Santo sta guidando la sua Chiesa: un rinnovato slancio missionario, un impegno sempre maggiore per la giustizia e la pace, una maggiore partecipazione di tutti i battezzati alla vita della Chiesa. Crediamo che la fraternit\u00e0 si esprima nel modo sinodale di vivere la nostra fede e la nostra appartenenza alla Chiesa, per questo ci sentiamo chiamati a promuovere questo stile ecclesiale nelle nostre parrocchie, comunit\u00e0 cristiane, movimenti e altre realt\u00e0 pastorali in cui svolgiamo il nostro ministero.<\/p>\n<h2>VERSIONE RINNOVATA DEI NOSTRI STATUTI E DEL DIRETTORIO<\/h2>\n<p><a href=\"https:\/\/www.iesuscaritas.org\/wp-content\/uploads\/2025\/05\/buenos-aires-2025-07.jpg\"><img loading=\"lazy\" decoding=\"async\" class=\"alignright size-medium wp-image-7808\" src=\"https:\/\/www.iesuscaritas.org\/wp-content\/uploads\/2025\/05\/buenos-aires-2025-07-300x181.jpg\" alt=\"\" width=\"300\" height=\"181\" srcset=\"https:\/\/www.iesuscaritas.org\/wp-content\/uploads\/2025\/05\/buenos-aires-2025-07-300x181.jpg 300w, https:\/\/www.iesuscaritas.org\/wp-content\/uploads\/2025\/05\/buenos-aires-2025-07-1024x618.jpg 1024w, https:\/\/www.iesuscaritas.org\/wp-content\/uploads\/2025\/05\/buenos-aires-2025-07-768x463.jpg 768w, https:\/\/www.iesuscaritas.org\/wp-content\/uploads\/2025\/05\/buenos-aires-2025-07-1536x926.jpg 1536w, https:\/\/www.iesuscaritas.org\/wp-content\/uploads\/2025\/05\/buenos-aires-2025-07.jpg 1600w\" sizes=\"auto, (max-width: 300px) 100vw, 300px\" \/><\/a>Abbiamo dedicato molto tempo di questa Assemblea allo studio della versione rinnovata di questi documenti fondamentali per lo sviluppo delle nostre fraternit\u00e0 in tutto il mondo. Abbiamo fatto riflessioni e apporti preziosi e, infine, li abbiamo approvati. Saranno presentati alla Congregazione per il Clero e successivamente diffusi e studiati dai nostri fratelli nei diversi paesi in cui siamo presenti. Questi documenti ci aiuteranno ad avere un&#8217;identit\u00e0 pi\u00f9 chiara e a dare pi\u00f9 importanza alla testimonianza e ai testi di Fratel Carlo.<\/p>\n<h2>INCONTRO DEI GIOVANI SACERDOTI DELLA NOSTRA FRATERNIT\u00c0<\/h2>\n<p><a href=\"https:\/\/www.iesuscaritas.org\/wp-content\/uploads\/2025\/05\/buenos-aires-2025-08.jpg\"><img loading=\"lazy\" decoding=\"async\" class=\"size-medium wp-image-7809 alignleft\" src=\"https:\/\/www.iesuscaritas.org\/wp-content\/uploads\/2025\/05\/buenos-aires-2025-08-166x300.jpg\" alt=\"\" width=\"166\" height=\"300\" srcset=\"https:\/\/www.iesuscaritas.org\/wp-content\/uploads\/2025\/05\/buenos-aires-2025-08-166x300.jpg 166w, https:\/\/www.iesuscaritas.org\/wp-content\/uploads\/2025\/05\/buenos-aires-2025-08-566x1024.jpg 566w, https:\/\/www.iesuscaritas.org\/wp-content\/uploads\/2025\/05\/buenos-aires-2025-08-768x1390.jpg 768w, https:\/\/www.iesuscaritas.org\/wp-content\/uploads\/2025\/05\/buenos-aires-2025-08-848x1536.jpg 848w, https:\/\/www.iesuscaritas.org\/wp-content\/uploads\/2025\/05\/buenos-aires-2025-08-1131x2048.jpg 1131w, https:\/\/www.iesuscaritas.org\/wp-content\/uploads\/2025\/05\/buenos-aires-2025-08.jpg 1387w\" sizes=\"auto, (max-width: 166px) 100vw, 166px\" \/><\/a>Durante la nostra Assemblea abbiamo vissuto la ricchezza della diversit\u00e0 culturale e pastorale. Vorremmo che i sacerdoti giovani della nostra Associazione (meno di 45 anni) vivessero un&#8217;esperienza simile che li entusiasmasse ancora di pi\u00f9 a seguire il nostro amato Fratello e Signore Ges\u00f9, sulle orme di San Carlo di Foucauld. Affidiamo al nuovo team internazionale l&#8217;organizzazione di questo incontro con il sostegno spirituale e finanziario di tutte le nostre Fraternit\u00e0.<\/p>\n<h2>NUOVO TEAM INTERNAZIONALE<\/h2>\n<p><a href=\"https:\/\/www.iesuscaritas.org\/wp-content\/uploads\/2025\/05\/buenos-aires-2025-11.jpg\"><img loading=\"lazy\" decoding=\"async\" class=\"alignright size-medium wp-image-7812\" src=\"https:\/\/www.iesuscaritas.org\/wp-content\/uploads\/2025\/05\/buenos-aires-2025-11-300x199.jpg\" alt=\"\" width=\"300\" height=\"199\" srcset=\"https:\/\/www.iesuscaritas.org\/wp-content\/uploads\/2025\/05\/buenos-aires-2025-11-300x199.jpg 300w, https:\/\/www.iesuscaritas.org\/wp-content\/uploads\/2025\/05\/buenos-aires-2025-11.jpg 739w\" sizes=\"auto, (max-width: 300px) 100vw, 300px\" \/><\/a>Durante l&#8217;Assemblea abbiamo scelto nostro fratello Carlos Roberto dos SANTOS (Brasile) come nuovo Responsabile Internazionale e lui, a sua volta, ha formato il suo Team: Roberto (Tino) FERRARI (Argentina), Mark MERTES (USA), Boris SCHL\u00dcSSEL (Svizzera) e Louis Edmond ESEEYI A GNADAM (Camerun). Ha anche chiesto a Eric LOZADA (Filippine) di essere il suo delegato per l&#8217;Asia e a Yves de MALLMANN (Francia) di aiutare con gli archivi. Ringraziamo tutti per aver accettato questo servizio, offriamo il nostro sostegno fraterno e chiediamo al Signore Ges\u00f9 di sostenerli con la sua grazia e alla Santa Vergine di vegliare su di loro.<\/p>\n<p>Eric LOZADA<br \/>\nI delegati alla XII Assemblea Generale della Fraternit\u00e0 Sacerdotale IESUS CARITAS.<\/p>\n<p><a href=\"https:\/\/www.iesuscaritas.org\/wp-content\/uploads\/2025\/05\/buenos-aires-2025-09.jpg\"><img loading=\"lazy\" decoding=\"async\" class=\"aligncenter wp-image-7810 size-large\" src=\"https:\/\/www.iesuscaritas.org\/wp-content\/uploads\/2025\/05\/buenos-aires-2025-09-1024x536.jpg\" alt=\"\" width=\"678\" height=\"355\" srcset=\"https:\/\/www.iesuscaritas.org\/wp-content\/uploads\/2025\/05\/buenos-aires-2025-09-1024x536.jpg 1024w, https:\/\/www.iesuscaritas.org\/wp-content\/uploads\/2025\/05\/buenos-aires-2025-09-300x157.jpg 300w, https:\/\/www.iesuscaritas.org\/wp-content\/uploads\/2025\/05\/buenos-aires-2025-09-768x402.jpg 768w, https:\/\/www.iesuscaritas.org\/wp-content\/uploads\/2025\/05\/buenos-aires-2025-09.jpg 1280w\" sizes=\"auto, (max-width: 678px) 100vw, 678px\" \/><\/a><\/p>\n<p>Buenos Aires, 20 maggio 2025.<br \/>\nQuesta lettera pu\u00f2 essere trovata su iesuscaritas.org<\/p>\n<p><a href=\"https:\/\/www.iesuscaritas.org\/wp-content\/uploads\/2025\/05\/buenos-aires-2025-10.jpg\"><img loading=\"lazy\" decoding=\"async\" class=\"aligncenter wp-image-7811 size-large\" src=\"https:\/\/www.iesuscaritas.org\/wp-content\/uploads\/2025\/05\/buenos-aires-2025-10-1024x447.jpg\" alt=\"\" width=\"678\" height=\"296\" srcset=\"https:\/\/www.iesuscaritas.org\/wp-content\/uploads\/2025\/05\/buenos-aires-2025-10-1024x447.jpg 1024w, https:\/\/www.iesuscaritas.org\/wp-content\/uploads\/2025\/05\/buenos-aires-2025-10-300x131.jpg 300w, https:\/\/www.iesuscaritas.org\/wp-content\/uploads\/2025\/05\/buenos-aires-2025-10-768x336.jpg 768w, https:\/\/www.iesuscaritas.org\/wp-content\/uploads\/2025\/05\/buenos-aires-2025-10-1536x671.jpg 1536w, https:\/\/www.iesuscaritas.org\/wp-content\/uploads\/2025\/05\/buenos-aires-2025-10.jpg 1600w\" sizes=\"auto, (max-width: 678px) 100vw, 678px\" \/><\/a><\/p>\n<hr \/>\n<p>PDF: <a href=\"https:\/\/www.iesuscaritas.org\/wp-content\/uploads\/2025\/05\/Lettera-da-Buenos-Aires-maggio-2025.pdf\">Lettera da Buenos Aires, maggio 2025<\/a><\/p>","protected":false},"excerpt":{"rendered":"<p>AI FRATELLI DELLA FRATERNIT\u00c0 SACERDOTALE IESUS CARITAS IN TUTTO IL MONDO Cari fratelli, dal 6 al 21 maggio 2025 ci siamo riuniti nella Casa di Esercizi Mons. Aguirre di Buenos <a class=\"more-link\" href=\"https:\/\/www.iesuscaritas.org\/it\/carta-de-buenos-aires\/\">Continue Reading &rarr;<\/a><\/p>\n","protected":false},"author":1,"featured_media":0,"parent":0,"menu_order":2,"comment_status":"closed","ping_status":"closed","template":"","meta":{"footnotes":""},"class_list":["post-8000","page","type-page","status-publish","hentry"],"_links":{"self":[{"href":"https:\/\/www.iesuscaritas.org\/it\/wp-json\/wp\/v2\/pages\/8000","targetHints":{"allow":["GET"]}}],"collection":[{"href":"https:\/\/www.iesuscaritas.org\/it\/wp-json\/wp\/v2\/pages"}],"about":[{"href":"https:\/\/www.iesuscaritas.org\/it\/wp-json\/wp\/v2\/types\/page"}],"author":[{"embeddable":true,"href":"https:\/\/www.iesuscaritas.org\/it\/wp-json\/wp\/v2\/users\/1"}],"replies":[{"embeddable":true,"href":"https:\/\/www.iesuscaritas.org\/it\/wp-json\/wp\/v2\/comments?post=8000"}],"version-history":[{"count":2,"href":"https:\/\/www.iesuscaritas.org\/it\/wp-json\/wp\/v2\/pages\/8000\/revisions"}],"predecessor-version":[{"id":8002,"href":"https:\/\/www.iesuscaritas.org\/it\/wp-json\/wp\/v2\/pages\/8000\/revisions\/8002"}],"wp:attachment":[{"href":"https:\/\/www.iesuscaritas.org\/it\/wp-json\/wp\/v2\/media?parent=8000"}],"curies":[{"name":"wp","href":"https:\/\/api.w.org\/{rel}","templated":true}]}}