{"id":7978,"date":"2025-10-04T17:59:28","date_gmt":"2025-10-04T15:59:28","guid":{"rendered":"https:\/\/www.iesuscaritas.org\/?page_id=7978"},"modified":"2025-10-06T19:03:44","modified_gmt":"2025-10-06T17:03:44","slug":"equipo-internacional-tino-ferrari","status":"publish","type":"page","link":"https:\/\/www.iesuscaritas.org\/it\/equipo-internacional-tino-ferrari\/","title":{"rendered":"Team Internazionale. Tino FERRARI"},"content":{"rendered":"<p>Lo scorso maggio si \u00e8 tenuta la 12a Assemblea della Fraternit\u00e0 Sacerdotale Iesus Caritas a Victoria, Buenos Aires, Argentina. Hanno partecipato trentasei delegati, tra cui rappresentanti nazionali e continentali e il Team Internazionale uscente. In quel periodo, mentre eravamo riuniti, si stava svolgendo a Roma il conclave che elesse Roberto Prevost, Papa Leone XIV.<\/p>\n<p>Durante la nostra riunione, abbiamo avuto anche il compito di eleggere il nuovo Responsabile Internazionale. Abbiamo individuato Carlos Roberto do Santos, brasiliano, che era Responsabile della Fraternit\u00e0 Panamericana dal 2022, come il pi\u00f9 adatto a questo compito. Quando diversi fratelli hanno proposto Carlos Roberto, egli si \u00e8 generosamente messo a disposizione dell&#8217;Assemblea per qualsiasi necessit\u00e0. Dal momento della sua elezione, e in dialogo con i precedenti responsabili presenti alla nostra riunione, abbiamo iniziato a considerare i membri che avrebbero potuto accompagnarlo nel Team Internazionale.<\/p>\n<p><a href=\"https:\/\/www.iesuscaritas.org\/wp-content\/uploads\/2025\/10\/equipo-internacional.jpg\"><img loading=\"lazy\" decoding=\"async\" class=\"size-large wp-image-7989 aligncenter\" src=\"https:\/\/www.iesuscaritas.org\/wp-content\/uploads\/2025\/10\/equipo-internacional-1024x473.jpg\" alt=\"\" width=\"678\" height=\"313\" srcset=\"https:\/\/www.iesuscaritas.org\/wp-content\/uploads\/2025\/10\/equipo-internacional-1024x473.jpg 1024w, https:\/\/www.iesuscaritas.org\/wp-content\/uploads\/2025\/10\/equipo-internacional-300x139.jpg 300w, https:\/\/www.iesuscaritas.org\/wp-content\/uploads\/2025\/10\/equipo-internacional-768x355.jpg 768w, https:\/\/www.iesuscaritas.org\/wp-content\/uploads\/2025\/10\/equipo-internacional.jpg 1280w\" sizes=\"auto, (max-width: 678px) 100vw, 678px\" \/><\/a><\/p>\n<p>Ha incaricato Mark Mertes, degli Stati Uniti, di ricoprire il ruolo di tesoriere e di sovrintendere alla tesoreria della Fraternit\u00e0 Internazionale, come aveva gi\u00e0 fatto quando Aurelio era responsabile internazionale. Gli \u00e8 stato anche chiesto di proporre alcuni criteri per l&#8217;utilizzo delle risorse della Fraternit\u00e0. Boris Schlussel, svizzero e direttore continentale per l&#8217;Europa, sar\u00e0 responsabile del coordinamento delle comunicazioni con quel continente, dello svolgimento di attivit\u00e0 di presenza presso la banca presso cui \u00e8 detenuto il conto della Fraternit\u00e0 e del supporto a Carlos Roberto nelle azioni che dovranno essere svolte presso la Santa Sede per l&#8217;approvazione degli Statuti approvati.<\/p>\n<p>D&#8217;altra parte, Yves de Malltmann, un fratello francese, sar\u00e0 responsabile dell&#8217;organizzazione e della salvaguardia degli archivi della Fraternit\u00e0 a Parigi. Louis Edmound Esseyi a Gnadam, responsabile del Camerun e dell&#8217;ufficio continentale per l&#8217;Africa, sar\u00e0 responsabile della comunicazione con i fratelli di quel continente. A \u00c9ric Lozada \u00e8 stato chiesto di essere il contatto con le fraternit\u00e0 in Asia, tenendo conto sia della distanza geografica che culturale. Carlos Roberto, da parte mia, mi ha chiesto di fungere da assistente generale dell&#8217;\u00e9quipe e segretario per le riunioni, redigendo i verbali di ogni riunione virtuale e assistendolo soprattutto nelle attivit\u00e0 che si svolgono in tutto il continente americano.<\/p>\n<p>Speriamo di poter soddisfare le necessit\u00e0 e contribuire con la nostra presenza alla vita della Fraternit\u00e0 in tutti i Paesi, soprattutto per quanto riguarda la nascita o la crescita di nuove fraternit\u00e0 dove ci sono piccoli germogli.<\/p>\n<p><a href=\"https:\/\/www.iesuscaritas.org\/wp-content\/uploads\/2025\/10\/tino-ferrari.jpg\"><img loading=\"lazy\" decoding=\"async\" class=\"alignright size-full wp-image-7987\" src=\"https:\/\/www.iesuscaritas.org\/wp-content\/uploads\/2025\/10\/tino-ferrari.jpg\" alt=\"\" width=\"173\" height=\"216\" \/><\/a>Roberto (Tino) FERRARI<br \/>\nArgentina<\/p>\n<p>PDF: <a href=\"https:\/\/www.iesuscaritas.org\/wp-content\/uploads\/2025\/10\/Nuovo-Team-Internazionale.-Tino-FERRARI-it.pdf\">Nuovo Team Internazionale. Tino FERRARI it<\/a><\/p>","protected":false},"excerpt":{"rendered":"<p>Lo scorso maggio si \u00e8 tenuta la 12a Assemblea della Fraternit\u00e0 Sacerdotale Iesus Caritas a Victoria, Buenos Aires, Argentina. Hanno partecipato trentasei delegati, tra cui rappresentanti nazionali e continentali e <a class=\"more-link\" href=\"https:\/\/www.iesuscaritas.org\/it\/equipo-internacional-tino-ferrari\/\">Continue Reading &rarr;<\/a><\/p>\n","protected":false},"author":1,"featured_media":0,"parent":0,"menu_order":4,"comment_status":"closed","ping_status":"closed","template":"","meta":{"footnotes":""},"class_list":["post-7978","page","type-page","status-publish","hentry"],"_links":{"self":[{"href":"https:\/\/www.iesuscaritas.org\/it\/wp-json\/wp\/v2\/pages\/7978","targetHints":{"allow":["GET"]}}],"collection":[{"href":"https:\/\/www.iesuscaritas.org\/it\/wp-json\/wp\/v2\/pages"}],"about":[{"href":"https:\/\/www.iesuscaritas.org\/it\/wp-json\/wp\/v2\/types\/page"}],"author":[{"embeddable":true,"href":"https:\/\/www.iesuscaritas.org\/it\/wp-json\/wp\/v2\/users\/1"}],"replies":[{"embeddable":true,"href":"https:\/\/www.iesuscaritas.org\/it\/wp-json\/wp\/v2\/comments?post=7978"}],"version-history":[{"count":11,"href":"https:\/\/www.iesuscaritas.org\/it\/wp-json\/wp\/v2\/pages\/7978\/revisions"}],"predecessor-version":[{"id":7999,"href":"https:\/\/www.iesuscaritas.org\/it\/wp-json\/wp\/v2\/pages\/7978\/revisions\/7999"}],"wp:attachment":[{"href":"https:\/\/www.iesuscaritas.org\/it\/wp-json\/wp\/v2\/media?parent=7978"}],"curies":[{"name":"wp","href":"https:\/\/api.w.org\/{rel}","templated":true}]}}