{"id":7959,"date":"2025-10-04T13:08:50","date_gmt":"2025-10-04T11:08:50","guid":{"rendered":"https:\/\/www.iesuscaritas.org\/?page_id=7959"},"modified":"2025-10-06T19:03:31","modified_gmt":"2025-10-06T17:03:31","slug":"carlos-roberto-hermano-responsable","status":"publish","type":"page","link":"https:\/\/www.iesuscaritas.org\/it\/carlos-roberto-hermano-responsable\/","title":{"rendered":"Carlos Roberto, fratello responsabile"},"content":{"rendered":"<p>Cari fratelli della Fraternit\u00e0,<br \/>\nrendo grazie a Dio per l\u2019eccellente esperienza di fraternit\u00e0 che abbiamo vissuto nella XII Assemblea a Buenos Aires. In modo particolare, il nostro ringraziamento va a Eric e al suo team per l\u2019organizzazione e il coordinamento di tutto l\u2019incontro, senza dimenticare il gruppo di accoglienza e logistica in Argentina, coordinato da Tino. Dio vi benedica.<\/p>\n<p>Senza dubbio, Fratel Carlo continua a ispirarci a \u201cgridare il Vangelo\u201d nel nostro ministero, vivendo la nostra missione \u201cper Ges\u00f9 e per il Vangelo\u201d, poich\u00e9 ancora risuonano nelle nostre menti e nei nostri cuori tutte le condivisioni fatte nei rapporti nazionali e continentali presentati durante l\u2019assemblea, cos\u00ec come nelle conversazioni nei gruppi, a tavola o durante le uscite che abbiamo fatto.<\/p>\n<p>Ho aspettato il primo incontro online dell\u2019\u00e9quipe internazionale per scrivervi questa lettera. Volevo ascoltare e condividere con i fratelli di questa \u201cfraternit\u00e0 di coordinamento\u201d che ha inizio, le \u201cmemorie, i sentimenti di gioia, di speranza e le sfide\u201d che sono rimaste dopo l\u2019Assemblea, per lavorarci nei prossimi sei anni.<\/p>\n<p>Tra tutte le preoccupazioni, due attirano particolarmente la nostra attenzione. Primo: le nostre fraternit\u00e0 stanno invecchiando. Secondo: non stanno entrando giovani sacerdoti nelle nostre fraternit\u00e0. Perch\u00e9 non stiamo raggiungendo il cuore e la volont\u00e0 dei giovani? Ha a che fare con la nostra testimonianza di vita o sono segni dei tempi? Una cosa \u00e8 chiara: abbiamo un problema di continuit\u00e0 nella Fraternit\u00e0 Sacerdotale Jesus Caritas, ed \u00e8 necessario pregare e riflettere su come affrontarlo.<\/p>\n<p>\u00c8 vero che stiamo attraversando un cambiamento d\u2019epoca con trasformazioni radicali in tutti gli ambiti della vita, specialmente nei valori che guidano l\u2019esistenza umana. Problemi antichi dell\u2019umanit\u00e0 si mescolano a problemi fittizi delle fake news. La comunicazione di quest\u2019epoca digitale, con i suoi algoritmi, altera la percezione e il modo in cui le persone comprendono la realt\u00e0 esistenziale, si relazionano con Dio e vivono relazioni fraterne tra loro. A tutto ci\u00f2 si aggiungono le incertezze e la paura di una possibile terza guerra mondiale, in cui non sono in gioco solo conflitti geopolitici, ma anche etnici e religiosi. Ci\u00f2 influisce sul nostro vivere e sul nostro esistere, cio\u00e8 sulla nostra \u201ctestimonianza\u201d, poich\u00e9 questo mondo ci circonda da ogni lato e sembra contraddire il nostro desiderio di agire e vivere la spiritualit\u00e0.<\/p>\n<p>Tuttavia, \u00e8 in questa epoca che siamo chiamati a vivere la spiritualit\u00e0 di Nazaret, dell\u2019ultimo posto. Mentre il mondo digitale ha bisogno di riflettori, microfoni, luci e \u201clike\u201d per apparire ad alto volume e mostrarsi costantemente per essere \u201cvisto e ascoltato\u201d dagli altri, la spiritualit\u00e0 di Nazaret, vissuta nella Fraternit\u00e0 Sacerdotale Jesus Caritas, seguendo le orme di fratel Carlo, va in un\u2019altra direzione: silenzio, nascondimento e semplicit\u00e0, distacco e vita con mezzi poveri, abbassamento per essere servizio agli ultimi, intimit\u00e0 con Ges\u00f9 di Nazaret per testimoniare la bont\u00e0 e la fraternit\u00e0 universale.<\/p>\n<p>Vogliamo, come Fratel Carlo, dare valore al dono di Cristo che ci rende fratelli di tutti, e pregare e agire per questo mondo ferito dalla guerra e dalla violenza. Ma rimane una questione: la nostra spiritualit\u00e0 \u00e8 in contraddizione con il mondo attuale? Penso di no. \u00c8 possibile toccare il cuore e la mente delle persone attraverso internet? Penso di s\u00ec, ma dobbiamo conoscere meglio questo mondo per evangelizzarlo in modo pi\u00f9 efficace. \u00c8 possibile toccare i cuori affinch\u00e9 incontrino Ges\u00f9, povero servo, e facciano esperienza di \u201cstare con Lui\u201d e diventino suoi seguaci? Credo di s\u00ec.<\/p>\n<p>Ci\u00f2 che non possiamo fare \u00e8 restare fermi senza fare nulla, pensando di avere troppo lavoro, tra parrocchia, seminario, pastorale, ecc.<\/p>\n<p>Fratelli, credo che possiamo fare la differenza l\u00e0 dove siamo, se viviamo la vicinanza, la bont\u00e0 e l\u2019amore. Guardiamo a fratel Carlo. Cosa vediamo? Un uomo che ha vissuto la realt\u00e0 del suo tempo, ostinato a imitare il suo Amatissimo Ges\u00f9 Cristo; ostinato nel testimoniare ci\u00f2 che Ges\u00f9 avrebbe fatto se fosse stato al suo posto. Prestiamo attenzione alla realt\u00e0 che ci circonda, sia alle situazioni difficili e dolorose, sia alle gioie e speranze che ci animano, nel mondo o nelle nostre fraternit\u00e0.<\/p>\n<p>Ma prima di tutto dobbiamo tenere lo sguardo fisso su Ges\u00f9, come ha fatto fratel Carlo. Egli indica Ges\u00f9, cercando in Lui l\u2019ispirazione per testimoniare la vita di Nazaret; fratel Carlo ha vissuto \u201cNazaret\u201d in ogni luogo e situazione in cui si \u00e8 trovato. Ascoltiamo l\u2019Amatissimo Ges\u00f9 di Nazaret, che fratel Carlo ascoltava tanto attentamente, prestando attenzione a ogni parola, ogni gesto e a come incontrava le persone, cercando di imitarlo. In ogni Eucaristia, celebriamo con il nostro Amatissimo Ges\u00f9 la sua offerta di vita; e offriamo anche noi la nostra vita, facendoci oblazione con Ges\u00f9, come ha fatto fratel Carlo, per collaborare alla salvezza delle persone.<\/p>\n<p>Fratelli, il nostro Amatissimo Ges\u00f9 di Nazaret \u00e8 l\u2019\u201cunico modello\u201d in cui possiamo trovare le risposte di cui tanto abbiamo bisogno per il mondo di oggi.<\/p>\n<p>Nel nome di Ges\u00f9, un grande abbraccio con tutto il mio affetto,<\/p>\n<p><a href=\"https:\/\/www.iesuscaritas.org\/wp-content\/uploads\/2025\/10\/Carlos-Roberto-dos-Santos.jpg\"><img loading=\"lazy\" decoding=\"async\" class=\"alignright size-medium wp-image-7969\" src=\"https:\/\/www.iesuscaritas.org\/wp-content\/uploads\/2025\/10\/Carlos-Roberto-dos-Santos-204x300.jpg\" alt=\"\" width=\"204\" height=\"300\" srcset=\"https:\/\/www.iesuscaritas.org\/wp-content\/uploads\/2025\/10\/Carlos-Roberto-dos-Santos-204x300.jpg 204w, https:\/\/www.iesuscaritas.org\/wp-content\/uploads\/2025\/10\/Carlos-Roberto-dos-Santos.jpg 358w\" sizes=\"auto, (max-width: 204px) 100vw, 204px\" \/><\/a>P. Carlos Roberto dos SANTOS,<br \/>\nResponsabile Internazionale<\/p>\n<p>PDF: <a href=\"https:\/\/www.iesuscaritas.org\/wp-content\/uploads\/2025\/10\/Carlos-Roberto-fratello-responsabile-it.pdf\">Carlos Roberto, fratello responsabile it<\/a><\/p>","protected":false},"excerpt":{"rendered":"<p>Cari fratelli della Fraternit\u00e0, rendo grazie a Dio per l\u2019eccellente esperienza di fraternit\u00e0 che abbiamo vissuto nella XII Assemblea a Buenos Aires. In modo particolare, il nostro ringraziamento va a <a class=\"more-link\" href=\"https:\/\/www.iesuscaritas.org\/it\/carlos-roberto-hermano-responsable\/\">Continue Reading &rarr;<\/a><\/p>\n","protected":false},"author":1,"featured_media":0,"parent":0,"menu_order":3,"comment_status":"closed","ping_status":"closed","template":"","meta":{"footnotes":""},"class_list":["post-7959","page","type-page","status-publish","hentry"],"_links":{"self":[{"href":"https:\/\/www.iesuscaritas.org\/it\/wp-json\/wp\/v2\/pages\/7959","targetHints":{"allow":["GET"]}}],"collection":[{"href":"https:\/\/www.iesuscaritas.org\/it\/wp-json\/wp\/v2\/pages"}],"about":[{"href":"https:\/\/www.iesuscaritas.org\/it\/wp-json\/wp\/v2\/types\/page"}],"author":[{"embeddable":true,"href":"https:\/\/www.iesuscaritas.org\/it\/wp-json\/wp\/v2\/users\/1"}],"replies":[{"embeddable":true,"href":"https:\/\/www.iesuscaritas.org\/it\/wp-json\/wp\/v2\/comments?post=7959"}],"version-history":[{"count":9,"href":"https:\/\/www.iesuscaritas.org\/it\/wp-json\/wp\/v2\/pages\/7959\/revisions"}],"predecessor-version":[{"id":7977,"href":"https:\/\/www.iesuscaritas.org\/it\/wp-json\/wp\/v2\/pages\/7959\/revisions\/7977"}],"wp:attachment":[{"href":"https:\/\/www.iesuscaritas.org\/it\/wp-json\/wp\/v2\/media?parent=7959"}],"curies":[{"name":"wp","href":"https:\/\/api.w.org\/{rel}","templated":true}]}}