{"id":1,"date":"2013-12-07T10:40:00","date_gmt":"2013-12-07T10:40:00","guid":{"rendered":"http:\/\/www.iesuscaritas.org\/?p=1"},"modified":"2025-10-04T13:10:00","modified_gmt":"2025-10-04T11:10:00","slug":"bienvenidos","status":"publish","type":"page","link":"https:\/\/www.iesuscaritas.org\/it\/bienvenidos\/","title":{"rendered":"Benvenuti"},"content":{"rendered":"<p><\/p>\n<h1 style=\"text-align: center;\">BENVENUTI ALLA NOSTRA PAGINA<\/h1>\n<p>Grazie per averci visitato.<\/p>\n<p><a href=\"http:\/\/www.iesuscaritas.org\/wp-content\/uploads\/2013\/12\/C320_dernierefoto6.jpg\"><img loading=\"lazy\" decoding=\"async\" class=\"alignright\" src=\"http:\/\/www.iesuscaritas.org\/wp-content\/uploads\/2013\/12\/C320_dernierefoto6-300x240.jpg\" alt=\"C320_dernierefoto6\" width=\"300\" height=\"240\" \/><\/a>La Fraternit\u00e0 Sacerdotale Jesus Caritas, nello spirito di famiglia che anima le fraternit\u00e0 di Carlo de Foucauld, desidera condividere con te la nostra realt\u00e0, i nostri progetti, sogni e attivit\u00e0, i nostri cammini sullo stile del Vangelo come presbiteri diocesani.<\/p>\n<p>Possa questa comunicazione avvicinarti di pi\u00f9 a noi. Potrai consultare in otto lingue chi siamo, quali sono le nostre sfide e a quale missione siamo chiamati.<\/p>\n<p>La vita di fratel Carlo, il fratello universale, ti presenter\u00e0 l\u2019esperienza del cristiano in ricerca e desideroso di collocarsi sempre pi\u00f9 in basso per incontrare i pi\u00f9 abbandonati, l\u00e0 dove Dio mette la sua casa, anche se non riconosciuto n\u00e9 desiderato.<\/p>\n<p>La nostra vita in fraternit\u00e0, sia diocesana, o nazionale o continentale, o come fraternit\u00e0 internazionale, \u00e8 aperta a tutti i preti diocesani, come era aperta e accogliente la casa di Nazaret e come deve essere aperta e accogliente la Chiesa di cui facciamo parte.<\/p>\n<p>Sei anche tu il benvenuto.<\/p>","protected":false},"excerpt":{"rendered":"<p>BENVENUTI ALLA NOSTRA PAGINA Grazie per averci visitato. La Fraternit\u00e0 Sacerdotale Jesus Caritas, nello spirito di famiglia che anima le fraternit\u00e0 di Carlo de Foucauld, desidera condividere con te la <a class=\"more-link\" href=\"https:\/\/www.iesuscaritas.org\/it\/bienvenidos\/\">Continue Reading &rarr;<\/a><\/p>\n","protected":false},"author":2,"featured_media":50,"parent":0,"menu_order":1,"comment_status":"open","ping_status":"open","template":"","meta":{"footnotes":""},"class_list":["post-1","page","type-page","status-publish","has-post-thumbnail","hentry"],"_links":{"self":[{"href":"https:\/\/www.iesuscaritas.org\/it\/wp-json\/wp\/v2\/pages\/1","targetHints":{"allow":["GET"]}}],"collection":[{"href":"https:\/\/www.iesuscaritas.org\/it\/wp-json\/wp\/v2\/pages"}],"about":[{"href":"https:\/\/www.iesuscaritas.org\/it\/wp-json\/wp\/v2\/types\/page"}],"author":[{"embeddable":true,"href":"https:\/\/www.iesuscaritas.org\/it\/wp-json\/wp\/v2\/users\/2"}],"replies":[{"embeddable":true,"href":"https:\/\/www.iesuscaritas.org\/it\/wp-json\/wp\/v2\/comments?post=1"}],"version-history":[{"count":25,"href":"https:\/\/www.iesuscaritas.org\/it\/wp-json\/wp\/v2\/pages\/1\/revisions"}],"predecessor-version":[{"id":7954,"href":"https:\/\/www.iesuscaritas.org\/it\/wp-json\/wp\/v2\/pages\/1\/revisions\/7954"}],"wp:featuredmedia":[{"embeddable":true,"href":"https:\/\/www.iesuscaritas.org\/it\/wp-json\/wp\/v2\/media\/50"}],"wp:attachment":[{"href":"https:\/\/www.iesuscaritas.org\/it\/wp-json\/wp\/v2\/media?parent=1"}],"curies":[{"name":"wp","href":"https:\/\/api.w.org\/{rel}","templated":true}]}}