{"id":8424,"date":"2026-03-01T16:22:12","date_gmt":"2026-03-01T15:22:12","guid":{"rendered":"https:\/\/www.iesuscaritas.org\/?p=8424"},"modified":"2026-03-01T16:32:16","modified_gmt":"2026-03-01T15:32:16","slug":"desierto-franz-jalics","status":"publish","type":"page","link":"https:\/\/www.iesuscaritas.org\/fr\/desierto-franz-jalics\/","title":{"rendered":"D\u00e9sert, Franz JALICS"},"content":{"rendered":"<p>\u00ab Sur le chemin de votre c\u0153ur vers Dieu, le d\u00e9sert sera incontournable. Entrez-y pieds nus, ouvert \u00e0 la d\u00e9couverte de la volont\u00e9 de Dieu pour vous, dans le myst\u00e8re du Royaume\u2026 \u00bb<\/p>\n<p><a href=\"https:\/\/www.iesuscaritas.org\/wp-content\/uploads\/2026\/03\/desierto-01.jpg\"><img loading=\"lazy\" decoding=\"async\" class=\"alignright size-medium wp-image-8430\" src=\"https:\/\/www.iesuscaritas.org\/wp-content\/uploads\/2026\/03\/desierto-01-300x118.jpg\" alt=\"\" width=\"300\" height=\"118\" srcset=\"https:\/\/www.iesuscaritas.org\/wp-content\/uploads\/2026\/03\/desierto-01-300x118.jpg 300w, https:\/\/www.iesuscaritas.org\/wp-content\/uploads\/2026\/03\/desierto-01-768x302.jpg 768w, https:\/\/www.iesuscaritas.org\/wp-content\/uploads\/2026\/03\/desierto-01.jpg 1024w\" sizes=\"auto, (max-width: 300px) 100vw, 300px\" \/><\/a>CONTEMPLER DANS LE D\u00c9SERT<\/p>\n<p>Sur les traces du Ma\u00eetre, le long des sentiers de Galil\u00e9e\u2026<\/p>\n<p>Le d\u00e9sert n\u2019est pas seulement un lieu o\u00f9 aller.<\/p>\n<p>C\u2019est un espace int\u00e9rieur o\u00f9 nous apprenons \u00e0 \u00e9couter.<\/p>\n<p>Dans le silence, nos certitudes commencent \u00e0 s\u2019effriter.<\/p>\n<p>Dans le silence, nos r\u00e9sistances se manifestent.<\/p>\n<p>Dans le silence, la douce voix du P\u00e8re se r\u00e9v\u00e8le aussi. J\u00e9sus n\u2019est pas all\u00e9 au d\u00e9sert pour accomplir des choses.<br \/>\nIl est all\u00e9 pour \u00eatre pleinement pr\u00e9sent.<\/p>\n<p>Il est all\u00e9 pour \u00e9couter.<\/p>\n<p>Il est all\u00e9 laisser l&rsquo;Esprit guider son c\u0153ur avant d&rsquo;entamer sa mission.<\/p>\n<p>La contemplation n&rsquo;est pas une fuite.<\/p>\n<p>C&rsquo;est une disponibilit\u00e9.<\/p>\n<p>C&rsquo;est apprendre \u00e0 demeurer.<\/p>\n<p>Ne pas fuir.<\/p>\n<p>Ne pas combler le vide par des paroles inutiles.<\/p>\n<p>Entrons.<\/p>\n<p><a href=\"https:\/\/www.iesuscaritas.org\/wp-content\/uploads\/2026\/03\/desierto-02.jpg\"><img loading=\"lazy\" decoding=\"async\" class=\"alignright size-medium wp-image-8431\" src=\"https:\/\/www.iesuscaritas.org\/wp-content\/uploads\/2026\/03\/desierto-02-300x107.jpg\" alt=\"\" width=\"300\" height=\"107\" srcset=\"https:\/\/www.iesuscaritas.org\/wp-content\/uploads\/2026\/03\/desierto-02-300x107.jpg 300w, https:\/\/www.iesuscaritas.org\/wp-content\/uploads\/2026\/03\/desierto-02.jpg 612w\" sizes=\"auto, (max-width: 300px) 100vw, 300px\" \/><\/a>\u00c9COUTER DANS LE D\u00c9SERT<\/p>\n<p>Entrez lentement.<\/p>\n<p>Le d\u00e9sert ne se conquiert pas,<\/p>\n<p>il se re\u00e7oit.<br \/>\nN&rsquo;apportez pas de discours,<\/p>\n<p>n&rsquo;apportez pas de certitudes,<\/p>\n<p>n&rsquo;apportez pas de bruit.<\/p>\n<p>Ici, le vent d\u00e9sarme les mots<br \/>\net le sable recouvre les masques.<\/p>\n<p>\u00c9couter,<br \/>\nc&rsquo;est rester,<\/p>\n<p>quand tout vous invite \u00e0 fuir.<\/p>\n<p>\u00c9couter,<br \/>\nc&rsquo;est accepter sa propre pauvret\u00e9,<\/p>\n<p>sans la masquer par la spiritualit\u00e9.<\/p>\n<p><a href=\"https:\/\/www.iesuscaritas.org\/wp-content\/uploads\/2026\/03\/desierto-03.jpg\"><img loading=\"lazy\" decoding=\"async\" class=\"alignright size-medium wp-image-8432\" src=\"https:\/\/www.iesuscaritas.org\/wp-content\/uploads\/2026\/03\/desierto-03-300x240.jpg\" alt=\"\" width=\"300\" height=\"240\" srcset=\"https:\/\/www.iesuscaritas.org\/wp-content\/uploads\/2026\/03\/desierto-03-300x240.jpg 300w, https:\/\/www.iesuscaritas.org\/wp-content\/uploads\/2026\/03\/desierto-03-1024x819.jpg 1024w, https:\/\/www.iesuscaritas.org\/wp-content\/uploads\/2026\/03\/desierto-03-768x614.jpg 768w, https:\/\/www.iesuscaritas.org\/wp-content\/uploads\/2026\/03\/desierto-03.jpg 1225w\" sizes=\"auto, (max-width: 300px) 100vw, 300px\" \/><\/a>Dans le d\u00e9sert,<\/p>\n<p>la voix de Dieu,<\/p>\n<p>ne crie pas,<\/p>\n<p>elle murmure.<\/p>\n<p>Parlez l\u00e0 o\u00f9 \u00e7a fait mal.<\/p>\n<p>Parlez l\u00e0 o\u00f9 vous avez peur.<\/p>\n<p>Parlez l\u00e0 o\u00f9 vous n&rsquo;\u00eates pas encore pr\u00eat \u00e0 vous abandonner.<\/p>\n<hr \/>\n<p>\ud83d\udcc3 PDF : <a href=\"https:\/\/www.iesuscaritas.org\/wp-content\/uploads\/2026\/03\/Desert-Franz-JALICS-fr.pdf\">D\u00e9sert, Franz JALICS fr<\/a><\/p>\n<p>&nbsp;<\/p>","protected":false},"excerpt":{"rendered":"<p>\u00ab Sur le chemin de votre c\u0153ur vers Dieu, le d\u00e9sert sera incontournable. Entrez-y pieds nus, ouvert \u00e0 la d\u00e9couverte de la volont\u00e9 de Dieu pour vous, dans le myst\u00e8re <a class=\"more-link\" href=\"https:\/\/www.iesuscaritas.org\/fr\/desierto-franz-jalics\/\">Continue Reading &rarr;<\/a><\/p>\n","protected":false},"author":1,"featured_media":0,"parent":0,"menu_order":11,"comment_status":"open","ping_status":"closed","template":"","meta":{"footnotes":""},"class_list":["post-8424","page","type-page","status-publish","hentry"],"_links":{"self":[{"href":"https:\/\/www.iesuscaritas.org\/fr\/wp-json\/wp\/v2\/pages\/8424","targetHints":{"allow":["GET"]}}],"collection":[{"href":"https:\/\/www.iesuscaritas.org\/fr\/wp-json\/wp\/v2\/pages"}],"about":[{"href":"https:\/\/www.iesuscaritas.org\/fr\/wp-json\/wp\/v2\/types\/page"}],"author":[{"embeddable":true,"href":"https:\/\/www.iesuscaritas.org\/fr\/wp-json\/wp\/v2\/users\/1"}],"replies":[{"embeddable":true,"href":"https:\/\/www.iesuscaritas.org\/fr\/wp-json\/wp\/v2\/comments?post=8424"}],"version-history":[{"count":9,"href":"https:\/\/www.iesuscaritas.org\/fr\/wp-json\/wp\/v2\/pages\/8424\/revisions"}],"predecessor-version":[{"id":8444,"href":"https:\/\/www.iesuscaritas.org\/fr\/wp-json\/wp\/v2\/pages\/8424\/revisions\/8444"}],"wp:attachment":[{"href":"https:\/\/www.iesuscaritas.org\/fr\/wp-json\/wp\/v2\/media?parent=8424"}],"curies":[{"name":"wp","href":"https:\/\/api.w.org\/{rel}","templated":true}]}}