{"id":8082,"date":"2025-10-19T12:40:37","date_gmt":"2025-10-19T10:40:37","guid":{"rendered":"https:\/\/www.iesuscaritas.org\/?page_id=8082"},"modified":"2025-10-19T17:45:11","modified_gmt":"2025-10-19T15:45:11","slug":"historia-de-la-fraternidad","status":"publish","type":"page","link":"https:\/\/www.iesuscaritas.org\/fr\/historia-de-la-fraternidad\/","title":{"rendered":"Histoire de la Fraternit\u00e9"},"content":{"rendered":"<p><a href=\"https:\/\/www.iesuscaritas.org\/wp-content\/uploads\/2025\/10\/historia-fraternidad-01.jpg\"><img loading=\"lazy\" decoding=\"async\" class=\"size-full wp-image-8091 alignright\" src=\"https:\/\/www.iesuscaritas.org\/wp-content\/uploads\/2025\/10\/historia-fraternidad-01.jpg\" alt=\"\" width=\"171\" height=\"133\" \/><\/a>La Fraternit\u00e9 Sacerdotale Iesus Caritas poss\u00e8de une histoire riche de noms et de r\u00eaves \u00e9vang\u00e9liques. De ses d\u00e9buts sous la direction de Ren\u00e9 Voillaume \u00e0 l&rsquo;abbaye de Bouquen (France), sous le nom de La Union, jusqu&rsquo;\u00e0 la tenue de la 12e rencontre internationale, soixante-dix ann\u00e9es de pr\u00e9paration au Concile Vatican II et soixante ann\u00e9es postconciliaires se sont \u00e9coul\u00e9es, vivant l&rsquo;\u00c9vangile avec la radicalit\u00e9 du t\u00e9moin et du chercheur de v\u00e9rit\u00e9 que saint Charles de Foucauld fut en son temps.<\/p>\n<p>C&rsquo;est avec gratitude que nous rendons hommage \u00e0 Mgr Guy Riob\u00e9, premier responsable g\u00e9n\u00e9ral, qui, avec Pierre Cimitierre, secr\u00e9taire g\u00e9n\u00e9ral, a pos\u00e9 les premiers jalons sous les conseils de Ren\u00e9 Voillaume. Ce furent des moments historiques porteurs d&rsquo;espoir, qui se sont refl\u00e9t\u00e9s dans les assembl\u00e9es internationales de la Fraternit\u00e9 Sacerdotale Iesus Caritas et dans les propositions de service de coordination et d&rsquo;animation des diff\u00e9rentes organisations r\u00e9gionales qui \u00e9mergeaient \u00e0 travers le monde:<\/p>\n<p>1er. Palestine 1962 (Guy Riob\u00e9, France) ;<br \/>\n2e. Lourdes 1965 (Pierre Loubier, France) ;<br \/>\n3e. Lourdes 1970 (Peter Hunemann, Allemagne) ;<br \/>\n4e. Montefiolo 1976 (Jacques Leclerc, Canada) ;<br \/>\n5e. Alger 1982 (Gunther Lendbradl, Allemagne) ;<br \/>\n6e. Saint-Domingue 1988 (Tony Philpot, Angleterre) ;<br \/>\n7e. Cebu 1994 (Responsable : Jim Murphy, Irlande) ;<br \/>\n8e. Le Caire 2000 (responsable : Mariano Puga (Chili) ;<br \/>\n9e. Sao Paulo 2006 (responsable : Abraham Apolinario, R\u00e9publique dominicaine) ;<br \/>\n10e. Paris 2012 (responsable : Aurelio Sanz (Espagne) ;<br \/>\n11e. Cebu 2019 (responsable : Eric Lozada, Philippines) ;<br \/>\n12e. Buenos Aires 2025 (responsable : Carlos Roberto dos Santos, Br\u00e9sil).<\/p>\n<p><a href=\"https:\/\/www.iesuscaritas.org\/wp-content\/uploads\/2025\/10\/historia-fraternidad-02.jpg\"><img loading=\"lazy\" decoding=\"async\" class=\"alignleft wp-image-8092 size-thumbnail\" src=\"https:\/\/www.iesuscaritas.org\/wp-content\/uploads\/2025\/10\/historia-fraternidad-02-150x150.jpg\" alt=\"\" width=\"150\" height=\"150\" \/><\/a>La fraternit\u00e9 est compos\u00e9e de pr\u00eatres dioc\u00e9sains, plac\u00e9s sous l&rsquo;ob\u00e9issance de leur \u00e9v\u00eaque, g\u00e9n\u00e9ralement en paroisse. Ils forment des fraternit\u00e9s locales qui se r\u00e9unissent mensuellement pour prier et faire le point sur leur vie. Leur spiritualit\u00e9, fond\u00e9e sur la recherche de J\u00e9sus et leur amiti\u00e9 avec lui, s&rsquo;inscrit dans la lign\u00e9e des intuitions de saint Charles de Foucauld. Elle repose sur cinq axes fondamentaux\u00a0: l&rsquo;esprit de Nazareth, l&rsquo;option et l&rsquo;engagement envers les plus pauvres, l&rsquo;adoration, le jour mensuel du d\u00e9sert et la r\u00e9vision de la vie en fraternit\u00e9. Ils doivent observer le Mois de Nazareth au moins une fois dans leur vie.<\/p>\n<p>La fraternit\u00e9 sacerdotale est en coordination avec les diff\u00e9rentes fraternit\u00e9s qui composent la famille spirituelle de saint Charles de Foucauld, et en communion avec le Pape et l&rsquo;\u00c9glise universelle.<\/p>\n<p>Les responsables locaux, nationaux, continentaux et internationaux coordonnent le d\u00e9veloppement des fraternit\u00e9s, sans structure hi\u00e9rarchique.<\/p>\n<p>La Fraternit\u00e9 compte actuellement environ quatre mille pr\u00eatres, qui \u0153uvrent dans les paroisses, les p\u00e9riph\u00e9ries, les milieux modestes, les projets de d\u00e9veloppement humain, les prisons et les h\u00f4pitaux. Ils sont toujours attentifs \u00e0 ce que l&rsquo;\u00c9vangile nous demande et d\u00e9sireux d&rsquo;\u00eatre au plus bas de la hi\u00e9rarchie, comme saint Charles de Foucauld nous l&rsquo;a inspir\u00e9.<\/p>\n<p><a href=\"https:\/\/www.iesuscaritas.org\/wp-content\/uploads\/2025\/10\/historia-fraternidad-03.jpg\"><img loading=\"lazy\" decoding=\"async\" class=\"aligncenter wp-image-8093 size-full\" src=\"https:\/\/www.iesuscaritas.org\/wp-content\/uploads\/2025\/10\/historia-fraternidad-03.jpg\" alt=\"\" width=\"950\" height=\"390\" srcset=\"https:\/\/www.iesuscaritas.org\/wp-content\/uploads\/2025\/10\/historia-fraternidad-03.jpg 950w, https:\/\/www.iesuscaritas.org\/wp-content\/uploads\/2025\/10\/historia-fraternidad-03-300x123.jpg 300w, https:\/\/www.iesuscaritas.org\/wp-content\/uploads\/2025\/10\/historia-fraternidad-03-768x315.jpg 768w\" sizes=\"auto, (max-width: 950px) 100vw, 950px\" \/><\/a><\/p>\n<hr \/>\n<p>PDF : <a href=\"https:\/\/www.iesuscaritas.org\/wp-content\/uploads\/2025\/10\/Histoire-de-la-Fraternite-fr.pdf\">Histoire de la Fraternit\u00e9 fr<\/a><\/p>","protected":false},"excerpt":{"rendered":"<p>La Fraternit\u00e9 Sacerdotale Iesus Caritas poss\u00e8de une histoire riche de noms et de r\u00eaves \u00e9vang\u00e9liques. De ses d\u00e9buts sous la direction de Ren\u00e9 Voillaume \u00e0 l&rsquo;abbaye de Bouquen (France), sous <a class=\"more-link\" href=\"https:\/\/www.iesuscaritas.org\/fr\/historia-de-la-fraternidad\/\">Continue Reading &rarr;<\/a><\/p>\n","protected":false},"author":1,"featured_media":0,"parent":0,"menu_order":10,"comment_status":"closed","ping_status":"closed","template":"","meta":{"footnotes":""},"class_list":["post-8082","page","type-page","status-publish","hentry"],"_links":{"self":[{"href":"https:\/\/www.iesuscaritas.org\/fr\/wp-json\/wp\/v2\/pages\/8082","targetHints":{"allow":["GET"]}}],"collection":[{"href":"https:\/\/www.iesuscaritas.org\/fr\/wp-json\/wp\/v2\/pages"}],"about":[{"href":"https:\/\/www.iesuscaritas.org\/fr\/wp-json\/wp\/v2\/types\/page"}],"author":[{"embeddable":true,"href":"https:\/\/www.iesuscaritas.org\/fr\/wp-json\/wp\/v2\/users\/1"}],"replies":[{"embeddable":true,"href":"https:\/\/www.iesuscaritas.org\/fr\/wp-json\/wp\/v2\/comments?post=8082"}],"version-history":[{"count":20,"href":"https:\/\/www.iesuscaritas.org\/fr\/wp-json\/wp\/v2\/pages\/8082\/revisions"}],"predecessor-version":[{"id":8121,"href":"https:\/\/www.iesuscaritas.org\/fr\/wp-json\/wp\/v2\/pages\/8082\/revisions\/8121"}],"wp:attachment":[{"href":"https:\/\/www.iesuscaritas.org\/fr\/wp-json\/wp\/v2\/media?parent=8082"}],"curies":[{"name":"wp","href":"https:\/\/api.w.org\/{rel}","templated":true}]}}