{"id":8041,"date":"2025-10-19T11:28:23","date_gmt":"2025-10-19T09:28:23","guid":{"rendered":"https:\/\/www.iesuscaritas.org\/?page_id=8041"},"modified":"2025-10-19T11:28:23","modified_gmt":"2025-10-19T09:28:23","slug":"la-pertenencia-a-la-fraternidad","status":"publish","type":"page","link":"https:\/\/www.iesuscaritas.org\/fr\/la-pertenencia-a-la-fraternidad\/","title":{"rendered":"Adh\u00e9sion \u00e0 la Fraternit\u00e9"},"content":{"rendered":"<p><a href=\"https:\/\/www.iesuscaritas.org\/wp-content\/uploads\/2025\/10\/iesus-caritas-bn.jpg\"><img loading=\"lazy\" decoding=\"async\" class=\"alignleft size-full wp-image-8051\" src=\"https:\/\/www.iesuscaritas.org\/wp-content\/uploads\/2025\/10\/iesus-caritas-bn.jpg\" alt=\"\" width=\"170\" height=\"146\" \/><\/a>La fraternit\u00e9 est un groupe de fr\u00e8res. Lorsque nous nous sentons et sommes fr\u00e8res, nous sommes une fraternit\u00e9.<\/p>\n<p>La Fraternit\u00e9 Sacerdotale Iesus Caritas, dans le cadre des Familles de Charles de FOUCAULD, poss\u00e8de sa propre dynamique de pr\u00eatres dioc\u00e9sains, que chaque fraternit\u00e9 \u00e9tablit et que toutes les fraternit\u00e9s adoptent par le Directoire.<\/p>\n<p>Pour appartenir \u00e0 une fraternit\u00e9, il est essentiel de consolider les liens d&rsquo;amiti\u00e9, la compr\u00e9hension mutuelle, les motivations de confiance et de sinc\u00e9rit\u00e9, les attitudes de foi et d&rsquo;\u00e9coute\u00a0; sinon, ce ne serait rien d&rsquo;autre qu&rsquo;une appartenance \u00e0 un groupe de bons amis, ou \u00e0 un groupe d&rsquo;entraide, voire quelque chose de sectaire, d&rsquo;\u00e9litiste ou de spiritualiste.<\/p>\n<p>Cela se refl\u00e8te dans les attitudes fondamentales caract\u00e9ristiques de tout groupe humain s\u00e9rieux.<\/p>\n<p>Ces attitudes pourraient \u00eatre les suivantes\u00a0:<\/p>\n<p>1. EMPATHIE. Me mettre \u00e0 la place des autres, me mettre \u00e0 leur place. Cela me permettra de comprendre et d&rsquo;accepter les autres. Cette attitude nous lib\u00e8re des n\u0153uds personnels qui nous enferment dans nos opinions, nos id\u00e9es fixes, etc.<\/p>\n<p>2. \u00c9COUTER. Ouvrir les oreilles de notre c\u0153ur pour entendre la voix du Seigneur dans nos fr\u00e8res et s\u0153urs, afin qu&rsquo;ils se sentent \u00e0 leur tour \u00e9cout\u00e9s et que nous soyons pris en charge.<\/p>\n<p>3. TRANSPARENCE. Si je ne me laisse pas voir int\u00e9rieurement, je ne pourrai pas non plus voir les autres. La sinc\u00e9rit\u00e9, l&rsquo;honn\u00eatet\u00e9 dans la communication et l&rsquo;absence de jugement sont des signes de transparence.<\/p>\n<p>4. RESPECT. Synonyme d&rsquo;amour et d&rsquo;amiti\u00e9, d&rsquo;attention \u00e0 autrui et d&rsquo;acceptation de l&rsquo;autre tel qu&rsquo;il est. Le respect est synonyme non seulement de bonnes mani\u00e8res, mais aussi de flexibilit\u00e9 dans les relations et de bonne compr\u00e9hension. Lorsque le respect est perdu, la v\u00e9ritable amiti\u00e9, le partenariat et l&rsquo;esprit d&rsquo;\u00e9quipe se perdent, et les relations se d\u00e9t\u00e9riorent fatalement.<\/p>\n<p>5. S&rsquo;ABANDONNER. Se donner librement aux autres, offrir le meilleur de soi-m\u00eame, sans attendre de r\u00e9compense ni \u00eatre tenu responsable de ses actes. Un amour libre et d\u00e9sint\u00e9ress\u00e9.<\/p>\n<p>Jusqu&rsquo;ici, nous pourrions parler d&rsquo;un groupe humain compact et ouvert \u00e0 la fois. Compact dans ses convictions et ouvert \u00e0 l&rsquo;am\u00e9lioration, \u00e0 la critique et \u00e0 l&rsquo;innovation, ouvert \u00e0 de nouveaux membres et \u00e0 de nouvelles id\u00e9es.<\/p>\n<p>En tant que Fraternit\u00e9 Iesus Caritas, nous connaissons tous des caract\u00e9ristiques et des attitudes ancr\u00e9es dans le charisme de Fr\u00e8re Charles et la spiritualit\u00e9 de l&rsquo;\u00c9vangile\u00a0: la vie fraternelle, le d\u00e9sert, la r\u00e9vision de vie, l&rsquo;adoration, le Mois de Nazareth, l&rsquo;option pour les derniers, la contemplation, la vie de Nazareth comme mode de vie et de convivialit\u00e9 et, par cons\u00e9quent, comme style pastoral.<\/p>\n<p>Nous le savons tous. Il serait n\u00e9cessaire de mener une r\u00e9flexion approfondie sur l&rsquo;engagement personnel, li\u00e9 \u00e0 la vocation re\u00e7ue, et au niveau communautaire \u2013 local ou national \u2013 sur ce qui est sp\u00e9cifique \u00e0 notre Fraternit\u00e9 et qui implique un engagement sinc\u00e8re envers nos fr\u00e8res et s\u0153urs, \u00eatres humains, et pas seulement envers le Seigneur, pr\u00eatres ou consacr\u00e9s.<\/p>\n<p>Dans ce contexte, je propose les axes suivants\u00a0:<\/p>\n<p>1. FRATERNIT\u00c9 ET ENGAGEMENT \u00c9VANG\u00c9LIQUE. La Fraternit\u00e9 me rapproche-t-elle de l\u2019\u00c9vangile\u00a0? M\u2019aide-t-elle \u00e0 r\u00e9pandre le Royaume\u00a0? Nous partons de notre vocation chr\u00e9tienne \u00e0 suivre J\u00e9sus d\u00e8s notre bapt\u00eame, renouvel\u00e9e par la confirmation et affermie par l\u2019ordination, non pas comme une professionnalisation, mais comme un service au peuple de Dieu et \u00e0 la soci\u00e9t\u00e9. Ma fraternit\u00e9 est-elle un signe de l\u2019\u00c9vangile dans mon dioc\u00e8se, dans mon \u00e9glise locale\u00a0? Nous ne sommes pas une \u00e9lite marginale.<\/p>\n<p>2. LA FRATERNIT\u00c9 COMME MOYEN D\u2019\u00c9VANG\u00c9LISATION. Est-ce que je me sens \u00e9vang\u00e9lis\u00e9 par la Fraternit\u00e9, par chaque fr\u00e8re\u00a0? Est-ce que je me sens appel\u00e9 non seulement \u00e0 vivre l\u2019\u00c9vangile, mais aussi \u00e0 l\u2019annoncer par ma vie \u2013 un point cl\u00e9 du charisme de fr\u00e8re Charles\u00a0? En tant que pr\u00eatres, nous sommes appel\u00e9s \u00e0 annoncer J\u00e9sus, \u00e0 partager la Bonne Nouvelle avec les pauvres, la lib\u00e9ration des captifs\u2026 Nous ne sommes pas des professionnels de la sacramentalisation ou de la pr\u00e9dication, comme des artistes des m\u00e9dias\u00a0; Nous sommes envoy\u00e9s au nom de J\u00e9sus. Est-ce que je crois et j&rsquo;esp\u00e8re \u00e0 la mani\u00e8re de Nazareth pour \u00e9vang\u00e9liser\u00a0? Nazareth n&rsquo;est pas une utopie\u00a0; c&rsquo;est la vie quotidienne dans ses petites choses.<\/p>\n<p>3. FRATERNIT\u00c9 ET SPIRITUALIT\u00c9. Notre appartenance \u00e0 la Fraternit\u00e9 est-elle un moyen de cultiver l&rsquo;esprit\u00a0? La Fraternit\u00e9, le charisme de Fr\u00e8re Charles, est-elle pour nous une \u00e9cole de pri\u00e8re, une ressource pour la vie int\u00e9rieure\u00a0? En tant que Fraternit\u00e9, nous disposons d&rsquo;une richesse enviable de ressources pour le cheminement spirituel des autres pr\u00eatres. Nos retraites et nos rencontres sont appr\u00e9ci\u00e9es par ceux qui nous approchent pour la premi\u00e8re fois. Nous sommes valoris\u00e9s dans nos dioc\u00e8ses comme hommes de pri\u00e8re, mais cela correspond-il \u00e0 la r\u00e9alit\u00e9\u00a0? Il ne s&rsquo;agit pas de donner des le\u00e7ons, mais de partager une mani\u00e8re d&rsquo;aimer Dieu et de se laisser aimer par lui.<\/p>\n<p>4. FRATERNIT\u00c9 ET AMOUR FRATERNEL. Suis-je ami avec les fr\u00e8res de la Fraternit\u00e9\u00a0? Est-ce que je prends soin d&rsquo;eux\u00a0? Leurs souffrances me blessent-elles et leurs joies me r\u00e9jouissent-elles\u00a0? La fraternit\u00e9 n&rsquo;est pas une \u00e9tiquette eccl\u00e9siastique. Nous ne choisissons pas o\u00f9 nous sommes\u00a0; ils nous sont donn\u00e9s. Nous ne choisissons pas nos fr\u00e8res\u00a0; ils nous sont donn\u00e9s. Il est parfois difficile de percevoir la voix de Dieu dans tout cela. Id\u00e9aliser ma fraternit\u00e9 comme un \u00e9tat parfait de compr\u00e9hension mutuelle et d&rsquo;amiti\u00e9 est une erreur. Les gens, tous diff\u00e9rents, ont leurs valeurs et leurs contre-valeurs. Aimer nos fr\u00e8res tels qu&rsquo;ils sont, c&rsquo;est les respecter. Il est alors plus facile de se laisser aider, de les \u00e9couter, de contempler leur vie avec les yeux du c\u0153ur, sans juger les attitudes ou les \u00e9v\u00e9nements, mais en les remettant en question si n\u00e9cessaire et en se laissant interpeller. Avons-nous peur que d&rsquo;autres entrent dans notre vie\u00a0? Notre psychologie humaine nous masque souvent et nous g\u00e9n\u00e9rons des d\u00e9fenses.<\/p>\n<p>5. FRATERNIT\u00c9 ET LIEU TH\u00c9OLOGIQUE. La fraternit\u00e9 est-elle notre dernier lieu\u00a0? Tout cela peut-il \u00eatre synonyme de fausse humilit\u00e9\u00a0? Dieu Amour est-il aussi pr\u00e9sent dans ma fraternit\u00e9\u00a0? Les rencontres avec le Seigneur se produisent dans des contextes, des moments et des \u00e9v\u00e9nements tr\u00e8s divers. Parfois, nous essayons de prier sans y parvenir\u00a0; d&rsquo;autres fois, c&rsquo;est le Seigneur qui nous tend la main et nous parle au c\u0153ur. Comment ma fraternit\u00e9 m&rsquo;aide-t-elle et comment puis-je contribuer \u00e0 trouver Dieu dans les gens et dans la vie\u00a0? Suis-je conscient que suivre le charisme de fr\u00e8re Charles est une qu\u00eate de Dieu et une acceptation de la derni\u00e8re place\u00a0? La Fraternit\u00e9, les fr\u00e8res, et non pas tant les structures, est soit une priorit\u00e9 dans notre temps et notre d\u00e9vouement, soit une belle forme de compl\u00e9ment spirituel ou d&rsquo;entraide.<\/p>\n<p>Appartenir \u00e0 la Fraternit\u00e9 n&rsquo;est pas un accomplissement, c&rsquo;est un don. S&rsquo;y engager, c&rsquo;est continuer \u00e0 s&rsquo;engager dans l&rsquo;\u0153uvre de propagation du Royaume.<\/p>\n<p>Nous \u00e9vitons tous les \u00e9tiquettes, tant sociales que pastorales\u00a0; nous n&rsquo;aimons pas \u00eatre stigmatis\u00e9s par le clerg\u00e9 dioc\u00e9sain comme des marginaux.<\/p>\n<p>La conviction d&rsquo;\u00eatre appel\u00e9s par J\u00e9sus \u00e0 le servir dans les autres, \u00e0 faire de notre vie une annonce et une d\u00e9nonciation, nous engage \u00e0 \u00eatre coh\u00e9rents, \u00e0 ne pas jouer avec deux cartes.<\/p>\n<p>Consid\u00e9rons-nous la Fraternit\u00e9 comme une aide suppl\u00e9mentaire parmi le large \u00e9ventail de possibilit\u00e9s ou d&rsquo;offres pour vivre une spiritualit\u00e9 s\u00e9rieuse\u00a0?<\/p>\n<p>Dans quelle mesure suis-je pr\u00e9occup\u00e9 par le progr\u00e8s de ma fraternit\u00e9 et des autres\u00a0?<\/p>\n<p>Est-ce que j&rsquo;appr\u00e9cie et lis le Courrier de la Fraternit\u00e9, le bulletin Iesus Caritas et les diff\u00e9rentes communications\u00a0? Si possible, est-ce que je consulte les sites web de la fraternit\u00e9 en ligne\u00a0?<\/p>\n<p>Combien de temps est-ce que je consacre \u00e0 ma fraternit\u00e9 chaque semaine ou chaque mois\u00a0? Est-ce que j&rsquo;utilise fr\u00e9quemment le t\u00e9l\u00e9phone pour prendre des nouvelles des autres\u00a0? Est-ce que je leur rends visite\u00a0? Est-ce que je me laisse aimer quand ils se soucient aussi de moi\u00a0?<\/p>\n<p>Est-ce que je consid\u00e8re ma fraternit\u00e9 locale comme un petit fief \u00e0 l&rsquo;\u00e9cart des autres groupes ou fraternit\u00e9s\u00a0? Peut-\u00eatre un royaume de ta\u00effa (o\u00f9 personne n&rsquo;interf\u00e8re)\u00a0? Sommes-nous ouverts \u00e0 la critique et aux innovations dans l&rsquo;esprit du charisme\u00a0?<\/p>\n<p>Suis-je dans ma fraternit\u00e9 comme je le serais dans n&rsquo;importe quel autre groupe de pr\u00eatres ou de la\u00efcs\u00a0? Pourquoi\u00a0? Quels espaces puis-je partager\u00a0?<\/p>\n<p>Est-ce que j&rsquo;h\u00e9site \u00e0 parler de fraternit\u00e9 au sein du clerg\u00e9 dioc\u00e9sain, lors de r\u00e9unions, de rassemblements ou de c\u00e9l\u00e9brations, de peur d&rsquo;\u00eatre consid\u00e9r\u00e9 comme diff\u00e9rent, \u00e9tiquet\u00e9\u00a0? Pourquoi \u00ab\u00a0ici oui et l\u00e0 non\u00a0\u00bb\u00a0?<\/p>\n<p>Pour \u00eatre heureux, nous devons aimer qui nous sommes et ce que nous avons, comme un don et un amour de Dieu, comme une partie de son h\u00e9ritage.<br \/>\nMerci.<\/p>\n<p>Aurelio SANZ BAEZA<\/p>\n<hr \/>\n<p>PDF : <a href=\"https:\/\/www.iesuscaritas.org\/wp-content\/uploads\/2025\/10\/Adhesion-a-la-fraternite-fr.pdf\">Adh\u00e9sion \u00e0 la fraternit\u00e9 fr<\/a><\/p>","protected":false},"excerpt":{"rendered":"<p>La fraternit\u00e9 est un groupe de fr\u00e8res. Lorsque nous nous sentons et sommes fr\u00e8res, nous sommes une fraternit\u00e9. La Fraternit\u00e9 Sacerdotale Iesus Caritas, dans le cadre des Familles de Charles <a class=\"more-link\" href=\"https:\/\/www.iesuscaritas.org\/fr\/la-pertenencia-a-la-fraternidad\/\">Continue Reading &rarr;<\/a><\/p>\n","protected":false},"author":1,"featured_media":0,"parent":0,"menu_order":9,"comment_status":"closed","ping_status":"closed","template":"","meta":{"footnotes":""},"class_list":["post-8041","page","type-page","status-publish","hentry"],"_links":{"self":[{"href":"https:\/\/www.iesuscaritas.org\/fr\/wp-json\/wp\/v2\/pages\/8041","targetHints":{"allow":["GET"]}}],"collection":[{"href":"https:\/\/www.iesuscaritas.org\/fr\/wp-json\/wp\/v2\/pages"}],"about":[{"href":"https:\/\/www.iesuscaritas.org\/fr\/wp-json\/wp\/v2\/types\/page"}],"author":[{"embeddable":true,"href":"https:\/\/www.iesuscaritas.org\/fr\/wp-json\/wp\/v2\/users\/1"}],"replies":[{"embeddable":true,"href":"https:\/\/www.iesuscaritas.org\/fr\/wp-json\/wp\/v2\/comments?post=8041"}],"version-history":[{"count":12,"href":"https:\/\/www.iesuscaritas.org\/fr\/wp-json\/wp\/v2\/pages\/8041\/revisions"}],"predecessor-version":[{"id":8062,"href":"https:\/\/www.iesuscaritas.org\/fr\/wp-json\/wp\/v2\/pages\/8041\/revisions\/8062"}],"wp:attachment":[{"href":"https:\/\/www.iesuscaritas.org\/fr\/wp-json\/wp\/v2\/media?parent=8041"}],"curies":[{"name":"wp","href":"https:\/\/api.w.org\/{rel}","templated":true}]}}