{"id":8014,"date":"2025-10-19T10:19:08","date_gmt":"2025-10-19T08:19:08","guid":{"rendered":"https:\/\/www.iesuscaritas.org\/?page_id=8014"},"modified":"2025-10-19T10:19:08","modified_gmt":"2025-10-19T08:19:08","slug":"la-revision-de-vida","status":"publish","type":"page","link":"https:\/\/www.iesuscaritas.org\/fr\/la-revision-de-vida\/","title":{"rendered":"La R\u00e9vision de Vie"},"content":{"rendered":"<p><\/p>\n<h1>La R\u00e9vision de Vie, \u00c9cole de Fraternit\u00e9<\/h1>\n<p><a href=\"https:\/\/www.iesuscaritas.org\/wp-content\/uploads\/2025\/10\/revision-vida-01.jpg\"><img loading=\"lazy\" decoding=\"async\" class=\"aligncenter wp-image-8025 size-full\" src=\"https:\/\/www.iesuscaritas.org\/wp-content\/uploads\/2025\/10\/revision-vida-01.jpg\" alt=\"\" width=\"810\" height=\"617\" srcset=\"https:\/\/www.iesuscaritas.org\/wp-content\/uploads\/2025\/10\/revision-vida-01.jpg 810w, https:\/\/www.iesuscaritas.org\/wp-content\/uploads\/2025\/10\/revision-vida-01-300x229.jpg 300w, https:\/\/www.iesuscaritas.org\/wp-content\/uploads\/2025\/10\/revision-vida-01-768x585.jpg 768w\" sizes=\"auto, (max-width: 810px) 100vw, 810px\" \/><\/a><\/p>\n<h2>I Que dit le Directoire ?<\/h2>\n<p><a href=\"https:\/\/www.iesuscaritas.org\/wp-content\/uploads\/2025\/10\/revision-vida-02.jpg\"><img loading=\"lazy\" decoding=\"async\" class=\"alignright size-medium wp-image-8026\" src=\"https:\/\/www.iesuscaritas.org\/wp-content\/uploads\/2025\/10\/revision-vida-02-300x300.jpg\" alt=\"\" width=\"300\" height=\"300\" srcset=\"https:\/\/www.iesuscaritas.org\/wp-content\/uploads\/2025\/10\/revision-vida-02-300x300.jpg 300w, https:\/\/www.iesuscaritas.org\/wp-content\/uploads\/2025\/10\/revision-vida-02-150x150.jpg 150w, https:\/\/www.iesuscaritas.org\/wp-content\/uploads\/2025\/10\/revision-vida-02.jpg 500w\" sizes=\"auto, (max-width: 300px) 100vw, 300px\" \/><\/a>\u00ab C&rsquo;est surtout dans la R\u00e9vision de Vie que la fraternit\u00e9 exerce sa fonction de r\u00e8gle de vie. On parle beaucoup de r\u00e9vision de vie, mais en indiquant des r\u00e9alit\u00e9s diff\u00e9rentes : \u00e9changes diff\u00e9rents, \u00e9tudes \u00e9vang\u00e9liques, r\u00e9vision de vie apostolique. Pour nous, en fraternit\u00e9, la Revue de Vie est un acte de foi commune, dans lequel nous partageons des \u00e9v\u00e9nements, des inqui\u00e9tudes, des espoirs et des d\u00e9ceptions, une lecture commune de la vie pour y d\u00e9couvrir les appels du Seigneur (&#8230;)<\/p>\n<p>La R\u00e9visoon de Vie est avant tout un regard contemplatif sur l&rsquo;action de l&rsquo;Esprit Saint dans nos vies. Et en m\u00eame temps, c&rsquo;est le moyen d&rsquo;une conversion permanente qui doit aussi atteindre le meilleur de chacun, \u00eatre toujours disponible aux appels du Seigneur, pr\u00e9cis\u00e9ment l\u00e0 o\u00f9 on ne les attendait pas, l\u00e0 o\u00f9 on ne l&rsquo;avait pas vu ni entendu jusqu&rsquo;\u00e0 pr\u00e9sent. . La R\u00e9vision de Vie nous aide \u00e0 d\u00e9couvrir le Seigneur qui est toujours plus grand, toujours diff\u00e9rent et m\u00eame d\u00e9concertant pour nous.<\/p>\n<p>Il y a une unit\u00e9 de processus entre la R\u00e9vision de Vie et les autres moyens de la Fraternit\u00e9. La R\u00e9vision de Vie se pr\u00e9pare de pr\u00e9f\u00e9rence au d\u00e9sert, toujours dans la pri\u00e8re et, si possible, par \u00e9crit. Il vaut mieux ne pas le faire que de l&rsquo;improviser. Elle suppose un climat de pri\u00e8re, d&rsquo;\u00e9coute de la Parole de Dieu, d&rsquo;attention les uns envers les autres. Il n&rsquo;y a pas \u00e0 craindre les moments de silence. Il faut avoir le courage de se remettre en question, d\u00e9licatement, mais franchement, sans crainte de tensions et d&rsquo;\u00e9ventuelles confrontations. La fausse amiti\u00e9 est la mort des vraies r\u00e9visions de vie et donc de la fraternit\u00e9.<\/p>\n<p>R\u00e9aliser un Bilan de Vie implique un engagement de chacun \u00e0 r\u00e9aliser ensemble les appels re\u00e7us. Chacun doit se sentir responsable et solidaire des autres.<br \/>\nUne authentique R\u00e9vision de Vie peut nous introduire au myst\u00e8re de la mort et de la r\u00e9surrection du Christ \u00e0 l&rsquo;\u0153uvre en nous. Et, parfois, cela nous conduira au sacrement de la r\u00e9conciliation\u00bb.<\/p>\n<h2>II Comprendre RV comme une \u00e9cole d&rsquo;\u00e9coute, de discernement et de fraternit\u00e9<\/h2>\n<p><a href=\"https:\/\/www.iesuscaritas.org\/wp-content\/uploads\/2025\/10\/revision-vida-03.jpg\"><img loading=\"lazy\" decoding=\"async\" class=\"size-medium wp-image-8027 alignleft\" src=\"https:\/\/www.iesuscaritas.org\/wp-content\/uploads\/2025\/10\/revision-vida-03-300x251.jpg\" alt=\"\" width=\"300\" height=\"251\" srcset=\"https:\/\/www.iesuscaritas.org\/wp-content\/uploads\/2025\/10\/revision-vida-03-300x251.jpg 300w, https:\/\/www.iesuscaritas.org\/wp-content\/uploads\/2025\/10\/revision-vida-03.jpg 500w\" sizes=\"auto, (max-width: 300px) 100vw, 300px\" \/><\/a>Avec l&rsquo;adoration, c&rsquo;est le point fort de la Retrait. Son objectif est de nous aider \u00e0 avoir une vision contemplative de la vie, de la r\u00e9alit\u00e9. Voir la vie \u00e0 travers les yeux de Dieu.<\/p>\n<p>Ce n&rsquo;est pas une simple technique de rencontre fraternelle ou de groupe. Essayez d&rsquo;\u00e9duquer un c\u0153ur contemplatif.<\/p>\n<p>Ce n&rsquo;est donc ni confession ni direction spirituelle. aucun outil pour comprendre ou interpr\u00e9ter.<\/p>\n<p>Il s&rsquo;agit de:<\/p>\n<p>1. Une mani\u00e8re de rechercher la pr\u00e9sence de l&rsquo;Esprit Saint dans nos vies, en parlant avec nos fr\u00e8res afin qu&rsquo;\u00e0 partir de la recherche ils puissent nous aider \u00e0 trouver la volont\u00e9 de Dieu. Ce n&rsquo;est pas demander conseil, mais discerner ensemble. Le RV se pr\u00e9pare dans l&rsquo;adoration et le silence<\/p>\n<p>2. Une mani\u00e8re de lire l&rsquo;Evangile dans la vie des hommes, et une mani\u00e8re de lire l&rsquo;Evangile dans l&rsquo;Eglise. Lisez dans les faits, et en groupe, les motions de l&rsquo;Esprit.<\/p>\n<p>3. Une rencontre avec J\u00e9sus aujourd&rsquo;hui, un J\u00e9sus qui vit dans les r\u00e9alit\u00e9s du monde et des hommes d&rsquo;aujourd&rsquo;hui.<\/p>\n<p>4. Une question sur ma fa\u00e7on d&rsquo;\u00eatre et de vivre, \u00e0 travers ce que vivent les autres.<\/p>\n<p>5. Une participation fraternelle \u00e0 la vie des fr\u00e8res.<\/p>\n<p>Comment c\u2019est la pr\u00e9paration?<\/p>\n<p>Il se pr\u00e9pare dans l&rsquo;adoration et le silence. Un temps de silence o\u00f9 se m\u00ealent r\u00e9alit\u00e9s de la vie et adoration.<\/p>\n<h2>III La vie fraternelle et la RV<\/h2>\n<p><a href=\"https:\/\/www.iesuscaritas.org\/wp-content\/uploads\/2025\/10\/revision-vida-04.jpg\"><img loading=\"lazy\" decoding=\"async\" class=\"alignright size-medium wp-image-8028\" src=\"https:\/\/www.iesuscaritas.org\/wp-content\/uploads\/2025\/10\/revision-vida-04-300x300.jpg\" alt=\"\" width=\"300\" height=\"300\" srcset=\"https:\/\/www.iesuscaritas.org\/wp-content\/uploads\/2025\/10\/revision-vida-04-300x300.jpg 300w, https:\/\/www.iesuscaritas.org\/wp-content\/uploads\/2025\/10\/revision-vida-04-150x150.jpg 150w, https:\/\/www.iesuscaritas.org\/wp-content\/uploads\/2025\/10\/revision-vida-04.jpg 500w\" sizes=\"auto, (max-width: 300px) 100vw, 300px\" \/><\/a>Dans la Fraternit\u00e9, la RV doit aussi \u00eatre de partager la mani\u00e8re dont la relecture de la vie nous ram\u00e8ne aux intuitions de Charles de Foucauld et de la Fraternit\u00e9 : adoration, \u00c9vangile, souci des pauvres et \u00eatre fr\u00e8res, comme J\u00e9sus.<\/p>\n<p>* Son fondement th\u00e9ologique est l&rsquo;exp\u00e9rience biblique que le Seigneur partage avec son peuple et avec ceux qui forment sa propre histoire, faisant de l&rsquo;histoire de chacun une histoire de salut. Ce regard contemplatif nous aidera \u00e0 apprendre \u00e0 voir le double visage de chaque situation. Il y a un premier aspect que nous voyons, et en arri\u00e8re-plan une touche de Dieu.<\/p>\n<p>* En plus d&rsquo;\u00eatre le mat\u00e9riau que nous regardons de mani\u00e8re contemplative, c&rsquo;est le moyen d&rsquo;une conversion permanente. Chaque fois que nous allons au camping-car, nous y allons dans une attitude de conversion, pr\u00eats \u00e0 voir quelle partie de nous doit changer, celle des autres, pour les aider \u00e0 lire la route.<\/p>\n<p>* Vivre le RV ensemble, c&rsquo;est vivre une exp\u00e9rience de Dieu, \u00e9norme, \u00e0 travers les situations que nous pr\u00e9sentons dans le RV : nous voyons la providence de Dieu et son amiti\u00e9.<\/p>\n<p>* C&rsquo;est pourquoi il provoquera parfois une action de gr\u00e2ce. D&rsquo;autres, une demande de pardon, ou une demande d&rsquo;aide pour r\u00e9aliser ce que nous voyons.<\/p>\n<p>* Les mots sont aussi importants que les silences. Tranquillement. Il y a des silences int\u00e9ressants, de soi ou du groupe, \u00e0 respecter, \u00e0 int\u00e9rioriser, \u00e0 demander de l&rsquo;aide, \u00e0 laisser p\u00e9n\u00e9trer ce que l&rsquo;on entend. Nous devons respecter le rythme que la communication s\u00e9rieuse exige de nous.<\/p>\n<p><a href=\"https:\/\/www.iesuscaritas.org\/wp-content\/uploads\/2025\/10\/manuel-pozo-oller.jpg\"><img loading=\"lazy\" decoding=\"async\" class=\"alignright size-medium wp-image-8024\" src=\"https:\/\/www.iesuscaritas.org\/wp-content\/uploads\/2025\/10\/manuel-pozo-oller-291x300.jpg\" alt=\"\" width=\"291\" height=\"300\" srcset=\"https:\/\/www.iesuscaritas.org\/wp-content\/uploads\/2025\/10\/manuel-pozo-oller-291x300.jpg 291w, https:\/\/www.iesuscaritas.org\/wp-content\/uploads\/2025\/10\/manuel-pozo-oller.jpg 433w\" sizes=\"auto, (max-width: 291px) 100vw, 291px\" \/><\/a>Manuel POZO OLLER, fraternit\u00e9 de l\u2019Espagne<\/p>\n<hr \/>\n<p>PDF : <a href=\"https:\/\/www.iesuscaritas.org\/wp-content\/uploads\/2025\/10\/La-Revision-de-Vie-ecole-de-fraternite.-Manuel-POZO-OLLER-fr.pdf\">La R\u00e9vision de Vie, \u00e9cole de fraternit\u00e9. Manuel POZO OLLER fr<\/a><\/p>","protected":false},"excerpt":{"rendered":"<p>La R\u00e9vision de Vie, \u00c9cole de Fraternit\u00e9 I Que dit le Directoire ? \u00ab C&rsquo;est surtout dans la R\u00e9vision de Vie que la fraternit\u00e9 exerce sa fonction de r\u00e8gle de <a class=\"more-link\" href=\"https:\/\/www.iesuscaritas.org\/fr\/la-revision-de-vida\/\">Continue Reading &rarr;<\/a><\/p>\n","protected":false},"author":1,"featured_media":0,"parent":0,"menu_order":8,"comment_status":"closed","ping_status":"closed","template":"","meta":{"footnotes":""},"class_list":["post-8014","page","type-page","status-publish","hentry"],"_links":{"self":[{"href":"https:\/\/www.iesuscaritas.org\/fr\/wp-json\/wp\/v2\/pages\/8014","targetHints":{"allow":["GET"]}}],"collection":[{"href":"https:\/\/www.iesuscaritas.org\/fr\/wp-json\/wp\/v2\/pages"}],"about":[{"href":"https:\/\/www.iesuscaritas.org\/fr\/wp-json\/wp\/v2\/types\/page"}],"author":[{"embeddable":true,"href":"https:\/\/www.iesuscaritas.org\/fr\/wp-json\/wp\/v2\/users\/1"}],"replies":[{"embeddable":true,"href":"https:\/\/www.iesuscaritas.org\/fr\/wp-json\/wp\/v2\/comments?post=8014"}],"version-history":[{"count":13,"href":"https:\/\/www.iesuscaritas.org\/fr\/wp-json\/wp\/v2\/pages\/8014\/revisions"}],"predecessor-version":[{"id":8040,"href":"https:\/\/www.iesuscaritas.org\/fr\/wp-json\/wp\/v2\/pages\/8014\/revisions\/8040"}],"wp:attachment":[{"href":"https:\/\/www.iesuscaritas.org\/fr\/wp-json\/wp\/v2\/media?parent=8014"}],"curies":[{"name":"wp","href":"https:\/\/api.w.org\/{rel}","templated":true}]}}