{"id":8000,"date":"2025-10-06T19:01:58","date_gmt":"2025-10-06T17:01:58","guid":{"rendered":"https:\/\/www.iesuscaritas.org\/?page_id=8000"},"modified":"2025-10-06T19:02:55","modified_gmt":"2025-10-06T17:02:55","slug":"carta-de-buenos-aires","status":"publish","type":"page","link":"https:\/\/www.iesuscaritas.org\/fr\/carta-de-buenos-aires\/","title":{"rendered":"Lettre de Buenos Aires"},"content":{"rendered":"<p><a href=\"https:\/\/www.iesuscaritas.org\/wp-content\/uploads\/2025\/02\/cuaresma2025-05.jpg\"><img loading=\"lazy\" decoding=\"async\" class=\"alignright size-full wp-image-7663\" src=\"https:\/\/www.iesuscaritas.org\/wp-content\/uploads\/2025\/02\/cuaresma2025-05.jpg\" alt=\"\" width=\"171\" height=\"133\" \/><\/a>AUX FR\u00c8RES DE LA FRATERNIT\u00c9 SACERDOTALE IESUS CARITAS \u00c0 TRAVERS LE MONDE<\/p>\n<p>Chers fr\u00e8res,<\/p>\n<p>Du 6 au 21 mai 2025, 34 d\u00e9l\u00e9gu\u00e9s de fraternit\u00e9s de 21 pays d&rsquo;Afrique, d&rsquo;Am\u00e9rique, d&rsquo;Asie et d&rsquo;Europe se sont r\u00e9unis \u00e0 la Maison de Retraite Mgr Aguirre proche de Buenos Aires,o\u00f9 s\u2019est tenue la XIIe Assembl\u00e9e G\u00e9n\u00e9rale de notre Association.\u00a0Le th\u00e8me : PR\u00caTRES DE IESUS CARITAS, T\u00c9MOINS ET FORGEURS DE LA FRATERNIT\u00c9 SACERDOTALE ET UNIVERSELLE,<\/p>\n<h2>REMERCIEMENTS<\/h2>\n<p><a href=\"https:\/\/www.iesuscaritas.org\/wp-content\/uploads\/2025\/05\/buenos-aires-2025-01.jpg\"><img loading=\"lazy\" decoding=\"async\" class=\"alignright wp-image-7802\" src=\"https:\/\/www.iesuscaritas.org\/wp-content\/uploads\/2025\/05\/buenos-aires-2025-01-210x300.jpg\" alt=\"\" width=\"175\" height=\"250\" srcset=\"https:\/\/www.iesuscaritas.org\/wp-content\/uploads\/2025\/05\/buenos-aires-2025-01-210x300.jpg 210w, https:\/\/www.iesuscaritas.org\/wp-content\/uploads\/2025\/05\/buenos-aires-2025-01-717x1024.jpg 717w, https:\/\/www.iesuscaritas.org\/wp-content\/uploads\/2025\/05\/buenos-aires-2025-01.jpg 763w\" sizes=\"auto, (max-width: 175px) 100vw, 175px\" \/><\/a>Nous tenons tout d\u2019abord \u00e0 remercier nos fr\u00e8res et s\u0153urs argentins pour leur accueil chaleureux et leur int\u00e9r\u00eat \u00e0 nous faire d\u00e9couvrir la culture de leur pays. Nous n&rsquo;oublierons pas la soir\u00e9e culturelle, la promenade dans le delta du fleuve Paran\u00e1, la visite du centre-ville de Buenos Aires et le sanctuaire de Notre-Dame de Luj\u00e1n. Nous tenons \u00e9galement \u00e0 exprimer notre gratitude aux diff\u00e9rentes paroisses qui nous ont accueillis le dimanche 11 mai avec beaucoup de foi, d&rsquo;amour et de tendresse, \u00e0 l&rsquo;\u00e9v\u00eaque Guillermo Caride de San Isidro, qui nous a rendu visite, et aux membres de notre famille spirituelle qui sont venus partager leurs exp\u00e9riences.<\/p>\n<p><a href=\"https:\/\/www.iesuscaritas.org\/wp-content\/uploads\/2025\/05\/buenos-aires-2025-02-scaled.jpg\"><img loading=\"lazy\" decoding=\"async\" class=\"size-medium wp-image-7803 alignleft\" src=\"https:\/\/www.iesuscaritas.org\/wp-content\/uploads\/2025\/05\/buenos-aires-2025-02-300x195.jpg\" alt=\"\" width=\"300\" height=\"195\" srcset=\"https:\/\/www.iesuscaritas.org\/wp-content\/uploads\/2025\/05\/buenos-aires-2025-02-300x195.jpg 300w, https:\/\/www.iesuscaritas.org\/wp-content\/uploads\/2025\/05\/buenos-aires-2025-02-1024x665.jpg 1024w, https:\/\/www.iesuscaritas.org\/wp-content\/uploads\/2025\/05\/buenos-aires-2025-02-768x499.jpg 768w, https:\/\/www.iesuscaritas.org\/wp-content\/uploads\/2025\/05\/buenos-aires-2025-02-1536x998.jpg 1536w, https:\/\/www.iesuscaritas.org\/wp-content\/uploads\/2025\/05\/buenos-aires-2025-02-2048x1330.jpg 2048w\" sizes=\"auto, (max-width: 300px) 100vw, 300px\" \/><\/a>Nous ressentons une gratitude similaire envers les fr\u00e8res qui nous ont \u00e9clair\u00e9s par leurs expos\u00e9s sur la r\u00e9alit\u00e9 de l\u2019\u00c9glise argentine, sur le pontificat du pape Fran\u00e7ois et sur la Fraternit\u00e9 dans le Nouveau Testament, dans l\u2019encyclique Fratelli Tutti, et dans la vie et l\u2019apostolat de saint Charles de Foucauld. (textes des conf\u00e9rences disponibles sur le site iesuscaritas.org. Un merci sp\u00e9cial \u00e0 l&rsquo;\u00e9quipe internationale sortante : Eric LOZADA, Fernando TAPIA, Honor\u00e9 SAWADOGO, Tony LLANES et Matthias KEIL, pour leur proximit\u00e9 et leur service aux fr\u00e8res pendant ces six ann\u00e9es et pour l&rsquo;excellente organisation de cette Assembl\u00e9e.<\/p>\n<h2>UN MONDE BLESS\u00c9<\/h2>\n<p><a href=\"https:\/\/www.iesuscaritas.org\/wp-content\/uploads\/2025\/05\/buenos-aires-2025-03.jpg\"><img loading=\"lazy\" decoding=\"async\" class=\"alignright size-medium wp-image-7804\" src=\"https:\/\/www.iesuscaritas.org\/wp-content\/uploads\/2025\/05\/buenos-aires-2025-03-300x225.jpg\" alt=\"\" width=\"300\" height=\"225\" srcset=\"https:\/\/www.iesuscaritas.org\/wp-content\/uploads\/2025\/05\/buenos-aires-2025-03-300x225.jpg 300w, https:\/\/www.iesuscaritas.org\/wp-content\/uploads\/2025\/05\/buenos-aires-2025-03-768x576.jpg 768w, https:\/\/www.iesuscaritas.org\/wp-content\/uploads\/2025\/05\/buenos-aires-2025-03.jpg 977w\" sizes=\"auto, (max-width: 300px) 100vw, 300px\" \/><\/a>Dans un monde bless\u00e9 par les divisions, les polarisations, les ambitions de pouvoir et les guerres, le message de J\u00e9sus de Nazareth sur la Fraternit\u00e9 Universelle est plus n\u00e9cessaire que jamais. C\u2019est ainsi que le pape Fran\u00e7ois l\u2019a compris,comme le montrent bien ses paroles et ses actes. Nous ressentons donc un fort appel \u00e0 \u00eatre t\u00e9moins et artisans de fraternit\u00e9, tant dans nos presbyteriums que dans les soci\u00e9t\u00e9s et les cultures o\u00f9 chacun de nous est pr\u00e9sent : nous voulons \u00eatre plus proches des pauvres, nous mettre \u00e0 leur service, tout autant \u00e0 celui des personnes migrantes, de ceux et celles qui sont en marge, ou encore, des victimes d\u2019abus de toutes sortes. Nous savons que toutes ces personnes sont bien souvent les premi\u00e8ress \u00e0 souffrir du manque de fraternit\u00e9.<\/p>\n<h2>LA FRATERNIT\u00c9 EST POSSIBLE<\/h2>\n<p><a href=\"https:\/\/www.iesuscaritas.org\/wp-content\/uploads\/2025\/05\/buenos-aires-2025-04.jpg\"><img loading=\"lazy\" decoding=\"async\" class=\"size-medium wp-image-7805 alignleft\" src=\"https:\/\/www.iesuscaritas.org\/wp-content\/uploads\/2025\/05\/buenos-aires-2025-04-300x133.jpg\" alt=\"\" width=\"300\" height=\"133\" srcset=\"https:\/\/www.iesuscaritas.org\/wp-content\/uploads\/2025\/05\/buenos-aires-2025-04-300x133.jpg 300w, https:\/\/www.iesuscaritas.org\/wp-content\/uploads\/2025\/05\/buenos-aires-2025-04-1024x453.jpg 1024w, https:\/\/www.iesuscaritas.org\/wp-content\/uploads\/2025\/05\/buenos-aires-2025-04-768x340.jpg 768w, https:\/\/www.iesuscaritas.org\/wp-content\/uploads\/2025\/05\/buenos-aires-2025-04-1536x680.jpg 1536w, https:\/\/www.iesuscaritas.org\/wp-content\/uploads\/2025\/05\/buenos-aires-2025-04.jpg 1575w\" sizes=\"auto, (max-width: 300px) 100vw, 300px\" \/><\/a>La fraternit\u00e9 est possible. C\u2019est ce que nous avons v\u00e9cu dans cette Assembl\u00e9e, malgr\u00e9 la diversit\u00e9 des langues, des cultures et des exp\u00e9riences pastorales. Chaque jour a \u00e9t\u00e9 marqu\u00e9 par la pri\u00e8re communautaire des Laudes, l\u2019Adoration et la c\u00e9l\u00e9bration de l\u2019Eucharistie, ce qui nous a permis de vivre ces journ\u00e9es dans un climat d\u2019\u00e9coute attentive, de compr\u00e9hension, de joie, d\u2019accueil et de dialogue. C&rsquo;est ainsi que nous avons pu partager nos histoires personnelles, r\u00e9fl\u00e9chir aux sujets abord\u00e9s, \u00e9couter attentivement les rapports pr\u00e9sent\u00e9s et travailler sur nos Statuts et notre Directoire.<\/p>\n<h2>NOS FRATERNIT\u00c9S<\/h2>\n<p><a href=\"https:\/\/www.iesuscaritas.org\/wp-content\/uploads\/2025\/05\/buenos-aires-2025-05-scaled.jpg\"><img loading=\"lazy\" decoding=\"async\" class=\"alignright size-medium wp-image-7806\" src=\"https:\/\/www.iesuscaritas.org\/wp-content\/uploads\/2025\/05\/buenos-aires-2025-05-237x300.jpg\" alt=\"\" width=\"237\" height=\"300\" srcset=\"https:\/\/www.iesuscaritas.org\/wp-content\/uploads\/2025\/05\/buenos-aires-2025-05-237x300.jpg 237w, https:\/\/www.iesuscaritas.org\/wp-content\/uploads\/2025\/05\/buenos-aires-2025-05-810x1024.jpg 810w, https:\/\/www.iesuscaritas.org\/wp-content\/uploads\/2025\/05\/buenos-aires-2025-05-768x971.jpg 768w, https:\/\/www.iesuscaritas.org\/wp-content\/uploads\/2025\/05\/buenos-aires-2025-05-1215x1536.jpg 1215w, https:\/\/www.iesuscaritas.org\/wp-content\/uploads\/2025\/05\/buenos-aires-2025-05-1620x2048.jpg 1620w, https:\/\/www.iesuscaritas.org\/wp-content\/uploads\/2025\/05\/buenos-aires-2025-05-scaled.jpg 2025w\" sizes=\"auto, (max-width: 237px) 100vw, 237px\" \/><\/a>Les rapports que nous avons entendus nous ont montr\u00e9 que, dans plusieurs pays d\u2019Europe et d\u2019Am\u00e9rique, nos fraternit\u00e9s vieillissent. Ce n\u2019est pas le cas en Afrique et en Asie. Il nous faut donc apporter davantage de soutien spirituel et financier aux fraternit\u00e9s de ces deux continents. Dans les pays d\u2019Europe et d\u2019Am\u00e9rique, nous devons renouveler nos efforts pour faire conna\u00eetre saint Charles de Foucauld dans nos presbyteriums et inviter pr\u00eatres, diacres et s\u00e9minaristes \u00e0 rejoindre notre Fraternit\u00e9. Nous ressentons donc un fort appel \u00e0 fonder de nouvelles fraternit\u00e9s et \u00e0 r\u00e9veiller celles qui se sont endormies.<\/p>\n<p><a href=\"https:\/\/www.iesuscaritas.org\/wp-content\/uploads\/2025\/05\/buenos-aires-2025-06-scaled.jpg\"><img loading=\"lazy\" decoding=\"async\" class=\"size-medium wp-image-7807 alignleft\" src=\"https:\/\/www.iesuscaritas.org\/wp-content\/uploads\/2025\/05\/buenos-aires-2025-06-300x160.jpg\" alt=\"\" width=\"300\" height=\"160\" srcset=\"https:\/\/www.iesuscaritas.org\/wp-content\/uploads\/2025\/05\/buenos-aires-2025-06-300x160.jpg 300w, https:\/\/www.iesuscaritas.org\/wp-content\/uploads\/2025\/05\/buenos-aires-2025-06-1024x545.jpg 1024w, https:\/\/www.iesuscaritas.org\/wp-content\/uploads\/2025\/05\/buenos-aires-2025-06-768x409.jpg 768w, https:\/\/www.iesuscaritas.org\/wp-content\/uploads\/2025\/05\/buenos-aires-2025-06-1536x817.jpg 1536w, https:\/\/www.iesuscaritas.org\/wp-content\/uploads\/2025\/05\/buenos-aires-2025-06-2048x1090.jpg 2048w, https:\/\/www.iesuscaritas.org\/wp-content\/uploads\/2025\/05\/buenos-aires-2025-06-754x400.jpg 754w\" sizes=\"auto, (max-width: 300px) 100vw, 300px\" \/><\/a>Pour y parvenir, nous avons besoin de beaucoup de cr\u00e9ativit\u00e9 et d\u2019une plus grande fid\u00e9lit\u00e9 au charisme du Fr\u00e8re Charles, ainsi qu\u2019aux moyens de croissance spirituelle dont dispose notre Fraternit\u00e9. Notre t\u00e9moignage d\u2019une vie simple, fraternelle, joyeuse et engag\u00e9e aupr\u00e8s des pauvres, qui na\u00eet de notre relation \u00e9troite avec J\u00e9sus ressuscit\u00e9, sera toujours le meilleur moyen d\u2019attirer de nouveaux membres dans notre fraternit\u00e9. Nous sommes convaincus que la spiritualit\u00e9 de Fr\u00e8re Charles, centr\u00e9e sur l\u2019\u00c9vangile et l\u2019Eucharistie, tant par la c\u00e9l\u00e9bration que par l\u2019adoration, est porteuse d\u2019avenir.<\/p>\n<h2>L&rsquo;\u00c9LECTION DE L\u00c9ON XIV<\/h2>\n<p>Au cours de notre Assembl\u00e9e, s&rsquo;est tenu \u00e0 Rome le conclave qui a \u00e9lu un nouveau successeur \u00e0 Pierre, le pape L\u00e9on XIV. Loin de nous distraire, son \u00e9lection nous a confirm\u00e9s sur les chemins sur lesquels l\u2019Esprit Saint guide son \u00c9glise : un \u00e9lan missionnaire renouvel\u00e9, un engagement toujours croissant en faveur de la justice et de la paix, et une plus grande participation de toutes les personnes baptis\u00e9es \u00e0 la vie de l\u2019\u00c9glise. Nous croyons que la fraternit\u00e9 s\u2019exprime dans la mani\u00e8re synodale de vivre notre foi et notre appartenance \u00e0 l\u2019\u00c9glise, et nous nous sentons donc appel\u00e9s \u00e0 promouvoir ce style eccl\u00e9sial dans nos paroisses, communaut\u00e9s chr\u00e9tiennes, mouvements et autres milieux pastoraux dans lesquels nous exer\u00e7ons notre minist\u00e8re.<\/p>\n<h2>VERSION MISE \u00c0 JOUR DE NOS STATUTS ET DE NOTRE DIRECTOIRE<\/h2>\n<p><a href=\"https:\/\/www.iesuscaritas.org\/wp-content\/uploads\/2025\/05\/buenos-aires-2025-07.jpg\"><img loading=\"lazy\" decoding=\"async\" class=\"size-medium wp-image-7808 alignleft\" src=\"https:\/\/www.iesuscaritas.org\/wp-content\/uploads\/2025\/05\/buenos-aires-2025-07-300x181.jpg\" alt=\"\" width=\"300\" height=\"181\" srcset=\"https:\/\/www.iesuscaritas.org\/wp-content\/uploads\/2025\/05\/buenos-aires-2025-07-300x181.jpg 300w, https:\/\/www.iesuscaritas.org\/wp-content\/uploads\/2025\/05\/buenos-aires-2025-07-1024x618.jpg 1024w, https:\/\/www.iesuscaritas.org\/wp-content\/uploads\/2025\/05\/buenos-aires-2025-07-768x463.jpg 768w, https:\/\/www.iesuscaritas.org\/wp-content\/uploads\/2025\/05\/buenos-aires-2025-07-1536x926.jpg 1536w, https:\/\/www.iesuscaritas.org\/wp-content\/uploads\/2025\/05\/buenos-aires-2025-07.jpg 1600w\" sizes=\"auto, (max-width: 300px) 100vw, 300px\" \/><\/a>Nous avons investi beaucoup de temps au cours de cette Assembl\u00e9e pour mettre \u00e0 jour nos Statuts et notre Directoire pour le d\u00e9veloppement de nos fraternit\u00e9s \u00e0 travers le monde. Nous avons apport\u00e9 des r\u00e9flexions et des contributions pr\u00e9cieuses, et nous les avons finalement approuv\u00e9es. Elles seront pr\u00e9sent\u00e9es \u00e0 la Congr\u00e9gation pour le Clerg\u00e9 et ensuite diffus\u00e9es et \u00e9tudi\u00e9es par nos fr\u00e8res dans les diff\u00e9rents pays o\u00f9 nous op\u00e9rons. Ces documents nous aideront \u00e0 acqu\u00e9rir une identit\u00e9 plus claire et \u00e0 donner plus de pertinence au t\u00e9moignage et aux \u00e9crits du Fr\u00e8re Charles.<\/p>\n<h2>RENCONTRE DES JEUNES PR\u00caTRES DE NOTRE FRATERNIT\u00c9<\/h2>\n<p><a href=\"https:\/\/www.iesuscaritas.org\/wp-content\/uploads\/2025\/05\/buenos-aires-2025-08.jpg\"><img loading=\"lazy\" decoding=\"async\" class=\"size-medium wp-image-7809 alignleft\" src=\"https:\/\/www.iesuscaritas.org\/wp-content\/uploads\/2025\/05\/buenos-aires-2025-08-166x300.jpg\" alt=\"\" width=\"166\" height=\"300\" srcset=\"https:\/\/www.iesuscaritas.org\/wp-content\/uploads\/2025\/05\/buenos-aires-2025-08-166x300.jpg 166w, https:\/\/www.iesuscaritas.org\/wp-content\/uploads\/2025\/05\/buenos-aires-2025-08-566x1024.jpg 566w, https:\/\/www.iesuscaritas.org\/wp-content\/uploads\/2025\/05\/buenos-aires-2025-08-768x1390.jpg 768w, https:\/\/www.iesuscaritas.org\/wp-content\/uploads\/2025\/05\/buenos-aires-2025-08-848x1536.jpg 848w, https:\/\/www.iesuscaritas.org\/wp-content\/uploads\/2025\/05\/buenos-aires-2025-08-1131x2048.jpg 1131w, https:\/\/www.iesuscaritas.org\/wp-content\/uploads\/2025\/05\/buenos-aires-2025-08.jpg 1387w\" sizes=\"auto, (max-width: 166px) 100vw, 166px\" \/><\/a>Dans notre Assembl\u00e9e, nous avons exp\u00e9riment\u00e9 la richesse de la diversit\u00e9 culturelle et pastorale. Nous souhaitons que les jeunes pr\u00eatres de notre Association (moins de 45 ans) vivent une exp\u00e9rience similaire qui les inspirera encore plus \u00e0 suivre notre bien-aim\u00e9 Fr\u00e8re et Seigneur J\u00e9sus, sur les traces de Saint Charles de Foucauld. Nous confions \u00e0 la nouvelle \u00e9quipe internationale l\u2019organisation de cette rencontre, avec le soutien spirituel et financier de toutes nos Fraternit\u00e9s.<\/p>\n<h2>NOUVELLE \u00c9QUIPE INTERNATIONALE<\/h2>\n<p><a href=\"https:\/\/www.iesuscaritas.org\/wp-content\/uploads\/2025\/05\/buenos-aires-2025-11.jpg\"><img loading=\"lazy\" decoding=\"async\" class=\"alignright size-medium wp-image-7812\" src=\"https:\/\/www.iesuscaritas.org\/wp-content\/uploads\/2025\/05\/buenos-aires-2025-11-300x199.jpg\" alt=\"\" width=\"300\" height=\"199\" srcset=\"https:\/\/www.iesuscaritas.org\/wp-content\/uploads\/2025\/05\/buenos-aires-2025-11-300x199.jpg 300w, https:\/\/www.iesuscaritas.org\/wp-content\/uploads\/2025\/05\/buenos-aires-2025-11.jpg 739w\" sizes=\"auto, (max-width: 300px) 100vw, 300px\" \/><\/a>Lors de l&rsquo;Assembl\u00e9e, nous avons \u00e9lu notre fr\u00e8re Carlos Roberto dos SANTOS (Br\u00e9sil) comme nouveau Responsable international et il a, \u00e0 son tour, form\u00e9 son Equipe: Roberto (Tino) FERRARI (Argentine), Mark MERTES (USA), Boris SCH\u00dcSSEL (Suisse) et Louis Edmond ESSEYI A GNADAM (Cameroun). Il a \u00e9galement demand\u00e9 \u00e0 Eric LOZADA (Philippines) d&rsquo;\u00eatre son d\u00e9l\u00e9gu\u00e9 pour l&rsquo;Asie et \u00e0 Yves de MALLMANN (France) de prendre en charge la gesti\u00f3n des Archives. Nous vous remercions tous d&rsquo;avoir accept\u00e9 ce service. Nous vous offrons notre soutien fraternel et demandons au Seigneur J\u00e9sus de vous soutenir par sa gr\u00e2ce et \u00e0 Notre-Dame de Luj\u00e1n de veiller sur vous.<\/p>\n<p>\u00c9ric LOZADA<br \/>\nLes d\u00e9l\u00e9gu\u00e9s \u00e0 la 12\u00e8me Assembl\u00e9e G\u00e9n\u00e9rale de la Fraternit\u00e9 Sacerdotale IESUS CARITAS.<\/p>\n<p><a href=\"https:\/\/www.iesuscaritas.org\/wp-content\/uploads\/2025\/05\/buenos-aires-2025-09.jpg\"><img loading=\"lazy\" decoding=\"async\" class=\"aligncenter wp-image-7810 size-large\" src=\"https:\/\/www.iesuscaritas.org\/wp-content\/uploads\/2025\/05\/buenos-aires-2025-09-1024x536.jpg\" alt=\"\" width=\"678\" height=\"355\" srcset=\"https:\/\/www.iesuscaritas.org\/wp-content\/uploads\/2025\/05\/buenos-aires-2025-09-1024x536.jpg 1024w, https:\/\/www.iesuscaritas.org\/wp-content\/uploads\/2025\/05\/buenos-aires-2025-09-300x157.jpg 300w, https:\/\/www.iesuscaritas.org\/wp-content\/uploads\/2025\/05\/buenos-aires-2025-09-768x402.jpg 768w, https:\/\/www.iesuscaritas.org\/wp-content\/uploads\/2025\/05\/buenos-aires-2025-09.jpg 1280w\" sizes=\"auto, (max-width: 678px) 100vw, 678px\" \/><\/a><\/p>\n<p>Buenos Aires, le 20 mai 2025.<br \/>\nCette lettre peut \u00eatre trouv\u00e9e sur iesuscaritas.org<\/p>\n<p><a href=\"https:\/\/www.iesuscaritas.org\/wp-content\/uploads\/2025\/05\/buenos-aires-2025-10.jpg\"><img loading=\"lazy\" decoding=\"async\" class=\"aligncenter wp-image-7811 size-large\" src=\"https:\/\/www.iesuscaritas.org\/wp-content\/uploads\/2025\/05\/buenos-aires-2025-10-1024x447.jpg\" alt=\"\" width=\"678\" height=\"296\" srcset=\"https:\/\/www.iesuscaritas.org\/wp-content\/uploads\/2025\/05\/buenos-aires-2025-10-1024x447.jpg 1024w, https:\/\/www.iesuscaritas.org\/wp-content\/uploads\/2025\/05\/buenos-aires-2025-10-300x131.jpg 300w, https:\/\/www.iesuscaritas.org\/wp-content\/uploads\/2025\/05\/buenos-aires-2025-10-768x336.jpg 768w, https:\/\/www.iesuscaritas.org\/wp-content\/uploads\/2025\/05\/buenos-aires-2025-10-1536x671.jpg 1536w, https:\/\/www.iesuscaritas.org\/wp-content\/uploads\/2025\/05\/buenos-aires-2025-10.jpg 1600w\" sizes=\"auto, (max-width: 678px) 100vw, 678px\" \/><\/a><\/p>\n<hr \/>\n<p>PDF : <a href=\"https:\/\/www.iesuscaritas.org\/wp-content\/uploads\/2025\/05\/Lettre-de-Buenos-Aires-mai-2025-fr.pdf\">Lettre de Buenos Aires, mai 2025 fr<\/a><\/p>","protected":false},"excerpt":{"rendered":"<p>AUX FR\u00c8RES DE LA FRATERNIT\u00c9 SACERDOTALE IESUS CARITAS \u00c0 TRAVERS LE MONDE Chers fr\u00e8res, Du 6 au 21 mai 2025, 34 d\u00e9l\u00e9gu\u00e9s de fraternit\u00e9s de 21 pays d&rsquo;Afrique, d&rsquo;Am\u00e9rique, d&rsquo;Asie <a class=\"more-link\" href=\"https:\/\/www.iesuscaritas.org\/fr\/carta-de-buenos-aires\/\">Continue Reading &rarr;<\/a><\/p>\n","protected":false},"author":1,"featured_media":0,"parent":0,"menu_order":2,"comment_status":"closed","ping_status":"closed","template":"","meta":{"footnotes":""},"class_list":["post-8000","page","type-page","status-publish","hentry"],"_links":{"self":[{"href":"https:\/\/www.iesuscaritas.org\/fr\/wp-json\/wp\/v2\/pages\/8000","targetHints":{"allow":["GET"]}}],"collection":[{"href":"https:\/\/www.iesuscaritas.org\/fr\/wp-json\/wp\/v2\/pages"}],"about":[{"href":"https:\/\/www.iesuscaritas.org\/fr\/wp-json\/wp\/v2\/types\/page"}],"author":[{"embeddable":true,"href":"https:\/\/www.iesuscaritas.org\/fr\/wp-json\/wp\/v2\/users\/1"}],"replies":[{"embeddable":true,"href":"https:\/\/www.iesuscaritas.org\/fr\/wp-json\/wp\/v2\/comments?post=8000"}],"version-history":[{"count":2,"href":"https:\/\/www.iesuscaritas.org\/fr\/wp-json\/wp\/v2\/pages\/8000\/revisions"}],"predecessor-version":[{"id":8002,"href":"https:\/\/www.iesuscaritas.org\/fr\/wp-json\/wp\/v2\/pages\/8000\/revisions\/8002"}],"wp:attachment":[{"href":"https:\/\/www.iesuscaritas.org\/fr\/wp-json\/wp\/v2\/media?parent=8000"}],"curies":[{"name":"wp","href":"https:\/\/api.w.org\/{rel}","templated":true}]}}