{"id":7978,"date":"2025-10-04T17:59:28","date_gmt":"2025-10-04T15:59:28","guid":{"rendered":"https:\/\/www.iesuscaritas.org\/?page_id=7978"},"modified":"2025-10-06T19:03:44","modified_gmt":"2025-10-06T17:03:44","slug":"equipo-internacional-tino-ferrari","status":"publish","type":"page","link":"https:\/\/www.iesuscaritas.org\/fr\/equipo-internacional-tino-ferrari\/","title":{"rendered":"\u00c9quipe internationale. Tino FERRARI"},"content":{"rendered":"<p>En mai dernier, nous avons tenu la 12e Assembl\u00e9e de la Fraternit\u00e9 sacerdotale Iesus Caritas \u00e0 Victoria, Buenos Aires, en Argentine. Trente-six d\u00e9l\u00e9gu\u00e9s y ont particip\u00e9, dont des repr\u00e9sentants nationaux et continentaux, ainsi que l&rsquo;\u00e9quipe internationale sortante. \u00c0 cette m\u00eame \u00e9poque, pendant notre r\u00e9union, se tenait \u00e0 Rome le conclave qui a \u00e9lu Robert Pr\u00e9vost, pape L\u00e9on XIV.<\/p>\n<p>Lors de notre r\u00e9union, nous avons \u00e9galement eu la t\u00e2che d&rsquo;\u00e9lire le nouveau Responsable international. Nous avons identifi\u00e9 Carlos Roberto do Santos, originaire du Br\u00e9sil, responsable de la Fraternit\u00e9 panam\u00e9ricaine depuis 2022, comme le candidat le plus apte \u00e0 cette fonction. Lorsque plusieurs fr\u00e8res ont propos\u00e9 la candidature de Carlos Roberto, il s&rsquo;est g\u00e9n\u00e9reusement offert \u00e0 l&rsquo;Assembl\u00e9e pour r\u00e9pondre \u00e0 ses besoins. D\u00e8s son \u00e9lection, et en dialogue avec les responsables pr\u00e9c\u00e9dents pr\u00e9sents \u00e0 notre r\u00e9union, nous avons commenc\u00e9 \u00e0 r\u00e9fl\u00e9chir \u00e0 des membres susceptibles de l&rsquo;accompagner au sein de l&rsquo;\u00c9quipe internationale.<\/p>\n<p><a href=\"https:\/\/www.iesuscaritas.org\/wp-content\/uploads\/2025\/10\/equipo-internacional.jpg\"><img loading=\"lazy\" decoding=\"async\" class=\"size-large wp-image-7989 aligncenter\" src=\"https:\/\/www.iesuscaritas.org\/wp-content\/uploads\/2025\/10\/equipo-internacional-1024x473.jpg\" alt=\"\" width=\"678\" height=\"313\" srcset=\"https:\/\/www.iesuscaritas.org\/wp-content\/uploads\/2025\/10\/equipo-internacional-1024x473.jpg 1024w, https:\/\/www.iesuscaritas.org\/wp-content\/uploads\/2025\/10\/equipo-internacional-300x139.jpg 300w, https:\/\/www.iesuscaritas.org\/wp-content\/uploads\/2025\/10\/equipo-internacional-768x355.jpg 768w, https:\/\/www.iesuscaritas.org\/wp-content\/uploads\/2025\/10\/equipo-internacional.jpg 1280w\" sizes=\"auto, (max-width: 678px) 100vw, 678px\" \/><\/a><\/p>\n<p>Il a demand\u00e9 \u00e0 Mark Mertes, des \u00c9tats-Unis, d&rsquo;occuper le poste de tr\u00e9sorier et de superviser la tr\u00e9sorerie de la Fraternit\u00e9 internationale, comme il l&rsquo;avait d\u00e9j\u00e0 fait lorsqu&rsquo;Aurelio \u00e9tait responsable international. Il lui a \u00e9galement \u00e9t\u00e9 demand\u00e9 de proposer des crit\u00e8res d&rsquo;utilisation des ressources de la Fraternit\u00e9. Boris Schlussel, de Suisse et responsable continental pour l&rsquo;Europe, sera charg\u00e9 de coordonner la communication avec ce continent, de mener des activit\u00e9s en personne \u00e0 la banque o\u00f9 est d\u00e9tenu le compte de la Fraternit\u00e9 et d&rsquo;assister Carlos Roberto dans les d\u00e9marches \u00e0 entreprendre aupr\u00e8s du Saint-Si\u00e8ge pour l&rsquo;approbation des statuts approuv\u00e9s.<\/p>\n<p>D&rsquo;autre part, Yves de Malltmann, fr\u00e8re fran\u00e7ais, sera responsable de l&rsquo;organisation et de la conservation des archives de la Fraternit\u00e9 \u00e0 Paris. Louis Edmound Esseyi a Gnadam, responsable du Cameroun et du bureau continental d&rsquo;Afrique, sera charg\u00e9 de la communication avec les fr\u00e8res de ce continent. \u00c9ric Lozada a \u00e9t\u00e9 charg\u00e9 d&rsquo;\u00eatre le contact avec les fraternit\u00e9s d&rsquo;Asie, compte tenu de la distance g\u00e9ographique et culturelle. Carlos Roberto, pour ma part, m&rsquo;a demand\u00e9 d&rsquo;\u00eatre l&rsquo;assistant g\u00e9n\u00e9ral de l&rsquo;\u00e9quipe et le secr\u00e9taire des r\u00e9unions, de r\u00e9diger le compte rendu de chaque r\u00e9union virtuelle et de l&rsquo;assister notamment dans les activit\u00e9s organis\u00e9es dans les Am\u00e9riques.<\/p>\n<p>Nous esp\u00e9rons pouvoir r\u00e9pondre aux besoins et contribuer par notre pr\u00e9sence \u00e0 la vie de la Fraternit\u00e9 dans tous les pays, notamment en favorisant l&rsquo;\u00e9mergence ou la croissance de nouvelles fraternit\u00e9s l\u00e0 o\u00f9 elles se d\u00e9veloppent.<\/p>\n<p><a href=\"https:\/\/www.iesuscaritas.org\/wp-content\/uploads\/2025\/10\/tino-ferrari.jpg\"><img loading=\"lazy\" decoding=\"async\" class=\"alignright size-full wp-image-7987\" src=\"https:\/\/www.iesuscaritas.org\/wp-content\/uploads\/2025\/10\/tino-ferrari.jpg\" alt=\"\" width=\"173\" height=\"216\" \/><\/a>Roberto (Tino) FERRARI<br \/>\nArgentine<\/p>\n<p>PDF : <a href=\"https:\/\/www.iesuscaritas.org\/wp-content\/uploads\/2025\/10\/Nouvelle-Equipe-International.-Tino-FERRARI-fr.pdf\">Nouvelle \u00c9quipe International. Tino FERRARI fr<\/a><\/p>","protected":false},"excerpt":{"rendered":"<p>En mai dernier, nous avons tenu la 12e Assembl\u00e9e de la Fraternit\u00e9 sacerdotale Iesus Caritas \u00e0 Victoria, Buenos Aires, en Argentine. Trente-six d\u00e9l\u00e9gu\u00e9s y ont particip\u00e9, dont des repr\u00e9sentants nationaux <a class=\"more-link\" href=\"https:\/\/www.iesuscaritas.org\/fr\/equipo-internacional-tino-ferrari\/\">Continue Reading &rarr;<\/a><\/p>\n","protected":false},"author":1,"featured_media":0,"parent":0,"menu_order":4,"comment_status":"closed","ping_status":"closed","template":"","meta":{"footnotes":""},"class_list":["post-7978","page","type-page","status-publish","hentry"],"_links":{"self":[{"href":"https:\/\/www.iesuscaritas.org\/fr\/wp-json\/wp\/v2\/pages\/7978","targetHints":{"allow":["GET"]}}],"collection":[{"href":"https:\/\/www.iesuscaritas.org\/fr\/wp-json\/wp\/v2\/pages"}],"about":[{"href":"https:\/\/www.iesuscaritas.org\/fr\/wp-json\/wp\/v2\/types\/page"}],"author":[{"embeddable":true,"href":"https:\/\/www.iesuscaritas.org\/fr\/wp-json\/wp\/v2\/users\/1"}],"replies":[{"embeddable":true,"href":"https:\/\/www.iesuscaritas.org\/fr\/wp-json\/wp\/v2\/comments?post=7978"}],"version-history":[{"count":11,"href":"https:\/\/www.iesuscaritas.org\/fr\/wp-json\/wp\/v2\/pages\/7978\/revisions"}],"predecessor-version":[{"id":7999,"href":"https:\/\/www.iesuscaritas.org\/fr\/wp-json\/wp\/v2\/pages\/7978\/revisions\/7999"}],"wp:attachment":[{"href":"https:\/\/www.iesuscaritas.org\/fr\/wp-json\/wp\/v2\/media?parent=7978"}],"curies":[{"name":"wp","href":"https:\/\/api.w.org\/{rel}","templated":true}]}}