{"id":7959,"date":"2025-10-04T13:08:50","date_gmt":"2025-10-04T11:08:50","guid":{"rendered":"https:\/\/www.iesuscaritas.org\/?page_id=7959"},"modified":"2025-10-06T19:03:31","modified_gmt":"2025-10-06T17:03:31","slug":"carlos-roberto-hermano-responsable","status":"publish","type":"page","link":"https:\/\/www.iesuscaritas.org\/fr\/carlos-roberto-hermano-responsable\/","title":{"rendered":"Carlos Roberto, fr\u00e8re responsable"},"content":{"rendered":"<p>Chers fr\u00e8res de la Fraternit\u00e9,<br \/>\nje rends gr\u00e2ce \u00e0 Dieu pour l\u2019excellente exp\u00e9rience de fraternit\u00e9 que nous avons eue lors de la XIIe Assembl\u00e9e \u00e0 Buenos Aires. Nous remercions particuli\u00e8rement Eric et son \u00e9quipe pour avoir organis\u00e9 et coordonn\u00e9 toute la r\u00e9union, mais nous ne devons pas oublier l\u2019\u00e9quipe d\u2019accueil et de logistique en Argentine, coordonn\u00e9e par Tino. Dieu vous b\u00e9nisse tous.<\/p>\n<p>Certes, fr\u00e8re Charles continue \u00e0 nous inspirer \u00e0 \u00ab\u00a0crier l\u2019\u00c9vangile\u00a0\u00bb dans notre minist\u00e8re, en vivant notre mission \u00ab\u00a0par J\u00e9sus et par l\u2019\u00c9vangile\u00a0\u00bb, car tout ce que nous partageons dans les rapports nationaux et continentaux pr\u00e9sent\u00e9s lors de l\u2019assembl\u00e9e, et dans nos conversations de groupe, \u00e0 la table ou lors des sorties que nous avons faites, cela continue \u00e0 r\u00e9sonner dans notre esprit et dans notre c\u0153ur.<\/p>\n<p>J\u2019ai attendu la premi\u00e8re rencontre virtuelle de l\u2019\u00c9quipe internationale pour vous \u00e9crire cette lettre. J\u2019ai voulu \u00e9couter et partager avec les fr\u00e8res de cette \u00ab\u00a0fraternit\u00e9 de coordination\u00a0\u00bb qui commence, les \u00ab\u00a0souvenirs, les sentiments de joie, d\u2019esp\u00e9rance et les d\u00e9fis\u00a0\u00bb qui sont rest\u00e9s apr\u00e8s l\u2019Assembl\u00e9e pour travailler sur eux pendant les 6 prochaines ann\u00e9es.<\/p>\n<p>Parmi toutes nos pr\u00e9occupations, deux nous interpellent. <strong>Premi\u00e8rement<\/strong>, nos fraternit\u00e9s vieillissent et, <strong>deuxi\u00e8mement<\/strong>, les nouveaux pr\u00eatres ne les rejoignent pas. Pourquoi ne parvenons-nous pas \u00e0 toucher le c\u0153ur et la volont\u00e9 des jeunes\u00a0? S\u2019agit-il de notre t\u00e9moignage de vie ou des signes des temps ? Une chose est claire\u00a0: la continuit\u00e9 de la Fraternit\u00e9 Sacerdotale J\u00e9sus Caritas pose probl\u00e8me, et nous devons prier et r\u00e9fl\u00e9chir sur la fa\u00e7on dont nous allons l\u2019affronter.<\/p>\n<p>Il est vrai que nous traversons un changement d\u2019\u00e9poque avec des transformations radicales dans tous les domaines de la vie, notamment dans les valeurs qui guident l&rsquo;humanit\u00e9. Les vieux probl\u00e8mes de l\u2019humanit\u00e9 se m\u00ealent aux probl\u00e8mes fictifs des fake news. La communication de cette \u00e9poque num\u00e9rique, avec ses algorithmes, modifie la perception et la fa\u00e7on dont les gens comprennent la r\u00e9alit\u00e9 existentielle, de se mettre en relation avec Dieu, et de vivre des relations fraternelles les uns avec les autres. S\u2019ajoutent encore les incertitudes et la peur d\u2019une troisi\u00e8me guerre mondiale, o\u00f9 ce qui est en jeu ne sont pas seulement des conflits g\u00e9opolitiques mais aussi ethniques et religieux. Par cons\u00e9quent, il affecte notre vivre et exister, c\u2019est-\u00e0-dire \u00ab\u00a0notre t\u00e9moignage\u00a0\u00bb, car ce monde nous enveloppe de tous c\u00f4t\u00e9s et semble contrarier notre vouloir-agir et notre vouloir-vivre la spiritualit\u00e9.<\/p>\n<p>Cependant, c\u2019est \u00e0 cette \u00e9poque que nous sommes appel\u00e9s \u00e0 vivre la spiritualit\u00e9 de Nazareth, du dernier lieu. Alors que le monde num\u00e9rique a besoin de projecteurs, de microphones, d\u2019\u00e9clairs et de likes pour appara\u00eetre haut et fort, et se montrer tout le temps, pour \u00eatre \u00ab\u00a0vu et entendu\u00a0\u00bb par les autres, la spiritualit\u00e9 de Nazareth, v\u00e9cue dans la Fraternit\u00e9 Sacerdotale Jesus Caritas, sur les traces de Fr\u00e8re Charles, prend une autre direction : le silence, la clandestinit\u00e9 et la simplicit\u00e9, le d\u00e9tachement et la pauvret\u00e9, l&rsquo;abaissement au service des plus petits, l&rsquo;intimit\u00e9 avec J\u00e9sus de Nazareth pour t\u00e9moigner de la bont\u00e9 et la fraternit\u00e9 universelle.<\/p>\n<p>Nous voulons, en tant que fr\u00e8re Charles, faire valoir le don du Christ qui fait de nous des fr\u00e8res de tous, et prier et agir pour ce monde meurtri par la guerre et la violence. Mais il reste une question\u00a0: notre spiritualit\u00e9 est-elle en contradiction avec le monde d\u2019aujourd\u2019hui\u00a0? Je ne pense pas. Est-il possible de toucher le c\u0153ur et l\u2019esprit des gens \u00e0 partir d\u2019internet? Je pense que oui, mais nous devons en savoir plus pour mieux \u00e9vang\u00e9liser dans ce monde. Est-il possible de toucher leurs c\u0153urs afin qu\u2019ils rencontrent J\u00e9sus, pauvre serviteur, et fassent l\u2019exp\u00e9rience de \u00ab\u00a0rester avec Lui\u00a0\u00bb et de le suivre? Je pense que oui. Ce que nous ne pouvons pas faire, c\u2019est rester sans rien faire, pensant que nous avons beaucoup de travail, en prenant soin de la paroisse, du s\u00e9minaire, des pastorales, etc.<\/p>\n<p>Fr\u00e8res, je crois que nous pouvons faire la diff\u00e9rence l\u00e0 o\u00f9 nous sommes, si nous vivons la proximit\u00e9, la bont\u00e9 et l\u2019amour. Regardons le Fr\u00e8re Charles. Que voyons-nous? Un homme qui a v\u00e9cu la r\u00e9alit\u00e9 de son temps, determin\u00e9 \u00e0 imiter son bien-aim\u00e9 J\u00e9sus Christ; obstin\u00e9 \u00e0 t\u00e9moigner de ce que J\u00e9sus ferait s\u2019il \u00e9tait \u00e0 sa place. Soyons attentifs \u00e0 la r\u00e9alit\u00e9 qui nous entoure, aussi bien aux situations difficiles et douloureuses qu\u2019aux joies et esp\u00e9rances qui nous encouragent, que ce soit dans le monde ou dans nos fraternit\u00e9s.<\/p>\n<p>Mais avant tout, gardons le regard fix\u00e9 sur J\u00e9sus, comme l&rsquo;a fait Fr\u00e8re Charles. Il pointe vers J\u00e9sus, cherchant en Lui l\u2019inspiration pour t\u00e9moigner de la vie de Nazareth; Fr\u00e8re Charles a v\u00e9cu \u00ab\u00a0Nazareth\u00a0\u00bb dans tous les lieux et situations o\u00f9 il \u00e9tait. \u00c9coutons le Bien-aim\u00e9 J\u00e9sus de Nazareth, que Fr\u00e8re Charles \u00e9coutait et pr\u00eatait attention \u00e0 chaque parole, chaque action, et comment il rencontrait les gens, et cherchait \u00e0 l\u2019imiter. Dans chaque Eucharistie, c\u00e9l\u00e9brons avec notre Bien-aim\u00e9 J\u00e9sus son don de vie; et donnons aussi notre vie en nous faisant offrande avec J\u00e9sus, comme l\u2019a fait fr\u00e8re Charles, pour collaborer au salut des personnes.<\/p>\n<p>Fr\u00e8res, notre bien-aim\u00e9 J\u00e9sus de Nazareth est le \u00ab seul mod\u00e8le \u00bb o\u00f9 nous pouvons trouver les r\u00e9ponses dont nous avons tant besoin pour le monde d\u2019aujourd\u2019hui.<\/p>\n<p>Au nom de J\u00e9sus, un gros \u00ab\u00a0abra\u00e7o\u00a0\u00bb avec toute mon affection<\/p>\n<p><a href=\"https:\/\/www.iesuscaritas.org\/wp-content\/uploads\/2025\/10\/Carlos-Roberto-dos-Santos.jpg\"><img loading=\"lazy\" decoding=\"async\" class=\"alignright size-medium wp-image-7969\" src=\"https:\/\/www.iesuscaritas.org\/wp-content\/uploads\/2025\/10\/Carlos-Roberto-dos-Santos-204x300.jpg\" alt=\"\" width=\"204\" height=\"300\" srcset=\"https:\/\/www.iesuscaritas.org\/wp-content\/uploads\/2025\/10\/Carlos-Roberto-dos-Santos-204x300.jpg 204w, https:\/\/www.iesuscaritas.org\/wp-content\/uploads\/2025\/10\/Carlos-Roberto-dos-Santos.jpg 358w\" sizes=\"auto, (max-width: 204px) 100vw, 204px\" \/><\/a>P. Carlos Roberto dos SANTOS,<br \/>\nResponsable Internacional<\/p>\n<p>PDF : <a href=\"https:\/\/www.iesuscaritas.org\/wp-content\/uploads\/2025\/10\/Carlos-Roberto-frere-responsable-fr.pdf\">Carlos Roberto, fr\u00e8re responsable fr<\/a><\/p>","protected":false},"excerpt":{"rendered":"<p>Chers fr\u00e8res de la Fraternit\u00e9, je rends gr\u00e2ce \u00e0 Dieu pour l\u2019excellente exp\u00e9rience de fraternit\u00e9 que nous avons eue lors de la XIIe Assembl\u00e9e \u00e0 Buenos Aires. Nous remercions particuli\u00e8rement <a class=\"more-link\" href=\"https:\/\/www.iesuscaritas.org\/fr\/carlos-roberto-hermano-responsable\/\">Continue Reading &rarr;<\/a><\/p>\n","protected":false},"author":1,"featured_media":0,"parent":0,"menu_order":3,"comment_status":"closed","ping_status":"closed","template":"","meta":{"footnotes":""},"class_list":["post-7959","page","type-page","status-publish","hentry"],"_links":{"self":[{"href":"https:\/\/www.iesuscaritas.org\/fr\/wp-json\/wp\/v2\/pages\/7959","targetHints":{"allow":["GET"]}}],"collection":[{"href":"https:\/\/www.iesuscaritas.org\/fr\/wp-json\/wp\/v2\/pages"}],"about":[{"href":"https:\/\/www.iesuscaritas.org\/fr\/wp-json\/wp\/v2\/types\/page"}],"author":[{"embeddable":true,"href":"https:\/\/www.iesuscaritas.org\/fr\/wp-json\/wp\/v2\/users\/1"}],"replies":[{"embeddable":true,"href":"https:\/\/www.iesuscaritas.org\/fr\/wp-json\/wp\/v2\/comments?post=7959"}],"version-history":[{"count":9,"href":"https:\/\/www.iesuscaritas.org\/fr\/wp-json\/wp\/v2\/pages\/7959\/revisions"}],"predecessor-version":[{"id":7977,"href":"https:\/\/www.iesuscaritas.org\/fr\/wp-json\/wp\/v2\/pages\/7959\/revisions\/7977"}],"wp:attachment":[{"href":"https:\/\/www.iesuscaritas.org\/fr\/wp-json\/wp\/v2\/media?parent=7959"}],"curies":[{"name":"wp","href":"https:\/\/api.w.org\/{rel}","templated":true}]}}