{"id":1,"date":"2013-12-07T10:40:00","date_gmt":"2013-12-07T10:40:00","guid":{"rendered":"http:\/\/www.iesuscaritas.org\/?p=1"},"modified":"2025-10-04T13:10:00","modified_gmt":"2025-10-04T11:10:00","slug":"bienvenidos","status":"publish","type":"page","link":"https:\/\/www.iesuscaritas.org\/fr\/bienvenidos\/","title":{"rendered":"Bienvenue"},"content":{"rendered":"<p><\/p>\n<h1 style=\"text-align: center;\">Bienvenue sur notre site<\/h1>\n<p>Merci pour votre visite<\/p>\n<p>L<a href=\"http:\/\/www.iesuscaritas.org\/wp-content\/uploads\/2013\/12\/C320_dernierefoto6.jpg\"><img loading=\"lazy\" decoding=\"async\" class=\"alignright\" src=\"http:\/\/www.iesuscaritas.org\/wp-content\/uploads\/2013\/12\/C320_dernierefoto6-300x240.jpg\" alt=\"C320_dernierefoto6\" width=\"300\" height=\"240\" \/><\/a>a Fraternit\u00e9 Sacerdotale Iesus Caritas, dans le style de la famille des fraternit\u00e9s de Charles de FOUCAULD, te pr\u00e9sente notre r\u00e9alit\u00e9, nos projets, nos r\u00eaves et activit\u00e9s, nos chemins dans la ligne de l\u2019\u00c9vangile, en tant que pr\u00eatres dioc\u00e9sains.<\/p>\n<p>Nous souhaitons que ce moyen de communication te rapproche davantage de nous. Tu pourras consulter en huit langues : qui nous sommes, quels sont nos d\u00e9fis et ce \u00e0 quoi nous sommes appel\u00e9s.<\/p>\n<p>La biographie du fr\u00e8re Charles, le fr\u00e8re universel, te montrera l\u2019exp\u00e9rience du chr\u00e9tien en recherche et qui d\u00e9sire aller chaque fois plus bas, \u00e0 la rencontre des plus abandonn\u00e9s, l\u00e0 o\u00f9 Dieu \u00e9tablit sa tente, m\u00eame s\u2019il n\u2019est pas reconnu, ni d\u00e9sir\u00e9.<\/p>\n<p>Notre vie en fraternit\u00e9, que se soit dans les dioc\u00e9ses, les pays ou r\u00e9gions, ou comme fraternit\u00e9 internationale, est ouverte \u00e0 tous les pr\u00eatres dioc\u00e9sains, comme \u00e9tait ouverte la maison de Nazareth, comme devrait \u00eatre ouverte l\u2019\u00c9glise \u00e0 laquelle nous appartenons.<\/p>\n<p>Toi aussi, sois le bienvenu.<\/p>","protected":false},"excerpt":{"rendered":"<p>Bienvenue sur notre site Merci pour votre visite La Fraternit\u00e9 Sacerdotale Iesus Caritas, dans le style de la famille des fraternit\u00e9s de Charles de FOUCAULD, te pr\u00e9sente notre r\u00e9alit\u00e9, nos <a class=\"more-link\" href=\"https:\/\/www.iesuscaritas.org\/fr\/bienvenidos\/\">Continue Reading &rarr;<\/a><\/p>\n","protected":false},"author":2,"featured_media":50,"parent":0,"menu_order":1,"comment_status":"open","ping_status":"open","template":"","meta":{"footnotes":""},"class_list":["post-1","page","type-page","status-publish","has-post-thumbnail","hentry"],"_links":{"self":[{"href":"https:\/\/www.iesuscaritas.org\/fr\/wp-json\/wp\/v2\/pages\/1","targetHints":{"allow":["GET"]}}],"collection":[{"href":"https:\/\/www.iesuscaritas.org\/fr\/wp-json\/wp\/v2\/pages"}],"about":[{"href":"https:\/\/www.iesuscaritas.org\/fr\/wp-json\/wp\/v2\/types\/page"}],"author":[{"embeddable":true,"href":"https:\/\/www.iesuscaritas.org\/fr\/wp-json\/wp\/v2\/users\/2"}],"replies":[{"embeddable":true,"href":"https:\/\/www.iesuscaritas.org\/fr\/wp-json\/wp\/v2\/comments?post=1"}],"version-history":[{"count":25,"href":"https:\/\/www.iesuscaritas.org\/fr\/wp-json\/wp\/v2\/pages\/1\/revisions"}],"predecessor-version":[{"id":7954,"href":"https:\/\/www.iesuscaritas.org\/fr\/wp-json\/wp\/v2\/pages\/1\/revisions\/7954"}],"wp:featuredmedia":[{"embeddable":true,"href":"https:\/\/www.iesuscaritas.org\/fr\/wp-json\/wp\/v2\/media\/50"}],"wp:attachment":[{"href":"https:\/\/www.iesuscaritas.org\/fr\/wp-json\/wp\/v2\/media?parent=1"}],"curies":[{"name":"wp","href":"https:\/\/api.w.org\/{rel}","templated":true}]}}