{"id":8424,"date":"2026-03-01T16:22:12","date_gmt":"2026-03-01T15:22:12","guid":{"rendered":"https:\/\/www.iesuscaritas.org\/?p=8424"},"modified":"2026-03-01T16:32:16","modified_gmt":"2026-03-01T15:32:16","slug":"desierto-franz-jalics","status":"publish","type":"page","link":"https:\/\/www.iesuscaritas.org\/de\/desierto-franz-jalics\/","title":{"rendered":"W\u00fcste, Franz JALICS"},"content":{"rendered":"<p>Auf deiner Herzensreise zu Gott wird die W\u00fcste unverzichtbar sein. Betritt sie barfu\u00df, offen daf\u00fcr, Gottes Willen f\u00fcr dich im Geheimnis des Reiches zu entdecken\u2026<\/p>\n<p><a href=\"https:\/\/www.iesuscaritas.org\/wp-content\/uploads\/2026\/03\/desierto-01.jpg\"><img loading=\"lazy\" decoding=\"async\" class=\"alignright size-medium wp-image-8430\" src=\"https:\/\/www.iesuscaritas.org\/wp-content\/uploads\/2026\/03\/desierto-01-300x118.jpg\" alt=\"\" width=\"300\" height=\"118\" srcset=\"https:\/\/www.iesuscaritas.org\/wp-content\/uploads\/2026\/03\/desierto-01-300x118.jpg 300w, https:\/\/www.iesuscaritas.org\/wp-content\/uploads\/2026\/03\/desierto-01-768x302.jpg 768w, https:\/\/www.iesuscaritas.org\/wp-content\/uploads\/2026\/03\/desierto-01.jpg 1024w\" sizes=\"auto, (max-width: 300px) 100vw, 300px\" \/><\/a>KONVENTION IN DER W\u00dcSTE<br \/>\nDem Meister auf den Wegen Galil\u00e4as folgen\u2026<\/p>\n<p>Die W\u00fcste ist nicht nur ein Ort, den man aufsucht.<\/p>\n<p>Sie ist ein innerer Raum, in dem wir lernen zuzuh\u00f6ren.<\/p>\n<p>In der Stille beginnen unsere Gewissheiten zu br\u00f6ckeln.<\/p>\n<p>In der Stille treten unsere Widerst\u00e4nde zutage.<\/p>\n<p>In der Stille offenbart sich auch die sanfte Stimme des Vaters. Jesus ging nicht in die W\u00fcste, um etwas zu tun.<br \/>\nEr ging, um pr\u00e4sent zu sein.<\/p>\n<p>Er ging, um zuzuh\u00f6ren.<\/p>\n<p>Er ging, um dem Heiligen Geist zu erlauben, sein Herz zu ordnen, bevor er seine Mission begann.<\/p>\n<p>Kontemplation ist keine Flucht.<\/p>\n<p>Sie bedeutet Offenheit.<\/p>\n<p>Sie bedeutet, zu bleiben.<\/p>\n<p>Nicht zu fliehen.<\/p>\n<p>Nicht die Leere mit unn\u00f6tigen Worten zu f\u00fcllen.<\/p>\n<p>Lasst uns eintreten.<\/p>\n<p><a href=\"https:\/\/www.iesuscaritas.org\/wp-content\/uploads\/2026\/03\/desierto-02.jpg\"><img loading=\"lazy\" decoding=\"async\" class=\"alignright size-medium wp-image-8431\" src=\"https:\/\/www.iesuscaritas.org\/wp-content\/uploads\/2026\/03\/desierto-02-300x107.jpg\" alt=\"\" width=\"300\" height=\"107\" srcset=\"https:\/\/www.iesuscaritas.org\/wp-content\/uploads\/2026\/03\/desierto-02-300x107.jpg 300w, https:\/\/www.iesuscaritas.org\/wp-content\/uploads\/2026\/03\/desierto-02.jpg 612w\" sizes=\"auto, (max-width: 300px) 100vw, 300px\" \/><\/a>H\u00d6REN IN DER W\u00dcSTE<\/p>\n<p>Geh langsam hinein.<\/p>\n<p>Die W\u00fcste wird nicht erobert,<br \/>\nsie wird empfangen.<\/p>\n<p>Bring keine Reden,<br \/>\nkeine Gewissheiten,<br \/>\nkeinen L\u00e4rm.<\/p>\n<p>Hier entwaffnet der Wind Worte,<br \/>\nund der Sand verh\u00fcllt Masken.<\/p>\n<p>Zuh\u00f6ren,<br \/>\nhei\u00dft bleiben,<br \/>\nwenn alles dich zur Flucht ruft.<\/p>\n<p>Zuh\u00f6ren,<br \/>\nhei\u00dft die eigene Armut annehmen,<br \/>\nohne sie mit Spiritualit\u00e4t zu verh\u00fcllen.<\/p>\n<p><a href=\"https:\/\/www.iesuscaritas.org\/wp-content\/uploads\/2026\/03\/desierto-03.jpg\"><img loading=\"lazy\" decoding=\"async\" class=\"alignright size-medium wp-image-8432\" src=\"https:\/\/www.iesuscaritas.org\/wp-content\/uploads\/2026\/03\/desierto-03-300x240.jpg\" alt=\"\" width=\"300\" height=\"240\" srcset=\"https:\/\/www.iesuscaritas.org\/wp-content\/uploads\/2026\/03\/desierto-03-300x240.jpg 300w, https:\/\/www.iesuscaritas.org\/wp-content\/uploads\/2026\/03\/desierto-03-1024x819.jpg 1024w, https:\/\/www.iesuscaritas.org\/wp-content\/uploads\/2026\/03\/desierto-03-768x614.jpg 768w, https:\/\/www.iesuscaritas.org\/wp-content\/uploads\/2026\/03\/desierto-03.jpg 1225w\" sizes=\"auto, (max-width: 300px) 100vw, 300px\" \/><\/a>In der W\u00fcste,<br \/>\nist die Stimme Gottes,<br \/>\nnicht schreiend,<br \/>\nsondern fl\u00fcsternd.<\/p>\n<p>Sprich, wo es weh tut.<br \/>\nSprich, wo du Angst hast.<br \/>\nSprich, wo du noch nicht bereit bist, dich zu ergeben.<\/p>\n<hr \/>\n<p>\ud83d\udcc3 PDF: <a href=\"https:\/\/www.iesuscaritas.org\/wp-content\/uploads\/2026\/03\/Wuste-Franz-JALICS-de.pdf\">W\u00fcste, Franz JALICS de<\/a><\/p>","protected":false},"excerpt":{"rendered":"<p>Auf deiner Herzensreise zu Gott wird die W\u00fcste unverzichtbar sein. Betritt sie barfu\u00df, offen daf\u00fcr, Gottes Willen f\u00fcr dich im Geheimnis des Reiches zu entdecken\u2026 KONVENTION IN DER W\u00dcSTE Dem <a class=\"more-link\" href=\"https:\/\/www.iesuscaritas.org\/de\/desierto-franz-jalics\/\">Continue Reading &rarr;<\/a><\/p>\n","protected":false},"author":1,"featured_media":0,"parent":0,"menu_order":11,"comment_status":"open","ping_status":"closed","template":"","meta":{"footnotes":""},"class_list":["post-8424","page","type-page","status-publish","hentry"],"_links":{"self":[{"href":"https:\/\/www.iesuscaritas.org\/de\/wp-json\/wp\/v2\/pages\/8424","targetHints":{"allow":["GET"]}}],"collection":[{"href":"https:\/\/www.iesuscaritas.org\/de\/wp-json\/wp\/v2\/pages"}],"about":[{"href":"https:\/\/www.iesuscaritas.org\/de\/wp-json\/wp\/v2\/types\/page"}],"author":[{"embeddable":true,"href":"https:\/\/www.iesuscaritas.org\/de\/wp-json\/wp\/v2\/users\/1"}],"replies":[{"embeddable":true,"href":"https:\/\/www.iesuscaritas.org\/de\/wp-json\/wp\/v2\/comments?post=8424"}],"version-history":[{"count":9,"href":"https:\/\/www.iesuscaritas.org\/de\/wp-json\/wp\/v2\/pages\/8424\/revisions"}],"predecessor-version":[{"id":8444,"href":"https:\/\/www.iesuscaritas.org\/de\/wp-json\/wp\/v2\/pages\/8424\/revisions\/8444"}],"wp:attachment":[{"href":"https:\/\/www.iesuscaritas.org\/de\/wp-json\/wp\/v2\/media?parent=8424"}],"curies":[{"name":"wp","href":"https:\/\/api.w.org\/{rel}","templated":true}]}}