{"id":8122,"date":"2025-10-19T17:53:07","date_gmt":"2025-10-19T15:53:07","guid":{"rendered":"https:\/\/www.iesuscaritas.org\/?page_id=8122"},"modified":"2025-10-19T20:54:56","modified_gmt":"2025-10-19T18:54:56","slug":"fraternidad-sacerdotal-iesus-caritas-aurelio-sanz-baeza","status":"publish","type":"page","link":"https:\/\/www.iesuscaritas.org\/de\/fraternidad-sacerdotal-iesus-caritas-aurelio-sanz-baeza\/","title":{"rendered":"Priestersbruderchaft Iesus Caritas"},"content":{"rendered":"<p><\/p>\n<h3>Eine Entdeckung: Bruder Charles<\/h3>\n<p><a href=\"https:\/\/www.iesuscaritas.org\/wp-content\/uploads\/2025\/02\/fraternidad-01.jpg\"><img loading=\"lazy\" decoding=\"async\" class=\"alignright wp-image-7608\" src=\"https:\/\/www.iesuscaritas.org\/wp-content\/uploads\/2025\/02\/fraternidad-01-276x300.jpg\" alt=\"\" width=\"147\" height=\"159\" srcset=\"https:\/\/www.iesuscaritas.org\/wp-content\/uploads\/2025\/02\/fraternidad-01-276x300.jpg 276w, https:\/\/www.iesuscaritas.org\/wp-content\/uploads\/2025\/02\/fraternidad-01-942x1024.jpg 942w, https:\/\/www.iesuscaritas.org\/wp-content\/uploads\/2025\/02\/fraternidad-01-768x835.jpg 768w, https:\/\/www.iesuscaritas.org\/wp-content\/uploads\/2025\/02\/fraternidad-01.jpg 1177w\" sizes=\"auto, (max-width: 147px) 100vw, 147px\" \/><\/a>Eines Tages lasen wir etwas \u00fcber Charles de FOUCAULD. Irgendwie erregte seine Art, das Evangelium zu leben, unsere Aufmerksamkeit. Wir entdeckten, dass sein Lebenszeugnis wirklich \u00fcberraschend war. Durch die B\u00fccher von Ren\u00e9 VOILLAUME, Carlo CARRETO, Jean-Fran\u00e7ois SIX oder Arturo PAOLI er\u00f6ffnete sich uns eine Linie der Spiritualit\u00e4t und des Handelns. Es k\u00f6nnte das Wort oder die Einladung eines Kollegen gewesen sein, an einem Gebetsexerzitien teilzunehmen, an einem Treffen anderer Priester oder an einem Artikel in einer Publikation, in dem von einem Mann die Rede war, der Jesus liebte und sein Leben von reich zu arm \u00e4nderte; ein Mann mit einem Sinn f\u00fcr universelle Br\u00fcderlichkeit und erf\u00fcllt von Gott, oder einige kleine Br\u00fcder und Schwestern oder Priester, die einen einfachen Stil des Christentums pflegten, der aus Arbeit bestand und vor allem mit den Armen zusammen war, M\u00e4nner und Frauen, die in der Realit\u00e4t ihrer Umgebung verk\u00f6rpert waren. Vielleicht waren wir als Studenten davon beeindruckt, dass es inmitten all der Theologie eine direkte M\u00f6glichkeit gab, Jesus kennenzulernen, und zwar von einem Mann, der zwar nicht unserer Zeit angeh\u00f6rte, aber dem Zweiten Vatikanischen Konzil voraus war und Intuitionen hatte, die sp\u00e4ter Wirklichkeit wurden, in seinem Leben und im Leben vieler Christen, die diese Welt als ein wunderbares Werk Gottes betrachten, in dem die Menschen in universeller Br\u00fcderlichkeit leben m\u00fcssen. Wir sind Di\u00f6zesanpriester und dazu berufen, Kirche zu sein, ohne sektiererische Z\u00fcge oder als Auserw\u00e4hlte f\u00fcr etwas Herrliches: berufen, auch universale Br\u00fcder zu sein.<\/p>\n<h3>Die Spiritualit\u00e4t von Nazareth<\/h3>\n<p><a href=\"https:\/\/www.iesuscaritas.org\/wp-content\/uploads\/2025\/02\/fraternidad-02.jpg\"><img loading=\"lazy\" decoding=\"async\" class=\" wp-image-7609 alignleft\" src=\"https:\/\/www.iesuscaritas.org\/wp-content\/uploads\/2025\/02\/fraternidad-02-216x300.jpg\" alt=\"\" width=\"129\" height=\"177\" \/><\/a>Bruder Charles hat uns vielleicht einen anderen Weg im Glauben er\u00f6ffnet; Nicht die Einzige, aber diejenige, zu der Gott jeden von uns ruft, so wie wir sind, ohne die Frustration, nicht anders, besser oder vollkommener zu sein. Dies bedeutet nicht, dass wir \u00fcber andere Formen der Spiritualit\u00e4t erhaben w\u00e4ren, sondern bringt uns Jesus n\u00e4her, dort, wo er ist, im Zusammenleben mit den Menschen, die uns nahe stehen, dort, wo wir leben, mit denen wir t\u00e4glich zusammentreffen. In Nazareth ist man mit Menschen zusammen und lebt nicht getrennt von anderen. Nazareth arbeitet wie alle anderen, ist krank wie jeder andere Kranke oder ist im Ruhestand wie so viele andere Rentner. Es bedeutet, mit denen zu l\u00e4cheln, die lachen, und mit denen zu weinen, die weinen. Ohne Empathie k\u00f6nnen wir nicht verstehen, was Nazareth ist und was einfache Ereignisse oder die kleinen Dinge des Alltags uns bringen. Manchmal ist es f\u00fcr Priester schwierig, einen solchen Lebensstil zu entwickeln oder einer pastoralen T\u00e4tigkeit nachzugehen, ohne an den Erfolg zu denken. Der Klerikalismus ist sehr weit von Nazareth entfernt, so wie Nazareth weit vom Tempel in Jerusalem entfernt ist \u2026 Deshalb sollten wir uns nicht als Versager f\u00fchlen, wenn zu den Gemeindeversammlungen nur wenige Menschen kommen, die Kirche \u00fcberwiegend von \u00e4lteren Menschen oder nur wenige Gl\u00e4ubige besucht wird. In Nazareth zu leben bedeutet, Jesus als N\u00e4chsten in die Nachbarschaft, die Stadt, auf die Stra\u00dfe zu bringen, wo sich die Menschen versammeln, in Krankenh\u00e4user, Gef\u00e4ngnisse, Notunterk\u00fcnfte, um die Hoffnung der Fl\u00fcchtlinge oder Vertriebenen zu teilen. Dies kann schwer zu verstehen sein, wenn wir unsere pers\u00f6nliche Sicherheit oder m\u00f6gliche soziale Privilegien wahren m\u00f6chten.<\/p>\n<p>Der Monat Nazareth hilft uns, wenigstens einmal in unserem Leben diesen Geist von Bruder Charles in Br\u00fcderlichkeit zu leben, sein Leben und sein Erbe zu vertiefen, unser Leben und unsere Realit\u00e4ten zu teilen, indem wir gemeinsam beten, an etwas Manuellem arbeiten \u2013 ohne zu spielen, Arbeiter f\u00fcr einen Tag &#8211; unser Leben, unsere Freuden und unsere Misserfolge Revue passieren lassen, der W\u00fcste ihre Zeit widmen, als Suche und Begegnung mit der Stille Gottes, gemeinsam die Aufgaben eines jeden Heims erledigen, auch wenn es in diesem Fall ein Heim f\u00fcr Alleinstehende ist. Im Monat Nazareth bekennen wir uns zur Br\u00fcderlichkeit. Das bedeutet, dass wir uns verpflichten, das Evangelium zu leben und Jesus zu folgen, wohin auch immer er uns f\u00fchrt.<\/p>\n<h3>Eine Lieferung an die \u00c4rmsten<\/h3>\n<p><a href=\"https:\/\/www.iesuscaritas.org\/wp-content\/uploads\/2025\/02\/fraternidad-03.jpg\"><img loading=\"lazy\" decoding=\"async\" class=\"alignright wp-image-7610\" src=\"https:\/\/www.iesuscaritas.org\/wp-content\/uploads\/2025\/02\/fraternidad-03-300x268.jpg\" alt=\"\" width=\"179\" height=\"161\" srcset=\"https:\/\/www.iesuscaritas.org\/wp-content\/uploads\/2025\/02\/fraternidad-03-300x268.jpg 300w, https:\/\/www.iesuscaritas.org\/wp-content\/uploads\/2025\/02\/fraternidad-03-1024x914.jpg 1024w, https:\/\/www.iesuscaritas.org\/wp-content\/uploads\/2025\/02\/fraternidad-03-768x686.jpg 768w, https:\/\/www.iesuscaritas.org\/wp-content\/uploads\/2025\/02\/fraternidad-03.jpg 1280w\" sizes=\"auto, (max-width: 179px) 100vw, 179px\" \/><\/a>Charles de FOUCAULD brach mit den Konventionen famili\u00e4rer und gesellschaftlicher Traditionen und entschied sich nach seiner Suche nach Gott, arm zu sein wie Jesus. Wenn Sie sich verlieben, m\u00f6chten Sie das Herz der anderen Person h\u00f6ren. Bruder Carlos identifizierte sich mit seinem geliebten Jesus, indem er zu den Verlassensten ging.<\/p>\n<p>Florencio ROSELL\u00d3, Erzbischof von Pamplona, \u200b\u200b\u200b\u200bSpanien, sagt zum Welttag der Armen 2024: \u201e<em>An diesem Tag der Armen kommt immer ein Zweifel auf: An wen denken wir, wenn wir von den Armen sprechen? Manchmal sehe ich, dass es Menschen sind, die von meinen \u201eAlmosen\u201c abh\u00e4ngig sind, Menschen, die von meiner Einstellung abh\u00e4ngen, Menschen, die unter mir stehen, die zu mir aufschauen, und ich schaue auf sie herab. Ich f\u00fchle mich ihm \u00fcberlegen und das st\u00f6rt mich. Ich wollte die Armen immer gleich behandeln, ihnen in die Augen schauen, weil ich auf derselben Ebene stehe wie sie, nicht von oben bis unten, als w\u00e4re ich der Gute und er \u2026 denk, was du willst.<\/em>\u201c Unser Papst Franziskus betont dies immer wieder, und dar\u00fcber hinaus m\u00fcssen wir die Armen ber\u00fchren, ihnen die Hand sch\u00fctteln oder sie umarmen, damit wir weder Ekel empfinden noch das Gef\u00fchl haben, dass wir uns dabei schmutzig machen.<\/p>\n<p><a href=\"https:\/\/www.iesuscaritas.org\/wp-content\/uploads\/2025\/02\/fraternidad-04.jpg\"><img loading=\"lazy\" decoding=\"async\" class=\" wp-image-7611 alignleft\" src=\"https:\/\/www.iesuscaritas.org\/wp-content\/uploads\/2025\/02\/fraternidad-04-259x300.jpg\" alt=\"\" width=\"151\" height=\"174\" srcset=\"https:\/\/www.iesuscaritas.org\/wp-content\/uploads\/2025\/02\/fraternidad-04-259x300.jpg 259w, https:\/\/www.iesuscaritas.org\/wp-content\/uploads\/2025\/02\/fraternidad-04.jpg 400w\" sizes=\"auto, (max-width: 151px) 100vw, 151px\" \/><\/a>Charles de FOUCAULD ging noch weiter: Wir m\u00fcssen mit ihnen sein, mit ihnen leben, gem\u00e4\u00df ihrer Art, ohne uns durch unseren religi\u00f6sen Status zu unterscheiden, der manchmal klassenbezogen und klerikal ist, selbst wenn wir der Mittelschicht angeh\u00f6ren. Die Armen verstehen nichts von Universit\u00e4tsabschl\u00fcssen: Sie verstehen diejenigen, die ihnen \u00e4hnlich sind, und begegnen ihnen ohne Furcht oder Vorurteile. Es gibt viele Formen der Armut um uns herum, und nicht nur materielle Armut: Arme Menschen, die kein freies Herz haben, Arme Menschen, denen es an Freundschaft mangelt, Arme Menschen, die mit Technologie \u00fcbers\u00e4ttigt sind und denen es an Menschlichkeit mangelt\u2026 Wir leben oft unter ihnen, und es wird uns nicht anders f\u00fchlen lassen. Wir haben noch einen weiten Weg vor uns. Arme L\u00e4nder mit \u2013 ewiger \u2013 Auslandsverschuldung gegen\u00fcber dem Westen, Einwanderer in \u00e4rmlichen Verh\u00e4ltnissen: alle, die vom Reichtum abgewiesen werden. Wie k\u00f6nnen wir in einer Welt voller Ungerechtigkeit unseren Lebensstil aufrechterhalten? Br\u00fcderlichkeit l\u00e4sst uns auch die Armut unseres eigenen Elends erkennen.<\/p>\n<h3>Glauben und Leben teilen<\/h3>\n<p><a href=\"https:\/\/www.iesuscaritas.org\/wp-content\/uploads\/2025\/02\/fraternidad-05.jpg\"><img loading=\"lazy\" decoding=\"async\" class=\"alignright wp-image-7612\" src=\"https:\/\/www.iesuscaritas.org\/wp-content\/uploads\/2025\/02\/fraternidad-05-288x300.jpg\" alt=\"\" width=\"153\" height=\"159\" srcset=\"https:\/\/www.iesuscaritas.org\/wp-content\/uploads\/2025\/02\/fraternidad-05-288x300.jpg 288w, https:\/\/www.iesuscaritas.org\/wp-content\/uploads\/2025\/02\/fraternidad-05-983x1024.jpg 983w, https:\/\/www.iesuscaritas.org\/wp-content\/uploads\/2025\/02\/fraternidad-05-768x800.jpg 768w, https:\/\/www.iesuscaritas.org\/wp-content\/uploads\/2025\/02\/fraternidad-05.jpg 1229w\" sizes=\"auto, (max-width: 153px) 100vw, 153px\" \/><\/a>Das Leben einer Priesterbruderschaft Iesus Caritas ist das Leben gl\u00e4ubiger M\u00e4nner, die Jesus nachfolgen und sich gegenseitig helfen, dem Evangelium treu zu bleiben. Beim monatlichen Treffen \u2013 in der \u00f6rtlichen Bruderschaft \u2013, bei den j\u00e4hrlichen oder viertelj\u00e4hrlichen Exerzitien, in den Versammlungen und im allt\u00e4glichen Leben, wo auch immer man ist, erneuert sich diese Begegnung mit Jesus in der Anbetung, der Zeit der Stille und der Betrachtung der Eucharistie, ohne Eile. Jesus, der uns ansieht und willkommen hei\u00dft. Jesus, der uns zuh\u00f6rt und unser Schweigen und unsere Ger\u00e4usche teilt. Damit eine Freundschaft mit Jesus entstehen kann, m\u00fcssen wir ihm n\u00e4her kommen. Bruder Charles und die gro\u00dfen Redner der Geschichte bezeugen diese tiefe Freundschaft mit Gott.<\/p>\n<p><a href=\"https:\/\/www.iesuscaritas.org\/wp-content\/uploads\/2025\/02\/fraternidad-06.jpg\"><img loading=\"lazy\" decoding=\"async\" class=\"alignright wp-image-7613\" src=\"https:\/\/www.iesuscaritas.org\/wp-content\/uploads\/2025\/02\/fraternidad-06-300x125.jpg\" alt=\"\" width=\"191\" height=\"84\" \/><\/a>Und in der W\u00fcste, nach einer weiteren l\u00e4ngeren Zeit des Zuh\u00f6rens, wird die Freundschaft gest\u00e4rkt, ebenso wie die Liebe zu dem Menschen, den wir vermissen, weil er nicht an unserer Seite ist. Wir sehen Gott nicht, aber wir sp\u00fcren ihn, denn er sucht uns.<\/p>\n<p><a href=\"https:\/\/www.iesuscaritas.org\/wp-content\/uploads\/2025\/02\/fraternidad-07.jpg\"><img loading=\"lazy\" decoding=\"async\" class=\" wp-image-7614 alignleft\" src=\"https:\/\/www.iesuscaritas.org\/wp-content\/uploads\/2025\/02\/fraternidad-07-265x300.jpg\" alt=\"\" width=\"153\" height=\"172\" srcset=\"https:\/\/www.iesuscaritas.org\/wp-content\/uploads\/2025\/02\/fraternidad-07-265x300.jpg 265w, https:\/\/www.iesuscaritas.org\/wp-content\/uploads\/2025\/02\/fraternidad-07-904x1024.jpg 904w, https:\/\/www.iesuscaritas.org\/wp-content\/uploads\/2025\/02\/fraternidad-07-768x870.jpg 768w, https:\/\/www.iesuscaritas.org\/wp-content\/uploads\/2025\/02\/fraternidad-07.jpg 1130w\" sizes=\"auto, (max-width: 153px) 100vw, 153px\" \/><\/a>Wir haben vielleicht Angst vor der Einsamkeit oder davor, uns selbst und unsere verletzliche Realit\u00e4t zu entdecken. Im Hingabegebet sagen wir \u201emit unendlicher Zuversicht\u201c \u2026 Wenn Zuversicht vorhanden ist, verschwinden die \u00c4ngste. F\u00fcr die W\u00fcste brauchen wir praktisch nichts: nur uns selbst. Wir brauchen keinen Tempel oder eine Kapelle, keine B\u00fccher, keine Bibel und auch keine angenehme oder gem\u00fctliche Landschaft: Wir m\u00fcssen dorthin gehen, wohin Gott uns f\u00fchrt. Schweigen\u2026<\/p>\n<p>Br\u00fcderliches Leben hei\u00dft, das Leben zu teilen, so wie es ist, in jeder Begegnung, besonders in der Lebensr\u00fcckschau. Charles de FOUCAULD lie\u00df sein Leben nicht Revue passieren, weil es ihm an einer Bruderschaft von Christen mangelte, die seinesgleichen suchten. Er vertiefte seine Freundschaft mit den Menschen, mit denen er zusammenlebte, ermutigt durch die geistliche F\u00fchrung von Pater Henry HUVELIN, aus der Ferne zwischen Frankreich und Algerien, und zuvor in seinen verschiedenen Phasen der Suche, hatte Bruder Charles eine st\u00e4ndige \u00dcberpr\u00fcfung des Lebens, im Gebet , in seinen Briefen, was dazu f\u00fchrte, dass er sich nicht wohl f\u00fchlte und sich nicht auf vorgefertigte Pl\u00e4ne einlie\u00df: Er war immer offen f\u00fcr die Realit\u00e4t des Lebens und der Umst\u00e4nde. In der Br\u00fcderschaft leben wir die R\u00fcckschau auf das Leben als Mittel zum inneren Wachstum, indem wir zuh\u00f6ren und angeh\u00f6rt werden. Gegenseitiges Vertrauen ist notwendig, die Akzeptanz des anderen mit seiner Art zu sein, manchmal mit anderen Vorstellungen von Kirche und Gesellschaft. Dialog und Begegnungen in einem Klima des Gebets helfen, Vorurteile und Urteile gegen\u00fcber anderen abzubauen. <a href=\"https:\/\/www.iesuscaritas.org\/wp-content\/uploads\/2025\/02\/fraternidad-08.jpg\"><img loading=\"lazy\" decoding=\"async\" class=\"alignright wp-image-7615\" src=\"https:\/\/www.iesuscaritas.org\/wp-content\/uploads\/2025\/02\/fraternidad-08-300x165.jpg\" alt=\"\" width=\"185\" height=\"105\" \/><\/a>Deshalb ist f\u00fcr eine wahre Lebensbetrachtung Transparenz innerhalb jedes Menschen unabdingbar. Es besteht keine Notwendigkeit, die pastoralen Aktivit\u00e4ten zu \u00fcberpr\u00fcfen, sondern vielmehr eine Selbst\u00fcberpr\u00fcfung. Die anderen werden uns helfen. Und vor allem, sich frei zu f\u00fchlen, ohne verschlossene T\u00fcren.<\/p>\n<h3>Im Projekt Jesu<\/h3>\n<p><a href=\"https:\/\/www.iesuscaritas.org\/wp-content\/uploads\/2025\/02\/fraternidad-09.jpg\"><img loading=\"lazy\" decoding=\"async\" class=\" wp-image-7616 alignleft\" src=\"https:\/\/www.iesuscaritas.org\/wp-content\/uploads\/2025\/02\/fraternidad-09-239x300.jpg\" alt=\"\" width=\"124\" height=\"154\" \/><\/a>Die Priesterbruderschaft Iesus Caritas ist ein kleiner Teil der ganzen Kirche Jesu, ein weiteres St\u00fcck des Ganzen, f\u00fcr das Jesus lebte: Schafe, die Verantwortung f\u00fcr andere Schafe tragen und nicht von der Macht herabsehen. Wir f\u00fchlen uns in Gemeinschaft mit Papst Franziskus, der in seinen Enzykliken immer den Heiligen Charles de FOUCAULD pr\u00e4sent hat, und wir wollen eine Kirche sein, die hinausgeht, in die Peripherien, um Jesus weiter zu entdecken und f\u00fcr sein Reich zu arbeiten, in der Not anderer und zugleich Dienst an den nicht erfolgreichen Protagonisten. Evangelisieren Sie, indem Sie kontemplativ sind und sich evangelisieren lassen.<\/p>\n<p>Aurelio SANZ BAEZA,<br \/>\nBruderschaft von Murcia, Spanien<\/p>\n<p>(Danke, Quico, f\u00fcr die Zeichnungen,und danke, Ursula, f\u00fcr die \u00dcbersetzung ins Deutsche) )<\/p>\n<hr \/>\n<p>\ud83d\udcd1 Das PDF-Dokument herunterladen: <a href=\"https:\/\/www.iesuscaritas.org\/wp-content\/uploads\/2025\/02\/Priestersbruderchaft-Iesus-Caritas.-Aurelio-SANZ-BAEZA-de.pdf\">Priestersbruderchaft Iesus Caritas. Aurelio SANZ BAEZA &#8211; de<\/a><\/p>","protected":false},"excerpt":{"rendered":"<p>Eine Entdeckung: Bruder Charles Eines Tages lasen wir etwas \u00fcber Charles de FOUCAULD. Irgendwie erregte seine Art, das Evangelium zu leben, unsere Aufmerksamkeit. Wir entdeckten, dass sein Lebenszeugnis wirklich \u00fcberraschend <a class=\"more-link\" href=\"https:\/\/www.iesuscaritas.org\/de\/fraternidad-sacerdotal-iesus-caritas-aurelio-sanz-baeza\/\">Continue Reading &rarr;<\/a><\/p>\n","protected":false},"author":1,"featured_media":0,"parent":0,"menu_order":4,"comment_status":"closed","ping_status":"closed","template":"","meta":{"footnotes":""},"class_list":["post-8122","page","type-page","status-publish","hentry"],"_links":{"self":[{"href":"https:\/\/www.iesuscaritas.org\/de\/wp-json\/wp\/v2\/pages\/8122","targetHints":{"allow":["GET"]}}],"collection":[{"href":"https:\/\/www.iesuscaritas.org\/de\/wp-json\/wp\/v2\/pages"}],"about":[{"href":"https:\/\/www.iesuscaritas.org\/de\/wp-json\/wp\/v2\/types\/page"}],"author":[{"embeddable":true,"href":"https:\/\/www.iesuscaritas.org\/de\/wp-json\/wp\/v2\/users\/1"}],"replies":[{"embeddable":true,"href":"https:\/\/www.iesuscaritas.org\/de\/wp-json\/wp\/v2\/comments?post=8122"}],"version-history":[{"count":4,"href":"https:\/\/www.iesuscaritas.org\/de\/wp-json\/wp\/v2\/pages\/8122\/revisions"}],"predecessor-version":[{"id":8134,"href":"https:\/\/www.iesuscaritas.org\/de\/wp-json\/wp\/v2\/pages\/8122\/revisions\/8134"}],"wp:attachment":[{"href":"https:\/\/www.iesuscaritas.org\/de\/wp-json\/wp\/v2\/media?parent=8122"}],"curies":[{"name":"wp","href":"https:\/\/api.w.org\/{rel}","templated":true}]}}