{"id":8082,"date":"2025-10-19T12:40:37","date_gmt":"2025-10-19T10:40:37","guid":{"rendered":"https:\/\/www.iesuscaritas.org\/?page_id=8082"},"modified":"2025-10-19T17:45:11","modified_gmt":"2025-10-19T15:45:11","slug":"historia-de-la-fraternidad","status":"publish","type":"page","link":"https:\/\/www.iesuscaritas.org\/de\/historia-de-la-fraternidad\/","title":{"rendered":"Geschichte der Bruderschaft"},"content":{"rendered":"<p><a href=\"https:\/\/www.iesuscaritas.org\/wp-content\/uploads\/2025\/10\/historia-fraternidad-01.jpg\"><img loading=\"lazy\" decoding=\"async\" class=\"size-full wp-image-8091 alignright\" src=\"https:\/\/www.iesuscaritas.org\/wp-content\/uploads\/2025\/10\/historia-fraternidad-01.jpg\" alt=\"\" width=\"171\" height=\"133\" \/><\/a>Die Priesterbruderschaft Jesus Caritas blickt auf eine Geschichte voller evangelischer Namen und Tr\u00e4ume zur\u00fcck. Von ihren Anf\u00e4ngen unter der Leitung von Ren\u00e9 Voillaume in der Abtei Boquen (Frankreich) unter dem Namen \u201eLa Uni\u00f3n\u201c (Die Union) bis zum heutigen Tag des 12. Internationalen Treffens sind siebzig Jahre der Vorbereitung auf das Zweite Vatikanische Konzil und sechzig Jahre nach dem Konzil vergangen. In dieser Zeit hat sie das Evangelium mit der Radikalit\u00e4t des Zeugen und Wahrheitssuchers gelebt, der der heilige Charles de Foucauld zu seiner Zeit war.<\/p>\n<p>Es ist ein Grund zur Dankbarkeit, Bischof Guy Riob\u00e9, dem ersten Generalleiter, zu gedenken, der zusammen mit Pierre Cimitierre, dem Generalsekret\u00e4r, mit dem Rat von Ren\u00e9 Voillaume die ersten Schritte unternahm. Dies waren historische Momente voller Hoffnung, die ihren Ausdruck in den internationalen Versammlungen der sogenannten Priesterbruderschaft Iesus Caritas und den Vorschl\u00e4gen f\u00fcr den Dienst der Koordinierung und Animation der verschiedenen regionalen Versammlungen fanden, die \u00fcberall auf der Welt entstanden:<\/p>\n<p>1. Pal\u00e4stina 1962 (Guy Riob\u00e9, Frankreich);<br \/>\n2. Lourdes 1965 (Pierre Loubier, Frankreich);<br \/>\n3. Lourdes 1970 (Peter Hunemann, Deutschland);<br \/>\n4. Montefiolo 1976 (Jacques Leclerc, Kanada);<br \/>\n5. Algier 1982 (Verantwortlicher: Gunther Lendbradl, Deutschland);<br \/>\n6. Santo Domingo 1988 (Verantwortlicher: Tony Philpot, England);<br \/>\n7. Cebu 1994 (Verantwortlich: Jim Murphy, Irland);<br \/>\n8. Kairo 2000 (Verantwortlich: Mariano Puga, Chile);<br \/>\n9. Sao Paulo 2006 (Verantwortlich: Abraham Apolinario, Dominikanische Republik);<br \/>\n10. Paris 2012 (Verantwortlich: Aurelio Sanz, Spanien);<br \/>\n11. Cebu 2019 (Verantwortlich: Eric Lozada, Philippinen);<br \/>\n12. Buenos Aires 2025 (Verantwortlich: Carlos Roberto dos Santos, Brasilien).<\/p>\n<p><a href=\"https:\/\/www.iesuscaritas.org\/wp-content\/uploads\/2025\/10\/historia-fraternidad-02.jpg\"><img loading=\"lazy\" decoding=\"async\" class=\"alignleft wp-image-8092 size-thumbnail\" src=\"https:\/\/www.iesuscaritas.org\/wp-content\/uploads\/2025\/10\/historia-fraternidad-02-150x150.jpg\" alt=\"\" width=\"150\" height=\"150\" \/><\/a>Die Bruderschaft besteht aus Di\u00f6zesanpriestern, die dem Gehorsam ihres Bischofs unterstehen, in der Regel in Pfarreien. Sie bilden lokale Bruderschaften, die sich monatlich zum Gebet und zur Lebensbetrachtung treffen. Ihre Spiritualit\u00e4t basiert auf der Suche nach Jesus und ihrer Freundschaft mit ihm, im Einklang mit den Intuitionen des Heiligen Charles de Foucauld, und hat f\u00fcnf Grundpfeiler: den Geist von Nazareth, die Option und das Engagement f\u00fcr die \u00c4rmsten, die Anbetung, den monatlichen Tag der W\u00fcste und die Lebensbetrachtung in der Bruderschaft. Sie m\u00fcssen den Monat Nazareth mindestens einmal im Leben begehen.<\/p>\n<p>Die Priesterbruderschaft steht in Abstimmung mit den verschiedenen Bruderschaften, die die geistliche Familie des Heiligen Charles de Foucauld bilden, und in Gemeinschaft mit dem Papst und der Weltkirche.<\/p>\n<p>Die lokalen, nationalen, kontinentalen und internationalen Leiter koordinieren die Entwicklung der Bruderschaften ohne hierarchische Struktur.<br \/>\nDerzeit geh\u00f6ren der Bruderschaft etwa viertausend Priester an, die sich in Pfarreien, Randgebieten, in einfachen Gegenden, in Entwicklungsprojekten, Gef\u00e4ngnissen und Krankenh\u00e4usern engagieren. Sie achten stets auf die Forderungen des Evangeliums und sind bestrebt, ganz unten zu stehen, wie uns der heilige Charles de Foucauld inspiriert hat.<\/p>\n<p><a href=\"https:\/\/www.iesuscaritas.org\/wp-content\/uploads\/2025\/10\/historia-fraternidad-03.jpg\"><img loading=\"lazy\" decoding=\"async\" class=\"aligncenter wp-image-8093 size-full\" src=\"https:\/\/www.iesuscaritas.org\/wp-content\/uploads\/2025\/10\/historia-fraternidad-03.jpg\" alt=\"\" width=\"950\" height=\"390\" srcset=\"https:\/\/www.iesuscaritas.org\/wp-content\/uploads\/2025\/10\/historia-fraternidad-03.jpg 950w, https:\/\/www.iesuscaritas.org\/wp-content\/uploads\/2025\/10\/historia-fraternidad-03-300x123.jpg 300w, https:\/\/www.iesuscaritas.org\/wp-content\/uploads\/2025\/10\/historia-fraternidad-03-768x315.jpg 768w\" sizes=\"auto, (max-width: 950px) 100vw, 950px\" \/><\/a><\/p>\n<hr \/>\n<p>PDF: <a href=\"https:\/\/www.iesuscaritas.org\/wp-content\/uploads\/2025\/10\/Geschichte-der-Bruderschaft-de.pdf\">Geschichte der Bruderschaft de<\/a><\/p>","protected":false},"excerpt":{"rendered":"<p>Die Priesterbruderschaft Jesus Caritas blickt auf eine Geschichte voller evangelischer Namen und Tr\u00e4ume zur\u00fcck. Von ihren Anf\u00e4ngen unter der Leitung von Ren\u00e9 Voillaume in der Abtei Boquen (Frankreich) unter dem <a class=\"more-link\" href=\"https:\/\/www.iesuscaritas.org\/de\/historia-de-la-fraternidad\/\">Continue Reading &rarr;<\/a><\/p>\n","protected":false},"author":1,"featured_media":0,"parent":0,"menu_order":10,"comment_status":"closed","ping_status":"closed","template":"","meta":{"footnotes":""},"class_list":["post-8082","page","type-page","status-publish","hentry"],"_links":{"self":[{"href":"https:\/\/www.iesuscaritas.org\/de\/wp-json\/wp\/v2\/pages\/8082","targetHints":{"allow":["GET"]}}],"collection":[{"href":"https:\/\/www.iesuscaritas.org\/de\/wp-json\/wp\/v2\/pages"}],"about":[{"href":"https:\/\/www.iesuscaritas.org\/de\/wp-json\/wp\/v2\/types\/page"}],"author":[{"embeddable":true,"href":"https:\/\/www.iesuscaritas.org\/de\/wp-json\/wp\/v2\/users\/1"}],"replies":[{"embeddable":true,"href":"https:\/\/www.iesuscaritas.org\/de\/wp-json\/wp\/v2\/comments?post=8082"}],"version-history":[{"count":20,"href":"https:\/\/www.iesuscaritas.org\/de\/wp-json\/wp\/v2\/pages\/8082\/revisions"}],"predecessor-version":[{"id":8121,"href":"https:\/\/www.iesuscaritas.org\/de\/wp-json\/wp\/v2\/pages\/8082\/revisions\/8121"}],"wp:attachment":[{"href":"https:\/\/www.iesuscaritas.org\/de\/wp-json\/wp\/v2\/media?parent=8082"}],"curies":[{"name":"wp","href":"https:\/\/api.w.org\/{rel}","templated":true}]}}