{"id":8014,"date":"2025-10-19T10:19:08","date_gmt":"2025-10-19T08:19:08","guid":{"rendered":"https:\/\/www.iesuscaritas.org\/?page_id=8014"},"modified":"2025-10-19T10:19:08","modified_gmt":"2025-10-19T08:19:08","slug":"la-revision-de-vida","status":"publish","type":"page","link":"https:\/\/www.iesuscaritas.org\/de\/la-revision-de-vida\/","title":{"rendered":"Der Lebensr\u00fcckblick"},"content":{"rendered":"<p><\/p>\n<h1>Der Lebensr\u00fcckblick, Bruderschaftsschule<\/h1>\n<p><a href=\"https:\/\/www.iesuscaritas.org\/wp-content\/uploads\/2025\/10\/revision-vida-01.jpg\"><img loading=\"lazy\" decoding=\"async\" class=\"aligncenter wp-image-8025 size-full\" src=\"https:\/\/www.iesuscaritas.org\/wp-content\/uploads\/2025\/10\/revision-vida-01.jpg\" alt=\"\" width=\"810\" height=\"617\" srcset=\"https:\/\/www.iesuscaritas.org\/wp-content\/uploads\/2025\/10\/revision-vida-01.jpg 810w, https:\/\/www.iesuscaritas.org\/wp-content\/uploads\/2025\/10\/revision-vida-01-300x229.jpg 300w, https:\/\/www.iesuscaritas.org\/wp-content\/uploads\/2025\/10\/revision-vida-01-768x585.jpg 768w\" sizes=\"auto, (max-width: 810px) 100vw, 810px\" \/><\/a><\/p>\n<h2>I Was sagt das Verzeichnis?<\/h2>\n<p><a href=\"https:\/\/www.iesuscaritas.org\/wp-content\/uploads\/2025\/10\/revision-vida-02.jpg\"><img loading=\"lazy\" decoding=\"async\" class=\"alignright size-medium wp-image-8026\" src=\"https:\/\/www.iesuscaritas.org\/wp-content\/uploads\/2025\/10\/revision-vida-02-300x300.jpg\" alt=\"\" width=\"300\" height=\"300\" srcset=\"https:\/\/www.iesuscaritas.org\/wp-content\/uploads\/2025\/10\/revision-vida-02-300x300.jpg 300w, https:\/\/www.iesuscaritas.org\/wp-content\/uploads\/2025\/10\/revision-vida-02-150x150.jpg 150w, https:\/\/www.iesuscaritas.org\/wp-content\/uploads\/2025\/10\/revision-vida-02.jpg 500w\" sizes=\"auto, (max-width: 300px) 100vw, 300px\" \/><\/a>\u00abVor allem in der Revision des Lebens \u00fcbt die Br\u00fcderlichkeit ihre Funktion als Lebensregel aus. Es wird viel \u00fcber den R\u00fcckblick auf das Leben gesprochen, aber auf unterschiedliche Realit\u00e4ten hingewiesen: unterschiedlicher Austausch, Evangeliumsstudien, R\u00fcckblick auf das apostolische Leben. F\u00fcr uns als Bruderschaft ist der Lebensr\u00fcckblick ein Akt des gemeinsamen Glaubens, in dem wir Ereignisse, Sorgen, Hoffnungen und Entt\u00e4uschungen teilen, eine gemeinsame Lekt\u00fcre des Lebens, um darin die Rufe des Herrn zu entdecken (&#8230;)<\/p>\n<p>Der Lebensr\u00fcckblick ist zun\u00e4chst einmal ein kontemplativer Blick auf das Wirken des Heiligen Geistes in unserem Leben. Und es ist zugleich das Mittel einer st\u00e4ndigen Bekehrung, die auch das Beste eines jeden erreichen muss, um immer f\u00fcr die Rufe des Herrn da zu sein, wo man sie nicht erwartet, wo man sie nicht gesehen oder geh\u00f6rt hat ihn bis jetzt. Der Lebensr\u00fcckblick hilft uns, den Herrn zu entdecken, der immer gr\u00f6\u00dfer, immer anders und sogar beunruhigend f\u00fcr uns ist.<\/p>\n<p>Es gibt eine Prozesseinheit zwischen dem Lebensbericht und den anderen Mitteln der Bruderschaft. Der Lebensbericht wird vorzugsweise in der W\u00fcste vorbereitet, immer im Gebet und wenn m\u00f6glich schriftlich. Es ist besser, es nicht zu tun, als es zu improvisieren. Sie setzt ein Klima des Gebets, des H\u00f6rens auf das Wort Gottes, der Aufmerksamkeit f\u00fcreinander voraus. Momente der Stille brauchen Sie nicht zu f\u00fcrchten. Wir m\u00fcssen den Mut haben, einander behutsam, aber offen zu hinterfragen, ohne Angst vor Spannungen und m\u00f6glichen Konfrontationen. Falsche Freundschaft ist der Tod der wahren Lebensr\u00fcckblicke und damit der Br\u00fcderschaft.<\/p>\n<p>Die Durchf\u00fchrung eines Lebensr\u00fcckblicks impliziert die Verpflichtung jedes Einzelnen, die erhaltenen Anrufe gemeinsam auszuf\u00fchren. Jeder muss sich f\u00fcr den anderen verantwortlich und unterst\u00fctzend f\u00fchlen.<\/p>\n<p>Ein authentischer Lebensr\u00fcckblick kann uns in das Geheimnis des Todes und der Auferstehung Christi einf\u00fchren, die in uns wirken. Und manchmal f\u00fchrt es uns zum Sakrament der Vers\u00f6hnung\u00bb.<\/p>\n<h2>II RL als eine Schule des Zuh\u00f6rens, der Einsicht und der Br\u00fcderlichkeit zu verstehen<\/h2>\n<p><a href=\"https:\/\/www.iesuscaritas.org\/wp-content\/uploads\/2025\/10\/revision-vida-03.jpg\"><img loading=\"lazy\" decoding=\"async\" class=\"size-medium wp-image-8027 alignleft\" src=\"https:\/\/www.iesuscaritas.org\/wp-content\/uploads\/2025\/10\/revision-vida-03-300x251.jpg\" alt=\"\" width=\"300\" height=\"251\" srcset=\"https:\/\/www.iesuscaritas.org\/wp-content\/uploads\/2025\/10\/revision-vida-03-300x251.jpg 300w, https:\/\/www.iesuscaritas.org\/wp-content\/uploads\/2025\/10\/revision-vida-03.jpg 500w\" sizes=\"auto, (max-width: 300px) 100vw, 300px\" \/><\/a>Zusammen mit der Anbetung ist dies die St\u00e4rke des Retreats.<\/p>\n<p>Sein Ziel ist es, uns zu einer kontemplativen Vision des Lebens und der Realit\u00e4t zu verhelfen. Sehen Sie das Leben mit den Augen Gottes.<\/p>\n<p>Es ist nicht nur eine Technik f\u00fcr br\u00fcderliche oder Gruppentreffen. Versuche, ein kontemplatives Herz zu erziehen.<\/p>\n<p>Es ist daher weder Beichte noch geistliche Begleitung. kein Werkzeug zum Verstehen oder Interpretieren.<\/p>\n<p>Handelt von:<\/p>\n<p>1. Eine M\u00f6glichkeit, nach der Gegenwart des Heiligen Geistes in unserem Leben zu suchen, indem wir mit unseren Br\u00fcdern sprechen, damit sie uns auf der Grundlage der Suche helfen k\u00f6nnen, den Willen Gottes zu finden. Es hei\u00dft nicht um Rat fragen, sondern gemeinsam unterscheiden. Das RL ist in Anbetung und Stille vorbereitet<\/p>\n<p>2. Eine Art, das Evangelium im Leben der Menschen zu lesen, und eine Art, das Evangelium in der Kirche zu lesen. Lesen Sie die Fakten und in der Gruppe die Bewegungen des Geistes.<\/p>\n<p>3. Eine Begegnung mit Jesus heute, einem Jesus, der in den Realit\u00e4ten der Welt und der Menschen von heute lebt.<\/p>\n<p>4. Eine Frage \u00fcber meine Art zu sein und zu leben, durch das, was andere leben.<\/p>\n<p>5. Eine br\u00fcderliche Teilnahme am Leben der Br\u00fcder.<\/p>\n<p>Wie bereiten Sie sich vor?<\/p>\n<p>Er bereitet sich in Anbetung und Stille vor. Eine Zeit der Stille, in der sich Tatsachen des Lebens und Anbetung vermischen.<\/p>\n<h2>III Br\u00fcderliches Leben und RL<\/h2>\n<p><a href=\"https:\/\/www.iesuscaritas.org\/wp-content\/uploads\/2025\/10\/revision-vida-04.jpg\"><img loading=\"lazy\" decoding=\"async\" class=\"alignright size-medium wp-image-8028\" src=\"https:\/\/www.iesuscaritas.org\/wp-content\/uploads\/2025\/10\/revision-vida-04-300x300.jpg\" alt=\"\" width=\"300\" height=\"300\" srcset=\"https:\/\/www.iesuscaritas.org\/wp-content\/uploads\/2025\/10\/revision-vida-04-300x300.jpg 300w, https:\/\/www.iesuscaritas.org\/wp-content\/uploads\/2025\/10\/revision-vida-04-150x150.jpg 150w, https:\/\/www.iesuscaritas.org\/wp-content\/uploads\/2025\/10\/revision-vida-04.jpg 500w\" sizes=\"auto, (max-width: 300px) 100vw, 300px\" \/><\/a>In der Fraternit\u00e4t muss RL auch teilen, wie uns die Neuinterpretation des Lebens zu den Intuitionen von Charles de Foucauld und der Fraternit\u00e4t zur\u00fcckf\u00fchrt: Anbetung, Evangelium, Sorge um die Armen und Br\u00fcder sein wie Jesus.<\/p>\n<p>* Seine theologische Grundlage ist die biblische Erfahrung, die der Herr mit seinem Volk und denen teilt, die seine eigene Geschichte gestalten, indem er die Geschichte eines jeden zu einer Heilsgeschichte macht. Dieser kontemplative Blick wird uns helfen zu lernen, das doppelte Gesicht jeder Situation zu sehen. Es gibt einen ersten Aspekt, den wir sehen, und im Hintergrund einen Hauch von Gott.<\/p>\n<p>* Es ist nicht nur das Material, das wir kontemplativ betrachten, sondern auch das Mittel einer permanenten Bekehrung. Wann immer wir zu RL gehen, gehen wir in einer Haltung der Bekehrung, bereit zu sehen, welcher Teil von uns sich \u00e4ndern muss, der von anderen, um ihnen zu helfen, den Weg zu lesen.<\/p>\n<p>* Das gemeinsame Leben im RL ist eine enorme Gotteserfahrung durch die Situationen, die wir im RL darstellen: Wir sehen die Vorsehung Gottes und seine Freundschaft.<\/p>\n<p>* Deshalb wird es manchmal eine Danksagung hervorrufen. Andere, eine Bitte um Vergebung oder eine Bitte um Hilfe, um das auszuf\u00fchren, was wir sehen.<\/p>\n<p>* Worte sind genauso wichtig wie Schweigen. Keine Eile. Es gibt interessante Schweigen, von einem oder der Gruppe, um zu respektieren, zu verinnerlichen, um Hilfe zu bitten, um das Geh\u00f6rte auf sich wirken zu lassen. Wir m\u00fcssen den Rhythmus respektieren, den ernsthafte Kommunikation von uns verlangt.<\/p>\n<p><a href=\"https:\/\/www.iesuscaritas.org\/wp-content\/uploads\/2025\/10\/manuel-pozo-oller.jpg\"><img loading=\"lazy\" decoding=\"async\" class=\"alignright size-medium wp-image-8024\" src=\"https:\/\/www.iesuscaritas.org\/wp-content\/uploads\/2025\/10\/manuel-pozo-oller-291x300.jpg\" alt=\"\" width=\"291\" height=\"300\" srcset=\"https:\/\/www.iesuscaritas.org\/wp-content\/uploads\/2025\/10\/manuel-pozo-oller-291x300.jpg 291w, https:\/\/www.iesuscaritas.org\/wp-content\/uploads\/2025\/10\/manuel-pozo-oller.jpg 433w\" sizes=\"auto, (max-width: 291px) 100vw, 291px\" \/><\/a>Manuel POZO OLLER, Priesterbruderschaft von Spanien<\/p>\n<hr \/>\n<p>PDF: <a href=\"https:\/\/www.iesuscaritas.org\/wp-content\/uploads\/2025\/10\/Der-Ruckblick-auf-das-Leben-School-Bruderschaft.-Manuel-POZO-OLLER-deut.pdf\">Der R\u00fbckblick auf das Leben, School Bruderschaft. Manuel POZO OLLER deut<\/a><\/p>","protected":false},"excerpt":{"rendered":"<p>Der Lebensr\u00fcckblick, Bruderschaftsschule I Was sagt das Verzeichnis? \u00abVor allem in der Revision des Lebens \u00fcbt die Br\u00fcderlichkeit ihre Funktion als Lebensregel aus. Es wird viel \u00fcber den R\u00fcckblick auf <a class=\"more-link\" href=\"https:\/\/www.iesuscaritas.org\/de\/la-revision-de-vida\/\">Continue Reading &rarr;<\/a><\/p>\n","protected":false},"author":1,"featured_media":0,"parent":0,"menu_order":8,"comment_status":"closed","ping_status":"closed","template":"","meta":{"footnotes":""},"class_list":["post-8014","page","type-page","status-publish","hentry"],"_links":{"self":[{"href":"https:\/\/www.iesuscaritas.org\/de\/wp-json\/wp\/v2\/pages\/8014","targetHints":{"allow":["GET"]}}],"collection":[{"href":"https:\/\/www.iesuscaritas.org\/de\/wp-json\/wp\/v2\/pages"}],"about":[{"href":"https:\/\/www.iesuscaritas.org\/de\/wp-json\/wp\/v2\/types\/page"}],"author":[{"embeddable":true,"href":"https:\/\/www.iesuscaritas.org\/de\/wp-json\/wp\/v2\/users\/1"}],"replies":[{"embeddable":true,"href":"https:\/\/www.iesuscaritas.org\/de\/wp-json\/wp\/v2\/comments?post=8014"}],"version-history":[{"count":13,"href":"https:\/\/www.iesuscaritas.org\/de\/wp-json\/wp\/v2\/pages\/8014\/revisions"}],"predecessor-version":[{"id":8040,"href":"https:\/\/www.iesuscaritas.org\/de\/wp-json\/wp\/v2\/pages\/8014\/revisions\/8040"}],"wp:attachment":[{"href":"https:\/\/www.iesuscaritas.org\/de\/wp-json\/wp\/v2\/media?parent=8014"}],"curies":[{"name":"wp","href":"https:\/\/api.w.org\/{rel}","templated":true}]}}