{"id":8000,"date":"2025-10-06T19:01:58","date_gmt":"2025-10-06T17:01:58","guid":{"rendered":"https:\/\/www.iesuscaritas.org\/?page_id=8000"},"modified":"2025-10-06T19:02:55","modified_gmt":"2025-10-06T17:02:55","slug":"carta-de-buenos-aires","status":"publish","type":"page","link":"https:\/\/www.iesuscaritas.org\/de\/carta-de-buenos-aires\/","title":{"rendered":"Buenos Aires Brief"},"content":{"rendered":"<p><a href=\"https:\/\/www.iesuscaritas.org\/wp-content\/uploads\/2025\/02\/cuaresma2025-05.jpg\"><img loading=\"lazy\" decoding=\"async\" class=\"alignright size-full wp-image-7663\" src=\"https:\/\/www.iesuscaritas.org\/wp-content\/uploads\/2025\/02\/cuaresma2025-05.jpg\" alt=\"\" width=\"171\" height=\"133\" \/><\/a>AN DIE BR\u00dcDER DER PRIESTERBRUDERSCHAFT IESUS CARITAS AUF DER GANZEN WELT<\/p>\n<p>Liebe Br\u00fcder,<\/p>\n<p>vom 6. bis 21. Mai 2025 haben wir uns im Exerzitienhaus Mons. Aguirre in Buenos Aires versammelt, 34 Delegierte aus Bruderschaften in 21 L\u00e4ndern Afrikas, Amerikas, Asiens und Europas, unter dem Thema: PRIESTER VON IESUS CARITAS, ZEUGEN UND GESTALTER DER PRIESTERLICHEN UND UNIVERSALEN BR\u00dcDERLICHKEIT, um die 12. Generalversammlung unserer Bruderschaft abzuhalten.<\/p>\n<h2>DANK<\/h2>\n<p><a href=\"https:\/\/www.iesuscaritas.org\/wp-content\/uploads\/2025\/05\/buenos-aires-2025-01.jpg\"><img loading=\"lazy\" decoding=\"async\" class=\"alignright wp-image-7802\" src=\"https:\/\/www.iesuscaritas.org\/wp-content\/uploads\/2025\/05\/buenos-aires-2025-01-210x300.jpg\" alt=\"\" width=\"175\" height=\"250\" srcset=\"https:\/\/www.iesuscaritas.org\/wp-content\/uploads\/2025\/05\/buenos-aires-2025-01-210x300.jpg 210w, https:\/\/www.iesuscaritas.org\/wp-content\/uploads\/2025\/05\/buenos-aires-2025-01-717x1024.jpg 717w, https:\/\/www.iesuscaritas.org\/wp-content\/uploads\/2025\/05\/buenos-aires-2025-01.jpg 763w\" sizes=\"auto, (max-width: 175px) 100vw, 175px\" \/><\/a>Zuerst m\u00f6chten wir unseren argentinischen Br\u00fcdern und Schwestern f\u00fcr ihren herzlichen Empfang und ihre Bereitschaft danken, uns die Menschen und die Kultur ihres Landes n\u00e4herzubringen. Wir werden den Kulturabend, den Ausflug zum Paran\u00e1-Delta, den Besuch im Zentrum von Buenos Aires und zum Heiligtum Unserer Lieben Frau von Luj\u00e1n nicht vergessen. Unser Dank gilt auch den verschiedenen Pfarreien, die uns am Sonntag, dem 11. Mai, mit gro\u00dfem Glauben, Liebe und Z\u00e4rtlichkeit aufgenommen haben, Monsignore Guillermo Caride, dem Bischof von San Isidro, der uns besucht hat, und den Mitgliedern unserer geistlichen Familie, die gekommen sind, um ihre Erfahrungen mit uns zu teilen.<\/p>\n<p><a href=\"https:\/\/www.iesuscaritas.org\/wp-content\/uploads\/2025\/05\/buenos-aires-2025-02-scaled.jpg\"><img loading=\"lazy\" decoding=\"async\" class=\"size-medium wp-image-7803 alignleft\" src=\"https:\/\/www.iesuscaritas.org\/wp-content\/uploads\/2025\/05\/buenos-aires-2025-02-300x195.jpg\" alt=\"\" width=\"300\" height=\"195\" srcset=\"https:\/\/www.iesuscaritas.org\/wp-content\/uploads\/2025\/05\/buenos-aires-2025-02-300x195.jpg 300w, https:\/\/www.iesuscaritas.org\/wp-content\/uploads\/2025\/05\/buenos-aires-2025-02-1024x665.jpg 1024w, https:\/\/www.iesuscaritas.org\/wp-content\/uploads\/2025\/05\/buenos-aires-2025-02-768x499.jpg 768w, https:\/\/www.iesuscaritas.org\/wp-content\/uploads\/2025\/05\/buenos-aires-2025-02-1536x998.jpg 1536w, https:\/\/www.iesuscaritas.org\/wp-content\/uploads\/2025\/05\/buenos-aires-2025-02-2048x1330.jpg 2048w\" sizes=\"auto, (max-width: 300px) 100vw, 300px\" \/><\/a>Ebenso dankbar sind wir allen Referenten, die uns mit ihren Vortr\u00e4gen \u00fcber die Kirche in Argentinien, das Pontifikat von Papst Franziskus sowie \u00fcber das Thema der Br\u00fcderlichkeit im Neuen Testament, in der Enzyklika Fratelli Tutti und im Leben von Charles de Foucauld bereichert haben. Diese Vortr\u00e4ge stehen den Bruderschaften f\u00fcr ihr eigenes Studium und ihre Reflexion zur Verf\u00fcgung und sind auf der Website iesuscaritas.org ver\u00f6ffentlicht. Ein besonderer Dank geht an das scheidende internationale Team Eric LOZADA, Fernando TAPIA, Honor\u00e9 SAWADOGO, Tony LLANES und Matthias KEIL f\u00fcr ihre Arbeit als Internationaler Rat w\u00e4hrend der letzten sechs Jahre und auch f\u00fcr die gute Organisation der XII. Generalversammlung hier in Buenos Aires.<\/p>\n<h2>EINE VERWUNDETE WELT<\/h2>\n<p><a href=\"https:\/\/www.iesuscaritas.org\/wp-content\/uploads\/2025\/05\/buenos-aires-2025-03.jpg\"><img loading=\"lazy\" decoding=\"async\" class=\"alignright size-medium wp-image-7804\" src=\"https:\/\/www.iesuscaritas.org\/wp-content\/uploads\/2025\/05\/buenos-aires-2025-03-300x225.jpg\" alt=\"\" width=\"300\" height=\"225\" srcset=\"https:\/\/www.iesuscaritas.org\/wp-content\/uploads\/2025\/05\/buenos-aires-2025-03-300x225.jpg 300w, https:\/\/www.iesuscaritas.org\/wp-content\/uploads\/2025\/05\/buenos-aires-2025-03-768x576.jpg 768w, https:\/\/www.iesuscaritas.org\/wp-content\/uploads\/2025\/05\/buenos-aires-2025-03.jpg 977w\" sizes=\"auto, (max-width: 300px) 100vw, 300px\" \/><\/a>In einer Welt, die von Spaltungen, Polarisierungen, Machtambitionen und der Gewalt von Kriegen verwundet ist, ist die Botschaft einer niemanden ausschlie\u00dfenden Geschwisterlichkeit notwendiger denn je. Papst Franziskus hat das verstanden. Seine Worte und Gesten zeigen das. Wir f\u00fchlen uns daher stark dazu gerufen, sowohl in unserem Presbyterium als auch in den Gesellschaften und Kulturen Zeugen und Baumeister der Menschlichkeit zu sein, durch eine gr\u00f6\u00dfere N\u00e4he und Hinwendung zu den Armen, Migranten, Ausgegrenzten und Opfern aller Arten von Missbrauch. Wir wissen, dass sie am meisten unter dem Mangel an G leiden.<\/p>\n<h2>MITMENSCHLICHKIT UND FREUNDSCHAFT SIND M\u00d6GLICH<\/h2>\n<p><a href=\"https:\/\/www.iesuscaritas.org\/wp-content\/uploads\/2025\/05\/buenos-aires-2025-04.jpg\"><img loading=\"lazy\" decoding=\"async\" class=\"size-medium wp-image-7805 alignleft\" src=\"https:\/\/www.iesuscaritas.org\/wp-content\/uploads\/2025\/05\/buenos-aires-2025-04-300x133.jpg\" alt=\"\" width=\"300\" height=\"133\" srcset=\"https:\/\/www.iesuscaritas.org\/wp-content\/uploads\/2025\/05\/buenos-aires-2025-04-300x133.jpg 300w, https:\/\/www.iesuscaritas.org\/wp-content\/uploads\/2025\/05\/buenos-aires-2025-04-1024x453.jpg 1024w, https:\/\/www.iesuscaritas.org\/wp-content\/uploads\/2025\/05\/buenos-aires-2025-04-768x340.jpg 768w, https:\/\/www.iesuscaritas.org\/wp-content\/uploads\/2025\/05\/buenos-aires-2025-04-1536x680.jpg 1536w, https:\/\/www.iesuscaritas.org\/wp-content\/uploads\/2025\/05\/buenos-aires-2025-04.jpg 1575w\" sizes=\"auto, (max-width: 300px) 100vw, 300px\" \/><\/a>Geschwisterlichkeit ist m\u00f6glich! Das haben wir in dieser Versammlung trotz der Vielfalt der Sprachen, Kulturen und pastoralen Erfahrungen erlebt. Jeder Tag war gepr\u00e4gt vom gemeinsamen Gebet der Laudes, der Anbetung und der Feier der Eucharistie, was uns erm\u00f6glichte, diese Tage in einer Atmosph\u00e4re des aufmerksamen Zuh\u00f6rens, des Verst\u00e4ndnisses, der Freude, der Akzeptanz und des Dialogs zu verbringen. So konnten wir unsere pers\u00f6nlichen Geschichten teilen, \u00fcber die vorgestellten Themen nachdenken, den vorgestellten Berichten aufmerksam zuh\u00f6ren und an unseren Statuten und unserem Direktorium arbeiten.<\/p>\n<h2>UNSERE BRUDERSCHAFTEN<\/h2>\n<p><a href=\"https:\/\/www.iesuscaritas.org\/wp-content\/uploads\/2025\/05\/buenos-aires-2025-05-scaled.jpg\"><img loading=\"lazy\" decoding=\"async\" class=\"alignright size-medium wp-image-7806\" src=\"https:\/\/www.iesuscaritas.org\/wp-content\/uploads\/2025\/05\/buenos-aires-2025-05-237x300.jpg\" alt=\"\" width=\"237\" height=\"300\" srcset=\"https:\/\/www.iesuscaritas.org\/wp-content\/uploads\/2025\/05\/buenos-aires-2025-05-237x300.jpg 237w, https:\/\/www.iesuscaritas.org\/wp-content\/uploads\/2025\/05\/buenos-aires-2025-05-810x1024.jpg 810w, https:\/\/www.iesuscaritas.org\/wp-content\/uploads\/2025\/05\/buenos-aires-2025-05-768x971.jpg 768w, https:\/\/www.iesuscaritas.org\/wp-content\/uploads\/2025\/05\/buenos-aires-2025-05-1215x1536.jpg 1215w, https:\/\/www.iesuscaritas.org\/wp-content\/uploads\/2025\/05\/buenos-aires-2025-05-1620x2048.jpg 1620w, https:\/\/www.iesuscaritas.org\/wp-content\/uploads\/2025\/05\/buenos-aires-2025-05-scaled.jpg 2025w\" sizes=\"auto, (max-width: 237px) 100vw, 237px\" \/><\/a>Die Berichte, die wir geh\u00f6rt haben, haben uns gezeigt, dass unsere Bruderschaften in mehreren L\u00e4ndern Europas und Amerikas altern. In Afrika und Asien ist das nicht der Fall. Wir m\u00fcssen daher die Bruderschaften auf beiden Kontinenten spirituell und finanziell st\u00e4rker unterst\u00fctzen. In den L\u00e4ndern Europas und Amerikas m\u00fcssen wir unsere Bem\u00fchungen erneuern, Bruder Charles de Foucauld in unseren Presbyterien bekannt zu machen und Priester, Diakone und Seminaristen einzuladen, sich unserer Bruderschaft anzuschlie\u00dfen. Wir f\u00fchlen uns daher sehr dazu motiviert, neue Bruderschaften zu gr\u00fcnden und ruhende wiederzubeleben.<\/p>\n<p><a href=\"https:\/\/www.iesuscaritas.org\/wp-content\/uploads\/2025\/05\/buenos-aires-2025-06-scaled.jpg\"><img loading=\"lazy\" decoding=\"async\" class=\"size-medium wp-image-7807 alignleft\" src=\"https:\/\/www.iesuscaritas.org\/wp-content\/uploads\/2025\/05\/buenos-aires-2025-06-300x160.jpg\" alt=\"\" width=\"300\" height=\"160\" srcset=\"https:\/\/www.iesuscaritas.org\/wp-content\/uploads\/2025\/05\/buenos-aires-2025-06-300x160.jpg 300w, https:\/\/www.iesuscaritas.org\/wp-content\/uploads\/2025\/05\/buenos-aires-2025-06-1024x545.jpg 1024w, https:\/\/www.iesuscaritas.org\/wp-content\/uploads\/2025\/05\/buenos-aires-2025-06-768x409.jpg 768w, https:\/\/www.iesuscaritas.org\/wp-content\/uploads\/2025\/05\/buenos-aires-2025-06-1536x817.jpg 1536w, https:\/\/www.iesuscaritas.org\/wp-content\/uploads\/2025\/05\/buenos-aires-2025-06-2048x1090.jpg 2048w, https:\/\/www.iesuscaritas.org\/wp-content\/uploads\/2025\/05\/buenos-aires-2025-06-754x400.jpg 754w\" sizes=\"auto, (max-width: 300px) 100vw, 300px\" \/><\/a>Dazu brauchen wir viel Kreativit\u00e4t und eine gr\u00f6\u00dfere Treue zum Charisma von Bruder Charles und zu den Mitteln des spirituellen Wachstums, \u00fcber die unsere Bruderschaft verf\u00fcgt. Unser Zeugnis eines einfachen, br\u00fcderlichen, freudigen und engagierten Lebens mit den Armen, das aus unserer engen Beziehung zum auferstandenen Christus entspringt, wird immer der beste Weg sein, um neue Mitglieder f\u00fcr unsere Bruderschaften zu gewinnen. Wir sind \u00fcberzeugt, dass die Spiritualit\u00e4t von Bruder Karl, die auf dem Evangelium und der Eucharistie, die gefeiert und angebetet wird, zentriert ist, eine Spiritualit\u00e4t ist, die auch heute noch aktuell ist.<\/p>\n<h2>DIE WAHL VON LEO XIV.<\/h2>\n<p>W\u00e4hrend unserer Versammlung fand in Rom das Konklave statt, um einen neuen Nachfolger Petri, Papst Leo XIV., zu w\u00e4hlen. Seine Wahl hat uns nicht abgelenkt, sondern uns in dem Weg best\u00e4tigt, auf dem der Heilige Geist seine Kirche f\u00fchrt: ein neuer missionarischer Impuls, ein noch gr\u00f6\u00dferes Engagement f\u00fcr Gerechtigkeit und Frieden und eine st\u00e4rkere Beteiligung aller Getauften am Leben der Kirche. Wir glauben, dass Br\u00fcderlichkeit in der synodalen Lebensweise unseres Glaubens und unserer Zugeh\u00f6rigkeit zur Kirche zum Ausdruck kommt. Deshalb f\u00fchlen wir uns berufen, diesen kirchlichen Stil in unseren Pfarreien, christlichen Gemeinschaften, Bewegungen und anderen pastoralen Bereichen, in denen wir unseren Dienst aus\u00fcben, zu f\u00f6rdern.<\/p>\n<h2>\u00dcBERARBEITETE FASSUNG UNSERER STATUTEN UND DES DIREKTORIUMS<\/h2>\n<p><a href=\"https:\/\/www.iesuscaritas.org\/wp-content\/uploads\/2025\/05\/buenos-aires-2025-07.jpg\"><img loading=\"lazy\" decoding=\"async\" class=\"alignright size-medium wp-image-7808\" src=\"https:\/\/www.iesuscaritas.org\/wp-content\/uploads\/2025\/05\/buenos-aires-2025-07-300x181.jpg\" alt=\"\" width=\"300\" height=\"181\" srcset=\"https:\/\/www.iesuscaritas.org\/wp-content\/uploads\/2025\/05\/buenos-aires-2025-07-300x181.jpg 300w, https:\/\/www.iesuscaritas.org\/wp-content\/uploads\/2025\/05\/buenos-aires-2025-07-1024x618.jpg 1024w, https:\/\/www.iesuscaritas.org\/wp-content\/uploads\/2025\/05\/buenos-aires-2025-07-768x463.jpg 768w, https:\/\/www.iesuscaritas.org\/wp-content\/uploads\/2025\/05\/buenos-aires-2025-07-1536x926.jpg 1536w, https:\/\/www.iesuscaritas.org\/wp-content\/uploads\/2025\/05\/buenos-aires-2025-07.jpg 1600w\" sizes=\"auto, (max-width: 300px) 100vw, 300px\" \/><\/a>Wir haben w\u00e4hrend dieser Versammlung viel Zeit f\u00fcr die Aktualisierung unserer Statuten und des Direktoriums f\u00fcr die Entwicklung unserer Bruderschaften in der ganzen Welt aufgewendet. Wir haben wertvolle \u00dcberlegungen und Beitr\u00e4ge geleistet und sie schlie\u00dflich verabschiedet. Sie werden dem Dikasterium f\u00fcr den Klerus vorgelegt und anschlie\u00dfend an unsere Br\u00fcder in den verschiedenen L\u00e4ndern, in denen wir pr\u00e4sent sind, verteilt und von ihnen studiert werden. Diese Dokumente werden uns helfen, eine klarere Identit\u00e4t zu entwickeln und dem Zeugnis und den Schriften von Bruder Karl wieder mehr Bedeutung zu geben.<\/p>\n<h2>TREFFEN DER JUNGEN PRIESTER UNSERER BRUDERSCHAFT<\/h2>\n<p><a href=\"https:\/\/www.iesuscaritas.org\/wp-content\/uploads\/2025\/05\/buenos-aires-2025-08.jpg\"><img loading=\"lazy\" decoding=\"async\" class=\"size-medium wp-image-7809 alignleft\" src=\"https:\/\/www.iesuscaritas.org\/wp-content\/uploads\/2025\/05\/buenos-aires-2025-08-166x300.jpg\" alt=\"\" width=\"166\" height=\"300\" srcset=\"https:\/\/www.iesuscaritas.org\/wp-content\/uploads\/2025\/05\/buenos-aires-2025-08-166x300.jpg 166w, https:\/\/www.iesuscaritas.org\/wp-content\/uploads\/2025\/05\/buenos-aires-2025-08-566x1024.jpg 566w, https:\/\/www.iesuscaritas.org\/wp-content\/uploads\/2025\/05\/buenos-aires-2025-08-768x1390.jpg 768w, https:\/\/www.iesuscaritas.org\/wp-content\/uploads\/2025\/05\/buenos-aires-2025-08-848x1536.jpg 848w, https:\/\/www.iesuscaritas.org\/wp-content\/uploads\/2025\/05\/buenos-aires-2025-08-1131x2048.jpg 1131w, https:\/\/www.iesuscaritas.org\/wp-content\/uploads\/2025\/05\/buenos-aires-2025-08.jpg 1387w\" sizes=\"auto, (max-width: 166px) 100vw, 166px\" \/><\/a>W\u00e4hrend unserer Versammlung haben wir den Reichtum der kulturellen und pastoralen Vielfalt erlebt. Wir m\u00f6chten, dass die jungen Priester unserer Vereinigung (unter 45 Jahren) eine \u00e4hnliche Erfahrung machen, die sie dazu inspiriert, unserem geliebten Bruder und Herrn Jesus in den Fu\u00dfstapfen von Charles de Foucauld n\u00e4her zu folgen. Wir vertrauen die Organisation dieses Treffens dem neuen internationalen Team an und erbitten die spirituelle und finanzielle Unterst\u00fctzung aller unserer Bruderschaften.<\/p>\n<h2>NEUES INTERNATIONALES TEAM<\/h2>\n<p><a href=\"https:\/\/www.iesuscaritas.org\/wp-content\/uploads\/2025\/05\/buenos-aires-2025-11.jpg\"><img loading=\"lazy\" decoding=\"async\" class=\"alignright size-medium wp-image-7812\" src=\"https:\/\/www.iesuscaritas.org\/wp-content\/uploads\/2025\/05\/buenos-aires-2025-11-300x199.jpg\" alt=\"\" width=\"300\" height=\"199\" srcset=\"https:\/\/www.iesuscaritas.org\/wp-content\/uploads\/2025\/05\/buenos-aires-2025-11-300x199.jpg 300w, https:\/\/www.iesuscaritas.org\/wp-content\/uploads\/2025\/05\/buenos-aires-2025-11.jpg 739w\" sizes=\"auto, (max-width: 300px) 100vw, 300px\" \/><\/a>W\u00e4hrend der Versammlung haben wir unseren Bruder Carlos Roberto dos SANTOS (Brasilien) zum neuen internationalen Verantwortlichen gew\u00e4hlt, der seinerseits sein Team gebildet hat: Roberto FERRARI (Argentinien), Mark MERTES (USA), Boris SCHL\u00dcSSEL (Schweiz) und Louis Edmond ESSEYI A GNADAM (Kamerun). Au\u00dferdem hat er Eric LOZADA (Philippinen) gebeten, sein Stellvertreter f\u00fcr Asien zu sein, und Yves de MALLMANN (Frankreich), bei der Pflege der Archive zu helfen. Wir danken allen, dass sie diesen Dienst \u00fcbernommen haben. Wir bieten ihnen unsere br\u00fcderliche Unterst\u00fctzung an und bitten den Herrn Jesus, sie mit seiner Gnade zu st\u00e4rken, und die Muttergottes von Luj\u00e1n, \u00fcber sie zu wachen.<\/p>\n<p>Eric LOZADA<br \/>\nf\u00fcr die Delegierten der 12. Generalversammlung der Priestergemeinschaft IESUS CARITAS<\/p>\n<p><a href=\"https:\/\/www.iesuscaritas.org\/wp-content\/uploads\/2025\/05\/buenos-aires-2025-09.jpg\"><img loading=\"lazy\" decoding=\"async\" class=\"aligncenter wp-image-7810 size-large\" src=\"https:\/\/www.iesuscaritas.org\/wp-content\/uploads\/2025\/05\/buenos-aires-2025-09-1024x536.jpg\" alt=\"\" width=\"678\" height=\"355\" srcset=\"https:\/\/www.iesuscaritas.org\/wp-content\/uploads\/2025\/05\/buenos-aires-2025-09-1024x536.jpg 1024w, https:\/\/www.iesuscaritas.org\/wp-content\/uploads\/2025\/05\/buenos-aires-2025-09-300x157.jpg 300w, https:\/\/www.iesuscaritas.org\/wp-content\/uploads\/2025\/05\/buenos-aires-2025-09-768x402.jpg 768w, https:\/\/www.iesuscaritas.org\/wp-content\/uploads\/2025\/05\/buenos-aires-2025-09.jpg 1280w\" sizes=\"auto, (max-width: 678px) 100vw, 678px\" \/><\/a>Buenos Aires, 20. Mai 2025.<br \/>\nDieser Brief ist unter iesuscaritas.org zu finden.<\/p>\n<p><a href=\"https:\/\/www.iesuscaritas.org\/wp-content\/uploads\/2025\/05\/buenos-aires-2025-10.jpg\"><img loading=\"lazy\" decoding=\"async\" class=\"aligncenter wp-image-7811 size-large\" src=\"https:\/\/www.iesuscaritas.org\/wp-content\/uploads\/2025\/05\/buenos-aires-2025-10-1024x447.jpg\" alt=\"\" width=\"678\" height=\"296\" srcset=\"https:\/\/www.iesuscaritas.org\/wp-content\/uploads\/2025\/05\/buenos-aires-2025-10-1024x447.jpg 1024w, https:\/\/www.iesuscaritas.org\/wp-content\/uploads\/2025\/05\/buenos-aires-2025-10-300x131.jpg 300w, https:\/\/www.iesuscaritas.org\/wp-content\/uploads\/2025\/05\/buenos-aires-2025-10-768x336.jpg 768w, https:\/\/www.iesuscaritas.org\/wp-content\/uploads\/2025\/05\/buenos-aires-2025-10-1536x671.jpg 1536w, https:\/\/www.iesuscaritas.org\/wp-content\/uploads\/2025\/05\/buenos-aires-2025-10.jpg 1600w\" sizes=\"auto, (max-width: 678px) 100vw, 678px\" \/><\/a><\/p>\n<hr \/>\n<p>PDF: <a href=\"https:\/\/www.iesuscaritas.org\/wp-content\/uploads\/2025\/05\/Brief-aus-Buenos-Aires-Mai-2025-dt.pdf\">Brief aus Buenos Aires, Mai 2025 dt<\/a><\/p>","protected":false},"excerpt":{"rendered":"<p>AN DIE BR\u00dcDER DER PRIESTERBRUDERSCHAFT IESUS CARITAS AUF DER GANZEN WELT Liebe Br\u00fcder, vom 6. bis 21. Mai 2025 haben wir uns im Exerzitienhaus Mons. Aguirre in Buenos Aires versammelt, <a class=\"more-link\" href=\"https:\/\/www.iesuscaritas.org\/de\/carta-de-buenos-aires\/\">Continue Reading &rarr;<\/a><\/p>\n","protected":false},"author":1,"featured_media":0,"parent":0,"menu_order":2,"comment_status":"closed","ping_status":"closed","template":"","meta":{"footnotes":""},"class_list":["post-8000","page","type-page","status-publish","hentry"],"_links":{"self":[{"href":"https:\/\/www.iesuscaritas.org\/de\/wp-json\/wp\/v2\/pages\/8000","targetHints":{"allow":["GET"]}}],"collection":[{"href":"https:\/\/www.iesuscaritas.org\/de\/wp-json\/wp\/v2\/pages"}],"about":[{"href":"https:\/\/www.iesuscaritas.org\/de\/wp-json\/wp\/v2\/types\/page"}],"author":[{"embeddable":true,"href":"https:\/\/www.iesuscaritas.org\/de\/wp-json\/wp\/v2\/users\/1"}],"replies":[{"embeddable":true,"href":"https:\/\/www.iesuscaritas.org\/de\/wp-json\/wp\/v2\/comments?post=8000"}],"version-history":[{"count":2,"href":"https:\/\/www.iesuscaritas.org\/de\/wp-json\/wp\/v2\/pages\/8000\/revisions"}],"predecessor-version":[{"id":8002,"href":"https:\/\/www.iesuscaritas.org\/de\/wp-json\/wp\/v2\/pages\/8000\/revisions\/8002"}],"wp:attachment":[{"href":"https:\/\/www.iesuscaritas.org\/de\/wp-json\/wp\/v2\/media?parent=8000"}],"curies":[{"name":"wp","href":"https:\/\/api.w.org\/{rel}","templated":true}]}}