{"id":7978,"date":"2025-10-04T17:59:28","date_gmt":"2025-10-04T15:59:28","guid":{"rendered":"https:\/\/www.iesuscaritas.org\/?page_id=7978"},"modified":"2025-10-06T19:03:44","modified_gmt":"2025-10-06T17:03:44","slug":"equipo-internacional-tino-ferrari","status":"publish","type":"page","link":"https:\/\/www.iesuscaritas.org\/de\/equipo-internacional-tino-ferrari\/","title":{"rendered":"Internationales Team. Tino FERRARI"},"content":{"rendered":"<p>Im vergangenen Mai hielten wir die 12. Versammlung der Priesterbruderschaft Iesus Caritas in Victoria, Buenos Aires, Argentinien ab. 36 Delegierte nahmen teil, darunter nationale und kontinentale Vertreter sowie das scheidende internationale Team. Zur gleichen Zeit fand in Rom das Konklave statt, bei dem Robert Prevost, Papst Leo XIV., gew\u00e4hlt wurde.<\/p>\n<p>Bei unserem Treffen hatten wir auch die Aufgabe, den neuen internationalen Verantwortlich zu w\u00e4hlen. Wir identifizierten Carlos Roberto do Santos aus Brasilien, der seit 2022 als Verantwortlich der Panamerikanischen Bruderschaft fungierte, als den am besten geeigneten Kandidaten f\u00fcr diese Aufgabe. Als mehrere Br\u00fcder Carlos Roberto nominierten, stellte er sich der Versammlung gro\u00dfz\u00fcgig f\u00fcr alle erforderlichen Aufgaben zur Verf\u00fcgung. Von dem Moment an, als er gew\u00e4hlt wurde, und im Dialog mit den bisherigen Leitern, die an unserem Treffen teilnahmen, begannen wir, Mitglieder in Betracht zu ziehen, die ihn im internationalen Team begleiten k\u00f6nnten.<\/p>\n<p><a href=\"https:\/\/www.iesuscaritas.org\/wp-content\/uploads\/2025\/10\/equipo-internacional.jpg\"><img loading=\"lazy\" decoding=\"async\" class=\"size-large wp-image-7989 aligncenter\" src=\"https:\/\/www.iesuscaritas.org\/wp-content\/uploads\/2025\/10\/equipo-internacional-1024x473.jpg\" alt=\"\" width=\"678\" height=\"313\" srcset=\"https:\/\/www.iesuscaritas.org\/wp-content\/uploads\/2025\/10\/equipo-internacional-1024x473.jpg 1024w, https:\/\/www.iesuscaritas.org\/wp-content\/uploads\/2025\/10\/equipo-internacional-300x139.jpg 300w, https:\/\/www.iesuscaritas.org\/wp-content\/uploads\/2025\/10\/equipo-internacional-768x355.jpg 768w, https:\/\/www.iesuscaritas.org\/wp-content\/uploads\/2025\/10\/equipo-internacional.jpg 1280w\" sizes=\"auto, (max-width: 678px) 100vw, 678px\" \/><\/a><\/p>\n<p>Er bat Mark Mertes aus den USA, als Schatzmeister zu fungieren und die Kasse der Internationalen Bruderschaft zu beaufsichtigen, wie er es zuvor getan hatte, als Aurelio internationaler Verantwortlich war. Er wurde au\u00dferdem gebeten, einige Kriterien f\u00fcr die Verwendung der Ressourcen der Bruderschaft vorzuschlagen. Boris Schlussel, aus der Schweiz und Kontinentaldirektor f\u00fcr Europa, wird f\u00fcr die Koordinierung der Kommunikation mit diesem Kontinent verantwortlich sein, pers\u00f6nliche Aktivit\u00e4ten bei der Bank durchf\u00fchren, bei der das Konto der Bruderschaft gef\u00fchrt wird, und Carlos Roberto bei den Schritten unterst\u00fctzen, die beim Heiligen Stuhl zur Genehmigung der genehmigten Statuten durchgef\u00fchrt werden m\u00fcssen.<\/p>\n<p>Yves de Malltmann, ein Bruder aus Frankreich, wird f\u00fcr die Organisation und Sicherung der Archive der Bruderschaft in Paris verantwortlich sein. Louis Edmound Esseyi a Gnadam, verantwortlich f\u00fcr Kamerun und das Kontinentalb\u00fcro Afrika, wird f\u00fcr die Kommunikation mit den Br\u00fcdern auf diesem Kontinent zust\u00e4ndig sein. \u00c9ric Lozada wurde gebeten, als Kontaktperson f\u00fcr die Bruderschaften in Asien zu fungieren, wobei sowohl die geografische als auch die kulturelle Distanz zu ber\u00fccksichtigen ist. Carlos Roberto meinerseits hat mich gebeten, als allgemeiner Assistent des Teams und als Sekret\u00e4r f\u00fcr Sitzungen zu fungieren, jedes virtuelle Treffen zu protokollieren und ihn insbesondere bei den Aktivit\u00e4ten in ganz Amerika zu unterst\u00fctzen.<\/p>\n<p>Wir hoffen, den Bedarf decken und mit unserer Pr\u00e4senz zum Leben der Bruderschaft in allen L\u00e4ndern beitragen zu k\u00f6nnen, insbesondere im Hinblick auf die Entstehung oder das Wachstum neuer Bruderschaften in kleinen Anf\u00e4ngen.<\/p>\n<p><a href=\"https:\/\/www.iesuscaritas.org\/wp-content\/uploads\/2025\/10\/tino-ferrari.jpg\"><img loading=\"lazy\" decoding=\"async\" class=\"alignright size-full wp-image-7987\" src=\"https:\/\/www.iesuscaritas.org\/wp-content\/uploads\/2025\/10\/tino-ferrari.jpg\" alt=\"\" width=\"173\" height=\"216\" \/><\/a>Roberto (Tino) FERRARI<br \/>\nArgentinien<\/p>\n<p>PDF: <a href=\"https:\/\/www.iesuscaritas.org\/wp-content\/uploads\/2025\/10\/Neues-Internationales-Team.-Tino-FERRARI-de.pdf\">Neues Internationales Team. Tino FERRARI de<\/a><\/p>","protected":false},"excerpt":{"rendered":"<p>Im vergangenen Mai hielten wir die 12. Versammlung der Priesterbruderschaft Iesus Caritas in Victoria, Buenos Aires, Argentinien ab. 36 Delegierte nahmen teil, darunter nationale und kontinentale Vertreter sowie das scheidende <a class=\"more-link\" href=\"https:\/\/www.iesuscaritas.org\/de\/equipo-internacional-tino-ferrari\/\">Continue Reading &rarr;<\/a><\/p>\n","protected":false},"author":1,"featured_media":0,"parent":0,"menu_order":4,"comment_status":"closed","ping_status":"closed","template":"","meta":{"footnotes":""},"class_list":["post-7978","page","type-page","status-publish","hentry"],"_links":{"self":[{"href":"https:\/\/www.iesuscaritas.org\/de\/wp-json\/wp\/v2\/pages\/7978","targetHints":{"allow":["GET"]}}],"collection":[{"href":"https:\/\/www.iesuscaritas.org\/de\/wp-json\/wp\/v2\/pages"}],"about":[{"href":"https:\/\/www.iesuscaritas.org\/de\/wp-json\/wp\/v2\/types\/page"}],"author":[{"embeddable":true,"href":"https:\/\/www.iesuscaritas.org\/de\/wp-json\/wp\/v2\/users\/1"}],"replies":[{"embeddable":true,"href":"https:\/\/www.iesuscaritas.org\/de\/wp-json\/wp\/v2\/comments?post=7978"}],"version-history":[{"count":11,"href":"https:\/\/www.iesuscaritas.org\/de\/wp-json\/wp\/v2\/pages\/7978\/revisions"}],"predecessor-version":[{"id":7999,"href":"https:\/\/www.iesuscaritas.org\/de\/wp-json\/wp\/v2\/pages\/7978\/revisions\/7999"}],"wp:attachment":[{"href":"https:\/\/www.iesuscaritas.org\/de\/wp-json\/wp\/v2\/media?parent=7978"}],"curies":[{"name":"wp","href":"https:\/\/api.w.org\/{rel}","templated":true}]}}