{"id":1,"date":"2013-12-07T10:40:00","date_gmt":"2013-12-07T10:40:00","guid":{"rendered":"http:\/\/www.iesuscaritas.org\/?p=1"},"modified":"2025-10-04T13:10:00","modified_gmt":"2025-10-04T11:10:00","slug":"bienvenidos","status":"publish","type":"page","link":"https:\/\/www.iesuscaritas.org\/de\/bienvenidos\/","title":{"rendered":"Willkommen"},"content":{"rendered":"<p><\/p>\n<h1 style=\"text-align: center;\">Willkommen auf unserer Webseite!<\/h1>\n<p>Vielen Dank f\u00fcr den Besuch.<\/p>\n<p><a href=\"http:\/\/www.iesuscaritas.org\/wp-content\/uploads\/2013\/12\/C320_dernierefoto6.jpg\"><img loading=\"lazy\" decoding=\"async\" class=\"alignright\" src=\"http:\/\/www.iesuscaritas.org\/wp-content\/uploads\/2013\/12\/C320_dernierefoto6-300x240.jpg\" alt=\"C320_dernierefoto6\" width=\"300\" height=\"240\" \/><\/a>Die Priesterbruderschaft Iesus Caritas, im Stil der Familie der Bruderschaft von Karl de FOUCULD, pr\u00e4sentiert unsere Realit\u00e4t, Projekte, Tr\u00e4ume und Aktivit\u00e4ten und Wege, im Sinne des Evangeliums der Di\u00f6zesanpriester M\u00f6ge diese Mitteilung uns alle n\u00e4her bringen.<\/p>\n<p>Ihr k\u00f6nnt in acht Sprachen nachfragen wer wir sind, welche unsere Ziele und Berufungen sind.<\/p>\n<p>Die Biografie des Bruder Karl, der weltliche Bruder, zeigt die Erfahrung der Christen auf der Suche immer tieferer Wege zu gehen, aud der Suche nach den Verlassenen, da wo Gott sein Haus baut, auch wenn es nicht anerkannt oder gew\u00fcnscht ist.<\/p>\n<p>Unser Leben in der Bruderschaft, ob in der Di\u00f6zese, L\u00e4ndern und Religionen, oder als internationale Bruderschaft, sind wir ge\u00f6ffnet f\u00fcr alle Di\u00f6zesanpriester, so wie das Haus Nazareth ge\u00f6ffnet war, so wie die Kirche ge\u00f6ffnet sein sollte, deren Teil wir sind.<\/p>\n<p>Sei auch Du herzlich willkommen.<\/p>","protected":false},"excerpt":{"rendered":"<p>Willkommen auf unserer Webseite! Vielen Dank f\u00fcr den Besuch. Die Priesterbruderschaft Iesus Caritas, im Stil der Familie der Bruderschaft von Karl de FOUCULD, pr\u00e4sentiert unsere Realit\u00e4t, Projekte, Tr\u00e4ume und Aktivit\u00e4ten <a class=\"more-link\" href=\"https:\/\/www.iesuscaritas.org\/de\/bienvenidos\/\">Continue Reading &rarr;<\/a><\/p>\n","protected":false},"author":2,"featured_media":50,"parent":0,"menu_order":1,"comment_status":"open","ping_status":"open","template":"","meta":{"footnotes":""},"class_list":["post-1","page","type-page","status-publish","has-post-thumbnail","hentry"],"_links":{"self":[{"href":"https:\/\/www.iesuscaritas.org\/de\/wp-json\/wp\/v2\/pages\/1","targetHints":{"allow":["GET"]}}],"collection":[{"href":"https:\/\/www.iesuscaritas.org\/de\/wp-json\/wp\/v2\/pages"}],"about":[{"href":"https:\/\/www.iesuscaritas.org\/de\/wp-json\/wp\/v2\/types\/page"}],"author":[{"embeddable":true,"href":"https:\/\/www.iesuscaritas.org\/de\/wp-json\/wp\/v2\/users\/2"}],"replies":[{"embeddable":true,"href":"https:\/\/www.iesuscaritas.org\/de\/wp-json\/wp\/v2\/comments?post=1"}],"version-history":[{"count":25,"href":"https:\/\/www.iesuscaritas.org\/de\/wp-json\/wp\/v2\/pages\/1\/revisions"}],"predecessor-version":[{"id":7954,"href":"https:\/\/www.iesuscaritas.org\/de\/wp-json\/wp\/v2\/pages\/1\/revisions\/7954"}],"wp:featuredmedia":[{"embeddable":true,"href":"https:\/\/www.iesuscaritas.org\/de\/wp-json\/wp\/v2\/media\/50"}],"wp:attachment":[{"href":"https:\/\/www.iesuscaritas.org\/de\/wp-json\/wp\/v2\/media?parent=1"}],"curies":[{"name":"wp","href":"https:\/\/api.w.org\/{rel}","templated":true}]}}